{"id":2317,"date":"2024-05-10T11:04:36","date_gmt":"2024-05-10T10:04:36","guid":{"rendered":"https:\/\/www.ariens.eu\/product\/snow-blade-48-122-cm\/"},"modified":"2026-01-07T10:37:42","modified_gmt":"2026-01-07T10:37:42","slug":"snezna-radlica-122-cm","status":"publish","type":"product","link":"https:\/\/www.ariens.eu\/sk\/product\/snezne-frezy\/nadstavby\/snezna-radlica-122-cm","title":{"rendered":"Sne\u017en\u00e1 radlica 48&#8243; (122 cm)"},"content":{"rendered":"<div class=\"acfd-block acfd-block__twocolumns mb-asm-1 container-fluid px-0 bg-default\">\n<div class=\"acfd-twocolumns\">\n<div class=\"row\">\n<div class='col-lg-9 mb-4 '>\n<div class=\"acfd-block acfd-block__headline mb-asm-1 container-fluid px-0 bg-default\">\n<div class=\"acfd-headline\">\n<h2 class='h2 text-left li_black'>R\u00fdchle a jednoduch\u00e9 odstra\u0148ovanie snehu<\/h2>\n<\/p><\/div>\n<\/div>\n<div class=\"acfd-block acfd-block__text container-fluid px-0 bg-default\">\n<div class=\"acfd-text li_black\">\n<p>Za\u017eite jednoduch\u00e9 odstra\u0148ovanie snehu s pluhovou \u0161krabacou radlicou MAMMOTH\u2122, vyrobenou z robustnej 48-palcovej oce\u013eovej kon\u0161trukcie. T\u00e1to radlica vynik\u00e1 r\u00fdchlym odstra\u0148ovan\u00edm snehu a mokr\u00fdch n\u00e1nosov, pri\u010dom zabezpe\u010duje \u010dist\u00fd a bezpe\u010dn\u00fd povrch.<\/p>\n<p>Kompatibiln\u00e1 s inovat\u00edvnym syst\u00e9mom pripojenia Snowzilla\u2122, umo\u017e\u0148uje r\u00fdchle pripojenie alebo odpojenie jedinou osobou len za 30 sek\u00fand, \u010d\u00edm zefekt\u00edv\u0148uje proces odstra\u0148ovania snehu. Radlica MAMMOTH\u2122 sa ovl\u00e1da jednoducho cez elektrick\u00fd joystick na pr\u00edstrojovej doske, \u010do zaru\u010duje presn\u00fa man\u00e9vrovate\u013enos\u0165. Nastavte pl\u00e1vaj\u00facu polohu, pridajte doln\u00fd tlak alebo oto\u010dte radlicu a\u017e o 30\u00b0 do\u013eava \u010di doprava pre optim\u00e1lne odstra\u0148ovanie snehu. Ka\u017ed\u00e1 jednotka je vybaven\u00e1 odoln\u00fdm oce\u013eov\u00fdm \u0161krabac\u00edm okrajom pre dlh\u00fa \u017eivotnos\u0165. T\u00e1to pluhov\u00e1 \u0161krabacia radlica je nevyhnutnou v\u00fdbavou pre efekt\u00edvne a spo\u013eahliv\u00e9 upratovanie snehu s MAMMOTH\u2122 850.<\/p>\n<\/div>\n<\/div><\/div>\n<div class='col-lg'>                    <\/div>\n<\/p><\/div>\n<\/div>\n<\/div>\n","protected":false},"excerpt":{"rendered":"<p>R\u00fdchle a jednoduch\u00e9 odstra\u0148ovanie snehu Za\u017eite jednoduch\u00e9 odstra\u0148ovanie snehu s pluhovou \u0161krabacou radlicou MAMMOTH\u2122, vyrobenou z robustnej 48-palcovej oce\u013eovej kon\u0161trukcie. T\u00e1to radlica vynik\u00e1 r\u00fdchlym odstra\u0148ovan\u00edm snehu a mokr\u00fdch n\u00e1nosov, pri\u010dom zabezpe\u010duje \u010dist\u00fd a bezpe\u010dn\u00fd povrch. Kompatibiln\u00e1 s inovat\u00edvnym syst\u00e9mom pripojenia Snowzilla\u2122, umo\u017e\u0148uje r\u00fdchle pripojenie alebo odpojenie jedinou osobou len za 30 sek\u00fand, \u010d\u00edm zefekt\u00edv\u0148uje proces [&hellip;]<\/p>\n","protected":false},"featured_media":3026,"comment_status":"open","ping_status":"closed","template":"","meta":{"_acf_changed":false,"_relevanssi_hide_post":"","_relevanssi_hide_content":"","_relevanssi_pin_for_all":"","_relevanssi_pin_keywords":"","_relevanssi_unpin_keywords":"","_relevanssi_related_keywords":"","_relevanssi_related_include_ids":"","_relevanssi_related_exclude_ids":"","_relevanssi_related_no_append":"","_relevanssi_related_not_related":"","_relevanssi_related_posts":"","_relevanssi_noindex_reason":""},"product_brand":[],"product_cat":[15],"product_tag":[],"class_list":{"0":"post-2317","1":"product","2":"type-product","3":"status-publish","4":"has-post-thumbnail","6":"product_variant-nadstavby","7":"product_usage_areas-zimna-udrzba","9":"first","10":"instock","11":"shipping-taxable","12":"product-type-simple"},"acf":[],"yoast_head":"<!-- This site is optimized with the Yoast SEO plugin v27.3 - https:\/\/yoast.com\/product\/yoast-seo-wordpress\/ -->\n<title>Sne\u017en\u00e1 radlica 122 cm \u2013 MAMMOTH\u2122 850 Series | Ariens<\/title>\n<meta name=\"description\" content=\"Zme\u0148te svoj sp\u00f4sob odstra\u0148ovania snehu s na\u0161ou 48&quot;\/122 cm vysokov\u00fdkonnou radlicou z ocele pre samostatn\u00fa sne\u017en\u00fa fr\u00e9zu Ariens MAMMOTH\u2122 850.\" \/>\n<meta name=\"robots\" content=\"noindex, follow, max-snippet:-1, max-image-preview:large, max-video-preview:-1\" \/>\n<meta property=\"og:locale\" content=\"sk_SK\" \/>\n<meta property=\"og:type\" content=\"article\" \/>\n<meta property=\"og:title\" content=\"Sne\u017en\u00e1 radlica 122 cm \u2013 MAMMOTH\u2122 850 Series | Ariens\" \/>\n<meta property=\"og:description\" content=\"Zme\u0148te svoj sp\u00f4sob odstra\u0148ovania snehu s na\u0161ou 48&quot;\/122 cm vysokov\u00fdkonnou radlicou z ocele pre samostatn\u00fa sne\u017en\u00fa fr\u00e9zu Ariens MAMMOTH\u2122 850.\" \/>\n<meta property=\"og:url\" content=\"https:\/\/www.ariens.eu\/sk\/product\/snezne-frezy\/nadstavby\/snezna-radlica-122-cm\/\" \/>\n<meta property=\"og:site_name\" content=\"Ariens |\u00a0EMEAA\" \/>\n<meta property=\"article:modified_time\" content=\"2026-01-07T10:37:42+00:00\" \/>\n<meta property=\"og:image\" content=\"https:\/\/www.ariens.eu\/sk\/wp-content\/uploads\/sites\/18\/2024\/05\/951001-Mammoth-48in_Blade_FL34-4000x3000-2d96997-1-scaled.webp\" \/>\n\t<meta property=\"og:image:width\" content=\"2560\" \/>\n\t<meta property=\"og:image:height\" content=\"1920\" \/>\n\t<meta property=\"og:image:type\" content=\"image\/webp\" \/>\n<meta name=\"twitter:card\" content=\"summary_large_image\" \/>\n<meta name=\"twitter:label1\" content=\"Predpokladan\u00fd \u010das \u010d\u00edtania\" \/>\n\t<meta name=\"twitter:data1\" content=\"1 min\u00fata\" \/>\n<script type=\"application\/ld+json\" class=\"yoast-schema-graph\">{\"@context\":\"https:\\\/\\\/schema.org\",\"@graph\":[{\"@type\":\"WebPage\",\"@id\":\"https:\\\/\\\/www.ariens.eu\\\/sk\\\/product\\\/snezne-frezy\\\/nadstavby\\\/snezna-radlica-122-cm\\\/\",\"url\":\"https:\\\/\\\/www.ariens.eu\\\/sk\\\/product\\\/snezne-frezy\\\/nadstavby\\\/snezna-radlica-122-cm\\\/\",\"name\":\"Sne\u017en\u00e1 radlica 122 cm \u2013 MAMMOTH\u2122 850 Series | Ariens\",\"isPartOf\":{\"@id\":\"https:\\\/\\\/www.ariens.eu\\\/sk\\\/#website\"},\"primaryImageOfPage\":{\"@id\":\"https:\\\/\\\/www.ariens.eu\\\/sk\\\/product\\\/snezne-frezy\\\/nadstavby\\\/snezna-radlica-122-cm\\\/#primaryimage\"},\"image\":{\"@id\":\"https:\\\/\\\/www.ariens.eu\\\/sk\\\/product\\\/snezne-frezy\\\/nadstavby\\\/snezna-radlica-122-cm\\\/#primaryimage\"},\"thumbnailUrl\":\"https:\\\/\\\/www.ariens.eu\\\/sk\\\/wp-content\\\/uploads\\\/sites\\\/18\\\/2024\\\/05\\\/951001-Mammoth-48in_Blade_FL34-4000x3000-2d96997-1-scaled.webp\",\"datePublished\":\"2024-05-10T10:04:36+00:00\",\"dateModified\":\"2026-01-07T10:37:42+00:00\",\"description\":\"Zme\u0148te svoj sp\u00f4sob odstra\u0148ovania snehu s na\u0161ou 48\\\"\\\/122 cm vysokov\u00fdkonnou radlicou z ocele pre samostatn\u00fa sne\u017en\u00fa fr\u00e9zu Ariens MAMMOTH\u2122 850.\",\"breadcrumb\":{\"@id\":\"https:\\\/\\\/www.ariens.eu\\\/sk\\\/product\\\/snezne-frezy\\\/nadstavby\\\/snezna-radlica-122-cm\\\/#breadcrumb\"},\"inLanguage\":\"sk-SK\",\"potentialAction\":[{\"@type\":\"ReadAction\",\"target\":[\"https:\\\/\\\/www.ariens.eu\\\/sk\\\/product\\\/snezne-frezy\\\/nadstavby\\\/snezna-radlica-122-cm\\\/\"]}]},{\"@type\":\"ImageObject\",\"inLanguage\":\"sk-SK\",\"@id\":\"https:\\\/\\\/www.ariens.eu\\\/sk\\\/product\\\/snezne-frezy\\\/nadstavby\\\/snezna-radlica-122-cm\\\/#primaryimage\",\"url\":\"https:\\\/\\\/www.ariens.eu\\\/sk\\\/wp-content\\\/uploads\\\/sites\\\/18\\\/2024\\\/05\\\/951001-Mammoth-48in_Blade_FL34-4000x3000-2d96997-1-scaled.webp\",\"contentUrl\":\"https:\\\/\\\/www.ariens.eu\\\/sk\\\/wp-content\\\/uploads\\\/sites\\\/18\\\/2024\\\/05\\\/951001-Mammoth-48in_Blade_FL34-4000x3000-2d96997-1-scaled.webp\",\"width\":2560,\"height\":1920},{\"@type\":\"BreadcrumbList\",\"@id\":\"https:\\\/\\\/www.ariens.eu\\\/sk\\\/product\\\/snezne-frezy\\\/nadstavby\\\/snezna-radlica-122-cm\\\/#breadcrumb\",\"itemListElement\":[{\"@type\":\"ListItem\",\"position\":1,\"name\":\"Home\",\"item\":\"https:\\\/\\\/www.ariens.eu\\\/sk\\\/\"},{\"@type\":\"ListItem\",\"position\":2,\"name\":\"Obchod\",\"item\":\"https:\\\/\\\/www.ariens.eu\\\/sk\\\/obchod\\\/\"},{\"@type\":\"ListItem\",\"position\":3,\"name\":\"Sne\u017en\u00e1 radlica 48&#8243; (122 cm)\"}]},{\"@type\":\"WebSite\",\"@id\":\"https:\\\/\\\/www.ariens.eu\\\/sk\\\/#website\",\"url\":\"https:\\\/\\\/www.ariens.eu\\\/sk\\\/\",\"name\":\"Ariens | EMEAA\",\"description\":\"Powerful and reliable zero-turn mowers &amp; snow blowers for professional users and demanding private customers\",\"publisher\":{\"@id\":\"https:\\\/\\\/www.ariens.eu\\\/sk\\\/#organization\"},\"potentialAction\":[{\"@type\":\"SearchAction\",\"target\":{\"@type\":\"EntryPoint\",\"urlTemplate\":\"https:\\\/\\\/www.ariens.eu\\\/sk\\\/?s={search_term_string}\"},\"query-input\":{\"@type\":\"PropertyValueSpecification\",\"valueRequired\":true,\"valueName\":\"search_term_string\"}}],\"inLanguage\":\"sk-SK\"},{\"@type\":\"Organization\",\"@id\":\"https:\\\/\\\/www.ariens.eu\\\/sk\\\/#organization\",\"name\":\"AriensCo GmbH\",\"url\":\"https:\\\/\\\/www.ariens.eu\\\/sk\\\/\",\"logo\":{\"@type\":\"ImageObject\",\"inLanguage\":\"sk-SK\",\"@id\":\"https:\\\/\\\/www.ariens.eu\\\/sk\\\/#\\\/schema\\\/logo\\\/image\\\/\",\"url\":\"https:\\\/\\\/www.ariens.eu\\\/wp-content\\\/uploads\\\/2024\\\/11\\\/ariens-co-logo.jpg\",\"contentUrl\":\"https:\\\/\\\/www.ariens.eu\\\/wp-content\\\/uploads\\\/2024\\\/11\\\/ariens-co-logo.jpg\",\"width\":1000,\"height\":1000,\"caption\":\"AriensCo GmbH\"},\"image\":{\"@id\":\"https:\\\/\\\/www.ariens.eu\\\/sk\\\/#\\\/schema\\\/logo\\\/image\\\/\"}}]}<\/script>\n<!-- \/ Yoast SEO plugin. -->","yoast_head_json":{"title":"Sne\u017en\u00e1 radlica 122 cm \u2013 MAMMOTH\u2122 850 Series | Ariens","description":"Zme\u0148te svoj sp\u00f4sob odstra\u0148ovania snehu s na\u0161ou 48\"\/122 cm vysokov\u00fdkonnou radlicou z ocele pre samostatn\u00fa sne\u017en\u00fa fr\u00e9zu Ariens MAMMOTH\u2122 850.","robots":{"index":"noindex","follow":"follow","max-snippet":"max-snippet:-1","max-image-preview":"max-image-preview:large","max-video-preview":"max-video-preview:-1"},"og_locale":"sk_SK","og_type":"article","og_title":"Sne\u017en\u00e1 radlica 122 cm \u2013 MAMMOTH\u2122 850 Series | Ariens","og_description":"Zme\u0148te svoj sp\u00f4sob odstra\u0148ovania snehu s na\u0161ou 48\"\/122 cm vysokov\u00fdkonnou radlicou z ocele pre samostatn\u00fa sne\u017en\u00fa fr\u00e9zu Ariens MAMMOTH\u2122 850.","og_url":"https:\/\/www.ariens.eu\/sk\/product\/snezne-frezy\/nadstavby\/snezna-radlica-122-cm\/","og_site_name":"Ariens |\u00a0EMEAA","article_modified_time":"2026-01-07T10:37:42+00:00","og_image":[{"width":2560,"height":1920,"url":"https:\/\/www.ariens.eu\/sk\/wp-content\/uploads\/sites\/18\/2024\/05\/951001-Mammoth-48in_Blade_FL34-4000x3000-2d96997-1-scaled.webp","type":"image\/webp"}],"twitter_card":"summary_large_image","twitter_misc":{"Predpokladan\u00fd \u010das \u010d\u00edtania":"1 min\u00fata"},"schema":{"@context":"https:\/\/schema.org","@graph":[{"@type":"WebPage","@id":"https:\/\/www.ariens.eu\/sk\/product\/snezne-frezy\/nadstavby\/snezna-radlica-122-cm\/","url":"https:\/\/www.ariens.eu\/sk\/product\/snezne-frezy\/nadstavby\/snezna-radlica-122-cm\/","name":"Sne\u017en\u00e1 radlica 122 cm \u2013 MAMMOTH\u2122 850 Series | Ariens","isPartOf":{"@id":"https:\/\/www.ariens.eu\/sk\/#website"},"primaryImageOfPage":{"@id":"https:\/\/www.ariens.eu\/sk\/product\/snezne-frezy\/nadstavby\/snezna-radlica-122-cm\/#primaryimage"},"image":{"@id":"https:\/\/www.ariens.eu\/sk\/product\/snezne-frezy\/nadstavby\/snezna-radlica-122-cm\/#primaryimage"},"thumbnailUrl":"https:\/\/www.ariens.eu\/sk\/wp-content\/uploads\/sites\/18\/2024\/05\/951001-Mammoth-48in_Blade_FL34-4000x3000-2d96997-1-scaled.webp","datePublished":"2024-05-10T10:04:36+00:00","dateModified":"2026-01-07T10:37:42+00:00","description":"Zme\u0148te svoj sp\u00f4sob odstra\u0148ovania snehu s na\u0161ou 48\"\/122 cm vysokov\u00fdkonnou radlicou z ocele pre samostatn\u00fa sne\u017en\u00fa fr\u00e9zu Ariens MAMMOTH\u2122 850.","breadcrumb":{"@id":"https:\/\/www.ariens.eu\/sk\/product\/snezne-frezy\/nadstavby\/snezna-radlica-122-cm\/#breadcrumb"},"inLanguage":"sk-SK","potentialAction":[{"@type":"ReadAction","target":["https:\/\/www.ariens.eu\/sk\/product\/snezne-frezy\/nadstavby\/snezna-radlica-122-cm\/"]}]},{"@type":"ImageObject","inLanguage":"sk-SK","@id":"https:\/\/www.ariens.eu\/sk\/product\/snezne-frezy\/nadstavby\/snezna-radlica-122-cm\/#primaryimage","url":"https:\/\/www.ariens.eu\/sk\/wp-content\/uploads\/sites\/18\/2024\/05\/951001-Mammoth-48in_Blade_FL34-4000x3000-2d96997-1-scaled.webp","contentUrl":"https:\/\/www.ariens.eu\/sk\/wp-content\/uploads\/sites\/18\/2024\/05\/951001-Mammoth-48in_Blade_FL34-4000x3000-2d96997-1-scaled.webp","width":2560,"height":1920},{"@type":"BreadcrumbList","@id":"https:\/\/www.ariens.eu\/sk\/product\/snezne-frezy\/nadstavby\/snezna-radlica-122-cm\/#breadcrumb","itemListElement":[{"@type":"ListItem","position":1,"name":"Home","item":"https:\/\/www.ariens.eu\/sk\/"},{"@type":"ListItem","position":2,"name":"Obchod","item":"https:\/\/www.ariens.eu\/sk\/obchod\/"},{"@type":"ListItem","position":3,"name":"Sne\u017en\u00e1 radlica 48&#8243; (122 cm)"}]},{"@type":"WebSite","@id":"https:\/\/www.ariens.eu\/sk\/#website","url":"https:\/\/www.ariens.eu\/sk\/","name":"Ariens | EMEAA","description":"Powerful and reliable zero-turn mowers &amp; snow blowers for professional users and demanding private customers","publisher":{"@id":"https:\/\/www.ariens.eu\/sk\/#organization"},"potentialAction":[{"@type":"SearchAction","target":{"@type":"EntryPoint","urlTemplate":"https:\/\/www.ariens.eu\/sk\/?s={search_term_string}"},"query-input":{"@type":"PropertyValueSpecification","valueRequired":true,"valueName":"search_term_string"}}],"inLanguage":"sk-SK"},{"@type":"Organization","@id":"https:\/\/www.ariens.eu\/sk\/#organization","name":"AriensCo GmbH","url":"https:\/\/www.ariens.eu\/sk\/","logo":{"@type":"ImageObject","inLanguage":"sk-SK","@id":"https:\/\/www.ariens.eu\/sk\/#\/schema\/logo\/image\/","url":"https:\/\/www.ariens.eu\/wp-content\/uploads\/2024\/11\/ariens-co-logo.jpg","contentUrl":"https:\/\/www.ariens.eu\/wp-content\/uploads\/2024\/11\/ariens-co-logo.jpg","width":1000,"height":1000,"caption":"AriensCo GmbH"},"image":{"@id":"https:\/\/www.ariens.eu\/sk\/#\/schema\/logo\/image\/"}}]}},"_links":{"self":[{"href":"https:\/\/www.ariens.eu\/sk\/wp-json\/wp\/v2\/product\/2317","targetHints":{"allow":["GET"]}}],"collection":[{"href":"https:\/\/www.ariens.eu\/sk\/wp-json\/wp\/v2\/product"}],"about":[{"href":"https:\/\/www.ariens.eu\/sk\/wp-json\/wp\/v2\/types\/product"}],"replies":[{"embeddable":true,"href":"https:\/\/www.ariens.eu\/sk\/wp-json\/wp\/v2\/comments?post=2317"}],"wp:featuredmedia":[{"embeddable":true,"href":"https:\/\/www.ariens.eu\/sk\/wp-json\/wp\/v2\/media\/3026"}],"wp:attachment":[{"href":"https:\/\/www.ariens.eu\/sk\/wp-json\/wp\/v2\/media?parent=2317"}],"wp:term":[{"taxonomy":"product_brand","embeddable":true,"href":"https:\/\/www.ariens.eu\/sk\/wp-json\/wp\/v2\/product_brand?post=2317"},{"taxonomy":"product_cat","embeddable":true,"href":"https:\/\/www.ariens.eu\/sk\/wp-json\/wp\/v2\/product_cat?post=2317"},{"taxonomy":"product_tag","embeddable":true,"href":"https:\/\/www.ariens.eu\/sk\/wp-json\/wp\/v2\/product_tag?post=2317"}],"curies":[{"name":"wp","href":"https:\/\/api.w.org\/{rel}","templated":true}]}}