{"id":2319,"date":"2024-05-10T11:04:36","date_gmt":"2024-05-10T10:04:36","guid":{"rendered":"https:\/\/www.ariens.eu\/product\/snow-thrower-36-91-cm\/"},"modified":"2026-01-07T10:41:03","modified_gmt":"2026-01-07T10:41:03","slug":"snehovy-odhrnac-36-91-cm","status":"publish","type":"product","link":"https:\/\/www.ariens.eu\/sk\/product\/snezne-frezy\/nadstavby\/snehovy-odhrnac-36-91-cm","title":{"rendered":"Snehov\u00fd odh\u0155\u0148a\u010d 36&#8243; (91 cm)"},"content":{"rendered":"<div class=\"acfd-block acfd-block__twocolumns container-fluid px-0 bg-default\">\n<div class=\"acfd-twocolumns\">\n<div class=\"row\">\n<div class='col-lg-9 mb-4 '>\n<div class=\"acfd-block acfd-block__headline mb-asm-1 container-fluid px-0 bg-default\">\n<div class=\"acfd-headline\">\n<h2 class='h2 text-left li_black'>Extr\u00e9mna \u00fa\u010dinnos\u0165 pri odh\u0155\u0148an\u00ed a vyhadzovan\u00ed snehu<\/h2>\n<\/p><\/div>\n<\/div>\n<div class=\"acfd-block acfd-block__text container-fluid px-0 bg-default\">\n<div class=\"acfd-text li_black\">\n<p>Zv\u00fd\u0161te v\u00fdkon odh\u0155\u0148ania snehu s na\u0161ou 36&#8243; (91 cm) vysoko v\u00fdkonnou snehovou nadstavbou (sne\u017en\u00fdm odh\u0155\u0148a\u010dom) z ocele pre Ariens MAMMOTH\u2122 850. T\u00e1to nadstavba je navrhnut\u00e1 pre n\u00e1ro\u010dn\u00e9 \u00falohy a umo\u017e\u0148uje vyhadzova\u0165 sneh a\u017e do vzdialenosti 18 m (60 ft) s \u013eahkos\u0165ou.<\/p>\n<p>Ovl\u00e1danie je jednoduch\u00e9 a presn\u00e9 v\u010faka intuit\u00edvnemu joysticku, pri\u010dom odoln\u00e9 oce\u013eov\u00e9 \u0161krabacie no\u017ee a k\u013azav\u00e9 ly\u017einy zabezpe\u010duj\u00fa dlh\u00fa \u017eivotnos\u0165 a spo\u013eahliv\u00fa prev\u00e1dzku. Ide\u00e1lne pre reziden\u010dn\u00e9 aj komer\u010dn\u00e9 pou\u017eitie \u2013 preme\u0148te svoj MAMMOTH\u2122 850 na skuto\u010dn\u00fd stroj na odh\u0155\u0148anie snehu aj v t\u00fdch najn\u00e1ro\u010dnej\u0161\u00edch zimn\u00fdch podmienkach.<\/p>\n<\/div>\n<\/div><\/div>\n<div class='col-lg'>                    <\/div>\n<\/p><\/div>\n<\/div>\n<\/div>\n","protected":false},"excerpt":{"rendered":"<p>Extr\u00e9mna \u00fa\u010dinnos\u0165 pri odh\u0155\u0148an\u00ed a vyhadzovan\u00ed snehu Zv\u00fd\u0161te v\u00fdkon odh\u0155\u0148ania snehu s na\u0161ou 36&#8243; (91 cm) vysoko v\u00fdkonnou snehovou nadstavbou (sne\u017en\u00fdm odh\u0155\u0148a\u010dom) z ocele pre Ariens MAMMOTH\u2122 850. T\u00e1to nadstavba je navrhnut\u00e1 pre n\u00e1ro\u010dn\u00e9 \u00falohy a umo\u017e\u0148uje vyhadzova\u0165 sneh a\u017e do vzdialenosti 18 m (60 ft) s \u013eahkos\u0165ou. Ovl\u00e1danie je jednoduch\u00e9 a presn\u00e9 v\u010faka intuit\u00edvnemu [&hellip;]<\/p>\n","protected":false},"featured_media":3029,"comment_status":"open","ping_status":"closed","template":"","meta":{"_acf_changed":false,"_relevanssi_hide_post":"","_relevanssi_hide_content":"","_relevanssi_pin_for_all":"","_relevanssi_pin_keywords":"","_relevanssi_unpin_keywords":"","_relevanssi_related_keywords":"","_relevanssi_related_include_ids":"","_relevanssi_related_exclude_ids":"","_relevanssi_related_no_append":"","_relevanssi_related_not_related":"","_relevanssi_related_posts":"","_relevanssi_noindex_reason":""},"product_brand":[],"product_cat":[15],"product_tag":[],"class_list":{"0":"post-2319","1":"product","2":"type-product","3":"status-publish","4":"has-post-thumbnail","6":"product_variant-nadstavby","7":"product_usage_areas-zimna-udrzba","9":"first","10":"instock","11":"shipping-taxable","12":"product-type-simple"},"acf":[],"yoast_head":"<!-- This site is optimized with the Yoast SEO plugin v27.3 - https:\/\/yoast.com\/product\/yoast-seo-wordpress\/ -->\n<title>Snehov\u00fd odh\u0155\u0148a\u010d 91 cm - MAMMOTH\u2122 850 Series | Ariens<\/title>\n<meta name=\"description\" content=\"Vylep\u0161ite Ariens MAMMOTH\u2122 850 s oce\u013eovou \u0165a\u017ekou snehovou nadstavbou, ktor\u00e1 umo\u017e\u0148uje odh\u0155\u0148a\u0165 sneh a\u017e do vzdialenosti 18 m a presn\u00e9 ovl\u00e1danie v\u010faka joysticku.\" \/>\n<meta name=\"robots\" content=\"noindex, follow, max-snippet:-1, max-image-preview:large, max-video-preview:-1\" \/>\n<meta property=\"og:locale\" content=\"sk_SK\" \/>\n<meta property=\"og:type\" content=\"article\" \/>\n<meta property=\"og:title\" content=\"Snehov\u00fd odh\u0155\u0148a\u010d 91 cm - MAMMOTH\u2122 850 Series | Ariens\" \/>\n<meta property=\"og:description\" content=\"Vylep\u0161ite Ariens MAMMOTH\u2122 850 s oce\u013eovou \u0165a\u017ekou snehovou nadstavbou, ktor\u00e1 umo\u017e\u0148uje odh\u0155\u0148a\u0165 sneh a\u017e do vzdialenosti 18 m a presn\u00e9 ovl\u00e1danie v\u010faka joysticku.\" \/>\n<meta property=\"og:url\" content=\"https:\/\/www.ariens.eu\/sk\/product\/snezne-frezy\/nadstavby\/snehovy-odhrnac-36-91-cm\/\" \/>\n<meta property=\"og:site_name\" content=\"Ariens |\u00a0EMEAA\" \/>\n<meta property=\"article:modified_time\" content=\"2026-01-07T10:41:03+00:00\" \/>\n<meta property=\"og:image\" content=\"https:\/\/www.ariens.eu\/sk\/wp-content\/uploads\/sites\/18\/2024\/05\/851301-Ariens-Mammoth-48-Snow-Blower_Front_3-4.png\" \/>\n\t<meta property=\"og:image:width\" content=\"2560\" \/>\n\t<meta property=\"og:image:height\" content=\"1920\" \/>\n\t<meta property=\"og:image:type\" content=\"image\/png\" \/>\n<meta name=\"twitter:card\" content=\"summary_large_image\" \/>\n<meta name=\"twitter:label1\" content=\"Predpokladan\u00fd \u010das \u010d\u00edtania\" \/>\n\t<meta name=\"twitter:data1\" content=\"1 min\u00fata\" \/>\n<script type=\"application\/ld+json\" class=\"yoast-schema-graph\">{\"@context\":\"https:\\\/\\\/schema.org\",\"@graph\":[{\"@type\":\"WebPage\",\"@id\":\"https:\\\/\\\/www.ariens.eu\\\/sk\\\/product\\\/snezne-frezy\\\/nadstavby\\\/snehovy-odhrnac-36-91-cm\\\/\",\"url\":\"https:\\\/\\\/www.ariens.eu\\\/sk\\\/product\\\/snezne-frezy\\\/nadstavby\\\/snehovy-odhrnac-36-91-cm\\\/\",\"name\":\"Snehov\u00fd odh\u0155\u0148a\u010d 91 cm - MAMMOTH\u2122 850 Series | Ariens\",\"isPartOf\":{\"@id\":\"https:\\\/\\\/www.ariens.eu\\\/sk\\\/#website\"},\"primaryImageOfPage\":{\"@id\":\"https:\\\/\\\/www.ariens.eu\\\/sk\\\/product\\\/snezne-frezy\\\/nadstavby\\\/snehovy-odhrnac-36-91-cm\\\/#primaryimage\"},\"image\":{\"@id\":\"https:\\\/\\\/www.ariens.eu\\\/sk\\\/product\\\/snezne-frezy\\\/nadstavby\\\/snehovy-odhrnac-36-91-cm\\\/#primaryimage\"},\"thumbnailUrl\":\"https:\\\/\\\/www.ariens.eu\\\/sk\\\/wp-content\\\/uploads\\\/sites\\\/18\\\/2024\\\/05\\\/851301-Ariens-Mammoth-48-Snow-Blower_Front_3-4.png\",\"datePublished\":\"2024-05-10T10:04:36+00:00\",\"dateModified\":\"2026-01-07T10:41:03+00:00\",\"description\":\"Vylep\u0161ite Ariens MAMMOTH\u2122 850 s oce\u013eovou \u0165a\u017ekou snehovou nadstavbou, ktor\u00e1 umo\u017e\u0148uje odh\u0155\u0148a\u0165 sneh a\u017e do vzdialenosti 18 m a presn\u00e9 ovl\u00e1danie v\u010faka joysticku.\",\"breadcrumb\":{\"@id\":\"https:\\\/\\\/www.ariens.eu\\\/sk\\\/product\\\/snezne-frezy\\\/nadstavby\\\/snehovy-odhrnac-36-91-cm\\\/#breadcrumb\"},\"inLanguage\":\"sk-SK\",\"potentialAction\":[{\"@type\":\"ReadAction\",\"target\":[\"https:\\\/\\\/www.ariens.eu\\\/sk\\\/product\\\/snezne-frezy\\\/nadstavby\\\/snehovy-odhrnac-36-91-cm\\\/\"]}]},{\"@type\":\"ImageObject\",\"inLanguage\":\"sk-SK\",\"@id\":\"https:\\\/\\\/www.ariens.eu\\\/sk\\\/product\\\/snezne-frezy\\\/nadstavby\\\/snehovy-odhrnac-36-91-cm\\\/#primaryimage\",\"url\":\"https:\\\/\\\/www.ariens.eu\\\/sk\\\/wp-content\\\/uploads\\\/sites\\\/18\\\/2024\\\/05\\\/851301-Ariens-Mammoth-48-Snow-Blower_Front_3-4.png\",\"contentUrl\":\"https:\\\/\\\/www.ariens.eu\\\/sk\\\/wp-content\\\/uploads\\\/sites\\\/18\\\/2024\\\/05\\\/851301-Ariens-Mammoth-48-Snow-Blower_Front_3-4.png\",\"width\":2560,\"height\":1920},{\"@type\":\"BreadcrumbList\",\"@id\":\"https:\\\/\\\/www.ariens.eu\\\/sk\\\/product\\\/snezne-frezy\\\/nadstavby\\\/snehovy-odhrnac-36-91-cm\\\/#breadcrumb\",\"itemListElement\":[{\"@type\":\"ListItem\",\"position\":1,\"name\":\"Home\",\"item\":\"https:\\\/\\\/www.ariens.eu\\\/sk\\\/\"},{\"@type\":\"ListItem\",\"position\":2,\"name\":\"Obchod\",\"item\":\"https:\\\/\\\/www.ariens.eu\\\/sk\\\/obchod\\\/\"},{\"@type\":\"ListItem\",\"position\":3,\"name\":\"Snehov\u00fd odh\u0155\u0148a\u010d 36&#8243; (91 cm)\"}]},{\"@type\":\"WebSite\",\"@id\":\"https:\\\/\\\/www.ariens.eu\\\/sk\\\/#website\",\"url\":\"https:\\\/\\\/www.ariens.eu\\\/sk\\\/\",\"name\":\"Ariens | EMEAA\",\"description\":\"Powerful and reliable zero-turn mowers &amp; snow blowers for professional users and demanding private customers\",\"publisher\":{\"@id\":\"https:\\\/\\\/www.ariens.eu\\\/sk\\\/#organization\"},\"potentialAction\":[{\"@type\":\"SearchAction\",\"target\":{\"@type\":\"EntryPoint\",\"urlTemplate\":\"https:\\\/\\\/www.ariens.eu\\\/sk\\\/?s={search_term_string}\"},\"query-input\":{\"@type\":\"PropertyValueSpecification\",\"valueRequired\":true,\"valueName\":\"search_term_string\"}}],\"inLanguage\":\"sk-SK\"},{\"@type\":\"Organization\",\"@id\":\"https:\\\/\\\/www.ariens.eu\\\/sk\\\/#organization\",\"name\":\"AriensCo GmbH\",\"url\":\"https:\\\/\\\/www.ariens.eu\\\/sk\\\/\",\"logo\":{\"@type\":\"ImageObject\",\"inLanguage\":\"sk-SK\",\"@id\":\"https:\\\/\\\/www.ariens.eu\\\/sk\\\/#\\\/schema\\\/logo\\\/image\\\/\",\"url\":\"https:\\\/\\\/www.ariens.eu\\\/wp-content\\\/uploads\\\/2024\\\/11\\\/ariens-co-logo.jpg\",\"contentUrl\":\"https:\\\/\\\/www.ariens.eu\\\/wp-content\\\/uploads\\\/2024\\\/11\\\/ariens-co-logo.jpg\",\"width\":1000,\"height\":1000,\"caption\":\"AriensCo GmbH\"},\"image\":{\"@id\":\"https:\\\/\\\/www.ariens.eu\\\/sk\\\/#\\\/schema\\\/logo\\\/image\\\/\"}}]}<\/script>\n<!-- \/ Yoast SEO plugin. -->","yoast_head_json":{"title":"Snehov\u00fd odh\u0155\u0148a\u010d 91 cm - MAMMOTH\u2122 850 Series | Ariens","description":"Vylep\u0161ite Ariens MAMMOTH\u2122 850 s oce\u013eovou \u0165a\u017ekou snehovou nadstavbou, ktor\u00e1 umo\u017e\u0148uje odh\u0155\u0148a\u0165 sneh a\u017e do vzdialenosti 18 m a presn\u00e9 ovl\u00e1danie v\u010faka joysticku.","robots":{"index":"noindex","follow":"follow","max-snippet":"max-snippet:-1","max-image-preview":"max-image-preview:large","max-video-preview":"max-video-preview:-1"},"og_locale":"sk_SK","og_type":"article","og_title":"Snehov\u00fd odh\u0155\u0148a\u010d 91 cm - MAMMOTH\u2122 850 Series | Ariens","og_description":"Vylep\u0161ite Ariens MAMMOTH\u2122 850 s oce\u013eovou \u0165a\u017ekou snehovou nadstavbou, ktor\u00e1 umo\u017e\u0148uje odh\u0155\u0148a\u0165 sneh a\u017e do vzdialenosti 18 m a presn\u00e9 ovl\u00e1danie v\u010faka joysticku.","og_url":"https:\/\/www.ariens.eu\/sk\/product\/snezne-frezy\/nadstavby\/snehovy-odhrnac-36-91-cm\/","og_site_name":"Ariens |\u00a0EMEAA","article_modified_time":"2026-01-07T10:41:03+00:00","og_image":[{"width":2560,"height":1920,"url":"https:\/\/www.ariens.eu\/sk\/wp-content\/uploads\/sites\/18\/2024\/05\/851301-Ariens-Mammoth-48-Snow-Blower_Front_3-4.png","type":"image\/png"}],"twitter_card":"summary_large_image","twitter_misc":{"Predpokladan\u00fd \u010das \u010d\u00edtania":"1 min\u00fata"},"schema":{"@context":"https:\/\/schema.org","@graph":[{"@type":"WebPage","@id":"https:\/\/www.ariens.eu\/sk\/product\/snezne-frezy\/nadstavby\/snehovy-odhrnac-36-91-cm\/","url":"https:\/\/www.ariens.eu\/sk\/product\/snezne-frezy\/nadstavby\/snehovy-odhrnac-36-91-cm\/","name":"Snehov\u00fd odh\u0155\u0148a\u010d 91 cm - MAMMOTH\u2122 850 Series | Ariens","isPartOf":{"@id":"https:\/\/www.ariens.eu\/sk\/#website"},"primaryImageOfPage":{"@id":"https:\/\/www.ariens.eu\/sk\/product\/snezne-frezy\/nadstavby\/snehovy-odhrnac-36-91-cm\/#primaryimage"},"image":{"@id":"https:\/\/www.ariens.eu\/sk\/product\/snezne-frezy\/nadstavby\/snehovy-odhrnac-36-91-cm\/#primaryimage"},"thumbnailUrl":"https:\/\/www.ariens.eu\/sk\/wp-content\/uploads\/sites\/18\/2024\/05\/851301-Ariens-Mammoth-48-Snow-Blower_Front_3-4.png","datePublished":"2024-05-10T10:04:36+00:00","dateModified":"2026-01-07T10:41:03+00:00","description":"Vylep\u0161ite Ariens MAMMOTH\u2122 850 s oce\u013eovou \u0165a\u017ekou snehovou nadstavbou, ktor\u00e1 umo\u017e\u0148uje odh\u0155\u0148a\u0165 sneh a\u017e do vzdialenosti 18 m a presn\u00e9 ovl\u00e1danie v\u010faka joysticku.","breadcrumb":{"@id":"https:\/\/www.ariens.eu\/sk\/product\/snezne-frezy\/nadstavby\/snehovy-odhrnac-36-91-cm\/#breadcrumb"},"inLanguage":"sk-SK","potentialAction":[{"@type":"ReadAction","target":["https:\/\/www.ariens.eu\/sk\/product\/snezne-frezy\/nadstavby\/snehovy-odhrnac-36-91-cm\/"]}]},{"@type":"ImageObject","inLanguage":"sk-SK","@id":"https:\/\/www.ariens.eu\/sk\/product\/snezne-frezy\/nadstavby\/snehovy-odhrnac-36-91-cm\/#primaryimage","url":"https:\/\/www.ariens.eu\/sk\/wp-content\/uploads\/sites\/18\/2024\/05\/851301-Ariens-Mammoth-48-Snow-Blower_Front_3-4.png","contentUrl":"https:\/\/www.ariens.eu\/sk\/wp-content\/uploads\/sites\/18\/2024\/05\/851301-Ariens-Mammoth-48-Snow-Blower_Front_3-4.png","width":2560,"height":1920},{"@type":"BreadcrumbList","@id":"https:\/\/www.ariens.eu\/sk\/product\/snezne-frezy\/nadstavby\/snehovy-odhrnac-36-91-cm\/#breadcrumb","itemListElement":[{"@type":"ListItem","position":1,"name":"Home","item":"https:\/\/www.ariens.eu\/sk\/"},{"@type":"ListItem","position":2,"name":"Obchod","item":"https:\/\/www.ariens.eu\/sk\/obchod\/"},{"@type":"ListItem","position":3,"name":"Snehov\u00fd odh\u0155\u0148a\u010d 36&#8243; (91 cm)"}]},{"@type":"WebSite","@id":"https:\/\/www.ariens.eu\/sk\/#website","url":"https:\/\/www.ariens.eu\/sk\/","name":"Ariens | EMEAA","description":"Powerful and reliable zero-turn mowers &amp; snow blowers for professional users and demanding private customers","publisher":{"@id":"https:\/\/www.ariens.eu\/sk\/#organization"},"potentialAction":[{"@type":"SearchAction","target":{"@type":"EntryPoint","urlTemplate":"https:\/\/www.ariens.eu\/sk\/?s={search_term_string}"},"query-input":{"@type":"PropertyValueSpecification","valueRequired":true,"valueName":"search_term_string"}}],"inLanguage":"sk-SK"},{"@type":"Organization","@id":"https:\/\/www.ariens.eu\/sk\/#organization","name":"AriensCo GmbH","url":"https:\/\/www.ariens.eu\/sk\/","logo":{"@type":"ImageObject","inLanguage":"sk-SK","@id":"https:\/\/www.ariens.eu\/sk\/#\/schema\/logo\/image\/","url":"https:\/\/www.ariens.eu\/wp-content\/uploads\/2024\/11\/ariens-co-logo.jpg","contentUrl":"https:\/\/www.ariens.eu\/wp-content\/uploads\/2024\/11\/ariens-co-logo.jpg","width":1000,"height":1000,"caption":"AriensCo GmbH"},"image":{"@id":"https:\/\/www.ariens.eu\/sk\/#\/schema\/logo\/image\/"}}]}},"_links":{"self":[{"href":"https:\/\/www.ariens.eu\/sk\/wp-json\/wp\/v2\/product\/2319","targetHints":{"allow":["GET"]}}],"collection":[{"href":"https:\/\/www.ariens.eu\/sk\/wp-json\/wp\/v2\/product"}],"about":[{"href":"https:\/\/www.ariens.eu\/sk\/wp-json\/wp\/v2\/types\/product"}],"replies":[{"embeddable":true,"href":"https:\/\/www.ariens.eu\/sk\/wp-json\/wp\/v2\/comments?post=2319"}],"wp:featuredmedia":[{"embeddable":true,"href":"https:\/\/www.ariens.eu\/sk\/wp-json\/wp\/v2\/media\/3029"}],"wp:attachment":[{"href":"https:\/\/www.ariens.eu\/sk\/wp-json\/wp\/v2\/media?parent=2319"}],"wp:term":[{"taxonomy":"product_brand","embeddable":true,"href":"https:\/\/www.ariens.eu\/sk\/wp-json\/wp\/v2\/product_brand?post=2319"},{"taxonomy":"product_cat","embeddable":true,"href":"https:\/\/www.ariens.eu\/sk\/wp-json\/wp\/v2\/product_cat?post=2319"},{"taxonomy":"product_tag","embeddable":true,"href":"https:\/\/www.ariens.eu\/sk\/wp-json\/wp\/v2\/product_tag?post=2319"}],"curies":[{"name":"wp","href":"https:\/\/api.w.org\/{rel}","templated":true}]}}