{"id":2320,"date":"2024-05-10T11:04:36","date_gmt":"2024-05-10T10:04:36","guid":{"rendered":"https:\/\/www.ariens.eu\/product\/snow-thrower-48-122-cm\/"},"modified":"2026-01-07T10:40:29","modified_gmt":"2026-01-07T10:40:29","slug":"snehovy-odhrnac-48-122-cm","status":"publish","type":"product","link":"https:\/\/www.ariens.eu\/sk\/product\/snezne-frezy\/nadstavby\/snehovy-odhrnac-48-122-cm","title":{"rendered":"Snehov\u00fd odh\u0155\u0148a\u010d 48&#8243; (122 cm)"},"content":{"rendered":"<div class=\"acfd-block acfd-block__twocolumns mb-asm-1 container-fluid px-0 bg-default\">\n<div class=\"acfd-twocolumns\">\n<div class=\"row\">\n<div class='col-lg-9 mb-4 '>\n<div class=\"acfd-block acfd-block__headline container-fluid px-0 bg-default\">\n<div class=\"acfd-headline\">\n<h2 class='h2 text-left li_black'>Maxim\u00e1lny v\u00fdkon a p\u00f4sobiv\u00fd dosah vyhadzovania pre ak\u00fdko\u013evek typ snehu<\/h2>\n<\/p><\/div>\n<\/div>\n<div class=\"acfd-block acfd-block__text container-fluid px-0 bg-default\">\n<div class=\"acfd-text li_black\">\n<p>Maximalizujte efektivitu zimn\u00e9ho odh\u0155\u0148ania so siln\u00fdm, celokovov\u00fdm vysokov\u00fdkonn\u00fdm snehov\u00fdm odh\u0155\u0148a\u010dom, navrhnut\u00fdm pre Ariens MAMMOTH<sup>TM<\/sup> 850. Tento dlhodob\u00fd snehov\u00fd odh\u0155\u0148a\u010d je \u0161peci\u00e1lne vyvinut\u00fd pre n\u00e1ro\u010dn\u00fa manipul\u00e1ciu so snehom a \u013eahko vyhadzuje sneh a\u017e do vzdialenosti 18 metrov.<\/p>\n<p>S d\u00f4razom na presnos\u0165 je vybaven\u00fd intuit\u00edvnym joystickom pre v\u00fdnimo\u010dn\u00e9 ovl\u00e1danie. Odoln\u00e9 oce\u013eov\u00e9 \u0161krabacie hrany a klzn\u00e9 ly\u017einy e\u0161te zvy\u0161uj\u00fa jeho \u00fa\u010dinnos\u0165. Pre reziden\u010dn\u00e9 aj komer\u010dn\u00e9 pou\u017eitie premen\u00ed toto pr\u00edslu\u0161enstvo MAMMOTH<sup>TM<\/sup> 850 na siln\u00fd n\u00e1stroj pri zvl\u00e1dan\u00ed naj\u0165a\u017e\u0161\u00edch zimn\u00fdch podmienok.<\/p>\n<\/div>\n<\/div><\/div>\n<div class='col-lg'>                    <\/div>\n<\/p><\/div>\n<\/div>\n<\/div>\n","protected":false},"excerpt":{"rendered":"<p>Maxim\u00e1lny v\u00fdkon a p\u00f4sobiv\u00fd dosah vyhadzovania pre ak\u00fdko\u013evek typ snehu Maximalizujte efektivitu zimn\u00e9ho odh\u0155\u0148ania so siln\u00fdm, celokovov\u00fdm vysokov\u00fdkonn\u00fdm snehov\u00fdm odh\u0155\u0148a\u010dom, navrhnut\u00fdm pre Ariens MAMMOTHTM 850. Tento dlhodob\u00fd snehov\u00fd odh\u0155\u0148a\u010d je \u0161peci\u00e1lne vyvinut\u00fd pre n\u00e1ro\u010dn\u00fa manipul\u00e1ciu so snehom a \u013eahko vyhadzuje sneh a\u017e do vzdialenosti 18 metrov. S d\u00f4razom na presnos\u0165 je vybaven\u00fd intuit\u00edvnym joystickom pre [&hellip;]<\/p>\n","protected":false},"featured_media":3029,"comment_status":"open","ping_status":"closed","template":"","meta":{"_acf_changed":false,"_relevanssi_hide_post":"","_relevanssi_hide_content":"","_relevanssi_pin_for_all":"","_relevanssi_pin_keywords":"","_relevanssi_unpin_keywords":"","_relevanssi_related_keywords":"","_relevanssi_related_include_ids":"","_relevanssi_related_exclude_ids":"","_relevanssi_related_no_append":"","_relevanssi_related_not_related":"","_relevanssi_related_posts":"","_relevanssi_noindex_reason":""},"product_brand":[],"product_cat":[15],"product_tag":[],"class_list":{"0":"post-2320","1":"product","2":"type-product","3":"status-publish","4":"has-post-thumbnail","6":"product_variant-nadstavby","7":"product_usage_areas-zimna-udrzba","9":"first","10":"instock","11":"shipping-taxable","12":"product-type-simple"},"acf":[],"yoast_head":"<!-- This site is optimized with the Yoast SEO plugin v27.3 - https:\/\/yoast.com\/product\/yoast-seo-wordpress\/ -->\n<title>Snehov\u00fd odh\u0155\u0148a\u010d 122 cm \u2013 MAMMOTH\u2122 850 Series | Ariens<\/title>\n<meta name=\"description\" content=\"Revolu\u010dne zefekt\u00edvnite odh\u0155\u0148anie snehu s na\u0161\u00edm 122 cm (48&quot;) celokovov\u00fdm, vysokov\u00fdkonn\u00fdm snehov\u00fdm odh\u0155\u0148a\u010dom pre samostatn\u00fa jednotku Ariens MAMMOTH\u2122\u00a0850.\" \/>\n<meta name=\"robots\" content=\"noindex, follow, max-snippet:-1, max-image-preview:large, max-video-preview:-1\" \/>\n<meta property=\"og:locale\" content=\"sk_SK\" \/>\n<meta property=\"og:type\" content=\"article\" \/>\n<meta property=\"og:title\" content=\"Snehov\u00fd odh\u0155\u0148a\u010d 122 cm \u2013 MAMMOTH\u2122 850 Series | Ariens\" \/>\n<meta property=\"og:description\" content=\"Revolu\u010dne zefekt\u00edvnite odh\u0155\u0148anie snehu s na\u0161\u00edm 122 cm (48&quot;) celokovov\u00fdm, vysokov\u00fdkonn\u00fdm snehov\u00fdm odh\u0155\u0148a\u010dom pre samostatn\u00fa jednotku Ariens MAMMOTH\u2122\u00a0850.\" \/>\n<meta property=\"og:url\" content=\"https:\/\/www.ariens.eu\/sk\/product\/snezne-frezy\/nadstavby\/snehovy-odhrnac-48-122-cm\/\" \/>\n<meta property=\"og:site_name\" content=\"Ariens |\u00a0EMEAA\" \/>\n<meta property=\"article:modified_time\" content=\"2026-01-07T10:40:29+00:00\" \/>\n<meta property=\"og:image\" content=\"https:\/\/www.ariens.eu\/sk\/wp-content\/uploads\/sites\/18\/2024\/05\/851301-Ariens-Mammoth-48-Snow-Blower_Front_3-4.png\" \/>\n\t<meta property=\"og:image:width\" content=\"2560\" \/>\n\t<meta property=\"og:image:height\" content=\"1920\" \/>\n\t<meta property=\"og:image:type\" content=\"image\/png\" \/>\n<meta name=\"twitter:card\" content=\"summary_large_image\" \/>\n<meta name=\"twitter:label1\" content=\"Predpokladan\u00fd \u010das \u010d\u00edtania\" \/>\n\t<meta name=\"twitter:data1\" content=\"1 min\u00fata\" \/>\n<script type=\"application\/ld+json\" class=\"yoast-schema-graph\">{\"@context\":\"https:\\\/\\\/schema.org\",\"@graph\":[{\"@type\":\"WebPage\",\"@id\":\"https:\\\/\\\/www.ariens.eu\\\/sk\\\/product\\\/snezne-frezy\\\/nadstavby\\\/snehovy-odhrnac-48-122-cm\\\/\",\"url\":\"https:\\\/\\\/www.ariens.eu\\\/sk\\\/product\\\/snezne-frezy\\\/nadstavby\\\/snehovy-odhrnac-48-122-cm\\\/\",\"name\":\"Snehov\u00fd odh\u0155\u0148a\u010d 122 cm \u2013 MAMMOTH\u2122 850 Series | Ariens\",\"isPartOf\":{\"@id\":\"https:\\\/\\\/www.ariens.eu\\\/sk\\\/#website\"},\"primaryImageOfPage\":{\"@id\":\"https:\\\/\\\/www.ariens.eu\\\/sk\\\/product\\\/snezne-frezy\\\/nadstavby\\\/snehovy-odhrnac-48-122-cm\\\/#primaryimage\"},\"image\":{\"@id\":\"https:\\\/\\\/www.ariens.eu\\\/sk\\\/product\\\/snezne-frezy\\\/nadstavby\\\/snehovy-odhrnac-48-122-cm\\\/#primaryimage\"},\"thumbnailUrl\":\"https:\\\/\\\/www.ariens.eu\\\/sk\\\/wp-content\\\/uploads\\\/sites\\\/18\\\/2024\\\/05\\\/851301-Ariens-Mammoth-48-Snow-Blower_Front_3-4.png\",\"datePublished\":\"2024-05-10T10:04:36+00:00\",\"dateModified\":\"2026-01-07T10:40:29+00:00\",\"description\":\"Revolu\u010dne zefekt\u00edvnite odh\u0155\u0148anie snehu s na\u0161\u00edm 122 cm (48\\\") celokovov\u00fdm, vysokov\u00fdkonn\u00fdm snehov\u00fdm odh\u0155\u0148a\u010dom pre samostatn\u00fa jednotku Ariens MAMMOTH\u2122\u00a0850.\",\"breadcrumb\":{\"@id\":\"https:\\\/\\\/www.ariens.eu\\\/sk\\\/product\\\/snezne-frezy\\\/nadstavby\\\/snehovy-odhrnac-48-122-cm\\\/#breadcrumb\"},\"inLanguage\":\"sk-SK\",\"potentialAction\":[{\"@type\":\"ReadAction\",\"target\":[\"https:\\\/\\\/www.ariens.eu\\\/sk\\\/product\\\/snezne-frezy\\\/nadstavby\\\/snehovy-odhrnac-48-122-cm\\\/\"]}]},{\"@type\":\"ImageObject\",\"inLanguage\":\"sk-SK\",\"@id\":\"https:\\\/\\\/www.ariens.eu\\\/sk\\\/product\\\/snezne-frezy\\\/nadstavby\\\/snehovy-odhrnac-48-122-cm\\\/#primaryimage\",\"url\":\"https:\\\/\\\/www.ariens.eu\\\/sk\\\/wp-content\\\/uploads\\\/sites\\\/18\\\/2024\\\/05\\\/851301-Ariens-Mammoth-48-Snow-Blower_Front_3-4.png\",\"contentUrl\":\"https:\\\/\\\/www.ariens.eu\\\/sk\\\/wp-content\\\/uploads\\\/sites\\\/18\\\/2024\\\/05\\\/851301-Ariens-Mammoth-48-Snow-Blower_Front_3-4.png\",\"width\":2560,\"height\":1920},{\"@type\":\"BreadcrumbList\",\"@id\":\"https:\\\/\\\/www.ariens.eu\\\/sk\\\/product\\\/snezne-frezy\\\/nadstavby\\\/snehovy-odhrnac-48-122-cm\\\/#breadcrumb\",\"itemListElement\":[{\"@type\":\"ListItem\",\"position\":1,\"name\":\"Home\",\"item\":\"https:\\\/\\\/www.ariens.eu\\\/sk\\\/\"},{\"@type\":\"ListItem\",\"position\":2,\"name\":\"Obchod\",\"item\":\"https:\\\/\\\/www.ariens.eu\\\/sk\\\/obchod\\\/\"},{\"@type\":\"ListItem\",\"position\":3,\"name\":\"Snehov\u00fd odh\u0155\u0148a\u010d 48&#8243; (122 cm)\"}]},{\"@type\":\"WebSite\",\"@id\":\"https:\\\/\\\/www.ariens.eu\\\/sk\\\/#website\",\"url\":\"https:\\\/\\\/www.ariens.eu\\\/sk\\\/\",\"name\":\"Ariens | EMEAA\",\"description\":\"Powerful and reliable zero-turn mowers &amp; snow blowers for professional users and demanding private customers\",\"publisher\":{\"@id\":\"https:\\\/\\\/www.ariens.eu\\\/sk\\\/#organization\"},\"potentialAction\":[{\"@type\":\"SearchAction\",\"target\":{\"@type\":\"EntryPoint\",\"urlTemplate\":\"https:\\\/\\\/www.ariens.eu\\\/sk\\\/?s={search_term_string}\"},\"query-input\":{\"@type\":\"PropertyValueSpecification\",\"valueRequired\":true,\"valueName\":\"search_term_string\"}}],\"inLanguage\":\"sk-SK\"},{\"@type\":\"Organization\",\"@id\":\"https:\\\/\\\/www.ariens.eu\\\/sk\\\/#organization\",\"name\":\"AriensCo GmbH\",\"url\":\"https:\\\/\\\/www.ariens.eu\\\/sk\\\/\",\"logo\":{\"@type\":\"ImageObject\",\"inLanguage\":\"sk-SK\",\"@id\":\"https:\\\/\\\/www.ariens.eu\\\/sk\\\/#\\\/schema\\\/logo\\\/image\\\/\",\"url\":\"https:\\\/\\\/www.ariens.eu\\\/wp-content\\\/uploads\\\/2024\\\/11\\\/ariens-co-logo.jpg\",\"contentUrl\":\"https:\\\/\\\/www.ariens.eu\\\/wp-content\\\/uploads\\\/2024\\\/11\\\/ariens-co-logo.jpg\",\"width\":1000,\"height\":1000,\"caption\":\"AriensCo GmbH\"},\"image\":{\"@id\":\"https:\\\/\\\/www.ariens.eu\\\/sk\\\/#\\\/schema\\\/logo\\\/image\\\/\"}}]}<\/script>\n<!-- \/ Yoast SEO plugin. -->","yoast_head_json":{"title":"Snehov\u00fd odh\u0155\u0148a\u010d 122 cm \u2013 MAMMOTH\u2122 850 Series | Ariens","description":"Revolu\u010dne zefekt\u00edvnite odh\u0155\u0148anie snehu s na\u0161\u00edm 122 cm (48\") celokovov\u00fdm, vysokov\u00fdkonn\u00fdm snehov\u00fdm odh\u0155\u0148a\u010dom pre samostatn\u00fa jednotku Ariens MAMMOTH\u2122\u00a0850.","robots":{"index":"noindex","follow":"follow","max-snippet":"max-snippet:-1","max-image-preview":"max-image-preview:large","max-video-preview":"max-video-preview:-1"},"og_locale":"sk_SK","og_type":"article","og_title":"Snehov\u00fd odh\u0155\u0148a\u010d 122 cm \u2013 MAMMOTH\u2122 850 Series | Ariens","og_description":"Revolu\u010dne zefekt\u00edvnite odh\u0155\u0148anie snehu s na\u0161\u00edm 122 cm (48\") celokovov\u00fdm, vysokov\u00fdkonn\u00fdm snehov\u00fdm odh\u0155\u0148a\u010dom pre samostatn\u00fa jednotku Ariens MAMMOTH\u2122\u00a0850.","og_url":"https:\/\/www.ariens.eu\/sk\/product\/snezne-frezy\/nadstavby\/snehovy-odhrnac-48-122-cm\/","og_site_name":"Ariens |\u00a0EMEAA","article_modified_time":"2026-01-07T10:40:29+00:00","og_image":[{"width":2560,"height":1920,"url":"https:\/\/www.ariens.eu\/sk\/wp-content\/uploads\/sites\/18\/2024\/05\/851301-Ariens-Mammoth-48-Snow-Blower_Front_3-4.png","type":"image\/png"}],"twitter_card":"summary_large_image","twitter_misc":{"Predpokladan\u00fd \u010das \u010d\u00edtania":"1 min\u00fata"},"schema":{"@context":"https:\/\/schema.org","@graph":[{"@type":"WebPage","@id":"https:\/\/www.ariens.eu\/sk\/product\/snezne-frezy\/nadstavby\/snehovy-odhrnac-48-122-cm\/","url":"https:\/\/www.ariens.eu\/sk\/product\/snezne-frezy\/nadstavby\/snehovy-odhrnac-48-122-cm\/","name":"Snehov\u00fd odh\u0155\u0148a\u010d 122 cm \u2013 MAMMOTH\u2122 850 Series | Ariens","isPartOf":{"@id":"https:\/\/www.ariens.eu\/sk\/#website"},"primaryImageOfPage":{"@id":"https:\/\/www.ariens.eu\/sk\/product\/snezne-frezy\/nadstavby\/snehovy-odhrnac-48-122-cm\/#primaryimage"},"image":{"@id":"https:\/\/www.ariens.eu\/sk\/product\/snezne-frezy\/nadstavby\/snehovy-odhrnac-48-122-cm\/#primaryimage"},"thumbnailUrl":"https:\/\/www.ariens.eu\/sk\/wp-content\/uploads\/sites\/18\/2024\/05\/851301-Ariens-Mammoth-48-Snow-Blower_Front_3-4.png","datePublished":"2024-05-10T10:04:36+00:00","dateModified":"2026-01-07T10:40:29+00:00","description":"Revolu\u010dne zefekt\u00edvnite odh\u0155\u0148anie snehu s na\u0161\u00edm 122 cm (48\") celokovov\u00fdm, vysokov\u00fdkonn\u00fdm snehov\u00fdm odh\u0155\u0148a\u010dom pre samostatn\u00fa jednotku Ariens MAMMOTH\u2122\u00a0850.","breadcrumb":{"@id":"https:\/\/www.ariens.eu\/sk\/product\/snezne-frezy\/nadstavby\/snehovy-odhrnac-48-122-cm\/#breadcrumb"},"inLanguage":"sk-SK","potentialAction":[{"@type":"ReadAction","target":["https:\/\/www.ariens.eu\/sk\/product\/snezne-frezy\/nadstavby\/snehovy-odhrnac-48-122-cm\/"]}]},{"@type":"ImageObject","inLanguage":"sk-SK","@id":"https:\/\/www.ariens.eu\/sk\/product\/snezne-frezy\/nadstavby\/snehovy-odhrnac-48-122-cm\/#primaryimage","url":"https:\/\/www.ariens.eu\/sk\/wp-content\/uploads\/sites\/18\/2024\/05\/851301-Ariens-Mammoth-48-Snow-Blower_Front_3-4.png","contentUrl":"https:\/\/www.ariens.eu\/sk\/wp-content\/uploads\/sites\/18\/2024\/05\/851301-Ariens-Mammoth-48-Snow-Blower_Front_3-4.png","width":2560,"height":1920},{"@type":"BreadcrumbList","@id":"https:\/\/www.ariens.eu\/sk\/product\/snezne-frezy\/nadstavby\/snehovy-odhrnac-48-122-cm\/#breadcrumb","itemListElement":[{"@type":"ListItem","position":1,"name":"Home","item":"https:\/\/www.ariens.eu\/sk\/"},{"@type":"ListItem","position":2,"name":"Obchod","item":"https:\/\/www.ariens.eu\/sk\/obchod\/"},{"@type":"ListItem","position":3,"name":"Snehov\u00fd odh\u0155\u0148a\u010d 48&#8243; (122 cm)"}]},{"@type":"WebSite","@id":"https:\/\/www.ariens.eu\/sk\/#website","url":"https:\/\/www.ariens.eu\/sk\/","name":"Ariens | EMEAA","description":"Powerful and reliable zero-turn mowers &amp; snow blowers for professional users and demanding private customers","publisher":{"@id":"https:\/\/www.ariens.eu\/sk\/#organization"},"potentialAction":[{"@type":"SearchAction","target":{"@type":"EntryPoint","urlTemplate":"https:\/\/www.ariens.eu\/sk\/?s={search_term_string}"},"query-input":{"@type":"PropertyValueSpecification","valueRequired":true,"valueName":"search_term_string"}}],"inLanguage":"sk-SK"},{"@type":"Organization","@id":"https:\/\/www.ariens.eu\/sk\/#organization","name":"AriensCo GmbH","url":"https:\/\/www.ariens.eu\/sk\/","logo":{"@type":"ImageObject","inLanguage":"sk-SK","@id":"https:\/\/www.ariens.eu\/sk\/#\/schema\/logo\/image\/","url":"https:\/\/www.ariens.eu\/wp-content\/uploads\/2024\/11\/ariens-co-logo.jpg","contentUrl":"https:\/\/www.ariens.eu\/wp-content\/uploads\/2024\/11\/ariens-co-logo.jpg","width":1000,"height":1000,"caption":"AriensCo GmbH"},"image":{"@id":"https:\/\/www.ariens.eu\/sk\/#\/schema\/logo\/image\/"}}]}},"_links":{"self":[{"href":"https:\/\/www.ariens.eu\/sk\/wp-json\/wp\/v2\/product\/2320","targetHints":{"allow":["GET"]}}],"collection":[{"href":"https:\/\/www.ariens.eu\/sk\/wp-json\/wp\/v2\/product"}],"about":[{"href":"https:\/\/www.ariens.eu\/sk\/wp-json\/wp\/v2\/types\/product"}],"replies":[{"embeddable":true,"href":"https:\/\/www.ariens.eu\/sk\/wp-json\/wp\/v2\/comments?post=2320"}],"wp:featuredmedia":[{"embeddable":true,"href":"https:\/\/www.ariens.eu\/sk\/wp-json\/wp\/v2\/media\/3029"}],"wp:attachment":[{"href":"https:\/\/www.ariens.eu\/sk\/wp-json\/wp\/v2\/media?parent=2320"}],"wp:term":[{"taxonomy":"product_brand","embeddable":true,"href":"https:\/\/www.ariens.eu\/sk\/wp-json\/wp\/v2\/product_brand?post=2320"},{"taxonomy":"product_cat","embeddable":true,"href":"https:\/\/www.ariens.eu\/sk\/wp-json\/wp\/v2\/product_cat?post=2320"},{"taxonomy":"product_tag","embeddable":true,"href":"https:\/\/www.ariens.eu\/sk\/wp-json\/wp\/v2\/product_tag?post=2320"}],"curies":[{"name":"wp","href":"https:\/\/api.w.org\/{rel}","templated":true}]}}