{"id":2321,"date":"2024-05-10T11:04:36","date_gmt":"2024-05-10T10:04:36","guid":{"rendered":"https:\/\/www.ariens.eu\/product\/salt-spreader-113-cm\/"},"modified":"2026-01-07T10:36:29","modified_gmt":"2026-01-07T10:36:29","slug":"rozsievac-soli","status":"publish","type":"product","link":"https:\/\/www.ariens.eu\/sk\/product\/snezne-frezy\/nadstavby\/rozsievac-soli","title":{"rendered":"Rozsieva\u010d soli 113 cm"},"content":{"rendered":"<div class=\"acfd-block acfd-block__twocolumns mb-asm-1 container-fluid px-0 bg-default\">\n<div class=\"acfd-twocolumns\">\n<div class=\"row\">\n<div class='col-lg-9 mb-4 '>\n<div class=\"acfd-block acfd-block__headline mb-asm-1 container-fluid px-0 bg-default\">\n<div class=\"acfd-headline\">\n<h2 class='h2 text-left li_black'>Maxim\u00e1lna bezpe\u010dnos\u0165 na cest\u00e1ch v\u010faka rozpty\u013eovaniu soli<\/h2>\n<\/p><\/div>\n<\/div>\n<div class=\"acfd-block acfd-block__text container-fluid px-0 bg-default\">\n<div class=\"acfd-text li_black\">\n<p>Efekt\u00edvna zimn\u00e1 \u00fadr\u017eba s rozsieva\u010dom soli, \u0161pi\u010dkov\u00fdm zadn\u00fdm rozsieva\u010dom so sypan\u00edm. Navrhnut\u00fd pre posyp so\u013eou aj pieskom, tento rozsieva\u010d disponuje ved\u00facou kapacitou v kateg\u00f3rii \u2013 2,0 kubick\u00fdch st\u00f4p (cca 56,6 l), \u010do umo\u017e\u0148uje pokry\u0165 v\u00e4\u010d\u0161ie plochy s men\u0161\u00edm dop\u013a\u0148an\u00edm.<\/p>\n<p>Pohodln\u00fd ovl\u00e1dac\u00ed panel na palubnej doske umiest\u0148uje v\u0161etky potrebn\u00e9 ovl\u00e1dacie prvky priamo na dosah obsluhy, \u010d\u00edm maximalizuje efektivitu a jednoduchos\u0165 pou\u017e\u00edvania. Rozsieva\u010d m\u00e1 rozmery 162,4 \u00d7 113,7 \u00d7 76,7 cm (d\u013a\u017eka \u00d7 \u0161\u00edrka \u00d7 v\u00fd\u0161ka) a je ide\u00e1lne ve\u013ek\u00fd pre \u0161irok\u00e9 spektrum aplik\u00e1ci\u00ed. Jeho hmotnos\u0165 po zmontovan\u00ed je 86,8 kg a zvl\u00e1dne maxim\u00e1lne za\u0165a\u017eenie a\u017e 158,8 kg. S nastavite\u013enou \u0161\u00edrkou posypu od 76 cm do 91 cm poskytuje flexibiln\u00e9 mo\u017enosti pou\u017eitia pod\u013ea potreby. Vhodn\u00fd pre komer\u010dn\u00e9 aj s\u00fakromn\u00e9 vyu\u017eitie, Rozsieva\u010d soli je spo\u013eahliv\u00fdm partnerom pre efekt\u00edvnu zimn\u00fa \u00fadr\u017ebu ciest a chodn\u00edkov.<\/p>\n<\/div>\n<\/div><\/div>\n<div class='col-lg'>                    <\/div>\n<\/p><\/div>\n<\/div>\n<\/div>\n","protected":false},"excerpt":{"rendered":"<p>Maxim\u00e1lna bezpe\u010dnos\u0165 na cest\u00e1ch v\u010faka rozpty\u013eovaniu soli Efekt\u00edvna zimn\u00e1 \u00fadr\u017eba s rozsieva\u010dom soli, \u0161pi\u010dkov\u00fdm zadn\u00fdm rozsieva\u010dom so sypan\u00edm. Navrhnut\u00fd pre posyp so\u013eou aj pieskom, tento rozsieva\u010d disponuje ved\u00facou kapacitou v kateg\u00f3rii \u2013 2,0 kubick\u00fdch st\u00f4p (cca 56,6 l), \u010do umo\u017e\u0148uje pokry\u0165 v\u00e4\u010d\u0161ie plochy s men\u0161\u00edm dop\u013a\u0148an\u00edm. Pohodln\u00fd ovl\u00e1dac\u00ed panel na palubnej doske umiest\u0148uje v\u0161etky potrebn\u00e9 [&hellip;]<\/p>\n","protected":false},"featured_media":3028,"comment_status":"open","ping_status":"closed","template":"","meta":{"_acf_changed":false,"_relevanssi_hide_post":"","_relevanssi_hide_content":"","_relevanssi_pin_for_all":"","_relevanssi_pin_keywords":"","_relevanssi_unpin_keywords":"","_relevanssi_related_keywords":"","_relevanssi_related_include_ids":"","_relevanssi_related_exclude_ids":"","_relevanssi_related_no_append":"","_relevanssi_related_not_related":"","_relevanssi_related_posts":"","_relevanssi_noindex_reason":""},"product_brand":[],"product_cat":[15],"product_tag":[],"class_list":{"0":"post-2321","1":"product","2":"type-product","3":"status-publish","4":"has-post-thumbnail","6":"product_variant-nadstavby","7":"product_usage_areas-zimna-udrzba","9":"first","10":"instock","11":"shipping-taxable","12":"product-type-simple"},"acf":[],"yoast_head":"<!-- This site is optimized with the Yoast SEO plugin v27.3 - https:\/\/yoast.com\/product\/yoast-seo-wordpress\/ -->\n<title>Rozsieva\u010d soli \u2013 MAMMOTH\u2122 850 Series | Ariens<\/title>\n<meta name=\"description\" content=\"Predstavujeme rozsieva\u010d soli \u2013 v\u00e1\u0161ho nevyhnutn\u00e9ho pomocn\u00edka pre efekt\u00edvnu zimn\u00fa \u00fadr\u017ebu ciest. Ide\u00e1lny na posyp so\u013eou aj pieskom.\" \/>\n<meta name=\"robots\" content=\"noindex, follow, max-snippet:-1, max-image-preview:large, max-video-preview:-1\" \/>\n<meta property=\"og:locale\" content=\"sk_SK\" \/>\n<meta property=\"og:type\" content=\"article\" \/>\n<meta property=\"og:title\" content=\"Rozsieva\u010d soli \u2013 MAMMOTH\u2122 850 Series | Ariens\" \/>\n<meta property=\"og:description\" content=\"Predstavujeme rozsieva\u010d soli \u2013 v\u00e1\u0161ho nevyhnutn\u00e9ho pomocn\u00edka pre efekt\u00edvnu zimn\u00fa \u00fadr\u017ebu ciest. Ide\u00e1lny na posyp so\u013eou aj pieskom.\" \/>\n<meta property=\"og:url\" content=\"https:\/\/www.ariens.eu\/sk\/product\/snezne-frezy\/nadstavby\/rozsievac-soli\/\" \/>\n<meta property=\"og:site_name\" content=\"Ariens |\u00a0EMEAA\" \/>\n<meta property=\"article:modified_time\" content=\"2026-01-07T10:36:29+00:00\" \/>\n<meta property=\"og:image\" content=\"https:\/\/www.ariens.eu\/sk\/wp-content\/uploads\/sites\/18\/2024\/05\/951001-Mammoth-Salt_Spreader_BL34-4-2.webp\" \/>\n\t<meta property=\"og:image:width\" content=\"1900\" \/>\n\t<meta property=\"og:image:height\" content=\"1560\" \/>\n\t<meta property=\"og:image:type\" content=\"image\/webp\" \/>\n<meta name=\"twitter:card\" content=\"summary_large_image\" \/>\n<meta name=\"twitter:label1\" content=\"Predpokladan\u00fd \u010das \u010d\u00edtania\" \/>\n\t<meta name=\"twitter:data1\" content=\"1 min\u00fata\" \/>\n<script type=\"application\/ld+json\" class=\"yoast-schema-graph\">{\"@context\":\"https:\\\/\\\/schema.org\",\"@graph\":[{\"@type\":\"WebPage\",\"@id\":\"https:\\\/\\\/www.ariens.eu\\\/sk\\\/product\\\/snezne-frezy\\\/nadstavby\\\/rozsievac-soli\\\/\",\"url\":\"https:\\\/\\\/www.ariens.eu\\\/sk\\\/product\\\/snezne-frezy\\\/nadstavby\\\/rozsievac-soli\\\/\",\"name\":\"Rozsieva\u010d soli \u2013 MAMMOTH\u2122 850 Series | Ariens\",\"isPartOf\":{\"@id\":\"https:\\\/\\\/www.ariens.eu\\\/sk\\\/#website\"},\"primaryImageOfPage\":{\"@id\":\"https:\\\/\\\/www.ariens.eu\\\/sk\\\/product\\\/snezne-frezy\\\/nadstavby\\\/rozsievac-soli\\\/#primaryimage\"},\"image\":{\"@id\":\"https:\\\/\\\/www.ariens.eu\\\/sk\\\/product\\\/snezne-frezy\\\/nadstavby\\\/rozsievac-soli\\\/#primaryimage\"},\"thumbnailUrl\":\"https:\\\/\\\/www.ariens.eu\\\/sk\\\/wp-content\\\/uploads\\\/sites\\\/18\\\/2024\\\/05\\\/951001-Mammoth-Salt_Spreader_BL34-4-2.webp\",\"datePublished\":\"2024-05-10T10:04:36+00:00\",\"dateModified\":\"2026-01-07T10:36:29+00:00\",\"description\":\"Predstavujeme rozsieva\u010d soli \u2013 v\u00e1\u0161ho nevyhnutn\u00e9ho pomocn\u00edka pre efekt\u00edvnu zimn\u00fa \u00fadr\u017ebu ciest. Ide\u00e1lny na posyp so\u013eou aj pieskom.\",\"breadcrumb\":{\"@id\":\"https:\\\/\\\/www.ariens.eu\\\/sk\\\/product\\\/snezne-frezy\\\/nadstavby\\\/rozsievac-soli\\\/#breadcrumb\"},\"inLanguage\":\"sk-SK\",\"potentialAction\":[{\"@type\":\"ReadAction\",\"target\":[\"https:\\\/\\\/www.ariens.eu\\\/sk\\\/product\\\/snezne-frezy\\\/nadstavby\\\/rozsievac-soli\\\/\"]}]},{\"@type\":\"ImageObject\",\"inLanguage\":\"sk-SK\",\"@id\":\"https:\\\/\\\/www.ariens.eu\\\/sk\\\/product\\\/snezne-frezy\\\/nadstavby\\\/rozsievac-soli\\\/#primaryimage\",\"url\":\"https:\\\/\\\/www.ariens.eu\\\/sk\\\/wp-content\\\/uploads\\\/sites\\\/18\\\/2024\\\/05\\\/951001-Mammoth-Salt_Spreader_BL34-4-2.webp\",\"contentUrl\":\"https:\\\/\\\/www.ariens.eu\\\/sk\\\/wp-content\\\/uploads\\\/sites\\\/18\\\/2024\\\/05\\\/951001-Mammoth-Salt_Spreader_BL34-4-2.webp\",\"width\":1900,\"height\":1560},{\"@type\":\"BreadcrumbList\",\"@id\":\"https:\\\/\\\/www.ariens.eu\\\/sk\\\/product\\\/snezne-frezy\\\/nadstavby\\\/rozsievac-soli\\\/#breadcrumb\",\"itemListElement\":[{\"@type\":\"ListItem\",\"position\":1,\"name\":\"Home\",\"item\":\"https:\\\/\\\/www.ariens.eu\\\/sk\\\/\"},{\"@type\":\"ListItem\",\"position\":2,\"name\":\"Obchod\",\"item\":\"https:\\\/\\\/www.ariens.eu\\\/sk\\\/obchod\\\/\"},{\"@type\":\"ListItem\",\"position\":3,\"name\":\"Rozsieva\u010d soli 113 cm\"}]},{\"@type\":\"WebSite\",\"@id\":\"https:\\\/\\\/www.ariens.eu\\\/sk\\\/#website\",\"url\":\"https:\\\/\\\/www.ariens.eu\\\/sk\\\/\",\"name\":\"Ariens | EMEAA\",\"description\":\"Powerful and reliable zero-turn mowers &amp; snow blowers for professional users and demanding private customers\",\"publisher\":{\"@id\":\"https:\\\/\\\/www.ariens.eu\\\/sk\\\/#organization\"},\"potentialAction\":[{\"@type\":\"SearchAction\",\"target\":{\"@type\":\"EntryPoint\",\"urlTemplate\":\"https:\\\/\\\/www.ariens.eu\\\/sk\\\/?s={search_term_string}\"},\"query-input\":{\"@type\":\"PropertyValueSpecification\",\"valueRequired\":true,\"valueName\":\"search_term_string\"}}],\"inLanguage\":\"sk-SK\"},{\"@type\":\"Organization\",\"@id\":\"https:\\\/\\\/www.ariens.eu\\\/sk\\\/#organization\",\"name\":\"AriensCo GmbH\",\"url\":\"https:\\\/\\\/www.ariens.eu\\\/sk\\\/\",\"logo\":{\"@type\":\"ImageObject\",\"inLanguage\":\"sk-SK\",\"@id\":\"https:\\\/\\\/www.ariens.eu\\\/sk\\\/#\\\/schema\\\/logo\\\/image\\\/\",\"url\":\"https:\\\/\\\/www.ariens.eu\\\/wp-content\\\/uploads\\\/2024\\\/11\\\/ariens-co-logo.jpg\",\"contentUrl\":\"https:\\\/\\\/www.ariens.eu\\\/wp-content\\\/uploads\\\/2024\\\/11\\\/ariens-co-logo.jpg\",\"width\":1000,\"height\":1000,\"caption\":\"AriensCo GmbH\"},\"image\":{\"@id\":\"https:\\\/\\\/www.ariens.eu\\\/sk\\\/#\\\/schema\\\/logo\\\/image\\\/\"}}]}<\/script>\n<!-- \/ Yoast SEO plugin. -->","yoast_head_json":{"title":"Rozsieva\u010d soli \u2013 MAMMOTH\u2122 850 Series | Ariens","description":"Predstavujeme rozsieva\u010d soli \u2013 v\u00e1\u0161ho nevyhnutn\u00e9ho pomocn\u00edka pre efekt\u00edvnu zimn\u00fa \u00fadr\u017ebu ciest. Ide\u00e1lny na posyp so\u013eou aj pieskom.","robots":{"index":"noindex","follow":"follow","max-snippet":"max-snippet:-1","max-image-preview":"max-image-preview:large","max-video-preview":"max-video-preview:-1"},"og_locale":"sk_SK","og_type":"article","og_title":"Rozsieva\u010d soli \u2013 MAMMOTH\u2122 850 Series | Ariens","og_description":"Predstavujeme rozsieva\u010d soli \u2013 v\u00e1\u0161ho nevyhnutn\u00e9ho pomocn\u00edka pre efekt\u00edvnu zimn\u00fa \u00fadr\u017ebu ciest. Ide\u00e1lny na posyp so\u013eou aj pieskom.","og_url":"https:\/\/www.ariens.eu\/sk\/product\/snezne-frezy\/nadstavby\/rozsievac-soli\/","og_site_name":"Ariens |\u00a0EMEAA","article_modified_time":"2026-01-07T10:36:29+00:00","og_image":[{"width":1900,"height":1560,"url":"https:\/\/www.ariens.eu\/sk\/wp-content\/uploads\/sites\/18\/2024\/05\/951001-Mammoth-Salt_Spreader_BL34-4-2.webp","type":"image\/webp"}],"twitter_card":"summary_large_image","twitter_misc":{"Predpokladan\u00fd \u010das \u010d\u00edtania":"1 min\u00fata"},"schema":{"@context":"https:\/\/schema.org","@graph":[{"@type":"WebPage","@id":"https:\/\/www.ariens.eu\/sk\/product\/snezne-frezy\/nadstavby\/rozsievac-soli\/","url":"https:\/\/www.ariens.eu\/sk\/product\/snezne-frezy\/nadstavby\/rozsievac-soli\/","name":"Rozsieva\u010d soli \u2013 MAMMOTH\u2122 850 Series | Ariens","isPartOf":{"@id":"https:\/\/www.ariens.eu\/sk\/#website"},"primaryImageOfPage":{"@id":"https:\/\/www.ariens.eu\/sk\/product\/snezne-frezy\/nadstavby\/rozsievac-soli\/#primaryimage"},"image":{"@id":"https:\/\/www.ariens.eu\/sk\/product\/snezne-frezy\/nadstavby\/rozsievac-soli\/#primaryimage"},"thumbnailUrl":"https:\/\/www.ariens.eu\/sk\/wp-content\/uploads\/sites\/18\/2024\/05\/951001-Mammoth-Salt_Spreader_BL34-4-2.webp","datePublished":"2024-05-10T10:04:36+00:00","dateModified":"2026-01-07T10:36:29+00:00","description":"Predstavujeme rozsieva\u010d soli \u2013 v\u00e1\u0161ho nevyhnutn\u00e9ho pomocn\u00edka pre efekt\u00edvnu zimn\u00fa \u00fadr\u017ebu ciest. Ide\u00e1lny na posyp so\u013eou aj pieskom.","breadcrumb":{"@id":"https:\/\/www.ariens.eu\/sk\/product\/snezne-frezy\/nadstavby\/rozsievac-soli\/#breadcrumb"},"inLanguage":"sk-SK","potentialAction":[{"@type":"ReadAction","target":["https:\/\/www.ariens.eu\/sk\/product\/snezne-frezy\/nadstavby\/rozsievac-soli\/"]}]},{"@type":"ImageObject","inLanguage":"sk-SK","@id":"https:\/\/www.ariens.eu\/sk\/product\/snezne-frezy\/nadstavby\/rozsievac-soli\/#primaryimage","url":"https:\/\/www.ariens.eu\/sk\/wp-content\/uploads\/sites\/18\/2024\/05\/951001-Mammoth-Salt_Spreader_BL34-4-2.webp","contentUrl":"https:\/\/www.ariens.eu\/sk\/wp-content\/uploads\/sites\/18\/2024\/05\/951001-Mammoth-Salt_Spreader_BL34-4-2.webp","width":1900,"height":1560},{"@type":"BreadcrumbList","@id":"https:\/\/www.ariens.eu\/sk\/product\/snezne-frezy\/nadstavby\/rozsievac-soli\/#breadcrumb","itemListElement":[{"@type":"ListItem","position":1,"name":"Home","item":"https:\/\/www.ariens.eu\/sk\/"},{"@type":"ListItem","position":2,"name":"Obchod","item":"https:\/\/www.ariens.eu\/sk\/obchod\/"},{"@type":"ListItem","position":3,"name":"Rozsieva\u010d soli 113 cm"}]},{"@type":"WebSite","@id":"https:\/\/www.ariens.eu\/sk\/#website","url":"https:\/\/www.ariens.eu\/sk\/","name":"Ariens | EMEAA","description":"Powerful and reliable zero-turn mowers &amp; snow blowers for professional users and demanding private customers","publisher":{"@id":"https:\/\/www.ariens.eu\/sk\/#organization"},"potentialAction":[{"@type":"SearchAction","target":{"@type":"EntryPoint","urlTemplate":"https:\/\/www.ariens.eu\/sk\/?s={search_term_string}"},"query-input":{"@type":"PropertyValueSpecification","valueRequired":true,"valueName":"search_term_string"}}],"inLanguage":"sk-SK"},{"@type":"Organization","@id":"https:\/\/www.ariens.eu\/sk\/#organization","name":"AriensCo GmbH","url":"https:\/\/www.ariens.eu\/sk\/","logo":{"@type":"ImageObject","inLanguage":"sk-SK","@id":"https:\/\/www.ariens.eu\/sk\/#\/schema\/logo\/image\/","url":"https:\/\/www.ariens.eu\/wp-content\/uploads\/2024\/11\/ariens-co-logo.jpg","contentUrl":"https:\/\/www.ariens.eu\/wp-content\/uploads\/2024\/11\/ariens-co-logo.jpg","width":1000,"height":1000,"caption":"AriensCo GmbH"},"image":{"@id":"https:\/\/www.ariens.eu\/sk\/#\/schema\/logo\/image\/"}}]}},"_links":{"self":[{"href":"https:\/\/www.ariens.eu\/sk\/wp-json\/wp\/v2\/product\/2321","targetHints":{"allow":["GET"]}}],"collection":[{"href":"https:\/\/www.ariens.eu\/sk\/wp-json\/wp\/v2\/product"}],"about":[{"href":"https:\/\/www.ariens.eu\/sk\/wp-json\/wp\/v2\/types\/product"}],"replies":[{"embeddable":true,"href":"https:\/\/www.ariens.eu\/sk\/wp-json\/wp\/v2\/comments?post=2321"}],"wp:featuredmedia":[{"embeddable":true,"href":"https:\/\/www.ariens.eu\/sk\/wp-json\/wp\/v2\/media\/3028"}],"wp:attachment":[{"href":"https:\/\/www.ariens.eu\/sk\/wp-json\/wp\/v2\/media?parent=2321"}],"wp:term":[{"taxonomy":"product_brand","embeddable":true,"href":"https:\/\/www.ariens.eu\/sk\/wp-json\/wp\/v2\/product_brand?post=2321"},{"taxonomy":"product_cat","embeddable":true,"href":"https:\/\/www.ariens.eu\/sk\/wp-json\/wp\/v2\/product_cat?post=2321"},{"taxonomy":"product_tag","embeddable":true,"href":"https:\/\/www.ariens.eu\/sk\/wp-json\/wp\/v2\/product_tag?post=2321"}],"curies":[{"name":"wp","href":"https:\/\/api.w.org\/{rel}","templated":true}]}}