{"id":2323,"date":"2024-05-10T11:04:36","date_gmt":"2024-05-10T10:04:36","guid":{"rendered":"https:\/\/www.ariens.eu\/product\/edge-34\/"},"modified":"2026-02-25T10:37:24","modified_gmt":"2026-02-25T10:37:24","slug":"edge-34","status":"publish","type":"product","link":"https:\/\/www.ariens.eu\/sk\/product\/zero-turn-kosacky\/seria-edge\/edge-34","title":{"rendered":"EDGE 34"},"content":{"rendered":"<div class=\"acfd-block acfd-block__headline mb-asm-1 container-fluid px-0 bg-default\">\n<div class=\"acfd-headline\">\n<h2 class='h2 text-left'>Prin\u00e1\u0161a r\u00fdchlos\u0165 a z\u00e1bavu z kosenia do va\u0161ej z\u00e1hrady<\/h2>\n<\/p><\/div>\n<\/div>\n<div class=\"acfd-block acfd-block__twocolumns mb-asm-2 container-fluid px-0 bg-default\">\n<div class=\"acfd-twocolumns\">\n<div class=\"row\">\n<div class='col-lg-9 mb-4'>\n<div class=\"acfd-block acfd-block__text container-fluid px-0 bg-default\">\n<div class=\"acfd-text\">\n<p>Vychutnajte si v\u00fdhody zero-turn kosa\u010dky vo va\u0161ej z\u00e1hrade. Kos\u00edte s lep\u0161ou man\u00e9vrovate\u013enos\u0165ou a pohodl\u00edm v porovnan\u00ed s be\u017en\u00fdm traktorom a pritom sa zabav\u00edte. Navrhnut\u00e1 pre mal\u00e9 a\u017e stredn\u00e9 z\u00e1hrady s \u00fazkymi priechodmi.<\/p>\n<ul>\n<li>Model EDGE 34 je vybaven\u00fd 86 cm (34&#8243;) lisovan\u00fdm \u017eac\u00edm \u00fastrojenstvom z ocele hr\u00fabky 12-gauge.<\/li>\n<li>Poh\u00e1\u0148a ho dvojvalcov\u00fd motor Ariens s objemom 635 cm\u00b3.<\/li>\n<li>No\u017en\u00e9 ovl\u00e1danie zdvihu \u017eacieho \u00fastrojenstva umo\u017e\u0148uje r\u00fdchle a jednoduch\u00e9 nastavenie v\u00fd\u0161ky kosenia.<\/li>\n<li>\u0160tvorbodov\u00fd syst\u00e9m zdvihu \u017eacieho \u00fastrojenstva zabezpe\u010duje vynikaj\u00facu stabilitu a rovnomern\u00e9 kosenie.<\/li>\n<li>\u0160tandardne je osaden\u00e9 vysok\u00e9 operadlo s polstrovan\u00edm pre maxim\u00e1lny komfort obsluhy.<\/li>\n<li>K dispoz\u00edcii je \u0161irok\u00fd v\u00fdber volite\u013en\u00e9ho pr\u00edslu\u0161enstva.<\/li>\n<li>Z\u00e1ruka 2 roky alebo 150 prev\u00e1dzkov\u00fdch hod\u00edn.<\/li>\n<\/ul>\n<\/div>\n<\/div><\/div>\n<div class='col-lg'>                    <\/div>\n<\/p><\/div>\n<\/div>\n<\/div>\n<div class=\"acfd-block acfd-block__category mb-asm-3 container-fluid px-0 bg-default\">\n<div class=\"acfd-product-categories\">\n<h2 class=\"text-left mb-3\">\n        Eins\u00e4tze    <\/h2>\n<div class=\"product-categories_wrapper\">\n         <span data-description=\"M\u00e1te vo svojej z\u00e1hrade alebo okolo svojho pozemku kr\u00e1sny tr\u00e1vnik? Chcete ho pravidelne udr\u017eiava\u0165 od polovice marca? V z\u00e1vislosti od z\u00e1beru kosenia na\u0161e kosa\u010dky zvl\u00e1dnu v\u0161etky ve\u013ekosti z\u00e1hrad.\" class=\"product-category-single\"> S\u00fakromn\u00e9 zelen\u00e9 plochy                <sup><i class=\"fa fa-info-circle\" aria-hidden=\"true\"><\/i><\/sup>            <\/span>  <span data-description=\"Na\u0161e kosa\u010dky s\u00fa vybaven\u00e9 vysoko kvalitn\u00fdmi motormi Kawasaki<sup>&reg;<\/sup> alebo Ariens. Poskytuj\u00fa nadpriemern\u00fd v\u00fdkon a spo\u013eahlivos\u0165.\" class=\"product-category-single\"> Benz\u00edn                <sup><i class=\"fa fa-info-circle\" aria-hidden=\"true\"><\/i><\/sup>            <\/span>  <span data-description=\"Pri pou\u017eit\u00ed vhodnej sady na mul\u010dovanie vo va\u0161ej kosa\u010dke u\u017e nie je potrebn\u00fd bo\u010dn\u00fd v\u00fdhoz. Pokosen\u00e1 tr\u00e1va je jemne rozsekan\u00e1 a rovnomerne rozlo\u017een\u00e1 dozadu na tr\u00e1vnik. Aplikovan\u00e9 hnojivo zost\u00e1va na povrchu a jemn\u00e9 \u010dasti tr\u00e1vy takmer nevidite\u013ene vnikaj\u00fa do tr\u00e1vnika.\" class=\"product-category-single\"> Volite\u013en\u00e1 sada na mul\u010dovanie                <sup><i class=\"fa fa-info-circle\" aria-hidden=\"true\"><\/i><\/sup>            <\/span>  <span data-description=\"Kosa\u010dky Ariens so sedadlom pon\u00fakaj\u00fa vysok\u00fd komfort. Pou\u017e\u00edvame kvalitn\u00e9 sedadl\u00e1 u\u017e od z\u00e1kladn\u00fdch modelov. Samozrejmos\u0165ou je dostatok priestoru na nohy a ergonomick\u00e9 ovl\u00e1danie.\" class=\"product-category-single\"> Ride-On kosa\u010dky (so sedadlom)                <sup><i class=\"fa fa-info-circle\" aria-hidden=\"true\"><\/i><\/sup>            <\/span>  <span data-description=\"Pri modeloch APEX a ZENITH m\u00e1te na v\u00fdber medzi kosa\u010dkami s bo\u010dn\u00fdm a zadn\u00fdm v\u00fdhozom. Kosa\u010dka s bo\u010dn\u00fdm v\u00fdhozom vyhadzuje pokosen\u00fa tr\u00e1vu cez bo\u010dn\u00fd otvor a deflektor. Siln\u00fd pr\u00fad vzduchu ju n\u00e1sledne rozpt\u00fdli na ve\u013ek\u00fa plochu. Do kosa\u010diek s bo\u010dn\u00fdm v\u00fdhozom je mo\u017en\u00e9 namontova\u0165 volite\u013en\u00fa mul\u010dovaciu sadu. Pri pou\u017eit\u00ed mul\u010dovacej sady je tr\u00e1va jemne posekan\u00e1 a vyhadzovan\u00e1 dozadu. Bo\u010dn\u00fd v\u00fdhoz a deflektor sa potom uzavr\u00fa alebo odstr\u00e1nia.\" class=\"product-category-single\"> Bo\u010dn\u00fd v\u00fdhoz                <sup><i class=\"fa fa-info-circle\" aria-hidden=\"true\"><\/i><\/sup>            <\/span>  <span data-description=\"V\u0161etky kosa\u010dky Ariens s\u00fa vhodn\u00e9 na kosenie rovn\u00fdch tr\u00e1vnikov. Vyberte si \u0161\u00edrku z\u00e1beru pod\u013ea ve\u013ekosti plochy a pr\u00edpadn\u00fdch z\u00fa\u017een\u00fdch miest.\" class=\"product-category-single\"> Rovn\u00fd ter\u00e9n                <sup><i class=\"fa fa-info-circle\" aria-hidden=\"true\"><\/i><\/sup>            <\/span>  <span data-description=\"Kosa\u010dky Ariens si dobre poradia s vlnit\u00fdm ter\u00e9nom. Pre vlnit\u00fd ter\u00e9n vyberajte u\u017e\u0161ie z\u00e1bery kosenia pre rovnomernej\u0161\u00ed rez.\" class=\"product-category-single\"> Vlnit\u00fd ter\u00e9n                <sup><i class=\"fa fa-info-circle\" aria-hidden=\"true\"><\/i><\/sup>            <\/span>  <span data-description=\"Najlep\u0161ie je zvoli\u0165 stroj so \u0161irok\u00fdmi kolesami. Neprekra\u010dujte stanoven\u00fd bezpe\u010dnostn\u00fd limit sklonu \u2013 15\u00b0 pre pojazdn\u00e9 kosa\u010dky a 20\u00b0 pre stojace modely. Na zvlnenom ter\u00e9ne odpor\u00fa\u010dame u\u017e\u0161ie \u017eacie \u00fastrojenstvo pre rovnomernej\u0161\u00ed v\u00fdsledok kosenia. Model ZENITH m\u00e1 \u0161tandardne ochranu proti prevr\u00e1teniu. Na model APEX ju mo\u017eno dodato\u010dne namontova\u0165.\" class=\"product-category-single\"> Kopcovit\u00fd ter\u00e9n                <sup><i class=\"fa fa-info-circle\" aria-hidden=\"true\"><\/i><\/sup>            <\/span>  <span data-description=\"Zero-turn kosa\u010dky nie s\u00fa ur\u010den\u00e9 len na ve\u013ek\u00e9 plochy. Model EDGE so z\u00e1berom kosenia 86 cm je vhodn\u00fd na plochy od pribli\u017ene 800 m\u00b2 a \u00fazke priechody.\" class=\"product-category-single\"> Mal\u00e9 plochy                <sup><i class=\"fa fa-info-circle\" aria-hidden=\"true\"><\/i><\/sup>            <\/span>     <\/div>\n<\/div>\n<\/div>\n<div class=\"acfd-block acfd-block__twocolumns mb-asm-2 container-fluid container-fluid--force px-0 bg-default\">\n<div class=\"acfd-twocolumns\">\n<div class=\"row\">\n<div class='col-lg-12 mb-4'>\n<div class=\"acfd-product-advantages--wrapper\">\n<h2 class=\"h1 bigger text-color-black text-center mb-5\">\n        Merkmale &amp; Vorteile    <\/h2>\n<div class=\"acfd-product-advantages\">\n<div class=\"row\">\n<div class=\"col-md-6 mb-4 content\">\n                    <span class=\"d-block h5 text-color-brand mb-1\">Intuit\u00edvne ovl\u00e1danie<\/span><\/p>\n<p>Ovl\u00e1dajte dva nez\u00e1visl\u00e9 pohony kolies len pomocou dvoch p\u00e1k. Budete prekvapen\u00ed, ak\u00e9 presn\u00e9 a jednoduch\u00e9 je toto riadenie. Ka\u017ed\u00fd pou\u017e\u00edvate\u013e sa r\u00fdchlo stane prof\u00edkom na zat\u00e1\u010danie s nulov\u00fdm polomerom. Vysk\u00fa\u0161ajte si to sami.<\/p>\n<\/p><\/div>\n<div class=\"col-md-6 mb4 image\" style=\"background-image:url(https:\/\/www.ariens.eu\/sk\/wp-content\/uploads\/sites\/18\/2024\/05\/intuitive-control.webp)\">\n                <\/div>\n<\/p><\/div>\n<div class=\"row\">\n<div class=\"col-md-6 mb-4 content\">\n                    <span class=\"d-block h5 text-color-brand mb-1\">Ve\u013emi dobr\u00e1 kvalita kosenia<\/span><\/p>\n<p>Zv\u00e1ran\u00e9 \u017eacie \u00fastrojenstvo modelu EDGE 42\u201d s dvoma no\u017emi. Volite\u013en\u00e1 mul\u010dovacia s\u00faprava.<\/p>\n<\/p><\/div>\n<div class=\"col-md-6 mb4 image\" style=\"background-image:url(https:\/\/www.ariens.eu\/sk\/wp-content\/uploads\/sites\/18\/2024\/08\/quality-of-cut.png)\">\n                <\/div>\n<\/p><\/div>\n<div class=\"row\">\n<div class=\"col-md-6 mb-4 content\">\n                    <span class=\"d-block h5 text-color-brand mb-1\">V\u00e4\u010d\u0161ie pneumatiky<\/span><\/p>\n<p>Pneumatiky s ve\u013ek\u00fdm priemerom a \u0161irok\u00fdm z\u00e1berom poskytuj\u00fa lep\u0161iu trakciu a e\u0161te plynulej\u0161iu a pohodlnej\u0161iu jazdu.<\/p>\n<\/p><\/div>\n<div class=\"col-md-6 mb4 image\" style=\"background-image:url(https:\/\/www.ariens.eu\/sk\/wp-content\/uploads\/sites\/18\/2024\/05\/larger-tires.webp)\">\n                <\/div>\n<\/p><\/div>\n<div class=\"row\">\n<div class=\"col-md-6 mb-4 content\">\n                    <span class=\"d-block h5 text-color-brand mb-1\">Comfort<\/span><\/p>\n<p>Tvarovan\u00e9 sedadlo modelu EDGE m\u00e1 ve\u013ek\u00fd nastavite\u013en\u00fd v\u00fdrez. Ten umo\u017e\u0148uje cirkul\u00e1ciu vzduchu, udr\u017eiava chrb\u00e1t v suchu a zvy\u0161uje pohodlie pri jazde pri vysok\u00fdch vonkaj\u0161\u00edch teplot\u00e1ch.<\/p>\n<p>Farba modelov CE: siv\u00e1<\/p>\n<\/p><\/div>\n<div class=\"col-md-6 mb4 image\" style=\"background-image:url(https:\/\/www.ariens.eu\/sk\/wp-content\/uploads\/sites\/18\/2024\/08\/seating-comfort.png)\">\n                <\/div>\n<\/p><\/div>\n<div class=\"row\">\n<div class=\"col-md-6 mb-4 content\">\n                    <span class=\"d-block h5 text-color-brand mb-1\">P\u00e1ka nastavenia v\u00fd\u0161ky \u017eacieho \u00fastrojenstva<\/span><\/p>\n<p>V\u00fd\u0161ku rezu je mo\u017en\u00e9 nastavi\u0165 v 7 stup\u0148och od 3,8 cm do 11,4 cm pomocou jednoducho pr\u00edstupnej p\u00e1ky ved\u013ea sedadla. \u017dacie \u00fastrojenstvo sa pohodlne zdv\u00edha pomocou no\u017en\u00e9ho ped\u00e1la.<\/p>\n<\/p><\/div>\n<div class=\"col-md-6 mb4 image\" style=\"background-image:url(https:\/\/www.ariens.eu\/sk\/wp-content\/uploads\/sites\/18\/2024\/08\/cutting-height-adjustment-3.png)\">\n                <\/div>\n<\/p><\/div>\n<div class=\"row\">\n<div class=\"col-md-6 mb-4 content\">\n                    <span class=\"d-block h5 text-color-brand mb-1\">Motor ARIENS<\/span><\/p>\n<p>Model EDGE je poh\u00e1\u0148an\u00fd spo\u013eahliv\u00fdm dvojvalcov\u00fdm motorom Ariens s objemom 635 cm\u00b3, s emisnou normou Stage V a s horn\u00fdm rozvodom ventilov (OHV).<\/p>\n<\/p><\/div>\n<div class=\"col-md-6 mb4 image\" style=\"background-image:url(https:\/\/www.ariens.eu\/sk\/wp-content\/uploads\/sites\/18\/2024\/05\/ariens-edge-zero-turn-635cc-twin-cylinder-ariens-engine.webp)\">\n                <\/div>\n<\/p><\/div>\n<\/p><\/div>\n<\/div><\/div>\n<div class='col-lg'>                    <\/div>\n<\/p><\/div>\n<\/div>\n<\/div>\n","protected":false},"excerpt":{"rendered":"<p>Prin\u00e1\u0161a r\u00fdchlos\u0165 a z\u00e1bavu z kosenia do va\u0161ej z\u00e1hrady Vychutnajte si v\u00fdhody zero-turn kosa\u010dky vo va\u0161ej z\u00e1hrade. Kos\u00edte s lep\u0161ou man\u00e9vrovate\u013enos\u0165ou a pohodl\u00edm v porovnan\u00ed s be\u017en\u00fdm traktorom a pritom sa zabav\u00edte. Navrhnut\u00e1 pre mal\u00e9 a\u017e stredn\u00e9 z\u00e1hrady s \u00fazkymi priechodmi. Model EDGE 34 je vybaven\u00fd 86 cm (34&#8243;) lisovan\u00fdm \u017eac\u00edm \u00fastrojenstvom z ocele hr\u00fabky [&hellip;]<\/p>\n","protected":false},"featured_media":5098,"comment_status":"open","ping_status":"closed","template":"","meta":{"_acf_changed":false,"_relevanssi_hide_post":"","_relevanssi_hide_content":"","_relevanssi_pin_for_all":"","_relevanssi_pin_keywords":"","_relevanssi_unpin_keywords":"","_relevanssi_related_keywords":"","_relevanssi_related_include_ids":"","_relevanssi_related_exclude_ids":"","_relevanssi_related_no_append":"","_relevanssi_related_not_related":"","_relevanssi_related_posts":"","_relevanssi_noindex_reason":""},"product_brand":[],"product_cat":[15],"product_tag":[],"class_list":{"0":"post-2323","1":"product","2":"type-product","3":"status-publish","4":"has-post-thumbnail","6":"product_variant-seria-edge","7":"product_usage_areas-sprava-objektov","8":"product_usage_areas-sukromne-zahrady","10":"first","11":"instock","12":"shipping-taxable","13":"product-type-simple"},"acf":[],"yoast_head":"<!-- This site is optimized with the Yoast SEO plugin v27.3 - https:\/\/yoast.com\/product\/yoast-seo-wordpress\/ -->\n<title>EDGE 34 \u2013 pre stredne ve\u013ek\u00e9 tr\u00e1vniky | Zero-turn kosa\u010dka Ariens<\/title>\n<meta name=\"description\" content=\"Zero-turn kosa\u010dka EDGE 34 je vybaven\u00e1 profesion\u00e1lnymi funkciami vr\u00e1tane 86 cm (34&quot;) \u017eacieho \u00fastrojenstva, ktor\u00e9 v\u00e1m pom\u00f4\u017ee vytvori\u0165 z\u00e1hradu va\u0161ich snov.\" \/>\n<meta name=\"robots\" content=\"noindex, follow, max-snippet:-1, max-image-preview:large, max-video-preview:-1\" \/>\n<meta property=\"og:locale\" content=\"sk_SK\" \/>\n<meta property=\"og:type\" content=\"article\" \/>\n<meta property=\"og:title\" content=\"EDGE 34 \u2013 pre stredne ve\u013ek\u00e9 tr\u00e1vniky | Zero-turn kosa\u010dka Ariens\" \/>\n<meta property=\"og:description\" content=\"Zero-turn kosa\u010dka EDGE 34 je vybaven\u00e1 profesion\u00e1lnymi funkciami vr\u00e1tane 86 cm (34&quot;) \u017eacieho \u00fastrojenstva, ktor\u00e9 v\u00e1m pom\u00f4\u017ee vytvori\u0165 z\u00e1hradu va\u0161ich snov.\" \/>\n<meta property=\"og:url\" content=\"https:\/\/www.ariens.eu\/sk\/product\/zero-turn-kosacky\/seria-edge\/edge-34\/\" \/>\n<meta property=\"og:site_name\" content=\"Ariens |\u00a0EMEAA\" \/>\n<meta property=\"article:modified_time\" content=\"2026-02-25T10:37:24+00:00\" \/>\n<meta property=\"og:image\" content=\"https:\/\/www.ariens.eu\/sk\/wp-content\/uploads\/sites\/18\/2024\/05\/ariens-zero-turn-edge-34-sd-my25.png\" \/>\n\t<meta property=\"og:image:width\" content=\"1024\" \/>\n\t<meta property=\"og:image:height\" content=\"720\" \/>\n\t<meta property=\"og:image:type\" content=\"image\/png\" \/>\n<meta name=\"twitter:card\" content=\"summary_large_image\" \/>\n<meta name=\"twitter:label1\" content=\"Predpokladan\u00fd \u010das \u010d\u00edtania\" \/>\n\t<meta name=\"twitter:data1\" content=\"2 min\u00faty\" \/>\n<script type=\"application\/ld+json\" class=\"yoast-schema-graph\">{\"@context\":\"https:\\\/\\\/schema.org\",\"@graph\":[{\"@type\":\"WebPage\",\"@id\":\"https:\\\/\\\/www.ariens.eu\\\/sk\\\/product\\\/zero-turn-kosacky\\\/seria-edge\\\/edge-34\\\/\",\"url\":\"https:\\\/\\\/www.ariens.eu\\\/sk\\\/product\\\/zero-turn-kosacky\\\/seria-edge\\\/edge-34\\\/\",\"name\":\"EDGE 34 \u2013 pre stredne ve\u013ek\u00e9 tr\u00e1vniky | Zero-turn kosa\u010dka Ariens\",\"isPartOf\":{\"@id\":\"https:\\\/\\\/www.ariens.eu\\\/sk\\\/#website\"},\"primaryImageOfPage\":{\"@id\":\"https:\\\/\\\/www.ariens.eu\\\/sk\\\/product\\\/zero-turn-kosacky\\\/seria-edge\\\/edge-34\\\/#primaryimage\"},\"image\":{\"@id\":\"https:\\\/\\\/www.ariens.eu\\\/sk\\\/product\\\/zero-turn-kosacky\\\/seria-edge\\\/edge-34\\\/#primaryimage\"},\"thumbnailUrl\":\"https:\\\/\\\/www.ariens.eu\\\/sk\\\/wp-content\\\/uploads\\\/sites\\\/18\\\/2024\\\/05\\\/ariens-zero-turn-edge-34-sd-my25.png\",\"datePublished\":\"2024-05-10T10:04:36+00:00\",\"dateModified\":\"2026-02-25T10:37:24+00:00\",\"description\":\"Zero-turn kosa\u010dka EDGE 34 je vybaven\u00e1 profesion\u00e1lnymi funkciami vr\u00e1tane 86 cm (34\\\") \u017eacieho \u00fastrojenstva, ktor\u00e9 v\u00e1m pom\u00f4\u017ee vytvori\u0165 z\u00e1hradu va\u0161ich snov.\",\"breadcrumb\":{\"@id\":\"https:\\\/\\\/www.ariens.eu\\\/sk\\\/product\\\/zero-turn-kosacky\\\/seria-edge\\\/edge-34\\\/#breadcrumb\"},\"inLanguage\":\"sk-SK\",\"potentialAction\":[{\"@type\":\"ReadAction\",\"target\":[\"https:\\\/\\\/www.ariens.eu\\\/sk\\\/product\\\/zero-turn-kosacky\\\/seria-edge\\\/edge-34\\\/\"]}]},{\"@type\":\"ImageObject\",\"inLanguage\":\"sk-SK\",\"@id\":\"https:\\\/\\\/www.ariens.eu\\\/sk\\\/product\\\/zero-turn-kosacky\\\/seria-edge\\\/edge-34\\\/#primaryimage\",\"url\":\"https:\\\/\\\/www.ariens.eu\\\/sk\\\/wp-content\\\/uploads\\\/sites\\\/18\\\/2024\\\/05\\\/ariens-zero-turn-edge-34-sd-my25.png\",\"contentUrl\":\"https:\\\/\\\/www.ariens.eu\\\/sk\\\/wp-content\\\/uploads\\\/sites\\\/18\\\/2024\\\/05\\\/ariens-zero-turn-edge-34-sd-my25.png\",\"width\":1024,\"height\":720},{\"@type\":\"BreadcrumbList\",\"@id\":\"https:\\\/\\\/www.ariens.eu\\\/sk\\\/product\\\/zero-turn-kosacky\\\/seria-edge\\\/edge-34\\\/#breadcrumb\",\"itemListElement\":[{\"@type\":\"ListItem\",\"position\":1,\"name\":\"Home\",\"item\":\"https:\\\/\\\/www.ariens.eu\\\/sk\\\/\"},{\"@type\":\"ListItem\",\"position\":2,\"name\":\"Obchod\",\"item\":\"https:\\\/\\\/www.ariens.eu\\\/sk\\\/obchod\\\/\"},{\"@type\":\"ListItem\",\"position\":3,\"name\":\"EDGE 34\"}]},{\"@type\":\"WebSite\",\"@id\":\"https:\\\/\\\/www.ariens.eu\\\/sk\\\/#website\",\"url\":\"https:\\\/\\\/www.ariens.eu\\\/sk\\\/\",\"name\":\"Ariens | EMEAA\",\"description\":\"Powerful and reliable zero-turn mowers &amp; snow blowers for professional users and demanding private customers\",\"publisher\":{\"@id\":\"https:\\\/\\\/www.ariens.eu\\\/sk\\\/#organization\"},\"potentialAction\":[{\"@type\":\"SearchAction\",\"target\":{\"@type\":\"EntryPoint\",\"urlTemplate\":\"https:\\\/\\\/www.ariens.eu\\\/sk\\\/?s={search_term_string}\"},\"query-input\":{\"@type\":\"PropertyValueSpecification\",\"valueRequired\":true,\"valueName\":\"search_term_string\"}}],\"inLanguage\":\"sk-SK\"},{\"@type\":\"Organization\",\"@id\":\"https:\\\/\\\/www.ariens.eu\\\/sk\\\/#organization\",\"name\":\"AriensCo GmbH\",\"url\":\"https:\\\/\\\/www.ariens.eu\\\/sk\\\/\",\"logo\":{\"@type\":\"ImageObject\",\"inLanguage\":\"sk-SK\",\"@id\":\"https:\\\/\\\/www.ariens.eu\\\/sk\\\/#\\\/schema\\\/logo\\\/image\\\/\",\"url\":\"https:\\\/\\\/www.ariens.eu\\\/wp-content\\\/uploads\\\/2024\\\/11\\\/ariens-co-logo.jpg\",\"contentUrl\":\"https:\\\/\\\/www.ariens.eu\\\/wp-content\\\/uploads\\\/2024\\\/11\\\/ariens-co-logo.jpg\",\"width\":1000,\"height\":1000,\"caption\":\"AriensCo GmbH\"},\"image\":{\"@id\":\"https:\\\/\\\/www.ariens.eu\\\/sk\\\/#\\\/schema\\\/logo\\\/image\\\/\"}}]}<\/script>\n<!-- \/ Yoast SEO plugin. -->","yoast_head_json":{"title":"EDGE 34 \u2013 pre stredne ve\u013ek\u00e9 tr\u00e1vniky | Zero-turn kosa\u010dka Ariens","description":"Zero-turn kosa\u010dka EDGE 34 je vybaven\u00e1 profesion\u00e1lnymi funkciami vr\u00e1tane 86 cm (34\") \u017eacieho \u00fastrojenstva, ktor\u00e9 v\u00e1m pom\u00f4\u017ee vytvori\u0165 z\u00e1hradu va\u0161ich snov.","robots":{"index":"noindex","follow":"follow","max-snippet":"max-snippet:-1","max-image-preview":"max-image-preview:large","max-video-preview":"max-video-preview:-1"},"og_locale":"sk_SK","og_type":"article","og_title":"EDGE 34 \u2013 pre stredne ve\u013ek\u00e9 tr\u00e1vniky | Zero-turn kosa\u010dka Ariens","og_description":"Zero-turn kosa\u010dka EDGE 34 je vybaven\u00e1 profesion\u00e1lnymi funkciami vr\u00e1tane 86 cm (34\") \u017eacieho \u00fastrojenstva, ktor\u00e9 v\u00e1m pom\u00f4\u017ee vytvori\u0165 z\u00e1hradu va\u0161ich snov.","og_url":"https:\/\/www.ariens.eu\/sk\/product\/zero-turn-kosacky\/seria-edge\/edge-34\/","og_site_name":"Ariens |\u00a0EMEAA","article_modified_time":"2026-02-25T10:37:24+00:00","og_image":[{"width":1024,"height":720,"url":"https:\/\/www.ariens.eu\/sk\/wp-content\/uploads\/sites\/18\/2024\/05\/ariens-zero-turn-edge-34-sd-my25.png","type":"image\/png"}],"twitter_card":"summary_large_image","twitter_misc":{"Predpokladan\u00fd \u010das \u010d\u00edtania":"2 min\u00faty"},"schema":{"@context":"https:\/\/schema.org","@graph":[{"@type":"WebPage","@id":"https:\/\/www.ariens.eu\/sk\/product\/zero-turn-kosacky\/seria-edge\/edge-34\/","url":"https:\/\/www.ariens.eu\/sk\/product\/zero-turn-kosacky\/seria-edge\/edge-34\/","name":"EDGE 34 \u2013 pre stredne ve\u013ek\u00e9 tr\u00e1vniky | Zero-turn kosa\u010dka Ariens","isPartOf":{"@id":"https:\/\/www.ariens.eu\/sk\/#website"},"primaryImageOfPage":{"@id":"https:\/\/www.ariens.eu\/sk\/product\/zero-turn-kosacky\/seria-edge\/edge-34\/#primaryimage"},"image":{"@id":"https:\/\/www.ariens.eu\/sk\/product\/zero-turn-kosacky\/seria-edge\/edge-34\/#primaryimage"},"thumbnailUrl":"https:\/\/www.ariens.eu\/sk\/wp-content\/uploads\/sites\/18\/2024\/05\/ariens-zero-turn-edge-34-sd-my25.png","datePublished":"2024-05-10T10:04:36+00:00","dateModified":"2026-02-25T10:37:24+00:00","description":"Zero-turn kosa\u010dka EDGE 34 je vybaven\u00e1 profesion\u00e1lnymi funkciami vr\u00e1tane 86 cm (34\") \u017eacieho \u00fastrojenstva, ktor\u00e9 v\u00e1m pom\u00f4\u017ee vytvori\u0165 z\u00e1hradu va\u0161ich snov.","breadcrumb":{"@id":"https:\/\/www.ariens.eu\/sk\/product\/zero-turn-kosacky\/seria-edge\/edge-34\/#breadcrumb"},"inLanguage":"sk-SK","potentialAction":[{"@type":"ReadAction","target":["https:\/\/www.ariens.eu\/sk\/product\/zero-turn-kosacky\/seria-edge\/edge-34\/"]}]},{"@type":"ImageObject","inLanguage":"sk-SK","@id":"https:\/\/www.ariens.eu\/sk\/product\/zero-turn-kosacky\/seria-edge\/edge-34\/#primaryimage","url":"https:\/\/www.ariens.eu\/sk\/wp-content\/uploads\/sites\/18\/2024\/05\/ariens-zero-turn-edge-34-sd-my25.png","contentUrl":"https:\/\/www.ariens.eu\/sk\/wp-content\/uploads\/sites\/18\/2024\/05\/ariens-zero-turn-edge-34-sd-my25.png","width":1024,"height":720},{"@type":"BreadcrumbList","@id":"https:\/\/www.ariens.eu\/sk\/product\/zero-turn-kosacky\/seria-edge\/edge-34\/#breadcrumb","itemListElement":[{"@type":"ListItem","position":1,"name":"Home","item":"https:\/\/www.ariens.eu\/sk\/"},{"@type":"ListItem","position":2,"name":"Obchod","item":"https:\/\/www.ariens.eu\/sk\/obchod\/"},{"@type":"ListItem","position":3,"name":"EDGE 34"}]},{"@type":"WebSite","@id":"https:\/\/www.ariens.eu\/sk\/#website","url":"https:\/\/www.ariens.eu\/sk\/","name":"Ariens | EMEAA","description":"Powerful and reliable zero-turn mowers &amp; snow blowers for professional users and demanding private customers","publisher":{"@id":"https:\/\/www.ariens.eu\/sk\/#organization"},"potentialAction":[{"@type":"SearchAction","target":{"@type":"EntryPoint","urlTemplate":"https:\/\/www.ariens.eu\/sk\/?s={search_term_string}"},"query-input":{"@type":"PropertyValueSpecification","valueRequired":true,"valueName":"search_term_string"}}],"inLanguage":"sk-SK"},{"@type":"Organization","@id":"https:\/\/www.ariens.eu\/sk\/#organization","name":"AriensCo GmbH","url":"https:\/\/www.ariens.eu\/sk\/","logo":{"@type":"ImageObject","inLanguage":"sk-SK","@id":"https:\/\/www.ariens.eu\/sk\/#\/schema\/logo\/image\/","url":"https:\/\/www.ariens.eu\/wp-content\/uploads\/2024\/11\/ariens-co-logo.jpg","contentUrl":"https:\/\/www.ariens.eu\/wp-content\/uploads\/2024\/11\/ariens-co-logo.jpg","width":1000,"height":1000,"caption":"AriensCo GmbH"},"image":{"@id":"https:\/\/www.ariens.eu\/sk\/#\/schema\/logo\/image\/"}}]}},"_links":{"self":[{"href":"https:\/\/www.ariens.eu\/sk\/wp-json\/wp\/v2\/product\/2323","targetHints":{"allow":["GET"]}}],"collection":[{"href":"https:\/\/www.ariens.eu\/sk\/wp-json\/wp\/v2\/product"}],"about":[{"href":"https:\/\/www.ariens.eu\/sk\/wp-json\/wp\/v2\/types\/product"}],"replies":[{"embeddable":true,"href":"https:\/\/www.ariens.eu\/sk\/wp-json\/wp\/v2\/comments?post=2323"}],"wp:featuredmedia":[{"embeddable":true,"href":"https:\/\/www.ariens.eu\/sk\/wp-json\/wp\/v2\/media\/5098"}],"wp:attachment":[{"href":"https:\/\/www.ariens.eu\/sk\/wp-json\/wp\/v2\/media?parent=2323"}],"wp:term":[{"taxonomy":"product_brand","embeddable":true,"href":"https:\/\/www.ariens.eu\/sk\/wp-json\/wp\/v2\/product_brand?post=2323"},{"taxonomy":"product_cat","embeddable":true,"href":"https:\/\/www.ariens.eu\/sk\/wp-json\/wp\/v2\/product_cat?post=2323"},{"taxonomy":"product_tag","embeddable":true,"href":"https:\/\/www.ariens.eu\/sk\/wp-json\/wp\/v2\/product_tag?post=2323"}],"curies":[{"name":"wp","href":"https:\/\/api.w.org\/{rel}","templated":true}]}}