{"id":2326,"date":"2024-05-10T11:04:36","date_gmt":"2024-05-10T10:04:36","guid":{"rendered":"https:\/\/www.ariens.eu\/product\/ikon-xd-42-kawasaki\/"},"modified":"2026-01-07T10:16:17","modified_gmt":"2026-01-07T10:16:17","slug":"ikon-xd-42","status":"publish","type":"product","link":"https:\/\/www.ariens.eu\/sk\/product\/ikon-xd-42\/","title":{"rendered":"IKON XD 42"},"content":{"rendered":"<div class=\"acfd-block acfd-block__headline mb-asm-1 container-fluid px-0 bg-default\">\n<div class=\"acfd-headline\">\n<h2 class='h2 text-left li_black'>Pohodlie a v\u00fdkon pre ve\u013ek\u00e9 z\u00e1hrady<\/h2>\n<\/p><\/div>\n<\/div>\n<div class=\"acfd-block acfd-block__twocolumns mb-asm-2 container-fluid px-0 bg-default\">\n<div class=\"acfd-twocolumns\">\n<div class=\"row\">\n<div class='col-lg-9 mb-4 '>\n<div class=\"acfd-block acfd-block__text container-fluid px-0 bg-default\">\n<div class=\"acfd-text li_black\">\n<p>Vytvoren\u00fd pre z\u00e1hrady v\u0161etk\u00fdch ve\u013ekost\u00ed. Pln\u00fd funkci\u00ed, ktor\u00e9 n\u00e1jdete aj u v\u00e4\u010d\u0161\u00edch modelov. Doprajte si zv\u00fd\u0161en\u00e9 pohodlie a v\u00fdkon. S pr\u00e9miov\u00fdm motorom Kawasaki, \u0161\u00edrkou z\u00e1beru 107 cm, r\u00e1mom z r\u00farkov\u00e9ho oce\u013eov\u00e9ho profilu a mno\u017estvom komfortu je IKON XD 42 ide\u00e1lnou kosa\u010dkou pre stredne ve\u013ek\u00e9 tr\u00e1vniky a z\u00e1hrady. Stvoren\u00e1, aby v\u00e1m sl\u00fa\u017eila roky.<\/p>\n<ul>\n<li>\n<p>107 cm (42&#8243;) lisovan\u00e9 \u017eacie \u00fastrojenstvo z 11-gauge ocele.<\/p>\n<\/li>\n<li>\n<p>Poh\u00e1\u0148an\u00fd motorom Kawasaki<sup>&reg;<\/sup> FR651 726cc.<\/p>\n<\/li>\n<li>\n<p>Nastavenie v\u00fd\u0161ky kosenia pomocou oto\u010dn\u00e9ho voli\u010da, 13 poz\u00edci\u00ed.<\/p>\n<\/li>\n<li>\n<p>R\u00e1m z r\u00farkovej ocele.<\/p>\n<\/li>\n<li>\n<p>Pohodln\u00e9 sedadlo s vysok\u00fdm operadlom, opierky r\u00fak a polstrovan\u00e9 ovl\u00e1dacie p\u00e1ky.<\/p>\n<\/li>\n<li>\n<p>K dispoz\u00edcii \u0161irok\u00e1 \u0161k\u00e1la volite\u013en\u00e9ho pr\u00edslu\u0161enstva.<\/p>\n<\/li>\n<li>\n<p>Z\u00e1ruka 3 roky alebo 300 hod\u00edn.<\/p>\n<\/li>\n<\/ul>\n<\/div>\n<\/div><\/div>\n<div class='col-lg'>                    <\/div>\n<\/p><\/div>\n<\/div>\n<\/div>\n<div class=\"acfd-block acfd-block__category mb-asm-3 container-fluid px-0 bg-default\">\n<div class=\"acfd-product-categories\">\n<h2 class=\"text-left mb-3\">\n        Nasadenie    <\/h2>\n<div class=\"product-categories_wrapper\">\n         <span data-description=\"Are you a service provider, janitorial service or do you have to regularly maintain larger areas? Then a semi-professional machine offers you the performance and durability to reliably complete your mowing work.\" class=\"product-category-single\"> Semi-Pro                <sup><i class=\"fa fa-info-circle\" aria-hidden=\"true\"><\/i><\/sup>            <\/span>  <span data-description=\"Do you have a beautiful lawn in your garden or around your property? Do you want to maintain your lawn regularly from mid-March? Depending on the cutting width, our mowers can handle all garden sizes.\" class=\"product-category-single\"> Private                <sup><i class=\"fa fa-info-circle\" aria-hidden=\"true\"><\/i><\/sup>            <\/span>  <span data-description=\"Our mowers are equipped with high-quality Kawasaki<sup>&reg;<\/sup> or Ariens engines. They deliver above-average performance and reliability.\" class=\"product-category-single\"> Petrol                <sup><i class=\"fa fa-info-circle\" aria-hidden=\"true\"><\/i><\/sup>            <\/span>  <span data-description=\"When using a suitable mulching kit in your mower, the side discharge is no longer necessary. The clippings are finely shredded and evenly distributed to the rear of the lawn. Any fertilizer applied remains on the surface and the fine grass particles disappear almost invisibly into the lawn.\" class=\"product-category-single\"> Optional mulching kit                <sup><i class=\"fa fa-info-circle\" aria-hidden=\"true\"><\/i><\/sup>            <\/span>  <span data-description=\"Ariens ride-on mowers offer a high level of comfort. We use high-quality seats from the entry-level model upwards. Ample legroom and ergonomic controls are standard.\" class=\"product-category-single\"> Ride-On (sitting)                <sup><i class=\"fa fa-info-circle\" aria-hidden=\"true\"><\/i><\/sup>            <\/span>  <span data-description=\"With the APEX and ZENITH models, you have the choice between side discharge and rear discharge mower decks. A side discharge mower deck ejects the clippings via a side opening and a deflector. The powerful airflow then distributes it over a large area. An optional mulching kit can be installed in side discharge mower decks. When a mulching kit is used, the clippings are finely shredded and ejected to the rear. The side discharge and deflector are then closed or removed.\" class=\"product-category-single\"> Side discharge                <sup><i class=\"fa fa-info-circle\" aria-hidden=\"true\"><\/i><\/sup>            <\/span>  <span data-description=\"Alle Ariens-pl\u00e6neklippere er velegnede til flade gr\u00e6spl\u00e6ner. V\u00e6lg din klippebredde i henhold til st\u00f8rrelsen p\u00e5 dit omr\u00e5de og eventuelle begr\u00e6nsende smalle omr\u00e5der.\" class=\"product-category-single\"> Fladt terr\u00e6n                <sup><i class=\"fa fa-info-circle\" aria-hidden=\"true\"><\/i><\/sup>            <\/span>  <span data-description=\"Ariens-pl\u00e6neklippere klarer sig godt p\u00e5 uj\u00e6vnt terr\u00e6n. Til uj\u00e6vnt terr\u00e6n skal du v\u00e6lge smallere klippeaggregater for at opn\u00e5 et mere ensartet klippem\u00f8nster.\" class=\"product-category-single\"> Uj\u00e6vnt terr\u00e6n                <sup><i class=\"fa fa-info-circle\" aria-hidden=\"true\"><\/i><\/sup>            <\/span>  <span data-description=\"Det anbefales \u00e5 velge en maskin med brede hjul. Ikke overskrid den angitte sikkerhetsgrensen p\u00e5 15\u00b0 helling for sitteklippere og 20\u00b0 for st\u00e5ende klippere. P\u00e5 ujevnt terreng b\u00f8r du velge et smalere klippeaggregat for et mer jevnt klipperesultat. ZENITH-modellen leveres med veltesikring (ROPS) som standard, og dette kan ettermonteres p\u00e5 APEX.\" class=\"product-category-single\"> Kupert terreng                <sup><i class=\"fa fa-info-circle\" aria-hidden=\"true\"><\/i><\/sup>            <\/span>  <span data-description=\"Zero-turn mowers are not just for large areas. The EDGE model with a cutting width of 86 cm is suitable for areas from approx. 800 m\u00b2 and narrow passages.\" class=\"product-category-single\"> Small areas                <sup><i class=\"fa fa-info-circle\" aria-hidden=\"true\"><\/i><\/sup>            <\/span>  <span data-description=\"Use mowing widths of 107 cm and 122 cm on medium to large lawns.\" class=\"product-category-single\"> Medium-sized areas                <sup><i class=\"fa fa-info-circle\" aria-hidden=\"true\"><\/i><\/sup>            <\/span>     <\/div>\n<\/div>\n<\/div>\n<div class=\"acfd-block acfd-block__twocolumns mb-asm-2 container-fluid container-fluid--force px-0 bg-default\">\n<div class=\"acfd-twocolumns\">\n<div class=\"row\">\n<div class='col-lg-12 mb-4 '>\n<div class=\"acfd-product-advantages--wrapper\">\n<h2 class=\"h1 bigger text-color-black text-center mb-5\">\n        Vlastnosti a v\u00fdhody    <\/h2>\n<div class=\"acfd-product-advantages\">\n<div class=\"row\">\n<div class=\"col-md-6 mb-4 content\">\n                    <span class=\"d-block h5 text-color-brand mb-1\">Large tyres<\/span><\/p>\n<p>The large-diameter tyres with a wide footprint offer excellent traction and a smooth and comfortable ride.<\/p>\n<\/p><\/div>\n<div class=\"col-md-6 mb4 image\" style=\"background-image:url(https:\/\/www.ariens.eu\/sk\/wp-content\/uploads\/sites\/18\/2024\/05\/ariens-ikon-xd-zero-turn-large-tyres-1.webp)\">\n                <\/div>\n<\/p><\/div>\n<div class=\"row\">\n<div class=\"col-md-6 mb-4 content\">\n                    <span class=\"d-block h5 text-color-brand mb-1\">Integrated hydrostatic wheel motors<\/span><\/p>\n<p>The continuously variable, hydrostatic drive (combination of oil pump, oil motor and mechanical gearbox in one housing) delivers an enormous torque of 291 Nm and ensures smooth driving and the most precise reactions. It is also maintenance-free.<\/p>\n<\/p><\/div>\n<div class=\"col-md-6 mb4 image\" style=\"background-image:url(https:\/\/www.ariens.eu\/sk\/wp-content\/uploads\/sites\/18\/2024\/05\/ariens-ikon-xd-zero-turn-hydro-gear-ezt-transaxles-1.webp)\">\n                <\/div>\n<\/p><\/div>\n<div class=\"row\">\n<div class=\"col-md-6 mb-4 content\">\n                    <span class=\"d-block h5 text-color-brand mb-1\">Rotary selector switch for cutting height adjustment<\/span><\/p>\n<p>Ergonomic quick selector switch for the 13 cutting heights &#8211; from 3.8 cm to 11.4 cm. Convenient lifting of the cutting deck using the foot pedal.<\/p>\n<\/p><\/div>\n<div class=\"col-md-6 mb4 image\" style=\"background-image:url(https:\/\/www.ariens.eu\/sk\/wp-content\/uploads\/sites\/18\/2024\/05\/ariens-ikon-xd-zero-turn-cutting-height-dial-adjustment-1.jpg)\">\n                <\/div>\n<\/p><\/div>\n<div class=\"row\">\n<div class=\"col-md-6 mb-4 content\">\n                    <span class=\"d-block h5 text-color-brand mb-1\">Premium engines<\/span><\/p>\n<p>The name Kawasaki stands for absolute reliability, high performance and durability when it comes to engines. 726 cm\u00b3 OHV 4-stroke engine. Max. 15.4 kW (20.6 hp)\/3,600 rpm.<\/p>\n<\/p><\/div>\n<div class=\"col-md-6 mb4 image\" style=\"background-image:url(https:\/\/www.ariens.eu\/sk\/wp-content\/uploads\/sites\/18\/2024\/05\/ariens-ikon-xd-zero-turn-kawasaki-engine-1.webp)\">\n                <\/div>\n<\/p><\/div>\n<\/p><\/div>\n<\/div><\/div>\n<div class='col-lg'>                    <\/div>\n<\/p><\/div>\n<\/div>\n<\/div>\n","protected":false},"excerpt":{"rendered":"<p>Pohodlie a v\u00fdkon pre ve\u013ek\u00e9 z\u00e1hrady Vytvoren\u00fd pre z\u00e1hrady v\u0161etk\u00fdch ve\u013ekost\u00ed. Pln\u00fd funkci\u00ed, ktor\u00e9 n\u00e1jdete aj u v\u00e4\u010d\u0161\u00edch modelov. Doprajte si zv\u00fd\u0161en\u00e9 pohodlie a v\u00fdkon. S pr\u00e9miov\u00fdm motorom Kawasaki, \u0161\u00edrkou z\u00e1beru 107 cm, r\u00e1mom z r\u00farkov\u00e9ho oce\u013eov\u00e9ho profilu a mno\u017estvom komfortu je IKON XD 42 ide\u00e1lnou kosa\u010dkou pre stredne ve\u013ek\u00e9 tr\u00e1vniky a z\u00e1hrady. Stvoren\u00e1, aby [&hellip;]<\/p>\n","protected":false},"featured_media":2641,"comment_status":"open","ping_status":"closed","template":"","meta":{"_acf_changed":false,"_relevanssi_hide_post":"","_relevanssi_hide_content":"","_relevanssi_pin_for_all":"","_relevanssi_pin_keywords":"","_relevanssi_unpin_keywords":"","_relevanssi_related_keywords":"","_relevanssi_related_include_ids":"","_relevanssi_related_exclude_ids":"","_relevanssi_related_no_append":"","_relevanssi_related_not_related":"","_relevanssi_related_posts":"","_relevanssi_noindex_reason":""},"product_brand":[],"product_cat":[15],"product_tag":[],"class_list":{"0":"post-2326","1":"product","2":"type-product","3":"status-publish","4":"has-post-thumbnail","6":"product_usage_areas-rekreacne-zariadenia","7":"product_usage_areas-sprava-objektov","8":"product_usage_areas-sukromne-zahrady","10":"first","11":"instock","12":"shipping-taxable","13":"product-type-simple"},"acf":[],"yoast_head":"<!-- This site is optimized with the Yoast SEO plugin v27.3 - https:\/\/yoast.com\/product\/yoast-seo-wordpress\/ -->\n<title>IKON XD 42 \u2013 Pre stredne ve\u013ek\u00e9 tr\u00e1vniky | Ariens<\/title>\n<meta name=\"description\" content=\"S pr\u00e9miov\u00fdm motorom Kawasaki 726\u202fcc a plne lisovan\u00fdm 107\u202fcm (42&quot;) \u017eac\u00edm \u00fastrojenstvom je kosa\u010dka IKON XD 42 ide\u00e1lna pre stredne ve\u013ek\u00e9 tr\u00e1vniky.\" \/>\n<meta name=\"robots\" content=\"noindex, follow, max-snippet:-1, max-image-preview:large, max-video-preview:-1\" \/>\n<meta property=\"og:locale\" content=\"sk_SK\" \/>\n<meta property=\"og:type\" content=\"article\" \/>\n<meta property=\"og:title\" content=\"IKON XD 42 \u2013 Pre stredne ve\u013ek\u00e9 tr\u00e1vniky | Ariens\" \/>\n<meta property=\"og:description\" content=\"S pr\u00e9miov\u00fdm motorom Kawasaki 726\u202fcc a plne lisovan\u00fdm 107\u202fcm (42&quot;) \u017eac\u00edm \u00fastrojenstvom je kosa\u010dka IKON XD 42 ide\u00e1lna pre stredne ve\u013ek\u00e9 tr\u00e1vniky.\" \/>\n<meta property=\"og:url\" content=\"https:\/\/www.ariens.eu\/sk\/product\/ikon-xd-42\/\" \/>\n<meta property=\"og:site_name\" content=\"Ariens |\u00a0EMEAA\" \/>\n<meta property=\"article:modified_time\" content=\"2026-01-07T10:16:17+00:00\" \/>\n<meta property=\"og:image\" content=\"https:\/\/www.ariens.eu\/sk\/wp-content\/uploads\/sites\/18\/2024\/05\/2022-ariens-ikon-xd-42-zero-turn-front-left-768x555-1.png\" \/>\n\t<meta property=\"og:image:width\" content=\"768\" \/>\n\t<meta property=\"og:image:height\" content=\"555\" \/>\n\t<meta property=\"og:image:type\" content=\"image\/png\" \/>\n<meta name=\"twitter:card\" content=\"summary_large_image\" \/>\n<meta name=\"twitter:label1\" content=\"Predpokladan\u00fd \u010das \u010d\u00edtania\" \/>\n\t<meta name=\"twitter:data1\" content=\"2 min\u00faty\" \/>\n<script type=\"application\/ld+json\" class=\"yoast-schema-graph\">{\"@context\":\"https:\\\/\\\/schema.org\",\"@graph\":[{\"@type\":\"WebPage\",\"@id\":\"https:\\\/\\\/www.ariens.eu\\\/sk\\\/product\\\/ikon-xd-42\\\/\",\"url\":\"https:\\\/\\\/www.ariens.eu\\\/sk\\\/product\\\/ikon-xd-42\\\/\",\"name\":\"IKON XD 42 \u2013 Pre stredne ve\u013ek\u00e9 tr\u00e1vniky | Ariens\",\"isPartOf\":{\"@id\":\"https:\\\/\\\/www.ariens.eu\\\/sk\\\/#website\"},\"primaryImageOfPage\":{\"@id\":\"https:\\\/\\\/www.ariens.eu\\\/sk\\\/product\\\/ikon-xd-42\\\/#primaryimage\"},\"image\":{\"@id\":\"https:\\\/\\\/www.ariens.eu\\\/sk\\\/product\\\/ikon-xd-42\\\/#primaryimage\"},\"thumbnailUrl\":\"https:\\\/\\\/www.ariens.eu\\\/sk\\\/wp-content\\\/uploads\\\/sites\\\/18\\\/2024\\\/05\\\/2022-ariens-ikon-xd-42-zero-turn-front-left-768x555-1.png\",\"datePublished\":\"2024-05-10T10:04:36+00:00\",\"dateModified\":\"2026-01-07T10:16:17+00:00\",\"description\":\"S pr\u00e9miov\u00fdm motorom Kawasaki 726\u202fcc a plne lisovan\u00fdm 107\u202fcm (42\\\") \u017eac\u00edm \u00fastrojenstvom je kosa\u010dka IKON XD 42 ide\u00e1lna pre stredne ve\u013ek\u00e9 tr\u00e1vniky.\",\"breadcrumb\":{\"@id\":\"https:\\\/\\\/www.ariens.eu\\\/sk\\\/product\\\/ikon-xd-42\\\/#breadcrumb\"},\"inLanguage\":\"sk-SK\",\"potentialAction\":[{\"@type\":\"ReadAction\",\"target\":[\"https:\\\/\\\/www.ariens.eu\\\/sk\\\/product\\\/ikon-xd-42\\\/\"]}]},{\"@type\":\"ImageObject\",\"inLanguage\":\"sk-SK\",\"@id\":\"https:\\\/\\\/www.ariens.eu\\\/sk\\\/product\\\/ikon-xd-42\\\/#primaryimage\",\"url\":\"https:\\\/\\\/www.ariens.eu\\\/sk\\\/wp-content\\\/uploads\\\/sites\\\/18\\\/2024\\\/05\\\/2022-ariens-ikon-xd-42-zero-turn-front-left-768x555-1.png\",\"contentUrl\":\"https:\\\/\\\/www.ariens.eu\\\/sk\\\/wp-content\\\/uploads\\\/sites\\\/18\\\/2024\\\/05\\\/2022-ariens-ikon-xd-42-zero-turn-front-left-768x555-1.png\",\"width\":768,\"height\":555},{\"@type\":\"BreadcrumbList\",\"@id\":\"https:\\\/\\\/www.ariens.eu\\\/sk\\\/product\\\/ikon-xd-42\\\/#breadcrumb\",\"itemListElement\":[{\"@type\":\"ListItem\",\"position\":1,\"name\":\"Home\",\"item\":\"https:\\\/\\\/www.ariens.eu\\\/sk\\\/\"},{\"@type\":\"ListItem\",\"position\":2,\"name\":\"Obchod\",\"item\":\"https:\\\/\\\/www.ariens.eu\\\/sk\\\/obchod\\\/\"},{\"@type\":\"ListItem\",\"position\":3,\"name\":\"IKON XD 42\"}]},{\"@type\":\"WebSite\",\"@id\":\"https:\\\/\\\/www.ariens.eu\\\/sk\\\/#website\",\"url\":\"https:\\\/\\\/www.ariens.eu\\\/sk\\\/\",\"name\":\"Ariens | EMEAA\",\"description\":\"Powerful and reliable zero-turn mowers &amp; snow blowers for professional users and demanding private customers\",\"publisher\":{\"@id\":\"https:\\\/\\\/www.ariens.eu\\\/sk\\\/#organization\"},\"potentialAction\":[{\"@type\":\"SearchAction\",\"target\":{\"@type\":\"EntryPoint\",\"urlTemplate\":\"https:\\\/\\\/www.ariens.eu\\\/sk\\\/?s={search_term_string}\"},\"query-input\":{\"@type\":\"PropertyValueSpecification\",\"valueRequired\":true,\"valueName\":\"search_term_string\"}}],\"inLanguage\":\"sk-SK\"},{\"@type\":\"Organization\",\"@id\":\"https:\\\/\\\/www.ariens.eu\\\/sk\\\/#organization\",\"name\":\"AriensCo GmbH\",\"url\":\"https:\\\/\\\/www.ariens.eu\\\/sk\\\/\",\"logo\":{\"@type\":\"ImageObject\",\"inLanguage\":\"sk-SK\",\"@id\":\"https:\\\/\\\/www.ariens.eu\\\/sk\\\/#\\\/schema\\\/logo\\\/image\\\/\",\"url\":\"https:\\\/\\\/www.ariens.eu\\\/wp-content\\\/uploads\\\/2024\\\/11\\\/ariens-co-logo.jpg\",\"contentUrl\":\"https:\\\/\\\/www.ariens.eu\\\/wp-content\\\/uploads\\\/2024\\\/11\\\/ariens-co-logo.jpg\",\"width\":1000,\"height\":1000,\"caption\":\"AriensCo GmbH\"},\"image\":{\"@id\":\"https:\\\/\\\/www.ariens.eu\\\/sk\\\/#\\\/schema\\\/logo\\\/image\\\/\"}}]}<\/script>\n<!-- \/ Yoast SEO plugin. -->","yoast_head_json":{"title":"IKON XD 42 \u2013 Pre stredne ve\u013ek\u00e9 tr\u00e1vniky | Ariens","description":"S pr\u00e9miov\u00fdm motorom Kawasaki 726\u202fcc a plne lisovan\u00fdm 107\u202fcm (42\") \u017eac\u00edm \u00fastrojenstvom je kosa\u010dka IKON XD 42 ide\u00e1lna pre stredne ve\u013ek\u00e9 tr\u00e1vniky.","robots":{"index":"noindex","follow":"follow","max-snippet":"max-snippet:-1","max-image-preview":"max-image-preview:large","max-video-preview":"max-video-preview:-1"},"og_locale":"sk_SK","og_type":"article","og_title":"IKON XD 42 \u2013 Pre stredne ve\u013ek\u00e9 tr\u00e1vniky | Ariens","og_description":"S pr\u00e9miov\u00fdm motorom Kawasaki 726\u202fcc a plne lisovan\u00fdm 107\u202fcm (42\") \u017eac\u00edm \u00fastrojenstvom je kosa\u010dka IKON XD 42 ide\u00e1lna pre stredne ve\u013ek\u00e9 tr\u00e1vniky.","og_url":"https:\/\/www.ariens.eu\/sk\/product\/ikon-xd-42\/","og_site_name":"Ariens |\u00a0EMEAA","article_modified_time":"2026-01-07T10:16:17+00:00","og_image":[{"width":768,"height":555,"url":"https:\/\/www.ariens.eu\/sk\/wp-content\/uploads\/sites\/18\/2024\/05\/2022-ariens-ikon-xd-42-zero-turn-front-left-768x555-1.png","type":"image\/png"}],"twitter_card":"summary_large_image","twitter_misc":{"Predpokladan\u00fd \u010das \u010d\u00edtania":"2 min\u00faty"},"schema":{"@context":"https:\/\/schema.org","@graph":[{"@type":"WebPage","@id":"https:\/\/www.ariens.eu\/sk\/product\/ikon-xd-42\/","url":"https:\/\/www.ariens.eu\/sk\/product\/ikon-xd-42\/","name":"IKON XD 42 \u2013 Pre stredne ve\u013ek\u00e9 tr\u00e1vniky | Ariens","isPartOf":{"@id":"https:\/\/www.ariens.eu\/sk\/#website"},"primaryImageOfPage":{"@id":"https:\/\/www.ariens.eu\/sk\/product\/ikon-xd-42\/#primaryimage"},"image":{"@id":"https:\/\/www.ariens.eu\/sk\/product\/ikon-xd-42\/#primaryimage"},"thumbnailUrl":"https:\/\/www.ariens.eu\/sk\/wp-content\/uploads\/sites\/18\/2024\/05\/2022-ariens-ikon-xd-42-zero-turn-front-left-768x555-1.png","datePublished":"2024-05-10T10:04:36+00:00","dateModified":"2026-01-07T10:16:17+00:00","description":"S pr\u00e9miov\u00fdm motorom Kawasaki 726\u202fcc a plne lisovan\u00fdm 107\u202fcm (42\") \u017eac\u00edm \u00fastrojenstvom je kosa\u010dka IKON XD 42 ide\u00e1lna pre stredne ve\u013ek\u00e9 tr\u00e1vniky.","breadcrumb":{"@id":"https:\/\/www.ariens.eu\/sk\/product\/ikon-xd-42\/#breadcrumb"},"inLanguage":"sk-SK","potentialAction":[{"@type":"ReadAction","target":["https:\/\/www.ariens.eu\/sk\/product\/ikon-xd-42\/"]}]},{"@type":"ImageObject","inLanguage":"sk-SK","@id":"https:\/\/www.ariens.eu\/sk\/product\/ikon-xd-42\/#primaryimage","url":"https:\/\/www.ariens.eu\/sk\/wp-content\/uploads\/sites\/18\/2024\/05\/2022-ariens-ikon-xd-42-zero-turn-front-left-768x555-1.png","contentUrl":"https:\/\/www.ariens.eu\/sk\/wp-content\/uploads\/sites\/18\/2024\/05\/2022-ariens-ikon-xd-42-zero-turn-front-left-768x555-1.png","width":768,"height":555},{"@type":"BreadcrumbList","@id":"https:\/\/www.ariens.eu\/sk\/product\/ikon-xd-42\/#breadcrumb","itemListElement":[{"@type":"ListItem","position":1,"name":"Home","item":"https:\/\/www.ariens.eu\/sk\/"},{"@type":"ListItem","position":2,"name":"Obchod","item":"https:\/\/www.ariens.eu\/sk\/obchod\/"},{"@type":"ListItem","position":3,"name":"IKON XD 42"}]},{"@type":"WebSite","@id":"https:\/\/www.ariens.eu\/sk\/#website","url":"https:\/\/www.ariens.eu\/sk\/","name":"Ariens | EMEAA","description":"Powerful and reliable zero-turn mowers &amp; snow blowers for professional users and demanding private customers","publisher":{"@id":"https:\/\/www.ariens.eu\/sk\/#organization"},"potentialAction":[{"@type":"SearchAction","target":{"@type":"EntryPoint","urlTemplate":"https:\/\/www.ariens.eu\/sk\/?s={search_term_string}"},"query-input":{"@type":"PropertyValueSpecification","valueRequired":true,"valueName":"search_term_string"}}],"inLanguage":"sk-SK"},{"@type":"Organization","@id":"https:\/\/www.ariens.eu\/sk\/#organization","name":"AriensCo GmbH","url":"https:\/\/www.ariens.eu\/sk\/","logo":{"@type":"ImageObject","inLanguage":"sk-SK","@id":"https:\/\/www.ariens.eu\/sk\/#\/schema\/logo\/image\/","url":"https:\/\/www.ariens.eu\/wp-content\/uploads\/2024\/11\/ariens-co-logo.jpg","contentUrl":"https:\/\/www.ariens.eu\/wp-content\/uploads\/2024\/11\/ariens-co-logo.jpg","width":1000,"height":1000,"caption":"AriensCo GmbH"},"image":{"@id":"https:\/\/www.ariens.eu\/sk\/#\/schema\/logo\/image\/"}}]}},"_links":{"self":[{"href":"https:\/\/www.ariens.eu\/sk\/wp-json\/wp\/v2\/product\/2326","targetHints":{"allow":["GET"]}}],"collection":[{"href":"https:\/\/www.ariens.eu\/sk\/wp-json\/wp\/v2\/product"}],"about":[{"href":"https:\/\/www.ariens.eu\/sk\/wp-json\/wp\/v2\/types\/product"}],"replies":[{"embeddable":true,"href":"https:\/\/www.ariens.eu\/sk\/wp-json\/wp\/v2\/comments?post=2326"}],"wp:featuredmedia":[{"embeddable":true,"href":"https:\/\/www.ariens.eu\/sk\/wp-json\/wp\/v2\/media\/2641"}],"wp:attachment":[{"href":"https:\/\/www.ariens.eu\/sk\/wp-json\/wp\/v2\/media?parent=2326"}],"wp:term":[{"taxonomy":"product_brand","embeddable":true,"href":"https:\/\/www.ariens.eu\/sk\/wp-json\/wp\/v2\/product_brand?post=2326"},{"taxonomy":"product_cat","embeddable":true,"href":"https:\/\/www.ariens.eu\/sk\/wp-json\/wp\/v2\/product_cat?post=2326"},{"taxonomy":"product_tag","embeddable":true,"href":"https:\/\/www.ariens.eu\/sk\/wp-json\/wp\/v2\/product_tag?post=2326"}],"curies":[{"name":"wp","href":"https:\/\/api.w.org\/{rel}","templated":true}]}}