{"id":2328,"date":"2024-05-10T11:04:36","date_gmt":"2024-05-10T10:04:36","guid":{"rendered":"https:\/\/www.ariens.eu\/product\/ikon-xd-52-kawasaki\/"},"modified":"2025-08-13T10:17:44","modified_gmt":"2025-08-13T09:17:44","slug":"ikon-xd-52","status":"publish","type":"product","link":"https:\/\/www.ariens.eu\/sk\/product\/ikon-xd-52\/","title":{"rendered":"IKON XD 52"},"content":{"rendered":"<div class=\"acfd-block acfd-block__headline mb-asm-1 container-fluid px-0 bg-default\">\n<div class=\"acfd-headline\">\n<h2 class='h2 text-left'>Vyroben\u00e9 pre z\u00e1hrady v\u0161etk\u00fdch ve\u013ekost\u00ed \u2013 pohodln\u00e9 a robustn\u00e9<\/h2>\n<\/p><\/div>\n<\/div>\n<div class=\"acfd-block acfd-block__twocolumns mb-asm-2 container-fluid px-0 bg-default\">\n<div class=\"acfd-twocolumns\">\n<div class=\"row\">\n<div class='col-lg-9 mb-4'>\n<div class=\"acfd-block acfd-block__text container-fluid px-0 bg-default\">\n<div class=\"acfd-text\">\n<p>Vyroben\u00e9 pre z\u00e1hrady v\u0161etk\u00fdch ve\u013ekost\u00ed. Pln\u00e9 funkci\u00ed, ktor\u00e9 n\u00e1jdete aj u jeho v\u00e4\u010d\u0161\u00edch s\u00farodencov. Doprajte si vy\u0161\u0161\u00ed komfort a v\u00fdkon.<\/p>\n<p>S pr\u00e9miov\u00fdm motorom Kawasaki, \u0161\u00edrkou z\u00e1beru 132 cm, zv\u00e1ran\u00fdm \u017eac\u00edm \u00fastrojenstvom a mno\u017estvom pohodlia je IKON XD ide\u00e1lnou kosa\u010dkou pre v\u00e4\u010d\u0161ie tr\u00e1vniky.<\/p>\n<ul>\n<li>\n<p>IKON XD 52 disponuje: 132 cm (52&#8243;) zv\u00e1ran\u00fdm \u017eac\u00edm \u00fastrojenstvom z 11-gauge ocele.<\/p>\n<\/li>\n<li>\n<p>Motor Kawasaki<sup>&reg;<\/sup> FR691, 726\u202fcc.<\/p>\n<\/li>\n<li>\n<p>Nastavenie v\u00fd\u0161ky kosenia pomocou oto\u010dn\u00e9ho voli\u010da s 13 polohami.<\/p>\n<\/li>\n<li>\n<p>R\u00e1m z r\u00farkovej ocele.<\/p>\n<\/li>\n<li>\n<p>Komfortn\u00e9 vysok\u00e9 sedadlo s opierkami r\u00fak a polstrovan\u00fdmi ovl\u00e1dac\u00edmi ramenami.<\/p>\n<\/li>\n<li>\n<p>Dostupn\u00e1 \u0161irok\u00e1 ponuka volite\u013en\u00e9ho pr\u00edslu\u0161enstva.<\/p>\n<\/li>\n<li>\n<p>Z\u00e1ruka 3 roky alebo 300 prev\u00e1dzkov\u00fdch hod\u00edn.<\/p>\n<\/li>\n<\/ul>\n<\/div>\n<\/div><\/div>\n<div class='col-lg'>                    <\/div>\n<\/p><\/div>\n<\/div>\n<\/div>\n<div class=\"acfd-block acfd-block__category mb-asm-3 container-fluid px-0 bg-default\">\n<div class=\"acfd-product-categories\">\n<h2 class=\"text-left mb-3\">\n        Eins\u00e4tze    <\/h2>\n<div class=\"product-categories_wrapper\">\n         <span data-description=\"Ste poskytovate\u013e slu\u017eieb, spr\u00e1vcovsk\u00e1 firma alebo pravidelne udr\u017eiavate v\u00e4\u010d\u0161ie plochy? Potom v\u00e1m poloprofesion\u00e1lny stroj pon\u00fakne v\u00fdkon a odolnos\u0165 potrebn\u00fa na spo\u013eahliv\u00e9 zvl\u00e1dnutie kosenia.\" class=\"product-category-single\"> Semi-Pro                <sup><i class=\"fa fa-info-circle\" aria-hidden=\"true\"><\/i><\/sup>            <\/span>  <span data-description=\"M\u00e1te vo svojej z\u00e1hrade alebo okolo svojho pozemku kr\u00e1sny tr\u00e1vnik? Chcete ho pravidelne udr\u017eiava\u0165 od polovice marca? V z\u00e1vislosti od z\u00e1beru kosenia na\u0161e kosa\u010dky zvl\u00e1dnu v\u0161etky ve\u013ekosti z\u00e1hrad.\" class=\"product-category-single\"> S\u00fakromn\u00e9 zelen\u00e9 plochy                <sup><i class=\"fa fa-info-circle\" aria-hidden=\"true\"><\/i><\/sup>            <\/span>  <span data-description=\"Na\u0161e kosa\u010dky s\u00fa vybaven\u00e9 vysoko kvalitn\u00fdmi motormi Kawasaki<sup>&reg;<\/sup> alebo Ariens. Poskytuj\u00fa nadpriemern\u00fd v\u00fdkon a spo\u013eahlivos\u0165.\" class=\"product-category-single\"> Benz\u00edn                <sup><i class=\"fa fa-info-circle\" aria-hidden=\"true\"><\/i><\/sup>            <\/span>  <span data-description=\"Pri pou\u017eit\u00ed vhodnej sady na mul\u010dovanie vo va\u0161ej kosa\u010dke u\u017e nie je potrebn\u00fd bo\u010dn\u00fd v\u00fdhoz. Pokosen\u00e1 tr\u00e1va je jemne rozsekan\u00e1 a rovnomerne rozlo\u017een\u00e1 dozadu na tr\u00e1vnik. Aplikovan\u00e9 hnojivo zost\u00e1va na povrchu a jemn\u00e9 \u010dasti tr\u00e1vy takmer nevidite\u013ene vnikaj\u00fa do tr\u00e1vnika.\" class=\"product-category-single\"> Volite\u013en\u00e1 sada na mul\u010dovanie                <sup><i class=\"fa fa-info-circle\" aria-hidden=\"true\"><\/i><\/sup>            <\/span>  <span data-description=\"Kosa\u010dky Ariens so sedadlom pon\u00fakaj\u00fa vysok\u00fd komfort. Pou\u017e\u00edvame kvalitn\u00e9 sedadl\u00e1 u\u017e od z\u00e1kladn\u00fdch modelov. Samozrejmos\u0165ou je dostatok priestoru na nohy a ergonomick\u00e9 ovl\u00e1danie.\" class=\"product-category-single\"> Ride-On kosa\u010dky (so sedadlom)                <sup><i class=\"fa fa-info-circle\" aria-hidden=\"true\"><\/i><\/sup>            <\/span>  <span data-description=\"Pri modeloch APEX a ZENITH m\u00e1te na v\u00fdber medzi kosa\u010dkami s bo\u010dn\u00fdm a zadn\u00fdm v\u00fdhozom. Kosa\u010dka s bo\u010dn\u00fdm v\u00fdhozom vyhadzuje pokosen\u00fa tr\u00e1vu cez bo\u010dn\u00fd otvor a deflektor. Siln\u00fd pr\u00fad vzduchu ju n\u00e1sledne rozpt\u00fdli na ve\u013ek\u00fa plochu. Do kosa\u010diek s bo\u010dn\u00fdm v\u00fdhozom je mo\u017en\u00e9 namontova\u0165 volite\u013en\u00fa mul\u010dovaciu sadu. Pri pou\u017eit\u00ed mul\u010dovacej sady je tr\u00e1va jemne posekan\u00e1 a vyhadzovan\u00e1 dozadu. Bo\u010dn\u00fd v\u00fdhoz a deflektor sa potom uzavr\u00fa alebo odstr\u00e1nia.\" class=\"product-category-single\"> Bo\u010dn\u00fd v\u00fdhoz                <sup><i class=\"fa fa-info-circle\" aria-hidden=\"true\"><\/i><\/sup>            <\/span>  <span data-description=\"V\u0161etky kosa\u010dky Ariens s\u00fa vhodn\u00e9 na kosenie rovn\u00fdch tr\u00e1vnikov. Vyberte si \u0161\u00edrku z\u00e1beru pod\u013ea ve\u013ekosti plochy a pr\u00edpadn\u00fdch z\u00fa\u017een\u00fdch miest.\" class=\"product-category-single\"> Rovn\u00fd ter\u00e9n                <sup><i class=\"fa fa-info-circle\" aria-hidden=\"true\"><\/i><\/sup>            <\/span>  <span data-description=\"Kosa\u010dky Ariens si dobre poradia s vlnit\u00fdm ter\u00e9nom. Pre vlnit\u00fd ter\u00e9n vyberajte u\u017e\u0161ie z\u00e1bery kosenia pre rovnomernej\u0161\u00ed rez.\" class=\"product-category-single\"> Vlnit\u00fd ter\u00e9n                <sup><i class=\"fa fa-info-circle\" aria-hidden=\"true\"><\/i><\/sup>            <\/span>  <span data-description=\"Najlep\u0161ie je zvoli\u0165 stroj so \u0161irok\u00fdmi kolesami. Neprekra\u010dujte stanoven\u00fd bezpe\u010dnostn\u00fd limit sklonu \u2013 15\u00b0 pre pojazdn\u00e9 kosa\u010dky a 20\u00b0 pre stojace modely. Na zvlnenom ter\u00e9ne odpor\u00fa\u010dame u\u017e\u0161ie \u017eacie \u00fastrojenstvo pre rovnomernej\u0161\u00ed v\u00fdsledok kosenia. Model ZENITH m\u00e1 \u0161tandardne ochranu proti prevr\u00e1teniu. Na model APEX ju mo\u017eno dodato\u010dne namontova\u0165.\" class=\"product-category-single\"> Kopcovit\u00fd ter\u00e9n                <sup><i class=\"fa fa-info-circle\" aria-hidden=\"true\"><\/i><\/sup>            <\/span>  <span data-description=\"Pou\u017e\u00edvajte z\u00e1ber kosenia 107 cm a 122 cm na stredne ve\u013ek\u00fdch a\u017e ve\u013ek\u00fdch tr\u00e1vnikoch.\" class=\"product-category-single\"> Stredne ve\u013ek\u00e9 plochy                <sup><i class=\"fa fa-info-circle\" aria-hidden=\"true\"><\/i><\/sup>            <\/span>  <span data-description=\"Na ve\u013ek\u00fdch ploch\u00e1ch sa efekt\u00edvne vyu\u017e\u00edvaj\u00fa \u017eacie \u00fastrojenstv\u00e1 so \u0161\u00edrkou 132 cm a 152 cm.\" class=\"product-category-single\"> Ve\u013ek\u00e9 plochy                <sup><i class=\"fa fa-info-circle\" aria-hidden=\"true\"><\/i><\/sup>            <\/span>     <\/div>\n<\/div>\n<\/div>\n<div class=\"acfd-block acfd-block__twocolumns mb-asm-2 container-fluid container-fluid--force px-0 bg-default\">\n<div class=\"acfd-twocolumns\">\n<div class=\"row\">\n<div class='col-lg-12 mb-4'>\n<div class=\"acfd-product-advantages--wrapper\">\n<h2 class=\"h1 bigger text-color-black text-center mb-5\">\n        Merkmale &amp; Vorteile    <\/h2>\n<div class=\"acfd-product-advantages\">\n<div class=\"row\">\n<div class=\"col-md-6 mb-4 content\">\n                    <span class=\"d-block h5 text-color-brand mb-1\">Ve\u013ek\u00e9 pneumatiky<\/span><\/p>\n<p>Ve\u013ekopriemerov\u00e9 pneumatiky so \u0161irok\u00fdm dez\u00e9nom pon\u00fakaj\u00fa vynikaj\u00facu trakciu a plynul\u00fa, pohodln\u00fa jazdu.<\/p>\n<\/p><\/div>\n<div class=\"col-md-6 mb4 image\" style=\"background-image:url(https:\/\/www.ariens.eu\/sk\/wp-content\/uploads\/sites\/18\/2024\/05\/ariens-ikon-xd-zero-turn-large-tyres-1.webp)\">\n                <\/div>\n<\/p><\/div>\n<div class=\"row\">\n<div class=\"col-md-6 mb-4 content\">\n                    <span class=\"d-block h5 text-color-brand mb-1\">Integrovan\u00e9 hydrostatick\u00e9 motory n\u00e1honu kolies<\/span><\/p>\n<p>Plynule menite\u013en\u00fd hydrostatick\u00fd pohon (kombin\u00e1cia olejov\u00e9ho \u010derpadla, olejov\u00e9ho motora a mechanickej prevodovky v jednom puzdre) poskytuje obrovsk\u00fd kr\u00fatiaci moment 291 Nm a zabezpe\u010duje plynul\u00fa jazdu a najpresnej\u0161ie reakcie. Je tie\u017e bez\u00fadr\u017ebov\u00fd.<\/p>\n<\/p><\/div>\n<div class=\"col-md-6 mb4 image\" style=\"background-image:url(https:\/\/www.ariens.eu\/sk\/wp-content\/uploads\/sites\/18\/2024\/05\/ariens-ikon-xd-zero-turn-hydro-gear-ezt-transaxles-1.webp)\">\n                <\/div>\n<\/p><\/div>\n<div class=\"row\">\n<div class=\"col-md-6 mb-4 content\">\n                    <span class=\"d-block h5 text-color-brand mb-1\">Oto\u010dn\u00fd prep\u00edna\u010d na nastavenie v\u00fd\u0161ky kosenia<\/span><\/p>\n<p>Ergonomick\u00fd r\u00fdchly prep\u00edna\u010d umo\u017e\u0148uje v\u00fdber z 13 v\u00fd\u0161ok kosenia v rozmedz\u00ed od 3,8 cm do 11,4 cm. Zdv\u00edhanie \u017eacieho \u00fastrojenstva je pohodln\u00e9 pomocou no\u017en\u00e9ho ped\u00e1la.<\/p>\n<\/p><\/div>\n<div class=\"col-md-6 mb4 image\" style=\"background-image:url(https:\/\/www.ariens.eu\/sk\/wp-content\/uploads\/sites\/18\/2024\/05\/ariens-ikon-xd-zero-turn-cutting-height-dial-adjustment-1.jpg)\">\n                <\/div>\n<\/p><\/div>\n<div class=\"row\">\n<div class=\"col-md-6 mb-4 content\">\n                    <span class=\"d-block h5 text-color-brand mb-1\">Pr\u00e9miov\u00e9 motory<\/span><\/p>\n<p>Zna\u010dka Kawasaki je z\u00e1rukou absol\u00fatnej spo\u013eahlivosti, vysok\u00e9ho v\u00fdkonu a dlhodobej odolnosti motorov. Motor s objemom 726 cm\u00b3, OHV, 4-taktn\u00fd. Max. v\u00fdkon 15,4 kW (20,6 hp) pri 3 600 ot.\/min.<\/p>\n<\/p><\/div>\n<div class=\"col-md-6 mb4 image\" style=\"background-image:url(https:\/\/www.ariens.eu\/sk\/wp-content\/uploads\/sites\/18\/2024\/05\/ariens-ikon-xd-zero-turn-kawasaki-engine-1.webp)\">\n                <\/div>\n<\/p><\/div>\n<\/p><\/div>\n<\/div><\/div>\n<div class='col-lg'>                    <\/div>\n<\/p><\/div>\n<\/div>\n<\/div>\n","protected":false},"excerpt":{"rendered":"<p>Vyroben\u00e9 pre z\u00e1hrady v\u0161etk\u00fdch ve\u013ekost\u00ed \u2013 pohodln\u00e9 a robustn\u00e9 Vyroben\u00e9 pre z\u00e1hrady v\u0161etk\u00fdch ve\u013ekost\u00ed. Pln\u00e9 funkci\u00ed, ktor\u00e9 n\u00e1jdete aj u jeho v\u00e4\u010d\u0161\u00edch s\u00farodencov. Doprajte si vy\u0161\u0161\u00ed komfort a v\u00fdkon. S pr\u00e9miov\u00fdm motorom Kawasaki, \u0161\u00edrkou z\u00e1beru 132 cm, zv\u00e1ran\u00fdm \u017eac\u00edm \u00fastrojenstvom a mno\u017estvom pohodlia je IKON XD ide\u00e1lnou kosa\u010dkou pre v\u00e4\u010d\u0161ie tr\u00e1vniky. IKON XD 52 disponuje: [&hellip;]<\/p>\n","protected":false},"featured_media":2683,"comment_status":"open","ping_status":"closed","template":"","meta":{"_acf_changed":false,"_relevanssi_hide_post":"","_relevanssi_hide_content":"","_relevanssi_pin_for_all":"","_relevanssi_pin_keywords":"","_relevanssi_unpin_keywords":"","_relevanssi_related_keywords":"","_relevanssi_related_include_ids":"","_relevanssi_related_exclude_ids":"","_relevanssi_related_no_append":"","_relevanssi_related_not_related":"","_relevanssi_related_posts":"","_relevanssi_noindex_reason":""},"product_brand":[],"product_cat":[15],"product_tag":[],"class_list":{"0":"post-2328","1":"product","2":"type-product","3":"status-publish","4":"has-post-thumbnail","6":"product_usage_areas-poskytovatelia-sluzieb","7":"product_usage_areas-rekreacne-zariadenia","8":"product_usage_areas-sprava-objektov","9":"product_usage_areas-sukromne-zahrady","11":"first","12":"instock","13":"shipping-taxable","14":"product-type-simple"},"acf":[],"yoast_head":"<!-- This site is optimized with the Yoast SEO plugin v27.3 - https:\/\/yoast.com\/product\/yoast-seo-wordpress\/ -->\n<title>IKON XD 52 \u2013 Pre stredn\u00e9 a ve\u013ek\u00e9 tr\u00e1vniky | Ariens kosa\u010dka<\/title>\n<meta name=\"description\" content=\"IKON XD 52 je vybaven\u00fd pr\u00e9miov\u00fdm motorom Kawasaki FR691 726\u202fcc a plne lisovan\u00fdm 132\u202fcm (52&quot;) \u017eac\u00edm \u00fastrojenstvom, v\u010faka \u010domu je ide\u00e1lny pre v\u00e4\u010d\u0161ie tr\u00e1vniky.\" \/>\n<meta name=\"robots\" content=\"noindex, follow, max-snippet:-1, max-image-preview:large, max-video-preview:-1\" \/>\n<meta property=\"og:locale\" content=\"sk_SK\" \/>\n<meta property=\"og:type\" content=\"article\" \/>\n<meta property=\"og:title\" content=\"IKON XD 52 \u2013 Pre stredn\u00e9 a ve\u013ek\u00e9 tr\u00e1vniky | Ariens kosa\u010dka\" \/>\n<meta property=\"og:description\" content=\"IKON XD 52 je vybaven\u00fd pr\u00e9miov\u00fdm motorom Kawasaki FR691 726\u202fcc a plne lisovan\u00fdm 132\u202fcm (52&quot;) \u017eac\u00edm \u00fastrojenstvom, v\u010faka \u010domu je ide\u00e1lny pre v\u00e4\u010d\u0161ie tr\u00e1vniky.\" \/>\n<meta property=\"og:url\" content=\"https:\/\/www.ariens.eu\/sk\/product\/ikon-xd-52\/\" \/>\n<meta property=\"og:site_name\" content=\"Ariens |\u00a0EMEAA\" \/>\n<meta property=\"article:modified_time\" content=\"2025-08-13T09:17:44+00:00\" \/>\n<meta property=\"og:image\" content=\"https:\/\/www.ariens.eu\/sk\/wp-content\/uploads\/sites\/18\/2024\/05\/2022-ariens-ikon-xd-52-zero-turn-front-left-1.webp\" \/>\n\t<meta property=\"og:image:width\" content=\"1280\" \/>\n\t<meta property=\"og:image:height\" content=\"925\" \/>\n\t<meta property=\"og:image:type\" content=\"image\/webp\" \/>\n<meta name=\"twitter:card\" content=\"summary_large_image\" \/>\n<meta name=\"twitter:label1\" content=\"Predpokladan\u00fd \u010das \u010d\u00edtania\" \/>\n\t<meta name=\"twitter:data1\" content=\"2 min\u00faty\" \/>\n<script type=\"application\/ld+json\" class=\"yoast-schema-graph\">{\"@context\":\"https:\\\/\\\/schema.org\",\"@graph\":[{\"@type\":\"WebPage\",\"@id\":\"https:\\\/\\\/www.ariens.eu\\\/sk\\\/product\\\/ikon-xd-52\\\/\",\"url\":\"https:\\\/\\\/www.ariens.eu\\\/sk\\\/product\\\/ikon-xd-52\\\/\",\"name\":\"IKON XD 52 \u2013 Pre stredn\u00e9 a ve\u013ek\u00e9 tr\u00e1vniky | Ariens kosa\u010dka\",\"isPartOf\":{\"@id\":\"https:\\\/\\\/www.ariens.eu\\\/sk\\\/#website\"},\"primaryImageOfPage\":{\"@id\":\"https:\\\/\\\/www.ariens.eu\\\/sk\\\/product\\\/ikon-xd-52\\\/#primaryimage\"},\"image\":{\"@id\":\"https:\\\/\\\/www.ariens.eu\\\/sk\\\/product\\\/ikon-xd-52\\\/#primaryimage\"},\"thumbnailUrl\":\"https:\\\/\\\/www.ariens.eu\\\/sk\\\/wp-content\\\/uploads\\\/sites\\\/18\\\/2024\\\/05\\\/2022-ariens-ikon-xd-52-zero-turn-front-left-1.webp\",\"datePublished\":\"2024-05-10T10:04:36+00:00\",\"dateModified\":\"2025-08-13T09:17:44+00:00\",\"description\":\"IKON XD 52 je vybaven\u00fd pr\u00e9miov\u00fdm motorom Kawasaki FR691 726\u202fcc a plne lisovan\u00fdm 132\u202fcm (52\\\") \u017eac\u00edm \u00fastrojenstvom, v\u010faka \u010domu je ide\u00e1lny pre v\u00e4\u010d\u0161ie tr\u00e1vniky.\",\"breadcrumb\":{\"@id\":\"https:\\\/\\\/www.ariens.eu\\\/sk\\\/product\\\/ikon-xd-52\\\/#breadcrumb\"},\"inLanguage\":\"sk-SK\",\"potentialAction\":[{\"@type\":\"ReadAction\",\"target\":[\"https:\\\/\\\/www.ariens.eu\\\/sk\\\/product\\\/ikon-xd-52\\\/\"]}]},{\"@type\":\"ImageObject\",\"inLanguage\":\"sk-SK\",\"@id\":\"https:\\\/\\\/www.ariens.eu\\\/sk\\\/product\\\/ikon-xd-52\\\/#primaryimage\",\"url\":\"https:\\\/\\\/www.ariens.eu\\\/sk\\\/wp-content\\\/uploads\\\/sites\\\/18\\\/2024\\\/05\\\/2022-ariens-ikon-xd-52-zero-turn-front-left-1.webp\",\"contentUrl\":\"https:\\\/\\\/www.ariens.eu\\\/sk\\\/wp-content\\\/uploads\\\/sites\\\/18\\\/2024\\\/05\\\/2022-ariens-ikon-xd-52-zero-turn-front-left-1.webp\",\"width\":1280,\"height\":925},{\"@type\":\"BreadcrumbList\",\"@id\":\"https:\\\/\\\/www.ariens.eu\\\/sk\\\/product\\\/ikon-xd-52\\\/#breadcrumb\",\"itemListElement\":[{\"@type\":\"ListItem\",\"position\":1,\"name\":\"Home\",\"item\":\"https:\\\/\\\/www.ariens.eu\\\/sk\\\/\"},{\"@type\":\"ListItem\",\"position\":2,\"name\":\"Obchod\",\"item\":\"https:\\\/\\\/www.ariens.eu\\\/sk\\\/obchod\\\/\"},{\"@type\":\"ListItem\",\"position\":3,\"name\":\"IKON XD 52\"}]},{\"@type\":\"WebSite\",\"@id\":\"https:\\\/\\\/www.ariens.eu\\\/sk\\\/#website\",\"url\":\"https:\\\/\\\/www.ariens.eu\\\/sk\\\/\",\"name\":\"Ariens | EMEAA\",\"description\":\"Powerful and reliable zero-turn mowers &amp; snow blowers for professional users and demanding private customers\",\"publisher\":{\"@id\":\"https:\\\/\\\/www.ariens.eu\\\/sk\\\/#organization\"},\"potentialAction\":[{\"@type\":\"SearchAction\",\"target\":{\"@type\":\"EntryPoint\",\"urlTemplate\":\"https:\\\/\\\/www.ariens.eu\\\/sk\\\/?s={search_term_string}\"},\"query-input\":{\"@type\":\"PropertyValueSpecification\",\"valueRequired\":true,\"valueName\":\"search_term_string\"}}],\"inLanguage\":\"sk-SK\"},{\"@type\":\"Organization\",\"@id\":\"https:\\\/\\\/www.ariens.eu\\\/sk\\\/#organization\",\"name\":\"AriensCo GmbH\",\"url\":\"https:\\\/\\\/www.ariens.eu\\\/sk\\\/\",\"logo\":{\"@type\":\"ImageObject\",\"inLanguage\":\"sk-SK\",\"@id\":\"https:\\\/\\\/www.ariens.eu\\\/sk\\\/#\\\/schema\\\/logo\\\/image\\\/\",\"url\":\"https:\\\/\\\/www.ariens.eu\\\/wp-content\\\/uploads\\\/2024\\\/11\\\/ariens-co-logo.jpg\",\"contentUrl\":\"https:\\\/\\\/www.ariens.eu\\\/wp-content\\\/uploads\\\/2024\\\/11\\\/ariens-co-logo.jpg\",\"width\":1000,\"height\":1000,\"caption\":\"AriensCo GmbH\"},\"image\":{\"@id\":\"https:\\\/\\\/www.ariens.eu\\\/sk\\\/#\\\/schema\\\/logo\\\/image\\\/\"}}]}<\/script>\n<!-- \/ Yoast SEO plugin. -->","yoast_head_json":{"title":"IKON XD 52 \u2013 Pre stredn\u00e9 a ve\u013ek\u00e9 tr\u00e1vniky | Ariens kosa\u010dka","description":"IKON XD 52 je vybaven\u00fd pr\u00e9miov\u00fdm motorom Kawasaki FR691 726\u202fcc a plne lisovan\u00fdm 132\u202fcm (52\") \u017eac\u00edm \u00fastrojenstvom, v\u010faka \u010domu je ide\u00e1lny pre v\u00e4\u010d\u0161ie tr\u00e1vniky.","robots":{"index":"noindex","follow":"follow","max-snippet":"max-snippet:-1","max-image-preview":"max-image-preview:large","max-video-preview":"max-video-preview:-1"},"og_locale":"sk_SK","og_type":"article","og_title":"IKON XD 52 \u2013 Pre stredn\u00e9 a ve\u013ek\u00e9 tr\u00e1vniky | Ariens kosa\u010dka","og_description":"IKON XD 52 je vybaven\u00fd pr\u00e9miov\u00fdm motorom Kawasaki FR691 726\u202fcc a plne lisovan\u00fdm 132\u202fcm (52\") \u017eac\u00edm \u00fastrojenstvom, v\u010faka \u010domu je ide\u00e1lny pre v\u00e4\u010d\u0161ie tr\u00e1vniky.","og_url":"https:\/\/www.ariens.eu\/sk\/product\/ikon-xd-52\/","og_site_name":"Ariens |\u00a0EMEAA","article_modified_time":"2025-08-13T09:17:44+00:00","og_image":[{"width":1280,"height":925,"url":"https:\/\/www.ariens.eu\/sk\/wp-content\/uploads\/sites\/18\/2024\/05\/2022-ariens-ikon-xd-52-zero-turn-front-left-1.webp","type":"image\/webp"}],"twitter_card":"summary_large_image","twitter_misc":{"Predpokladan\u00fd \u010das \u010d\u00edtania":"2 min\u00faty"},"schema":{"@context":"https:\/\/schema.org","@graph":[{"@type":"WebPage","@id":"https:\/\/www.ariens.eu\/sk\/product\/ikon-xd-52\/","url":"https:\/\/www.ariens.eu\/sk\/product\/ikon-xd-52\/","name":"IKON XD 52 \u2013 Pre stredn\u00e9 a ve\u013ek\u00e9 tr\u00e1vniky | Ariens kosa\u010dka","isPartOf":{"@id":"https:\/\/www.ariens.eu\/sk\/#website"},"primaryImageOfPage":{"@id":"https:\/\/www.ariens.eu\/sk\/product\/ikon-xd-52\/#primaryimage"},"image":{"@id":"https:\/\/www.ariens.eu\/sk\/product\/ikon-xd-52\/#primaryimage"},"thumbnailUrl":"https:\/\/www.ariens.eu\/sk\/wp-content\/uploads\/sites\/18\/2024\/05\/2022-ariens-ikon-xd-52-zero-turn-front-left-1.webp","datePublished":"2024-05-10T10:04:36+00:00","dateModified":"2025-08-13T09:17:44+00:00","description":"IKON XD 52 je vybaven\u00fd pr\u00e9miov\u00fdm motorom Kawasaki FR691 726\u202fcc a plne lisovan\u00fdm 132\u202fcm (52\") \u017eac\u00edm \u00fastrojenstvom, v\u010faka \u010domu je ide\u00e1lny pre v\u00e4\u010d\u0161ie tr\u00e1vniky.","breadcrumb":{"@id":"https:\/\/www.ariens.eu\/sk\/product\/ikon-xd-52\/#breadcrumb"},"inLanguage":"sk-SK","potentialAction":[{"@type":"ReadAction","target":["https:\/\/www.ariens.eu\/sk\/product\/ikon-xd-52\/"]}]},{"@type":"ImageObject","inLanguage":"sk-SK","@id":"https:\/\/www.ariens.eu\/sk\/product\/ikon-xd-52\/#primaryimage","url":"https:\/\/www.ariens.eu\/sk\/wp-content\/uploads\/sites\/18\/2024\/05\/2022-ariens-ikon-xd-52-zero-turn-front-left-1.webp","contentUrl":"https:\/\/www.ariens.eu\/sk\/wp-content\/uploads\/sites\/18\/2024\/05\/2022-ariens-ikon-xd-52-zero-turn-front-left-1.webp","width":1280,"height":925},{"@type":"BreadcrumbList","@id":"https:\/\/www.ariens.eu\/sk\/product\/ikon-xd-52\/#breadcrumb","itemListElement":[{"@type":"ListItem","position":1,"name":"Home","item":"https:\/\/www.ariens.eu\/sk\/"},{"@type":"ListItem","position":2,"name":"Obchod","item":"https:\/\/www.ariens.eu\/sk\/obchod\/"},{"@type":"ListItem","position":3,"name":"IKON XD 52"}]},{"@type":"WebSite","@id":"https:\/\/www.ariens.eu\/sk\/#website","url":"https:\/\/www.ariens.eu\/sk\/","name":"Ariens | EMEAA","description":"Powerful and reliable zero-turn mowers &amp; snow blowers for professional users and demanding private customers","publisher":{"@id":"https:\/\/www.ariens.eu\/sk\/#organization"},"potentialAction":[{"@type":"SearchAction","target":{"@type":"EntryPoint","urlTemplate":"https:\/\/www.ariens.eu\/sk\/?s={search_term_string}"},"query-input":{"@type":"PropertyValueSpecification","valueRequired":true,"valueName":"search_term_string"}}],"inLanguage":"sk-SK"},{"@type":"Organization","@id":"https:\/\/www.ariens.eu\/sk\/#organization","name":"AriensCo GmbH","url":"https:\/\/www.ariens.eu\/sk\/","logo":{"@type":"ImageObject","inLanguage":"sk-SK","@id":"https:\/\/www.ariens.eu\/sk\/#\/schema\/logo\/image\/","url":"https:\/\/www.ariens.eu\/wp-content\/uploads\/2024\/11\/ariens-co-logo.jpg","contentUrl":"https:\/\/www.ariens.eu\/wp-content\/uploads\/2024\/11\/ariens-co-logo.jpg","width":1000,"height":1000,"caption":"AriensCo GmbH"},"image":{"@id":"https:\/\/www.ariens.eu\/sk\/#\/schema\/logo\/image\/"}}]}},"_links":{"self":[{"href":"https:\/\/www.ariens.eu\/sk\/wp-json\/wp\/v2\/product\/2328","targetHints":{"allow":["GET"]}}],"collection":[{"href":"https:\/\/www.ariens.eu\/sk\/wp-json\/wp\/v2\/product"}],"about":[{"href":"https:\/\/www.ariens.eu\/sk\/wp-json\/wp\/v2\/types\/product"}],"replies":[{"embeddable":true,"href":"https:\/\/www.ariens.eu\/sk\/wp-json\/wp\/v2\/comments?post=2328"}],"wp:featuredmedia":[{"embeddable":true,"href":"https:\/\/www.ariens.eu\/sk\/wp-json\/wp\/v2\/media\/2683"}],"wp:attachment":[{"href":"https:\/\/www.ariens.eu\/sk\/wp-json\/wp\/v2\/media?parent=2328"}],"wp:term":[{"taxonomy":"product_brand","embeddable":true,"href":"https:\/\/www.ariens.eu\/sk\/wp-json\/wp\/v2\/product_brand?post=2328"},{"taxonomy":"product_cat","embeddable":true,"href":"https:\/\/www.ariens.eu\/sk\/wp-json\/wp\/v2\/product_cat?post=2328"},{"taxonomy":"product_tag","embeddable":true,"href":"https:\/\/www.ariens.eu\/sk\/wp-json\/wp\/v2\/product_tag?post=2328"}],"curies":[{"name":"wp","href":"https:\/\/api.w.org\/{rel}","templated":true}]}}