{"id":2332,"date":"2024-05-10T11:04:36","date_gmt":"2024-05-10T10:04:36","guid":{"rendered":"https:\/\/www.ariens.eu\/product\/apex-52r\/"},"modified":"2026-02-25T10:39:39","modified_gmt":"2026-02-25T10:39:39","slug":"apex-52r","status":"publish","type":"product","link":"https:\/\/www.ariens.eu\/sk\/product\/zero-turn-kosacky\/seria-apex\/apex-52r","title":{"rendered":"APEX 52R"},"content":{"rendered":"<div class=\"acfd-block acfd-block__headline mb-asm-1 container-fluid px-0 bg-default\">\n<div class=\"acfd-headline\">\n<h2 class='h2 text-left'>Ur\u010den\u00e1 na pravideln\u00e9 kosenie a pre profesion\u00e1lnych poskytovate\u013eov slu\u017eieb<\/h2>\n<\/p><\/div>\n<\/div>\n<div class=\"acfd-block acfd-block__twocolumns mb-asm-1 container-fluid px-0 bg-default\">\n<div class=\"acfd-twocolumns\">\n<div class=\"row\">\n<div class='col-lg-9 mb-4'>\n<div class=\"acfd-block acfd-block__text container-fluid px-0 bg-default\">\n<div class=\"acfd-text\">\n<p>Vyroben\u00fd pre profesion\u00e1lnych poskytovate\u013eov slu\u017eieb, ktor\u00ed kosia \u010dasto. \u0160pi\u010dkov\u00e9 komponenty v motore, pohone a \u017eacom \u00fastrojenstve v kombin\u00e1cii s v\u00fdborn\u00fdm pomerom ceny a v\u00fdkonu.<\/p>\n<p>P\u00edsmeno \u201eR\u201c v n\u00e1zve APEX 52R znamen\u00e1 \u201ezadn\u00fd v\u00fdhoz\u201c. Pokosen\u00e1 tr\u00e1va sa vyhadzuje dozadu, medzi koles\u00e1. V\u00fdhoda: odrezky sa nedostan\u00fa na chodn\u00edky alebo do z\u00e1honov. S prvotriednym motorom Kawasaki FR691 V-Twin, ve\u013emi stabiln\u00fdm r\u00e1mom a profesion\u00e1lnym \u017eac\u00edm \u00fastrojenstvom so \u0161\u00edrkou z\u00e1beru 132 cm je ide\u00e1lny na komer\u010dn\u00e9 pou\u017eitie.<\/p>\n<ul>\n<li>\n<p>\u017dacie \u00fastrojenstvo so \u0161\u00edrkou z\u00e1beru 132 cm (52\u2033), vyroben\u00e9 z 10-gauge ocele, hlbok\u00e9 14 cm (5\u00bd\u201c) so zadn\u00fdm v\u00fdhozom.<\/p>\n<\/li>\n<li>\n<p>V\u00fdkonn\u00fd motor Kawasaki<sup>&reg;<\/sup> FR691 V-Twin 726 cm\u00b3.<\/p>\n<\/li>\n<li>\n<p>Pevn\u00fd, plne zv\u00e1ran\u00fd r\u00e1m z oce\u013eov\u00fdch r\u00farok \u2013 \u0161pi\u010dka v odvetv\u00ed.<\/p>\n<\/li>\n<li>\n<p>Technol\u00f3gia samonap\u00ednacieho nastavenia p\u00e1su.<\/p>\n<\/li>\n<li>\n<p>Vysok\u00e9 pohodln\u00e9 sedadlo s m\u00e4kk\u00fdmi podr\u00fa\u010dkami.<\/p>\n<\/li>\n<li>\n<p>No\u017en\u00e9, pru\u017einou asistovan\u00e9 zdv\u00edhanie \u017eacieho \u00fastrojenstva s 15 polohami nastavenia.<\/p>\n<\/li>\n<li>\n<p>Kon\u0161trukcia pripraven\u00e1 na mont\u00e1\u017e ochrann\u00e9ho r\u00e1mu proti prevr\u00e1teniu (ROPS).<\/p>\n<\/li>\n<li>\n<p>Dostupn\u00e1 \u0161irok\u00e1 \u0161k\u00e1la volite\u013en\u00fdch doplnkov.<\/p>\n<\/li>\n<li>\n<p>Z\u00e1ruka 4 roky alebo 500 prev\u00e1dzkov\u00fdch hod\u00edn.<\/p>\n<\/li>\n<\/ul>\n<\/div>\n<\/div><\/div>\n<div class='col-lg'>                    <\/div>\n<\/p><\/div>\n<\/div>\n<\/div>\n<div class=\"acfd-block acfd-block__category mb-asm-3 container-fluid px-0 bg-default\">\n<div class=\"acfd-product-categories\">\n<h2 class=\"text-left mb-3\">\n        Eins\u00e4tze    <\/h2>\n<div class=\"product-categories_wrapper\">\n         <span data-description=\"Ste poskytovate\u013e slu\u017eieb, spr\u00e1vcovsk\u00e1 firma alebo pravidelne udr\u017eiavate v\u00e4\u010d\u0161ie plochy? Potom v\u00e1m poloprofesion\u00e1lny stroj pon\u00fakne v\u00fdkon a odolnos\u0165 potrebn\u00fa na spo\u013eahliv\u00e9 zvl\u00e1dnutie kosenia.\" class=\"product-category-single\"> Semi-Pro                <sup><i class=\"fa fa-info-circle\" aria-hidden=\"true\"><\/i><\/sup>            <\/span>  <span data-description=\"Na\u0161e kosa\u010dky s\u00fa vybaven\u00e9 vysoko kvalitn\u00fdmi motormi Kawasaki<sup>&reg;<\/sup> alebo Ariens. Poskytuj\u00fa nadpriemern\u00fd v\u00fdkon a spo\u013eahlivos\u0165.\" class=\"product-category-single\"> Benz\u00edn                <sup><i class=\"fa fa-info-circle\" aria-hidden=\"true\"><\/i><\/sup>            <\/span>  <span data-description=\"Kosa\u010dky Ariens so sedadlom pon\u00fakaj\u00fa vysok\u00fd komfort. Pou\u017e\u00edvame kvalitn\u00e9 sedadl\u00e1 u\u017e od z\u00e1kladn\u00fdch modelov. Samozrejmos\u0165ou je dostatok priestoru na nohy a ergonomick\u00e9 ovl\u00e1danie.\" class=\"product-category-single\"> Ride-On kosa\u010dky (so sedadlom)                <sup><i class=\"fa fa-info-circle\" aria-hidden=\"true\"><\/i><\/sup>            <\/span>  <span data-description=\"Pri modeloch APEX a ZENITH m\u00e1te na v\u00fdber medzi bo\u010dn\u00fdm a zadn\u00fdm v\u00fdhozom kosa\u010dky. Kosa\u010dka so zadn\u00fdm v\u00fdhozom je uzavret\u00e1 po stran\u00e1ch a pokosen\u00e1 tr\u00e1va je vyhadzovan\u00e1 dozadu. V\u00fdhodou je, \u017ee \u017eiadna tr\u00e1va nespad\u00e1 na chodn\u00edky alebo z\u00e1hony a oproti mul\u010dovacej sade je mo\u017en\u00e9 dobre pokosi\u0165 aj vy\u0161\u0161iu tr\u00e1vu. Kosa\u010dky so zadn\u00fdm v\u00fdhozom sa \u010dasto pou\u017e\u00edvaj\u00fa v komun\u00e1lnom sektore.\" class=\"product-category-single\"> Zadn\u00fd v\u00fdhoz                <sup><i class=\"fa fa-info-circle\" aria-hidden=\"true\"><\/i><\/sup>            <\/span>  <span data-description=\"V\u0161etky kosa\u010dky Ariens s\u00fa vhodn\u00e9 na kosenie rovn\u00fdch tr\u00e1vnikov. Vyberte si \u0161\u00edrku z\u00e1beru pod\u013ea ve\u013ekosti plochy a pr\u00edpadn\u00fdch z\u00fa\u017een\u00fdch miest.\" class=\"product-category-single\"> Rovn\u00fd ter\u00e9n                <sup><i class=\"fa fa-info-circle\" aria-hidden=\"true\"><\/i><\/sup>            <\/span>  <span data-description=\"Kosa\u010dky Ariens si dobre poradia s vlnit\u00fdm ter\u00e9nom. Pre vlnit\u00fd ter\u00e9n vyberajte u\u017e\u0161ie z\u00e1bery kosenia pre rovnomernej\u0161\u00ed rez.\" class=\"product-category-single\"> Vlnit\u00fd ter\u00e9n                <sup><i class=\"fa fa-info-circle\" aria-hidden=\"true\"><\/i><\/sup>            <\/span>  <span data-description=\"Najlep\u0161ie je zvoli\u0165 stroj so \u0161irok\u00fdmi kolesami. Neprekra\u010dujte stanoven\u00fd bezpe\u010dnostn\u00fd limit sklonu \u2013 15\u00b0 pre pojazdn\u00e9 kosa\u010dky a 20\u00b0 pre stojace modely. Na zvlnenom ter\u00e9ne odpor\u00fa\u010dame u\u017e\u0161ie \u017eacie \u00fastrojenstvo pre rovnomernej\u0161\u00ed v\u00fdsledok kosenia. Model ZENITH m\u00e1 \u0161tandardne ochranu proti prevr\u00e1teniu. Na model APEX ju mo\u017eno dodato\u010dne namontova\u0165.\" class=\"product-category-single\"> Kopcovit\u00fd ter\u00e9n                <sup><i class=\"fa fa-info-circle\" aria-hidden=\"true\"><\/i><\/sup>            <\/span>  <span data-description=\"Na ve\u013ek\u00fdch ploch\u00e1ch sa efekt\u00edvne vyu\u017e\u00edvaj\u00fa \u017eacie \u00fastrojenstv\u00e1 so \u0161\u00edrkou 132 cm a 152 cm.\" class=\"product-category-single\"> Ve\u013ek\u00e9 plochy                <sup><i class=\"fa fa-info-circle\" aria-hidden=\"true\"><\/i><\/sup>            <\/span>     <\/div>\n<\/div>\n<\/div>\n<div class=\"acfd-block acfd-block__twocolumns mb-asm-2 container-fluid container-fluid--force px-0 bg-default\">\n<div class=\"acfd-twocolumns\">\n<div class=\"row\">\n<div class='col-lg-12 mb-4'>\n<div class=\"acfd-product-advantages--wrapper\">\n<h2 class=\"h1 bigger text-color-black text-center mb-5\">\n        Merkmale &amp; Vorteile    <\/h2>\n<div class=\"acfd-product-advantages\">\n<div class=\"row\">\n<div class=\"col-md-6 mb-4 content\">\n                    <span class=\"d-block h5 text-color-brand mb-1\">Zakr\u00faten\u00fd r\u00e1m z oce\u013eov\u00fdch trubiek<\/span><\/p>\n<p>R\u00e1m, cel\u00fd vyroben\u00fd z oce\u013eov\u00fdch trubiek, tvor\u00ed kostru kosa\u010dky. Po mnoho rokov nesie cel\u00fa z\u00e1\u0165a\u017e stroja a mus\u00ed dlhodobo zvl\u00e1da\u0165 n\u00e1razy a vibr\u00e1cie. Modern\u00e1 technol\u00f3gia oh\u00fdbania zabra\u0148uje vzniku slab\u00fdch miest sp\u00f4soben\u00fdch zv\u00e1ran\u00fdmi spojmi.<\/p>\n<\/p><\/div>\n<div class=\"col-md-6 mb4 image\" style=\"background-image:url(https:\/\/www.ariens.eu\/sk\/wp-content\/uploads\/sites\/18\/2024\/05\/apex-feature-frame.png)\">\n                <\/div>\n<\/p><\/div>\n<div class=\"row\">\n<div class=\"col-md-6 mb-4 content\">\n                    <span class=\"d-block h5 text-color-brand mb-1\">Nov\u00e9 \u017eacie \u00fastrojenstvo ENVY<\/span><\/p>\n<p>\u017dacie \u00fastrojenstvo je najviac nam\u00e1hanou s\u00fa\u010das\u0165ou kosa\u010dky. Stabilita je preto obzvl\u00e1\u0161\u0165 d\u00f4le\u017eit\u00e1: nov\u00e9 \u017eacie \u00fastrojenstvo ENVY m\u00e1 vylep\u0161en\u00fd prietok vzduchu a zv\u00e4\u010d\u0161en\u00fd v\u00fdhoz. Pokosen\u00e1 tr\u00e1va sa zdvihne vy\u0161\u0161ie a je dokonale pokosen\u00e1. \u017dacia plocha je upevnen\u00e1 pomocou \u0161tvorbodov\u00e9ho zavesenia pre trval\u00fa fix\u00e1ciu a zachovanie paralelnosti. Okrem toho s\u00fa vreten\u00e1 no\u017eov vyroben\u00e9 z kovanej hlin\u00edkovej zliatiny, ktor\u00e1 zabezpe\u010duje chladnej\u0161\u00ed chod a v\u00e4\u010d\u0161iu odolnos\u0165 proti n\u00e1razom a vibr\u00e1ci\u00e1m v porovnan\u00ed s liatymi vretenami. T\u00e1to v\u00fdbava bude \u0161tandardom po\u010das sez\u00f3ny 2025 na modeloch APEX, ZENITH a novom modeli IKON.<\/p>\n<\/p><\/div>\n<div class=\"col-md-6 mb4 image\" style=\"background-image:url(https:\/\/www.ariens.eu\/sk\/wp-content\/uploads\/sites\/18\/2024\/08\/envy-deck-52.png)\">\n                <\/div>\n<\/p><\/div>\n<div class=\"row\">\n<div class=\"col-md-6 mb-4 content\">\n                    <span class=\"d-block h5 text-color-brand mb-1\">Automatick\u00fd syst\u00e9m nap\u00ednania remena<\/span><\/p>\n<p>Automatick\u00e1 technol\u00f3gia CBT (Constant Belt Tension \u2013 kon\u0161tantn\u00e9 nap\u00e4tie remena) udr\u017eiava nap\u00e4tie remena kosa\u010dky st\u00e1le na rovnakej \u00farovni. To predl\u017euje \u017eivotnos\u0165 remena, kompenzuje opotrebenie a zabra\u0148uje \u0161myku remena, \u010do zabezpe\u010duje konzistentne kvalitn\u00fd strih.<\/p>\n<\/p><\/div>\n<div class=\"col-md-6 mb4 image\" style=\"background-image:url(https:\/\/www.ariens.eu\/sk\/wp-content\/uploads\/sites\/18\/2024\/05\/apex-feature-3.webp)\">\n                <\/div>\n<\/p><\/div>\n<div class=\"row\">\n<div class=\"col-md-6 mb-4 content\">\n                    <span class=\"d-block h5 text-color-brand mb-1\">Zdv\u00edhanie \u017eacej plochy no\u017en\u00fdm ped\u00e1lom<\/span><\/p>\n<p>Pevn\u00e9 \u017eacie \u00fastrojenstvo sa jednoducho a bez n\u00e1mahy zdv\u00edha pomocou no\u017en\u00e9ho ped\u00e1la. V\u00fd\u0161ku kosenia si m\u00f4\u017eete nastavi\u0165 z 15 \u00farovn\u00ed v rozmedz\u00ed 3,8 a\u017e 12,7 cm zasunut\u00edm kovovej z\u00e1padky do pr\u00edslu\u0161n\u00e9ho otvoru na displeji.<\/p>\n<\/p><\/div>\n<div class=\"col-md-6 mb4 image\" style=\"background-image:url(https:\/\/www.ariens.eu\/sk\/wp-content\/uploads\/sites\/18\/2024\/08\/cutting-height-adjustment-1.png)\">\n                <\/div>\n<\/p><\/div>\n<div class=\"row\">\n<div class=\"col-md-6 mb-4 content\">\n                    <span class=\"d-block h5 text-color-brand mb-1\">Jednoduch\u00fd pr\u00edstup k \u017eaciemu \u00fastrojenstvu<\/span><\/p>\n<p>\u017dacie \u00fastrojenstvo je zhora \u013eahko pr\u00edstupn\u00e9 na \u010distenie a \u00fadr\u017ebu. V\u010faka technol\u00f3gii CBT v\u00fdmena reme\u0148a zaberie len p\u00e1r min\u00fat. Sta\u010d\u00ed uvo\u013eni\u0165 nap\u00ednacie kladky, prevliec\u0165 reme\u0148, op\u00e4\u0165 napn\u00fa\u0165 kladky \u2013 hotovo.<\/p>\n<\/p><\/div>\n<div class=\"col-md-6 mb4 image\" style=\"background-image:url(https:\/\/www.ariens.eu\/sk\/wp-content\/uploads\/sites\/18\/2024\/05\/ariens-apex-zero-turn-deck-access-panel.webp)\">\n                <\/div>\n<\/p><\/div>\n<div class=\"row\">\n<div class=\"col-md-6 mb-4 content\">\n                    <span class=\"d-block h5 text-color-brand mb-1\">Nov\u00fd ergonomick\u00fd komfort<\/span><\/p>\n<p>S\u00e9ria APEX prin\u00e1\u0161a vy\u0161\u0161\u00ed komfort pre obsluhu v\u010faka nov\u00fdm ergonomick\u00fdm riadiacim p\u00e1kam, ktor\u00e9 dokonale padn\u00fa do ruky a u\u013eah\u010duj\u00fa ovl\u00e1danie. Hrubo polstrovan\u00e9 sedadlo s vysok\u00fdm operadlom a nastavite\u013enou polohou vodi\u010da zaru\u010duje maxim\u00e1lny komfort. Polstrovan\u00e9 opierky na ruky e\u0161te viac zvy\u0161uj\u00fa pohodlie, v\u010faka \u010domu je dlh\u00e9 kosenie pr\u00edjemnej\u0161ie.<\/p>\n<\/p><\/div>\n<div class=\"col-md-6 mb4 image\" style=\"background-image:url(https:\/\/www.ariens.eu\/sk\/wp-content\/uploads\/sites\/18\/2024\/12\/drive-level-handles.png)\">\n                <\/div>\n<\/p><\/div>\n<\/p><\/div>\n<\/div><\/div>\n<div class='col-lg'>                    <\/div>\n<\/p><\/div>\n<\/div>\n<\/div>\n","protected":false},"excerpt":{"rendered":"<p>Ur\u010den\u00e1 na pravideln\u00e9 kosenie a pre profesion\u00e1lnych poskytovate\u013eov slu\u017eieb Vyroben\u00fd pre profesion\u00e1lnych poskytovate\u013eov slu\u017eieb, ktor\u00ed kosia \u010dasto. \u0160pi\u010dkov\u00e9 komponenty v motore, pohone a \u017eacom \u00fastrojenstve v kombin\u00e1cii s v\u00fdborn\u00fdm pomerom ceny a v\u00fdkonu. P\u00edsmeno \u201eR\u201c v n\u00e1zve APEX 52R znamen\u00e1 \u201ezadn\u00fd v\u00fdhoz\u201c. Pokosen\u00e1 tr\u00e1va sa vyhadzuje dozadu, medzi koles\u00e1. V\u00fdhoda: odrezky sa nedostan\u00fa na chodn\u00edky [&hellip;]<\/p>\n","protected":false},"featured_media":5099,"comment_status":"open","ping_status":"closed","template":"","meta":{"_acf_changed":false,"_relevanssi_hide_post":"","_relevanssi_hide_content":"","_relevanssi_pin_for_all":"","_relevanssi_pin_keywords":"","_relevanssi_unpin_keywords":"","_relevanssi_related_keywords":"","_relevanssi_related_include_ids":"","_relevanssi_related_exclude_ids":"","_relevanssi_related_no_append":"","_relevanssi_related_not_related":"","_relevanssi_related_posts":"","_relevanssi_noindex_reason":""},"product_brand":[],"product_cat":[15],"product_tag":[],"class_list":{"0":"post-2332","1":"product","2":"type-product","3":"status-publish","4":"has-post-thumbnail","6":"product_variant-seria-apex","7":"product_usage_areas-obce-a-technicke-sluzby","8":"product_usage_areas-poskytovatelia-sluzieb","9":"product_usage_areas-rekreacne-zariadenia","10":"product_usage_areas-sprava-objektov","12":"first","13":"instock","14":"shipping-taxable","15":"product-type-simple"},"acf":[],"yoast_head":"<!-- This site is optimized with the Yoast SEO plugin v27.3 - https:\/\/yoast.com\/product\/yoast-seo-wordpress\/ -->\n<title>APEX 52R \u2013 Zero-turn kosa\u010dka so zadn\u00fdm v\u00fdhozom | Ariens<\/title>\n<meta name=\"description\" content=\"S motorom Kawasaki FR691 V-Twin 726 cm\u00b3 a \u017eac\u00edm \u00fastrojenstvom so zadn\u00fdm v\u00fdhozom so \u0161\u00edrkou 132 cm (52&quot;) je APEX 52R navrhnut\u00fd na profesion\u00e1lne kosenie.\" \/>\n<meta name=\"robots\" content=\"noindex, follow, max-snippet:-1, max-image-preview:large, max-video-preview:-1\" \/>\n<meta property=\"og:locale\" content=\"sk_SK\" \/>\n<meta property=\"og:type\" content=\"article\" \/>\n<meta property=\"og:title\" content=\"APEX 52R \u2013 Zero-turn kosa\u010dka so zadn\u00fdm v\u00fdhozom | Ariens\" \/>\n<meta property=\"og:description\" content=\"S motorom Kawasaki FR691 V-Twin 726 cm\u00b3 a \u017eac\u00edm \u00fastrojenstvom so zadn\u00fdm v\u00fdhozom so \u0161\u00edrkou 132 cm (52&quot;) je APEX 52R navrhnut\u00fd na profesion\u00e1lne kosenie.\" \/>\n<meta property=\"og:url\" content=\"https:\/\/www.ariens.eu\/sk\/product\/zero-turn-kosacky\/seria-apex\/apex-52r\/\" \/>\n<meta property=\"og:site_name\" content=\"Ariens |\u00a0EMEAA\" \/>\n<meta property=\"article:modified_time\" content=\"2026-02-25T10:39:39+00:00\" \/>\n<meta property=\"og:image\" content=\"https:\/\/www.ariens.eu\/sk\/wp-content\/uploads\/sites\/18\/2024\/05\/ariens-zero-turn-apex-52-rd-my25.png\" \/>\n\t<meta property=\"og:image:width\" content=\"1024\" \/>\n\t<meta property=\"og:image:height\" content=\"720\" \/>\n\t<meta property=\"og:image:type\" content=\"image\/png\" \/>\n<meta name=\"twitter:card\" content=\"summary_large_image\" \/>\n<meta name=\"twitter:label1\" content=\"Predpokladan\u00fd \u010das \u010d\u00edtania\" \/>\n\t<meta name=\"twitter:data1\" content=\"3 min\u00faty\" \/>\n<script type=\"application\/ld+json\" class=\"yoast-schema-graph\">{\"@context\":\"https:\\\/\\\/schema.org\",\"@graph\":[{\"@type\":\"WebPage\",\"@id\":\"https:\\\/\\\/www.ariens.eu\\\/sk\\\/product\\\/zero-turn-kosacky\\\/seria-apex\\\/apex-52r\\\/\",\"url\":\"https:\\\/\\\/www.ariens.eu\\\/sk\\\/product\\\/zero-turn-kosacky\\\/seria-apex\\\/apex-52r\\\/\",\"name\":\"APEX 52R \u2013 Zero-turn kosa\u010dka so zadn\u00fdm v\u00fdhozom | Ariens\",\"isPartOf\":{\"@id\":\"https:\\\/\\\/www.ariens.eu\\\/sk\\\/#website\"},\"primaryImageOfPage\":{\"@id\":\"https:\\\/\\\/www.ariens.eu\\\/sk\\\/product\\\/zero-turn-kosacky\\\/seria-apex\\\/apex-52r\\\/#primaryimage\"},\"image\":{\"@id\":\"https:\\\/\\\/www.ariens.eu\\\/sk\\\/product\\\/zero-turn-kosacky\\\/seria-apex\\\/apex-52r\\\/#primaryimage\"},\"thumbnailUrl\":\"https:\\\/\\\/www.ariens.eu\\\/sk\\\/wp-content\\\/uploads\\\/sites\\\/18\\\/2024\\\/05\\\/ariens-zero-turn-apex-52-rd-my25.png\",\"datePublished\":\"2024-05-10T10:04:36+00:00\",\"dateModified\":\"2026-02-25T10:39:39+00:00\",\"description\":\"S motorom Kawasaki FR691 V-Twin 726 cm\u00b3 a \u017eac\u00edm \u00fastrojenstvom so zadn\u00fdm v\u00fdhozom so \u0161\u00edrkou 132 cm (52\\\") je APEX 52R navrhnut\u00fd na profesion\u00e1lne kosenie.\",\"breadcrumb\":{\"@id\":\"https:\\\/\\\/www.ariens.eu\\\/sk\\\/product\\\/zero-turn-kosacky\\\/seria-apex\\\/apex-52r\\\/#breadcrumb\"},\"inLanguage\":\"sk-SK\",\"potentialAction\":[{\"@type\":\"ReadAction\",\"target\":[\"https:\\\/\\\/www.ariens.eu\\\/sk\\\/product\\\/zero-turn-kosacky\\\/seria-apex\\\/apex-52r\\\/\"]}]},{\"@type\":\"ImageObject\",\"inLanguage\":\"sk-SK\",\"@id\":\"https:\\\/\\\/www.ariens.eu\\\/sk\\\/product\\\/zero-turn-kosacky\\\/seria-apex\\\/apex-52r\\\/#primaryimage\",\"url\":\"https:\\\/\\\/www.ariens.eu\\\/sk\\\/wp-content\\\/uploads\\\/sites\\\/18\\\/2024\\\/05\\\/ariens-zero-turn-apex-52-rd-my25.png\",\"contentUrl\":\"https:\\\/\\\/www.ariens.eu\\\/sk\\\/wp-content\\\/uploads\\\/sites\\\/18\\\/2024\\\/05\\\/ariens-zero-turn-apex-52-rd-my25.png\",\"width\":1024,\"height\":720},{\"@type\":\"BreadcrumbList\",\"@id\":\"https:\\\/\\\/www.ariens.eu\\\/sk\\\/product\\\/zero-turn-kosacky\\\/seria-apex\\\/apex-52r\\\/#breadcrumb\",\"itemListElement\":[{\"@type\":\"ListItem\",\"position\":1,\"name\":\"Home\",\"item\":\"https:\\\/\\\/www.ariens.eu\\\/sk\\\/\"},{\"@type\":\"ListItem\",\"position\":2,\"name\":\"Obchod\",\"item\":\"https:\\\/\\\/www.ariens.eu\\\/sk\\\/obchod\\\/\"},{\"@type\":\"ListItem\",\"position\":3,\"name\":\"APEX 52R\"}]},{\"@type\":\"WebSite\",\"@id\":\"https:\\\/\\\/www.ariens.eu\\\/sk\\\/#website\",\"url\":\"https:\\\/\\\/www.ariens.eu\\\/sk\\\/\",\"name\":\"Ariens | EMEAA\",\"description\":\"Powerful and reliable zero-turn mowers &amp; snow blowers for professional users and demanding private customers\",\"publisher\":{\"@id\":\"https:\\\/\\\/www.ariens.eu\\\/sk\\\/#organization\"},\"potentialAction\":[{\"@type\":\"SearchAction\",\"target\":{\"@type\":\"EntryPoint\",\"urlTemplate\":\"https:\\\/\\\/www.ariens.eu\\\/sk\\\/?s={search_term_string}\"},\"query-input\":{\"@type\":\"PropertyValueSpecification\",\"valueRequired\":true,\"valueName\":\"search_term_string\"}}],\"inLanguage\":\"sk-SK\"},{\"@type\":\"Organization\",\"@id\":\"https:\\\/\\\/www.ariens.eu\\\/sk\\\/#organization\",\"name\":\"AriensCo GmbH\",\"url\":\"https:\\\/\\\/www.ariens.eu\\\/sk\\\/\",\"logo\":{\"@type\":\"ImageObject\",\"inLanguage\":\"sk-SK\",\"@id\":\"https:\\\/\\\/www.ariens.eu\\\/sk\\\/#\\\/schema\\\/logo\\\/image\\\/\",\"url\":\"https:\\\/\\\/www.ariens.eu\\\/wp-content\\\/uploads\\\/2024\\\/11\\\/ariens-co-logo.jpg\",\"contentUrl\":\"https:\\\/\\\/www.ariens.eu\\\/wp-content\\\/uploads\\\/2024\\\/11\\\/ariens-co-logo.jpg\",\"width\":1000,\"height\":1000,\"caption\":\"AriensCo GmbH\"},\"image\":{\"@id\":\"https:\\\/\\\/www.ariens.eu\\\/sk\\\/#\\\/schema\\\/logo\\\/image\\\/\"}}]}<\/script>\n<!-- \/ Yoast SEO plugin. -->","yoast_head_json":{"title":"APEX 52R \u2013 Zero-turn kosa\u010dka so zadn\u00fdm v\u00fdhozom | Ariens","description":"S motorom Kawasaki FR691 V-Twin 726 cm\u00b3 a \u017eac\u00edm \u00fastrojenstvom so zadn\u00fdm v\u00fdhozom so \u0161\u00edrkou 132 cm (52\") je APEX 52R navrhnut\u00fd na profesion\u00e1lne kosenie.","robots":{"index":"noindex","follow":"follow","max-snippet":"max-snippet:-1","max-image-preview":"max-image-preview:large","max-video-preview":"max-video-preview:-1"},"og_locale":"sk_SK","og_type":"article","og_title":"APEX 52R \u2013 Zero-turn kosa\u010dka so zadn\u00fdm v\u00fdhozom | Ariens","og_description":"S motorom Kawasaki FR691 V-Twin 726 cm\u00b3 a \u017eac\u00edm \u00fastrojenstvom so zadn\u00fdm v\u00fdhozom so \u0161\u00edrkou 132 cm (52\") je APEX 52R navrhnut\u00fd na profesion\u00e1lne kosenie.","og_url":"https:\/\/www.ariens.eu\/sk\/product\/zero-turn-kosacky\/seria-apex\/apex-52r\/","og_site_name":"Ariens |\u00a0EMEAA","article_modified_time":"2026-02-25T10:39:39+00:00","og_image":[{"width":1024,"height":720,"url":"https:\/\/www.ariens.eu\/sk\/wp-content\/uploads\/sites\/18\/2024\/05\/ariens-zero-turn-apex-52-rd-my25.png","type":"image\/png"}],"twitter_card":"summary_large_image","twitter_misc":{"Predpokladan\u00fd \u010das \u010d\u00edtania":"3 min\u00faty"},"schema":{"@context":"https:\/\/schema.org","@graph":[{"@type":"WebPage","@id":"https:\/\/www.ariens.eu\/sk\/product\/zero-turn-kosacky\/seria-apex\/apex-52r\/","url":"https:\/\/www.ariens.eu\/sk\/product\/zero-turn-kosacky\/seria-apex\/apex-52r\/","name":"APEX 52R \u2013 Zero-turn kosa\u010dka so zadn\u00fdm v\u00fdhozom | Ariens","isPartOf":{"@id":"https:\/\/www.ariens.eu\/sk\/#website"},"primaryImageOfPage":{"@id":"https:\/\/www.ariens.eu\/sk\/product\/zero-turn-kosacky\/seria-apex\/apex-52r\/#primaryimage"},"image":{"@id":"https:\/\/www.ariens.eu\/sk\/product\/zero-turn-kosacky\/seria-apex\/apex-52r\/#primaryimage"},"thumbnailUrl":"https:\/\/www.ariens.eu\/sk\/wp-content\/uploads\/sites\/18\/2024\/05\/ariens-zero-turn-apex-52-rd-my25.png","datePublished":"2024-05-10T10:04:36+00:00","dateModified":"2026-02-25T10:39:39+00:00","description":"S motorom Kawasaki FR691 V-Twin 726 cm\u00b3 a \u017eac\u00edm \u00fastrojenstvom so zadn\u00fdm v\u00fdhozom so \u0161\u00edrkou 132 cm (52\") je APEX 52R navrhnut\u00fd na profesion\u00e1lne kosenie.","breadcrumb":{"@id":"https:\/\/www.ariens.eu\/sk\/product\/zero-turn-kosacky\/seria-apex\/apex-52r\/#breadcrumb"},"inLanguage":"sk-SK","potentialAction":[{"@type":"ReadAction","target":["https:\/\/www.ariens.eu\/sk\/product\/zero-turn-kosacky\/seria-apex\/apex-52r\/"]}]},{"@type":"ImageObject","inLanguage":"sk-SK","@id":"https:\/\/www.ariens.eu\/sk\/product\/zero-turn-kosacky\/seria-apex\/apex-52r\/#primaryimage","url":"https:\/\/www.ariens.eu\/sk\/wp-content\/uploads\/sites\/18\/2024\/05\/ariens-zero-turn-apex-52-rd-my25.png","contentUrl":"https:\/\/www.ariens.eu\/sk\/wp-content\/uploads\/sites\/18\/2024\/05\/ariens-zero-turn-apex-52-rd-my25.png","width":1024,"height":720},{"@type":"BreadcrumbList","@id":"https:\/\/www.ariens.eu\/sk\/product\/zero-turn-kosacky\/seria-apex\/apex-52r\/#breadcrumb","itemListElement":[{"@type":"ListItem","position":1,"name":"Home","item":"https:\/\/www.ariens.eu\/sk\/"},{"@type":"ListItem","position":2,"name":"Obchod","item":"https:\/\/www.ariens.eu\/sk\/obchod\/"},{"@type":"ListItem","position":3,"name":"APEX 52R"}]},{"@type":"WebSite","@id":"https:\/\/www.ariens.eu\/sk\/#website","url":"https:\/\/www.ariens.eu\/sk\/","name":"Ariens | EMEAA","description":"Powerful and reliable zero-turn mowers &amp; snow blowers for professional users and demanding private customers","publisher":{"@id":"https:\/\/www.ariens.eu\/sk\/#organization"},"potentialAction":[{"@type":"SearchAction","target":{"@type":"EntryPoint","urlTemplate":"https:\/\/www.ariens.eu\/sk\/?s={search_term_string}"},"query-input":{"@type":"PropertyValueSpecification","valueRequired":true,"valueName":"search_term_string"}}],"inLanguage":"sk-SK"},{"@type":"Organization","@id":"https:\/\/www.ariens.eu\/sk\/#organization","name":"AriensCo GmbH","url":"https:\/\/www.ariens.eu\/sk\/","logo":{"@type":"ImageObject","inLanguage":"sk-SK","@id":"https:\/\/www.ariens.eu\/sk\/#\/schema\/logo\/image\/","url":"https:\/\/www.ariens.eu\/wp-content\/uploads\/2024\/11\/ariens-co-logo.jpg","contentUrl":"https:\/\/www.ariens.eu\/wp-content\/uploads\/2024\/11\/ariens-co-logo.jpg","width":1000,"height":1000,"caption":"AriensCo GmbH"},"image":{"@id":"https:\/\/www.ariens.eu\/sk\/#\/schema\/logo\/image\/"}}]}},"_links":{"self":[{"href":"https:\/\/www.ariens.eu\/sk\/wp-json\/wp\/v2\/product\/2332","targetHints":{"allow":["GET"]}}],"collection":[{"href":"https:\/\/www.ariens.eu\/sk\/wp-json\/wp\/v2\/product"}],"about":[{"href":"https:\/\/www.ariens.eu\/sk\/wp-json\/wp\/v2\/types\/product"}],"replies":[{"embeddable":true,"href":"https:\/\/www.ariens.eu\/sk\/wp-json\/wp\/v2\/comments?post=2332"}],"wp:featuredmedia":[{"embeddable":true,"href":"https:\/\/www.ariens.eu\/sk\/wp-json\/wp\/v2\/media\/5099"}],"wp:attachment":[{"href":"https:\/\/www.ariens.eu\/sk\/wp-json\/wp\/v2\/media?parent=2332"}],"wp:term":[{"taxonomy":"product_brand","embeddable":true,"href":"https:\/\/www.ariens.eu\/sk\/wp-json\/wp\/v2\/product_brand?post=2332"},{"taxonomy":"product_cat","embeddable":true,"href":"https:\/\/www.ariens.eu\/sk\/wp-json\/wp\/v2\/product_cat?post=2332"},{"taxonomy":"product_tag","embeddable":true,"href":"https:\/\/www.ariens.eu\/sk\/wp-json\/wp\/v2\/product_tag?post=2332"}],"curies":[{"name":"wp","href":"https:\/\/api.w.org\/{rel}","templated":true}]}}