{"id":2335,"date":"2024-05-10T11:04:36","date_gmt":"2024-05-10T10:04:36","guid":{"rendered":"https:\/\/www.ariens.eu\/product\/zenith-60\/"},"modified":"2026-02-25T10:42:04","modified_gmt":"2026-02-25T10:42:04","slug":"zenith-60","status":"publish","type":"product","link":"https:\/\/www.ariens.eu\/sk\/product\/zero-turn-kosacky\/seria-zenith\/zenith-60","title":{"rendered":"ZENITH 60"},"content":{"rendered":"<div class=\"acfd-block acfd-block__headline mb-asm-1 container-fluid px-0 bg-default\">\n<div class=\"acfd-headline\">\n<h2 class='h2 text-left li_black'>Pohodlie a v\u00fdkon pre skuto\u010dn\u00fdch profesion\u00e1lov a rozsiahle plochy<\/h2>\n<\/p><\/div>\n<\/div>\n<div class=\"acfd-block acfd-block__twocolumns container-fluid px-0 bg-default\">\n<div class=\"acfd-twocolumns\">\n<div class=\"row\">\n<div class='col-lg-9 mb-4'>\n<div class=\"acfd-block acfd-block__text container-fluid px-0 bg-default\">\n<div class=\"acfd-text li_black\">\n<p>V\u0161etky na\u0161e sk\u00fasenosti v jednom stroji pre ka\u017edodenn\u00e9, profesion\u00e1lne a komer\u010dn\u00e9 pou\u017eitie. Maxim\u00e1lny v\u00fdkon, odolnos\u0165 a komfort. Spo\u013eahn\u00fa\u0165 sa na\u0148 m\u00f4\u017eete ka\u017ed\u00fd de\u0148.<\/p>\n<p>Vo\u013eba pre skuto\u010dn\u00fdch profesion\u00e1lov v kosen\u00ed a na ve\u013ek\u00e9 plochy. Motor Kawasaki FX730V s objemom 726 cm\u00b3 a dvojit\u00fdm vzduchov\u00fdm filtrom. Zavesen\u00e9 vidlice predn\u00fdch kolies a polohovate\u013en\u00e9 pohodln\u00e9 sedadlo s odpru\u017een\u00edm pre maxim\u00e1lny komfort obsluhy. Profesion\u00e1lne \u017eacie \u00fastrojenstvo so \u0161\u00edrkou kosenia 152 cm. Mo\u017enos\u0165 bo\u010dn\u00e9ho v\u00fdhozu alebo volite\u013enej mul\u010dovacej sady. Kon\u0161trukcia proti prevr\u00e1teniu ROPS je \u0161tandardom. Profesion\u00e1l do ka\u017ed\u00e9ho detailu \u2013 s profesion\u00e1lnou z\u00e1rukou.<\/p>\n<ul>\n<li>ZENITH 60 je vybaven\u00fd 152 cm (60&#8243;) \u017eac\u00edm \u00fastrojenstvom s bo\u010dn\u00fdm v\u00fdhozom, vyroben\u00fdm z pevnej 10-gauge ocele.<\/li>\n<li>Poh\u00e1\u0148an\u00fd profesion\u00e1lnym 726 cm\u00b3 Kawasaki<sup>&reg;<\/sup> FX730V V-Twin motorom.<\/li>\n<li>\u0160pi\u010dkov\u00fd, plne zv\u00e1ran\u00fd r\u00e1m z oce\u013eov\u00fdch r\u00far.<\/li>\n<li>Syst\u00e9m kon\u0161tantn\u00e9ho nap\u00ednania p\u00e1su (CBT) predl\u017euje jeho \u017eivotnos\u0165.<\/li>\n<li>Predn\u00e9 vidlice kolies s odpru\u017een\u00edm a plne odpru\u017een\u00e9 sedadlo pre hlad\u0161iu jazdu.<\/li>\n<li>Kon\u0161trukcia proti prevr\u00e1teniu (ROPS) \u0161tandardne pre vy\u0161\u0161iu ochranu obsluhy.<\/li>\n<li>Vertik\u00e1lny zdvih \u00fastrojenstva ovl\u00e1dan\u00fd nohou s 15 polohami kosenia.<\/li>\n<li>Dostupn\u00e9 volite\u013en\u00e9 pr\u00edslu\u0161enstvo.<\/li>\n<li>Z\u00e1ruka 4 roky alebo 750 hod\u00edn.<\/li>\n<\/ul>\n<\/div>\n<\/div><\/div>\n<div class='col-lg'>                    <\/div>\n<\/p><\/div>\n<\/div>\n<\/div>\n<div class=\"acfd-block acfd-block__category mb-asm-3 container-fluid px-0 bg-default\">\n<div class=\"acfd-product-categories\">\n<h2 class=\"text-left mb-3\">\n        Eins\u00e4tze    <\/h2>\n<div class=\"product-categories_wrapper\">\n         <span data-description=\"Kos\u00edte nieko\u013eko hod\u00edn, dn\u00ed alebo dokonca t\u00fd\u017ed\u0148ov po sebe? Pou\u017e\u00edvate svoju kosa\u010dku profesion\u00e1lne a zar\u00e1bate s \u0148ou peniaze? Potom potrebujete obzvl\u00e1\u0161\u0165 spo\u013eahliv\u00fd a pohodln\u00fd stroj s odoln\u00fdmi komponentmi.\" class=\"product-category-single\"> PRO                <sup><i class=\"fa fa-info-circle\" aria-hidden=\"true\"><\/i><\/sup>            <\/span>  <span data-description=\"Na\u0161e kosa\u010dky s\u00fa vybaven\u00e9 vysoko kvalitn\u00fdmi motormi Kawasaki<sup>&reg;<\/sup> alebo Ariens. Poskytuj\u00fa nadpriemern\u00fd v\u00fdkon a spo\u013eahlivos\u0165.\" class=\"product-category-single\"> Benz\u00edn                <sup><i class=\"fa fa-info-circle\" aria-hidden=\"true\"><\/i><\/sup>            <\/span>  <span data-description=\"Pri pou\u017eit\u00ed vhodnej sady na mul\u010dovanie vo va\u0161ej kosa\u010dke u\u017e nie je potrebn\u00fd bo\u010dn\u00fd v\u00fdhoz. Pokosen\u00e1 tr\u00e1va je jemne rozsekan\u00e1 a rovnomerne rozlo\u017een\u00e1 dozadu na tr\u00e1vnik. Aplikovan\u00e9 hnojivo zost\u00e1va na povrchu a jemn\u00e9 \u010dasti tr\u00e1vy takmer nevidite\u013ene vnikaj\u00fa do tr\u00e1vnika.\" class=\"product-category-single\"> Volite\u013en\u00e1 sada na mul\u010dovanie                <sup><i class=\"fa fa-info-circle\" aria-hidden=\"true\"><\/i><\/sup>            <\/span>  <span data-description=\"Kosa\u010dky Ariens so sedadlom pon\u00fakaj\u00fa vysok\u00fd komfort. Pou\u017e\u00edvame kvalitn\u00e9 sedadl\u00e1 u\u017e od z\u00e1kladn\u00fdch modelov. Samozrejmos\u0165ou je dostatok priestoru na nohy a ergonomick\u00e9 ovl\u00e1danie.\" class=\"product-category-single\"> Ride-On kosa\u010dky (so sedadlom)                <sup><i class=\"fa fa-info-circle\" aria-hidden=\"true\"><\/i><\/sup>            <\/span>  <span data-description=\"Pri modeloch APEX a ZENITH m\u00e1te na v\u00fdber medzi kosa\u010dkami s bo\u010dn\u00fdm a zadn\u00fdm v\u00fdhozom. Kosa\u010dka s bo\u010dn\u00fdm v\u00fdhozom vyhadzuje pokosen\u00fa tr\u00e1vu cez bo\u010dn\u00fd otvor a deflektor. Siln\u00fd pr\u00fad vzduchu ju n\u00e1sledne rozpt\u00fdli na ve\u013ek\u00fa plochu. Do kosa\u010diek s bo\u010dn\u00fdm v\u00fdhozom je mo\u017en\u00e9 namontova\u0165 volite\u013en\u00fa mul\u010dovaciu sadu. Pri pou\u017eit\u00ed mul\u010dovacej sady je tr\u00e1va jemne posekan\u00e1 a vyhadzovan\u00e1 dozadu. Bo\u010dn\u00fd v\u00fdhoz a deflektor sa potom uzavr\u00fa alebo odstr\u00e1nia.\" class=\"product-category-single\"> Bo\u010dn\u00fd v\u00fdhoz                <sup><i class=\"fa fa-info-circle\" aria-hidden=\"true\"><\/i><\/sup>            <\/span>  <span data-description=\"V\u0161etky kosa\u010dky Ariens s\u00fa vhodn\u00e9 na kosenie rovn\u00fdch tr\u00e1vnikov. Vyberte si \u0161\u00edrku z\u00e1beru pod\u013ea ve\u013ekosti plochy a pr\u00edpadn\u00fdch z\u00fa\u017een\u00fdch miest.\" class=\"product-category-single\"> Rovn\u00fd ter\u00e9n                <sup><i class=\"fa fa-info-circle\" aria-hidden=\"true\"><\/i><\/sup>            <\/span>  <span data-description=\"Kosa\u010dky Ariens si dobre poradia s vlnit\u00fdm ter\u00e9nom. Pre vlnit\u00fd ter\u00e9n vyberajte u\u017e\u0161ie z\u00e1bery kosenia pre rovnomernej\u0161\u00ed rez.\" class=\"product-category-single\"> Vlnit\u00fd ter\u00e9n                <sup><i class=\"fa fa-info-circle\" aria-hidden=\"true\"><\/i><\/sup>            <\/span>  <span data-description=\"Najlep\u0161ie je zvoli\u0165 stroj so \u0161irok\u00fdmi kolesami. Neprekra\u010dujte stanoven\u00fd bezpe\u010dnostn\u00fd limit sklonu \u2013 15\u00b0 pre pojazdn\u00e9 kosa\u010dky a 20\u00b0 pre stojace modely. Na zvlnenom ter\u00e9ne odpor\u00fa\u010dame u\u017e\u0161ie \u017eacie \u00fastrojenstvo pre rovnomernej\u0161\u00ed v\u00fdsledok kosenia. Model ZENITH m\u00e1 \u0161tandardne ochranu proti prevr\u00e1teniu. Na model APEX ju mo\u017eno dodato\u010dne namontova\u0165.\" class=\"product-category-single\"> Kopcovit\u00fd ter\u00e9n                <sup><i class=\"fa fa-info-circle\" aria-hidden=\"true\"><\/i><\/sup>            <\/span>  <span data-description=\"Na ve\u013ek\u00fdch ploch\u00e1ch sa efekt\u00edvne vyu\u017e\u00edvaj\u00fa \u017eacie \u00fastrojenstv\u00e1 so \u0161\u00edrkou 132 cm a 152 cm.\" class=\"product-category-single\"> Ve\u013ek\u00e9 plochy                <sup><i class=\"fa fa-info-circle\" aria-hidden=\"true\"><\/i><\/sup>            <\/span>     <\/div>\n<\/div>\n<\/div>\n<div class=\"acfd-block acfd-block__twocolumns mb-asm-2 container-fluid container-fluid--force px-0 bg-default\">\n<div class=\"acfd-twocolumns\">\n<div class=\"row\">\n<div class='col-lg-12 mb-4'>\n<div class=\"acfd-product-advantages--wrapper\">\n<h2 class=\"h1 bigger text-color-black text-center mb-5\">\n        Merkmale &amp; Vorteile    <\/h2>\n<div class=\"acfd-product-advantages\">\n<div class=\"row\">\n<div class=\"col-md-6 mb-4 content\">\n                    <span class=\"d-block h5 text-color-brand mb-1\">Dizajn r\u00e1mu ved\u00faci v priemysle<\/span><\/p>\n<p>Ve\u013ekorozmern\u00fd r\u00e1m z oce\u013eov\u00fdch r\u00far s minim\u00e1lnym po\u010dtom zv\u00e1rac\u00edch spojov, v\u010faka vyu\u017eitiu automobilovej technol\u00f3gie oh\u00fdbania, nesie za\u0165a\u017eenie stroja s v\u00fdnimo\u010dnou pevnos\u0165ou a stabilitou.<\/p>\n<\/p><\/div>\n<div class=\"col-md-6 mb4 image\" style=\"background-image:url(https:\/\/www.ariens.eu\/sk\/wp-content\/uploads\/sites\/18\/2024\/05\/frame.webp)\">\n                <\/div>\n<\/p><\/div>\n<div class=\"row\">\n<div class=\"col-md-6 mb-4 content\">\n                    <span class=\"d-block h5 text-color-brand mb-1\">Nov\u00e9 \u017eacie \u00fastrojenstvo ENVY<\/span><\/p>\n<p>\u017dacie \u00fastrojenstvo je najviac nam\u00e1hanou s\u00fa\u010das\u0165ou kosa\u010dky. Stabilita je preto obzvl\u00e1\u0161\u0165 d\u00f4le\u017eit\u00e1: nov\u00e9 \u017eacie \u00fastrojenstvo ENVY m\u00e1 vylep\u0161en\u00fd prietok vzduchu a zv\u00e4\u010d\u0161en\u00fd v\u00fdhoz. Pokosen\u00e1 tr\u00e1va sa zdvihne vy\u0161\u0161ie a je dokonale pokosen\u00e1. \u017dacia plocha je upevnen\u00e1 pomocou \u0161tvorbodov\u00e9ho zavesenia pre trval\u00fa fix\u00e1ciu a zachovanie paralelnosti. Okrem toho s\u00fa vreten\u00e1 no\u017eov vyroben\u00e9 z kovanej hlin\u00edkovej zliatiny, ktor\u00e1 zabezpe\u010duje chladnej\u0161\u00ed chod a v\u00e4\u010d\u0161iu odolnos\u0165 proti n\u00e1razom a vibr\u00e1ci\u00e1m v porovnan\u00ed s liatymi vretenami. T\u00e1to v\u00fdbava bude \u0161tandardom po\u010das sez\u00f3ny 2025 na modeloch APEX, ZENITH a novom modeli IKON.<\/p>\n<\/p><\/div>\n<div class=\"col-md-6 mb4 image\" style=\"background-image:url(https:\/\/www.ariens.eu\/sk\/wp-content\/uploads\/sites\/18\/2024\/08\/envy-deck-52.png)\">\n                <\/div>\n<\/p><\/div>\n<div class=\"row\">\n<div class=\"col-md-6 mb-4 content\">\n                    <span class=\"d-block h5 text-color-brand mb-1\">Automatick\u00fd syst\u00e9m nap\u00ednania remena<\/span><\/p>\n<p>Automatick\u00e1 technol\u00f3gia CBT (Constant Belt Tension \u2013 kon\u0161tantn\u00e9 nap\u00e4tie remena) udr\u017eiava nap\u00e4tie remena kosa\u010dky st\u00e1le na rovnakej \u00farovni. To predl\u017euje \u017eivotnos\u0165 remena, kompenzuje opotrebenie a zabra\u0148uje \u0161myku remena, \u010do zabezpe\u010duje konzistentne kvalitn\u00fd strih.<\/p>\n<\/p><\/div>\n<div class=\"col-md-6 mb4 image\" style=\"background-image:url(https:\/\/www.ariens.eu\/sk\/wp-content\/uploads\/sites\/18\/2024\/05\/apex-feature-3.webp)\">\n                <\/div>\n<\/p><\/div>\n<div class=\"row\">\n<div class=\"col-md-6 mb-4 content\">\n                    <span class=\"d-block h5 text-color-brand mb-1\">ROPS<\/span><\/p>\n<p>\u0160tandardn\u00fd syst\u00e9m ochrany proti prevr\u00e1teniu s bezpe\u010dnostn\u00fdm p\u00e1som (ROPS) poskytuje vodi\u010dovi dodato\u010dn\u00fa ochranu. Je skladac\u00ed a ergonomicky naklonen\u00fd dozadu, aby sa predi\u0161lo bolestiv\u00e9mu n\u00e1razu lak\u0165a po\u010das jazdy.<\/p>\n<\/p><\/div>\n<div class=\"col-md-6 mb4 image\" style=\"background-image:url(https:\/\/www.ariens.eu\/sk\/wp-content\/uploads\/sites\/18\/2024\/05\/ariens-zenith-zero-turn-feature5-rops.webp)\">\n                <\/div>\n<\/p><\/div>\n<div class=\"row\">\n<div class=\"col-md-6 mb-4 content\">\n                    <span class=\"d-block h5 text-color-brand mb-1\">Zdv\u00edhanie \u017eacej plochy no\u017en\u00fdm ped\u00e1lom<\/span><\/p>\n<p>Pevn\u00e9 \u017eacie \u00fastrojenstvo sa jednoducho a bez n\u00e1mahy zdv\u00edha pomocou no\u017en\u00e9ho ped\u00e1la. V\u00fd\u0161ku kosenia si m\u00f4\u017eete nastavi\u0165 z 15 \u00farovn\u00ed v rozmedz\u00ed 3,8 a\u017e 12,7 cm zasunut\u00edm kovovej z\u00e1padky do pr\u00edslu\u0161n\u00e9ho otvoru na displeji.<\/p>\n<\/p><\/div>\n<div class=\"col-md-6 mb4 image\" style=\"background-image:url(https:\/\/www.ariens.eu\/sk\/wp-content\/uploads\/sites\/18\/2024\/08\/cutting-height-adjustment-1.png)\">\n                <\/div>\n<\/p><\/div>\n<div class=\"row\">\n<div class=\"col-md-6 mb-4 content\">\n                    <span class=\"d-block h5 text-color-brand mb-1\">Plne nastavite\u013en\u00e9 komfortn\u00e9 sedadlo<\/span><\/p>\n<p>Maxim\u00e1lny komfort pri jazde je nevyhnutn\u00fd pre produkt\u00edvnu a bezpe\u010dn\u00fa pr\u00e1cu po\u010das nieko\u013ek\u00fdch hod\u00edn. Obzvl\u00e1\u0161\u0165 d\u00f4le\u017eit\u00e9 je chr\u00e1ni\u0165 vodi\u010da pred tvrd\u00fdmi n\u00e1razmi a vibr\u00e1ciami, \u010do prispieva k jeho pohodliu a zdraviu. Hydropneumatick\u00e9 odpru\u017eenie sedadla vodi\u010da je mo\u017en\u00e9 presne nastavi\u0165 pod\u013ea hmotnosti vodi\u010da. Nastavite\u013en\u00e9 opierky r\u00fak a vysok\u00e9 operadlo umo\u017e\u0148uj\u00fa vodi\u010dovi n\u00e1js\u0165 ide\u00e1lnu polohu na sedenie.<\/p>\n<\/p><\/div>\n<div class=\"col-md-6 mb4 image\" style=\"background-image:url(https:\/\/www.ariens.eu\/sk\/wp-content\/uploads\/sites\/18\/2024\/05\/ariens-zenith-zero-turn-suspension-seat.webp)\">\n                <\/div>\n<\/p><\/div>\n<div class=\"row\">\n<div class=\"col-md-6 mb-4 content\">\n                    <span class=\"d-block h5 text-color-brand mb-1\">S\u00faprava osvetlenia na cestn\u00fa homologiz\u00e1ciu<\/span><\/p>\n<p>Nov\u00e1 osvet\u013eovacia s\u00faprava umo\u017e\u0148uje pou\u017e\u00edvanie stroja na verejn\u00fdch komunik\u00e1ci\u00e1ch. In\u0161tal\u00e1ciu zabezpe\u010duj\u00fa \u0161pecializovan\u00ed predajcovia.<\/p>\n<\/p><\/div>\n<div class=\"col-md-6 mb4 image\" style=\"background-image:url(https:\/\/www.ariens.eu\/sk\/wp-content\/uploads\/sites\/18\/2024\/08\/stvzo-lichtkit-1.png)\">\n                <\/div>\n<\/p><\/div>\n<\/p><\/div>\n<\/div><\/div>\n<div class='col-lg'>                    <\/div>\n<\/p><\/div>\n<\/div>\n<\/div>\n","protected":false},"excerpt":{"rendered":"<p>Pohodlie a v\u00fdkon pre skuto\u010dn\u00fdch profesion\u00e1lov a rozsiahle plochy V\u0161etky na\u0161e sk\u00fasenosti v jednom stroji pre ka\u017edodenn\u00e9, profesion\u00e1lne a komer\u010dn\u00e9 pou\u017eitie. Maxim\u00e1lny v\u00fdkon, odolnos\u0165 a komfort. Spo\u013eahn\u00fa\u0165 sa na\u0148 m\u00f4\u017eete ka\u017ed\u00fd de\u0148. Vo\u013eba pre skuto\u010dn\u00fdch profesion\u00e1lov v kosen\u00ed a na ve\u013ek\u00e9 plochy. Motor Kawasaki FX730V s objemom 726 cm\u00b3 a dvojit\u00fdm vzduchov\u00fdm filtrom. Zavesen\u00e9 vidlice [&hellip;]<\/p>\n","protected":false},"featured_media":5082,"comment_status":"open","ping_status":"closed","template":"","meta":{"_acf_changed":false,"_relevanssi_hide_post":"","_relevanssi_hide_content":"","_relevanssi_pin_for_all":"","_relevanssi_pin_keywords":"","_relevanssi_unpin_keywords":"","_relevanssi_related_keywords":"","_relevanssi_related_include_ids":"","_relevanssi_related_exclude_ids":"","_relevanssi_related_no_append":"","_relevanssi_related_not_related":"","_relevanssi_related_posts":"","_relevanssi_noindex_reason":""},"product_brand":[],"product_cat":[15],"product_tag":[],"class_list":{"0":"post-2335","1":"product","2":"type-product","3":"status-publish","4":"has-post-thumbnail","6":"product_variant-seria-zenith","7":"product_usage_areas-obce-a-technicke-sluzby","8":"product_usage_areas-poskytovatelia-sluzieb","9":"product_usage_areas-sprava-objektov","11":"first","12":"instock","13":"shipping-taxable","14":"product-type-simple"},"acf":[],"yoast_head":"<!-- This site is optimized with the Yoast SEO plugin v27.3 - https:\/\/yoast.com\/product\/yoast-seo-wordpress\/ -->\n<title>ZENITH 60 \u2013 Najv\u00e4\u010d\u0161ia komer\u010dn\u00e1 zero-turn kosa\u010dka od Ariens<\/title>\n<meta name=\"description\" content=\"Profesion\u00e1lny motor Kawasaki FX730V 726 cm\u00b3. \u017dacie \u00fastrojenstvo so \u0161\u00edrkou 152 cm (60&quot;). ZENITH 60 je ide\u00e1lnou vo\u013ebou pre profesion\u00e1lov na celodenn\u00e9 kosenie.\" \/>\n<meta name=\"robots\" content=\"noindex, follow, max-snippet:-1, max-image-preview:large, max-video-preview:-1\" \/>\n<meta property=\"og:locale\" content=\"sk_SK\" \/>\n<meta property=\"og:type\" content=\"article\" \/>\n<meta property=\"og:title\" content=\"ZENITH 60 \u2013 Najv\u00e4\u010d\u0161ia komer\u010dn\u00e1 zero-turn kosa\u010dka od Ariens\" \/>\n<meta property=\"og:description\" content=\"Profesion\u00e1lny motor Kawasaki FX730V 726 cm\u00b3. \u017dacie \u00fastrojenstvo so \u0161\u00edrkou 152 cm (60&quot;). ZENITH 60 je ide\u00e1lnou vo\u013ebou pre profesion\u00e1lov na celodenn\u00e9 kosenie.\" \/>\n<meta property=\"og:url\" content=\"https:\/\/www.ariens.eu\/sk\/product\/zero-turn-kosacky\/seria-zenith\/zenith-60\/\" \/>\n<meta property=\"og:site_name\" content=\"Ariens |\u00a0EMEAA\" \/>\n<meta property=\"article:modified_time\" content=\"2026-02-25T10:42:04+00:00\" \/>\n<meta property=\"og:image\" content=\"https:\/\/www.ariens.eu\/sk\/wp-content\/uploads\/sites\/18\/2024\/11\/ariens-zenith-my25-3-4.png\" \/>\n\t<meta property=\"og:image:width\" content=\"1024\" \/>\n\t<meta property=\"og:image:height\" content=\"720\" \/>\n\t<meta property=\"og:image:type\" content=\"image\/png\" \/>\n<meta name=\"twitter:card\" content=\"summary_large_image\" \/>\n<meta name=\"twitter:label1\" content=\"Predpokladan\u00fd \u010das \u010d\u00edtania\" \/>\n\t<meta name=\"twitter:data1\" content=\"4 min\u00faty\" \/>\n<script type=\"application\/ld+json\" class=\"yoast-schema-graph\">{\"@context\":\"https:\\\/\\\/schema.org\",\"@graph\":[{\"@type\":\"WebPage\",\"@id\":\"https:\\\/\\\/www.ariens.eu\\\/sk\\\/product\\\/zero-turn-kosacky\\\/seria-zenith\\\/zenith-60\\\/\",\"url\":\"https:\\\/\\\/www.ariens.eu\\\/sk\\\/product\\\/zero-turn-kosacky\\\/seria-zenith\\\/zenith-60\\\/\",\"name\":\"ZENITH 60 \u2013 Najv\u00e4\u010d\u0161ia komer\u010dn\u00e1 zero-turn kosa\u010dka od Ariens\",\"isPartOf\":{\"@id\":\"https:\\\/\\\/www.ariens.eu\\\/sk\\\/#website\"},\"primaryImageOfPage\":{\"@id\":\"https:\\\/\\\/www.ariens.eu\\\/sk\\\/product\\\/zero-turn-kosacky\\\/seria-zenith\\\/zenith-60\\\/#primaryimage\"},\"image\":{\"@id\":\"https:\\\/\\\/www.ariens.eu\\\/sk\\\/product\\\/zero-turn-kosacky\\\/seria-zenith\\\/zenith-60\\\/#primaryimage\"},\"thumbnailUrl\":\"https:\\\/\\\/www.ariens.eu\\\/sk\\\/wp-content\\\/uploads\\\/sites\\\/18\\\/2024\\\/11\\\/ariens-zenith-my25-3-4.png\",\"datePublished\":\"2024-05-10T10:04:36+00:00\",\"dateModified\":\"2026-02-25T10:42:04+00:00\",\"description\":\"Profesion\u00e1lny motor Kawasaki FX730V 726 cm\u00b3. \u017dacie \u00fastrojenstvo so \u0161\u00edrkou 152 cm (60\\\"). ZENITH 60 je ide\u00e1lnou vo\u013ebou pre profesion\u00e1lov na celodenn\u00e9 kosenie.\",\"breadcrumb\":{\"@id\":\"https:\\\/\\\/www.ariens.eu\\\/sk\\\/product\\\/zero-turn-kosacky\\\/seria-zenith\\\/zenith-60\\\/#breadcrumb\"},\"inLanguage\":\"sk-SK\",\"potentialAction\":[{\"@type\":\"ReadAction\",\"target\":[\"https:\\\/\\\/www.ariens.eu\\\/sk\\\/product\\\/zero-turn-kosacky\\\/seria-zenith\\\/zenith-60\\\/\"]}]},{\"@type\":\"ImageObject\",\"inLanguage\":\"sk-SK\",\"@id\":\"https:\\\/\\\/www.ariens.eu\\\/sk\\\/product\\\/zero-turn-kosacky\\\/seria-zenith\\\/zenith-60\\\/#primaryimage\",\"url\":\"https:\\\/\\\/www.ariens.eu\\\/sk\\\/wp-content\\\/uploads\\\/sites\\\/18\\\/2024\\\/11\\\/ariens-zenith-my25-3-4.png\",\"contentUrl\":\"https:\\\/\\\/www.ariens.eu\\\/sk\\\/wp-content\\\/uploads\\\/sites\\\/18\\\/2024\\\/11\\\/ariens-zenith-my25-3-4.png\",\"width\":1024,\"height\":720,\"caption\":\"Ariens Zero-Turn model ZENITH\"},{\"@type\":\"BreadcrumbList\",\"@id\":\"https:\\\/\\\/www.ariens.eu\\\/sk\\\/product\\\/zero-turn-kosacky\\\/seria-zenith\\\/zenith-60\\\/#breadcrumb\",\"itemListElement\":[{\"@type\":\"ListItem\",\"position\":1,\"name\":\"Home\",\"item\":\"https:\\\/\\\/www.ariens.eu\\\/sk\\\/\"},{\"@type\":\"ListItem\",\"position\":2,\"name\":\"Obchod\",\"item\":\"https:\\\/\\\/www.ariens.eu\\\/sk\\\/obchod\\\/\"},{\"@type\":\"ListItem\",\"position\":3,\"name\":\"ZENITH 60\"}]},{\"@type\":\"WebSite\",\"@id\":\"https:\\\/\\\/www.ariens.eu\\\/sk\\\/#website\",\"url\":\"https:\\\/\\\/www.ariens.eu\\\/sk\\\/\",\"name\":\"Ariens | EMEAA\",\"description\":\"Powerful and reliable zero-turn mowers &amp; snow blowers for professional users and demanding private customers\",\"publisher\":{\"@id\":\"https:\\\/\\\/www.ariens.eu\\\/sk\\\/#organization\"},\"potentialAction\":[{\"@type\":\"SearchAction\",\"target\":{\"@type\":\"EntryPoint\",\"urlTemplate\":\"https:\\\/\\\/www.ariens.eu\\\/sk\\\/?s={search_term_string}\"},\"query-input\":{\"@type\":\"PropertyValueSpecification\",\"valueRequired\":true,\"valueName\":\"search_term_string\"}}],\"inLanguage\":\"sk-SK\"},{\"@type\":\"Organization\",\"@id\":\"https:\\\/\\\/www.ariens.eu\\\/sk\\\/#organization\",\"name\":\"AriensCo GmbH\",\"url\":\"https:\\\/\\\/www.ariens.eu\\\/sk\\\/\",\"logo\":{\"@type\":\"ImageObject\",\"inLanguage\":\"sk-SK\",\"@id\":\"https:\\\/\\\/www.ariens.eu\\\/sk\\\/#\\\/schema\\\/logo\\\/image\\\/\",\"url\":\"https:\\\/\\\/www.ariens.eu\\\/wp-content\\\/uploads\\\/2024\\\/11\\\/ariens-co-logo.jpg\",\"contentUrl\":\"https:\\\/\\\/www.ariens.eu\\\/wp-content\\\/uploads\\\/2024\\\/11\\\/ariens-co-logo.jpg\",\"width\":1000,\"height\":1000,\"caption\":\"AriensCo GmbH\"},\"image\":{\"@id\":\"https:\\\/\\\/www.ariens.eu\\\/sk\\\/#\\\/schema\\\/logo\\\/image\\\/\"}}]}<\/script>\n<!-- \/ Yoast SEO plugin. -->","yoast_head_json":{"title":"ZENITH 60 \u2013 Najv\u00e4\u010d\u0161ia komer\u010dn\u00e1 zero-turn kosa\u010dka od Ariens","description":"Profesion\u00e1lny motor Kawasaki FX730V 726 cm\u00b3. \u017dacie \u00fastrojenstvo so \u0161\u00edrkou 152 cm (60\"). ZENITH 60 je ide\u00e1lnou vo\u013ebou pre profesion\u00e1lov na celodenn\u00e9 kosenie.","robots":{"index":"noindex","follow":"follow","max-snippet":"max-snippet:-1","max-image-preview":"max-image-preview:large","max-video-preview":"max-video-preview:-1"},"og_locale":"sk_SK","og_type":"article","og_title":"ZENITH 60 \u2013 Najv\u00e4\u010d\u0161ia komer\u010dn\u00e1 zero-turn kosa\u010dka od Ariens","og_description":"Profesion\u00e1lny motor Kawasaki FX730V 726 cm\u00b3. \u017dacie \u00fastrojenstvo so \u0161\u00edrkou 152 cm (60\"). ZENITH 60 je ide\u00e1lnou vo\u013ebou pre profesion\u00e1lov na celodenn\u00e9 kosenie.","og_url":"https:\/\/www.ariens.eu\/sk\/product\/zero-turn-kosacky\/seria-zenith\/zenith-60\/","og_site_name":"Ariens |\u00a0EMEAA","article_modified_time":"2026-02-25T10:42:04+00:00","og_image":[{"width":1024,"height":720,"url":"https:\/\/www.ariens.eu\/sk\/wp-content\/uploads\/sites\/18\/2024\/11\/ariens-zenith-my25-3-4.png","type":"image\/png"}],"twitter_card":"summary_large_image","twitter_misc":{"Predpokladan\u00fd \u010das \u010d\u00edtania":"4 min\u00faty"},"schema":{"@context":"https:\/\/schema.org","@graph":[{"@type":"WebPage","@id":"https:\/\/www.ariens.eu\/sk\/product\/zero-turn-kosacky\/seria-zenith\/zenith-60\/","url":"https:\/\/www.ariens.eu\/sk\/product\/zero-turn-kosacky\/seria-zenith\/zenith-60\/","name":"ZENITH 60 \u2013 Najv\u00e4\u010d\u0161ia komer\u010dn\u00e1 zero-turn kosa\u010dka od Ariens","isPartOf":{"@id":"https:\/\/www.ariens.eu\/sk\/#website"},"primaryImageOfPage":{"@id":"https:\/\/www.ariens.eu\/sk\/product\/zero-turn-kosacky\/seria-zenith\/zenith-60\/#primaryimage"},"image":{"@id":"https:\/\/www.ariens.eu\/sk\/product\/zero-turn-kosacky\/seria-zenith\/zenith-60\/#primaryimage"},"thumbnailUrl":"https:\/\/www.ariens.eu\/sk\/wp-content\/uploads\/sites\/18\/2024\/11\/ariens-zenith-my25-3-4.png","datePublished":"2024-05-10T10:04:36+00:00","dateModified":"2026-02-25T10:42:04+00:00","description":"Profesion\u00e1lny motor Kawasaki FX730V 726 cm\u00b3. \u017dacie \u00fastrojenstvo so \u0161\u00edrkou 152 cm (60\"). ZENITH 60 je ide\u00e1lnou vo\u013ebou pre profesion\u00e1lov na celodenn\u00e9 kosenie.","breadcrumb":{"@id":"https:\/\/www.ariens.eu\/sk\/product\/zero-turn-kosacky\/seria-zenith\/zenith-60\/#breadcrumb"},"inLanguage":"sk-SK","potentialAction":[{"@type":"ReadAction","target":["https:\/\/www.ariens.eu\/sk\/product\/zero-turn-kosacky\/seria-zenith\/zenith-60\/"]}]},{"@type":"ImageObject","inLanguage":"sk-SK","@id":"https:\/\/www.ariens.eu\/sk\/product\/zero-turn-kosacky\/seria-zenith\/zenith-60\/#primaryimage","url":"https:\/\/www.ariens.eu\/sk\/wp-content\/uploads\/sites\/18\/2024\/11\/ariens-zenith-my25-3-4.png","contentUrl":"https:\/\/www.ariens.eu\/sk\/wp-content\/uploads\/sites\/18\/2024\/11\/ariens-zenith-my25-3-4.png","width":1024,"height":720,"caption":"Ariens Zero-Turn model ZENITH"},{"@type":"BreadcrumbList","@id":"https:\/\/www.ariens.eu\/sk\/product\/zero-turn-kosacky\/seria-zenith\/zenith-60\/#breadcrumb","itemListElement":[{"@type":"ListItem","position":1,"name":"Home","item":"https:\/\/www.ariens.eu\/sk\/"},{"@type":"ListItem","position":2,"name":"Obchod","item":"https:\/\/www.ariens.eu\/sk\/obchod\/"},{"@type":"ListItem","position":3,"name":"ZENITH 60"}]},{"@type":"WebSite","@id":"https:\/\/www.ariens.eu\/sk\/#website","url":"https:\/\/www.ariens.eu\/sk\/","name":"Ariens | EMEAA","description":"Powerful and reliable zero-turn mowers &amp; snow blowers for professional users and demanding private customers","publisher":{"@id":"https:\/\/www.ariens.eu\/sk\/#organization"},"potentialAction":[{"@type":"SearchAction","target":{"@type":"EntryPoint","urlTemplate":"https:\/\/www.ariens.eu\/sk\/?s={search_term_string}"},"query-input":{"@type":"PropertyValueSpecification","valueRequired":true,"valueName":"search_term_string"}}],"inLanguage":"sk-SK"},{"@type":"Organization","@id":"https:\/\/www.ariens.eu\/sk\/#organization","name":"AriensCo GmbH","url":"https:\/\/www.ariens.eu\/sk\/","logo":{"@type":"ImageObject","inLanguage":"sk-SK","@id":"https:\/\/www.ariens.eu\/sk\/#\/schema\/logo\/image\/","url":"https:\/\/www.ariens.eu\/wp-content\/uploads\/2024\/11\/ariens-co-logo.jpg","contentUrl":"https:\/\/www.ariens.eu\/wp-content\/uploads\/2024\/11\/ariens-co-logo.jpg","width":1000,"height":1000,"caption":"AriensCo GmbH"},"image":{"@id":"https:\/\/www.ariens.eu\/sk\/#\/schema\/logo\/image\/"}}]}},"_links":{"self":[{"href":"https:\/\/www.ariens.eu\/sk\/wp-json\/wp\/v2\/product\/2335","targetHints":{"allow":["GET"]}}],"collection":[{"href":"https:\/\/www.ariens.eu\/sk\/wp-json\/wp\/v2\/product"}],"about":[{"href":"https:\/\/www.ariens.eu\/sk\/wp-json\/wp\/v2\/types\/product"}],"replies":[{"embeddable":true,"href":"https:\/\/www.ariens.eu\/sk\/wp-json\/wp\/v2\/comments?post=2335"}],"wp:featuredmedia":[{"embeddable":true,"href":"https:\/\/www.ariens.eu\/sk\/wp-json\/wp\/v2\/media\/5082"}],"wp:attachment":[{"href":"https:\/\/www.ariens.eu\/sk\/wp-json\/wp\/v2\/media?parent=2335"}],"wp:term":[{"taxonomy":"product_brand","embeddable":true,"href":"https:\/\/www.ariens.eu\/sk\/wp-json\/wp\/v2\/product_brand?post=2335"},{"taxonomy":"product_cat","embeddable":true,"href":"https:\/\/www.ariens.eu\/sk\/wp-json\/wp\/v2\/product_cat?post=2335"},{"taxonomy":"product_tag","embeddable":true,"href":"https:\/\/www.ariens.eu\/sk\/wp-json\/wp\/v2\/product_tag?post=2335"}],"curies":[{"name":"wp","href":"https:\/\/api.w.org\/{rel}","templated":true}]}}