{"id":2343,"date":"2024-05-10T11:04:36","date_gmt":"2024-05-10T10:04:36","guid":{"rendered":"https:\/\/www.ariens.eu\/product\/arrow-32\/"},"modified":"2026-02-25T10:36:24","modified_gmt":"2026-02-25T10:36:24","slug":"arrow-32","status":"publish","type":"product","link":"https:\/\/www.ariens.eu\/sk\/product\/zero-turn-kosacky\/seria-arrow\/arrow-32","title":{"rendered":"ARROW 32"},"content":{"rendered":"<div class=\"acfd-block acfd-block__twocolumns mb-asm-1 container-fluid px-0 bg-default\">\n<div class=\"acfd-twocolumns\">\n<div class=\"row\">\n<div class='col-lg-9 mb-4'>\n<div class=\"acfd-block acfd-block__headline container-fluid px-0 bg-default\">\n<div class=\"acfd-headline\">\n<h2 class='h2 text-left'>Najman\u00e9vrovate\u013enej\u0161ia a najkompaktnej\u0161ia kosa\u010dka s nulov\u00fdm polomerom ot\u00e1\u010dania. Vhodn\u00e1 na pou\u017eitie kdeko\u013evek.<\/h2>\n<\/p><\/div>\n<\/div><\/div>\n<div class='col-lg'>                    <\/div>\n<\/p><\/div>\n<\/div>\n<\/div>\n<div class=\"acfd-block acfd-block__twocolumns mb-asm-2 container-fluid px-0 bg-default\">\n<div class=\"acfd-twocolumns\">\n<div class=\"row\">\n<div class='col-lg-9 mb-4'>\n<div class=\"acfd-block acfd-block__text container-fluid px-0 bg-default\">\n<div class=\"acfd-text\">\n<p>Kosa\u010dky na st\u00e1tie (stand-on kosa\u010dky) s\u00fa pohodln\u00e9, r\u00fdchle a z\u00e1rove\u0148 mimoriadne kompaktn\u00e9, obratn\u00e9 a \u0161etria miesto. Va\u0161a chrbtica a svaly v\u00e1m po\u010fakuj\u00fa za vzpriamen\u00fa pracovn\u00fa polohu.<\/p>\n<p>S v\u00fdkonn\u00fdm \u0161tandardn\u00fdm motorom Kawasaki FS600 a \u017eac\u00edm \u00fastrojenstvom dlh\u00fdm 81 cm (32&#8243;) je kosa\u010dka ARROW 32 na st\u00e1tie ide\u00e1lnou vo\u013ebou pre profesion\u00e1lne kosenie v r\u00f4znych oblastiach.<\/p>\n<ul>\n<li>\n<p>81 cm (32&#8243;) \u017eacie \u00fastrojenstvo z 7-gauge ocele.<\/p>\n<\/li>\n<li>\n<p>Poh\u00e1\u0148an\u00e1 motorom Kawasaki<sup>&reg;<\/sup> FS 600 V-Twin 600 cm\u00b3.<\/p>\n<\/li>\n<li>\n<p>Syst\u00e9m uvo\u013enenia palcom a vertik\u00e1lny areta\u010dn\u00fd syst\u00e9m s 15 polohami nastavenia v\u00fd\u0161ky kosenia.<\/p>\n<\/li>\n<li>\n<p>K dispoz\u00edcii \u0161irok\u00fd v\u00fdber volite\u013en\u00e9ho pr\u00edslu\u0161enstva.<\/p>\n<\/li>\n<li>\n<p>Z\u00e1ruka 5 rokov alebo 1000 motohod\u00edn (bez obmedzenia hod\u00edn po\u010das prv\u00fdch 2 rokov).<\/p>\n<\/li>\n<\/ul>\n<\/div>\n<\/div><\/div>\n<div class='col-lg'>                    <\/div>\n<\/p><\/div>\n<\/div>\n<\/div>\n<div class=\"acfd-block acfd-block__category mb-asm-3 container-fluid px-0 bg-default\">\n<div class=\"acfd-product-categories\">\n<h2 class=\"text-left mb-3\">\n        Eins\u00e4tze    <\/h2>\n<div class=\"product-categories_wrapper\">\n         <span data-description=\"Kos\u00edte nieko\u013eko hod\u00edn, dn\u00ed alebo dokonca t\u00fd\u017ed\u0148ov po sebe? Pou\u017e\u00edvate svoju kosa\u010dku profesion\u00e1lne a zar\u00e1bate s \u0148ou peniaze? Potom potrebujete obzvl\u00e1\u0161\u0165 spo\u013eahliv\u00fd a pohodln\u00fd stroj s odoln\u00fdmi komponentmi.\" class=\"product-category-single\"> PRO                <sup><i class=\"fa fa-info-circle\" aria-hidden=\"true\"><\/i><\/sup>            <\/span>  <span data-description=\"Na\u0161e kosa\u010dky s\u00fa vybaven\u00e9 vysoko kvalitn\u00fdmi motormi Kawasaki<sup>&reg;<\/sup> alebo Ariens. Poskytuj\u00fa nadpriemern\u00fd v\u00fdkon a spo\u013eahlivos\u0165.\" class=\"product-category-single\"> Benz\u00edn                <sup><i class=\"fa fa-info-circle\" aria-hidden=\"true\"><\/i><\/sup>            <\/span>  <span data-description=\"Pri pou\u017eit\u00ed vhodnej sady na mul\u010dovanie vo va\u0161ej kosa\u010dke u\u017e nie je potrebn\u00fd bo\u010dn\u00fd v\u00fdhoz. Pokosen\u00e1 tr\u00e1va je jemne rozsekan\u00e1 a rovnomerne rozlo\u017een\u00e1 dozadu na tr\u00e1vnik. Aplikovan\u00e9 hnojivo zost\u00e1va na povrchu a jemn\u00e9 \u010dasti tr\u00e1vy takmer nevidite\u013ene vnikaj\u00fa do tr\u00e1vnika.\" class=\"product-category-single\"> Volite\u013en\u00e1 sada na mul\u010dovanie                <sup><i class=\"fa fa-info-circle\" aria-hidden=\"true\"><\/i><\/sup>            <\/span>  <span data-description=\"Kosenie postoja\u010dky je moment\u00e1lne \u201ein\u201c. V\u00fdhodou je v\u00fdborn\u00fd preh\u013ead obsluhy nad celou kosa\u010dkou a mimoriadna man\u00e9vrovate\u013enos\u0165 t\u00fdchto kompaktn\u00fdch strojov. Pou\u017e\u00edvatelia s boles\u0165ami chrbta ocenia ergonomick\u00fa pracovn\u00fa polohu. Ka\u017edodenn\u00e1 preprava a uskladnenie s\u00fa v\u00fdrazne jednoduch\u0161ie. Nasadnutie a zosadnutie trv\u00e1 len nieko\u013eko sek\u00fand. Ide\u00e1lne aj do \u00fazkych priechodov a z\u00e1hradn\u00fdch br\u00e1n.\" class=\"product-category-single\"> Stand-on kosa\u010dky (so stojacou obsluhou)                <sup><i class=\"fa fa-info-circle\" aria-hidden=\"true\"><\/i><\/sup>            <\/span>  <span data-description=\"Pri modeloch APEX a ZENITH m\u00e1te na v\u00fdber medzi kosa\u010dkami s bo\u010dn\u00fdm a zadn\u00fdm v\u00fdhozom. Kosa\u010dka s bo\u010dn\u00fdm v\u00fdhozom vyhadzuje pokosen\u00fa tr\u00e1vu cez bo\u010dn\u00fd otvor a deflektor. Siln\u00fd pr\u00fad vzduchu ju n\u00e1sledne rozpt\u00fdli na ve\u013ek\u00fa plochu. Do kosa\u010diek s bo\u010dn\u00fdm v\u00fdhozom je mo\u017en\u00e9 namontova\u0165 volite\u013en\u00fa mul\u010dovaciu sadu. Pri pou\u017eit\u00ed mul\u010dovacej sady je tr\u00e1va jemne posekan\u00e1 a vyhadzovan\u00e1 dozadu. Bo\u010dn\u00fd v\u00fdhoz a deflektor sa potom uzavr\u00fa alebo odstr\u00e1nia.\" class=\"product-category-single\"> Bo\u010dn\u00fd v\u00fdhoz                <sup><i class=\"fa fa-info-circle\" aria-hidden=\"true\"><\/i><\/sup>            <\/span>  <span data-description=\"V\u0161etky kosa\u010dky Ariens s\u00fa vhodn\u00e9 na kosenie rovn\u00fdch tr\u00e1vnikov. Vyberte si \u0161\u00edrku z\u00e1beru pod\u013ea ve\u013ekosti plochy a pr\u00edpadn\u00fdch z\u00fa\u017een\u00fdch miest.\" class=\"product-category-single\"> Rovn\u00fd ter\u00e9n                <sup><i class=\"fa fa-info-circle\" aria-hidden=\"true\"><\/i><\/sup>            <\/span>  <span data-description=\"Kosa\u010dky Ariens si dobre poradia s vlnit\u00fdm ter\u00e9nom. Pre vlnit\u00fd ter\u00e9n vyberajte u\u017e\u0161ie z\u00e1bery kosenia pre rovnomernej\u0161\u00ed rez.\" class=\"product-category-single\"> Vlnit\u00fd ter\u00e9n                <sup><i class=\"fa fa-info-circle\" aria-hidden=\"true\"><\/i><\/sup>            <\/span>  <span data-description=\"Najlep\u0161ie je zvoli\u0165 stroj so \u0161irok\u00fdmi kolesami. Neprekra\u010dujte stanoven\u00fd bezpe\u010dnostn\u00fd limit sklonu \u2013 15\u00b0 pre pojazdn\u00e9 kosa\u010dky a 20\u00b0 pre stojace modely. Na zvlnenom ter\u00e9ne odpor\u00fa\u010dame u\u017e\u0161ie \u017eacie \u00fastrojenstvo pre rovnomernej\u0161\u00ed v\u00fdsledok kosenia. Model ZENITH m\u00e1 \u0161tandardne ochranu proti prevr\u00e1teniu. Na model APEX ju mo\u017eno dodato\u010dne namontova\u0165.\" class=\"product-category-single\"> Kopcovit\u00fd ter\u00e9n                <sup><i class=\"fa fa-info-circle\" aria-hidden=\"true\"><\/i><\/sup>            <\/span>  <span data-description=\"Pou\u017e\u00edvajte z\u00e1ber kosenia 107 cm a 122 cm na stredne ve\u013ek\u00fdch a\u017e ve\u013ek\u00fdch tr\u00e1vnikoch.\" class=\"product-category-single\"> Stredne ve\u013ek\u00e9 plochy                <sup><i class=\"fa fa-info-circle\" aria-hidden=\"true\"><\/i><\/sup>            <\/span>  <span data-description=\"Na ve\u013ek\u00fdch ploch\u00e1ch sa efekt\u00edvne vyu\u017e\u00edvaj\u00fa \u017eacie \u00fastrojenstv\u00e1 so \u0161\u00edrkou 132 cm a 152 cm.\" class=\"product-category-single\"> Ve\u013ek\u00e9 plochy                <sup><i class=\"fa fa-info-circle\" aria-hidden=\"true\"><\/i><\/sup>            <\/span>     <\/div>\n<\/div>\n<\/div>\n<div class=\"acfd-block acfd-block__twocolumns mb-asm-2 container-fluid container-fluid--force px-0 bg-default\">\n<div class=\"acfd-twocolumns\">\n<div class=\"row\">\n<div class='col-lg-12 mb-4'>\n<div class=\"acfd-product-advantages--wrapper\">\n<h2 class=\"h1 bigger text-color-black text-center mb-5\">\n        Merkmale &amp; Vorteile    <\/h2>\n<div class=\"acfd-product-advantages\">\n<div class=\"row\">\n<div class=\"col-md-6 mb-4 content\">\n                    <span class=\"d-block h5 text-color-brand mb-1\">Jednoduch\u00fd pr\u00edstup a vysok\u00e1 man\u00e9vrovate\u013enos\u0165<\/span><\/p>\n<p>\u017dacie \u00fastrojenstv\u00e1 so \u0161\u00edrkou 81 cm (32\u2033) a 91 cm (36\u2033) umo\u017e\u0148uj\u00fa pr\u00edstup do \u0165a\u017eko dostupn\u00fdch miest a u\u013eah\u010duj\u00fa pr\u00e1cu v stiesnen\u00fdch priestoroch. Nasadnutie aj zosadnutie trv\u00e1 len nieko\u013eko sek\u00fand.<\/p>\n<\/p><\/div>\n<div class=\"col-md-6 mb4 image\" style=\"background-image:url(https:\/\/www.ariens.eu\/sk\/wp-content\/uploads\/sites\/18\/2024\/05\/ariens-arrow-standon-zero-turn-narrow-footprint-easy-access.webp)\">\n                <\/div>\n<\/p><\/div>\n<div class=\"row\">\n<div class=\"col-md-6 mb-4 content\">\n                    <span class=\"d-block h5 text-color-brand mb-1\">Skladacia jazdn\u00e1 plo\u0161ina<\/span><\/p>\n<p>Vzpriamen\u00e1 poloha vodi\u010da na jazdnej plo\u0161ine poskytuje pou\u017e\u00edvate\u013eovi lep\u0161\u00ed v\u00fdh\u013ead na \u017eacie \u00fastrojenstvo ako pri traktorovej kosa\u010dke. Vibr\u00e1cie a n\u00e1razy na chrb\u00e1t obsluhy s\u00fa zn\u00ed\u017een\u00e9 \u2013 pracovn\u00fd de\u0148 je tak menej nam\u00e1hav\u00fd. Skladac\u00ed mechanizmus plo\u0161iny umo\u017e\u0148uje r\u00fdchlu premenu kosa\u010dky zo \u201estojacej\u201c na \u201ekosa\u010dku s ch\u00f4dzou za strojom\u201c, \u010d\u00edm poskytuje maxim\u00e1lnu v\u0161estrannos\u0165 pri pr\u00e1ci v \u00fazkych a n\u00edzkych priechodoch.<\/p>\n<\/p><\/div>\n<div class=\"col-md-6 mb4 image\" style=\"background-image:url(https:\/\/www.ariens.eu\/sk\/wp-content\/uploads\/sites\/18\/2024\/05\/ariens-arrow-standon-zero-turn-flip-up-suspension-platform.webp)\">\n                <\/div>\n<\/p><\/div>\n<div class=\"row\">\n<div class=\"col-md-6 mb-4 content\">\n                    <span class=\"d-block h5 text-color-brand mb-1\">Nastavite\u013en\u00e1 regul\u00e1cia r\u00fdchlosti<\/span><\/p>\n<p>Umo\u017e\u0148uje obsluhe obmedzi\u0165 maxim\u00e1lnu r\u00fdchlos\u0165 stroja v stiesnen\u00fdch pracovn\u00fdch priestoroch.<\/p>\n<\/p><\/div>\n<div class=\"col-md-6 mb4 image\" style=\"background-image:url(https:\/\/www.ariens.eu\/sk\/wp-content\/uploads\/sites\/18\/2024\/05\/ariens-arrow-standon-zero-turn-cruise-bar.webp)\">\n                <\/div>\n<\/p><\/div>\n<div class=\"row\">\n<div class=\"col-md-6 mb-4 content\">\n                    <span class=\"d-block h5 text-color-brand mb-1\">Ovl\u00e1dacie prvky<\/span><\/p>\n<p>V\u0161etky funkcie s\u00fa \u013eahko dostupn\u00e9 a ergonomicky ovl\u00e1date\u013en\u00e9 z miesta vodi\u010da.<\/p>\n<\/p><\/div>\n<div class=\"col-md-6 mb4 image\" style=\"background-image:url(https:\/\/www.ariens.eu\/sk\/wp-content\/uploads\/sites\/18\/2024\/05\/ariens-arrow-standon-zero-turn-ergonomic-control-panel.webp)\">\n                <\/div>\n<\/p><\/div>\n<div class=\"row\">\n<div class=\"col-md-6 mb-4 content\">\n                    <span class=\"d-block h5 text-color-brand mb-1\">Nastavenie v\u00fd\u0161ky kosenia<\/span><\/p>\n<p>Na zdvihnutie \u017eacieho \u00fastrojenstva je potrebn\u00e9 menej n\u00e1mahy. Kombin\u00e1cia no\u017en\u00e9ho ped\u00e1la, ru\u010dnej p\u00e1ky a vertik\u00e1lneho \u010dapov\u00e9ho syst\u00e9mu u\u013eah\u010duje nastavenie v\u00fd\u0161ky rezu.<\/p>\n<\/p><\/div>\n<div class=\"col-md-6 mb4 image\" style=\"background-image:url(https:\/\/www.ariens.eu\/sk\/wp-content\/uploads\/sites\/18\/2024\/05\/ariens-arrow-standon-zero-turn-easy-deck-height-adjustment.webp)\">\n                <\/div>\n<\/p><\/div>\n<div class=\"row\">\n<div class=\"col-md-6 mb-4 content\">\n                    <span class=\"d-block h5 text-color-brand mb-1\">Pr\u00e9miov\u00fd motor<\/span><\/p>\n<p>Pr\u00e9miov\u00fd motor Kawasaki FS600 V-Twin zabezpe\u010duje v\u00fdkon, spo\u013eahlivos\u0165 a \u00fasporu paliva.<\/p>\n<\/p><\/div>\n<div class=\"col-md-6 mb4 image\" style=\"background-image:url(https:\/\/www.ariens.eu\/sk\/wp-content\/uploads\/sites\/18\/2024\/05\/ariens-arrow-standon-zero-turn-kawasaki-engine.webp)\">\n                <\/div>\n<\/p><\/div>\n<div class=\"row\">\n<div class=\"col-md-6 mb-4 content\">\n                    <span class=\"d-block h5 text-color-brand mb-1\">Ni\u017e\u0161ie \u0165a\u017eisko<\/span><\/p>\n<p>Geometria a rozlo\u017eenie hmotnosti zabezpe\u010duj\u00fa lep\u0161iu stabilitu na svahoch a pr\u00edjemnej\u0161\u00ed pocit istoty pre vodi\u010da.<\/p>\n<\/p><\/div>\n<div class=\"col-md-6 mb4 image\" style=\"background-image:url(https:\/\/www.ariens.eu\/sk\/wp-content\/uploads\/sites\/18\/2024\/05\/ariens-arrow-standon-zero-turn-lowered-centre-of-gravity.webp)\">\n                <\/div>\n<\/p><\/div>\n<\/p><\/div>\n<\/div><\/div>\n<div class='col-lg'>                    <\/div>\n<\/p><\/div>\n<\/div>\n<\/div>\n","protected":false},"excerpt":{"rendered":"<p>Najman\u00e9vrovate\u013enej\u0161ia a najkompaktnej\u0161ia kosa\u010dka s nulov\u00fdm polomerom ot\u00e1\u010dania. Vhodn\u00e1 na pou\u017eitie kdeko\u013evek. Kosa\u010dky na st\u00e1tie (stand-on kosa\u010dky) s\u00fa pohodln\u00e9, r\u00fdchle a z\u00e1rove\u0148 mimoriadne kompaktn\u00e9, obratn\u00e9 a \u0161etria miesto. Va\u0161a chrbtica a svaly v\u00e1m po\u010fakuj\u00fa za vzpriamen\u00fa pracovn\u00fa polohu. S v\u00fdkonn\u00fdm \u0161tandardn\u00fdm motorom Kawasaki FS600 a \u017eac\u00edm \u00fastrojenstvom dlh\u00fdm 81 cm (32&#8243;) je kosa\u010dka ARROW 32 [&hellip;]<\/p>\n","protected":false},"featured_media":2708,"comment_status":"open","ping_status":"closed","template":"","meta":{"_acf_changed":false,"_relevanssi_hide_post":"","_relevanssi_hide_content":"","_relevanssi_pin_for_all":"","_relevanssi_pin_keywords":"","_relevanssi_unpin_keywords":"","_relevanssi_related_keywords":"","_relevanssi_related_include_ids":"","_relevanssi_related_exclude_ids":"","_relevanssi_related_no_append":"","_relevanssi_related_not_related":"","_relevanssi_related_posts":"","_relevanssi_noindex_reason":""},"product_brand":[],"product_cat":[15],"product_tag":[],"class_list":{"0":"post-2343","1":"product","2":"type-product","3":"status-publish","4":"has-post-thumbnail","6":"product_variant-seria-arrow","7":"product_usage_areas-obce-a-technicke-sluzby","8":"product_usage_areas-poskytovatelia-sluzieb","9":"product_usage_areas-rekreacne-zariadenia","10":"product_usage_areas-sprava-objektov","12":"first","13":"instock","14":"shipping-taxable","15":"product-type-simple"},"acf":[],"yoast_head":"<!-- This site is optimized with the Yoast SEO plugin v27.3 - https:\/\/yoast.com\/product\/yoast-seo-wordpress\/ -->\n<title>ARROW 32 \u2013 Zero-turn kosa\u010dka so stojacou obsluhou | Ariens<\/title>\n<meta name=\"description\" content=\"S v\u00fdkonn\u00fdm motorom Kawasaki FS600 a \u017eac\u00edm \u00fastrojenstvom \u0161irok\u00fdm 81 cm (32&quot;) je ARROW 32 ide\u00e1lnou vo\u013ebou pre kosenie aj na \u0165a\u017eko dostupn\u00fdch miestach.\" \/>\n<meta name=\"robots\" content=\"noindex, follow, max-snippet:-1, max-image-preview:large, max-video-preview:-1\" \/>\n<meta property=\"og:locale\" content=\"sk_SK\" \/>\n<meta property=\"og:type\" content=\"article\" \/>\n<meta property=\"og:title\" content=\"ARROW 32 \u2013 Zero-turn kosa\u010dka so stojacou obsluhou | Ariens\" \/>\n<meta property=\"og:description\" content=\"S v\u00fdkonn\u00fdm motorom Kawasaki FS600 a \u017eac\u00edm \u00fastrojenstvom \u0161irok\u00fdm 81 cm (32&quot;) je ARROW 32 ide\u00e1lnou vo\u013ebou pre kosenie aj na \u0165a\u017eko dostupn\u00fdch miestach.\" \/>\n<meta property=\"og:url\" content=\"https:\/\/www.ariens.eu\/sk\/product\/zero-turn-kosacky\/seria-arrow\/arrow-32\/\" \/>\n<meta property=\"og:site_name\" content=\"Ariens |\u00a0EMEAA\" \/>\n<meta property=\"article:modified_time\" content=\"2026-02-25T10:36:24+00:00\" \/>\n<meta property=\"og:image\" content=\"https:\/\/www.ariens.eu\/sk\/wp-content\/uploads\/sites\/18\/2024\/05\/ariens-arrow-32-stand-on-zero-turn-front-view-34.webp\" \/>\n\t<meta property=\"og:image:width\" content=\"900\" \/>\n\t<meta property=\"og:image:height\" content=\"650\" \/>\n\t<meta property=\"og:image:type\" content=\"image\/webp\" \/>\n<meta name=\"twitter:card\" content=\"summary_large_image\" \/>\n<meta name=\"twitter:label1\" content=\"Predpokladan\u00fd \u010das \u010d\u00edtania\" \/>\n\t<meta name=\"twitter:data1\" content=\"3 min\u00faty\" \/>\n<script type=\"application\/ld+json\" class=\"yoast-schema-graph\">{\"@context\":\"https:\\\/\\\/schema.org\",\"@graph\":[{\"@type\":\"WebPage\",\"@id\":\"https:\\\/\\\/www.ariens.eu\\\/sk\\\/product\\\/zero-turn-kosacky\\\/seria-arrow\\\/arrow-32\\\/\",\"url\":\"https:\\\/\\\/www.ariens.eu\\\/sk\\\/product\\\/zero-turn-kosacky\\\/seria-arrow\\\/arrow-32\\\/\",\"name\":\"ARROW 32 \u2013 Zero-turn kosa\u010dka so stojacou obsluhou | Ariens\",\"isPartOf\":{\"@id\":\"https:\\\/\\\/www.ariens.eu\\\/sk\\\/#website\"},\"primaryImageOfPage\":{\"@id\":\"https:\\\/\\\/www.ariens.eu\\\/sk\\\/product\\\/zero-turn-kosacky\\\/seria-arrow\\\/arrow-32\\\/#primaryimage\"},\"image\":{\"@id\":\"https:\\\/\\\/www.ariens.eu\\\/sk\\\/product\\\/zero-turn-kosacky\\\/seria-arrow\\\/arrow-32\\\/#primaryimage\"},\"thumbnailUrl\":\"https:\\\/\\\/www.ariens.eu\\\/sk\\\/wp-content\\\/uploads\\\/sites\\\/18\\\/2024\\\/05\\\/ariens-arrow-32-stand-on-zero-turn-front-view-34.webp\",\"datePublished\":\"2024-05-10T10:04:36+00:00\",\"dateModified\":\"2026-02-25T10:36:24+00:00\",\"description\":\"S v\u00fdkonn\u00fdm motorom Kawasaki FS600 a \u017eac\u00edm \u00fastrojenstvom \u0161irok\u00fdm 81 cm (32\\\") je ARROW 32 ide\u00e1lnou vo\u013ebou pre kosenie aj na \u0165a\u017eko dostupn\u00fdch miestach.\",\"breadcrumb\":{\"@id\":\"https:\\\/\\\/www.ariens.eu\\\/sk\\\/product\\\/zero-turn-kosacky\\\/seria-arrow\\\/arrow-32\\\/#breadcrumb\"},\"inLanguage\":\"sk-SK\",\"potentialAction\":[{\"@type\":\"ReadAction\",\"target\":[\"https:\\\/\\\/www.ariens.eu\\\/sk\\\/product\\\/zero-turn-kosacky\\\/seria-arrow\\\/arrow-32\\\/\"]}]},{\"@type\":\"ImageObject\",\"inLanguage\":\"sk-SK\",\"@id\":\"https:\\\/\\\/www.ariens.eu\\\/sk\\\/product\\\/zero-turn-kosacky\\\/seria-arrow\\\/arrow-32\\\/#primaryimage\",\"url\":\"https:\\\/\\\/www.ariens.eu\\\/sk\\\/wp-content\\\/uploads\\\/sites\\\/18\\\/2024\\\/05\\\/ariens-arrow-32-stand-on-zero-turn-front-view-34.webp\",\"contentUrl\":\"https:\\\/\\\/www.ariens.eu\\\/sk\\\/wp-content\\\/uploads\\\/sites\\\/18\\\/2024\\\/05\\\/ariens-arrow-32-stand-on-zero-turn-front-view-34.webp\",\"width\":900,\"height\":650},{\"@type\":\"BreadcrumbList\",\"@id\":\"https:\\\/\\\/www.ariens.eu\\\/sk\\\/product\\\/zero-turn-kosacky\\\/seria-arrow\\\/arrow-32\\\/#breadcrumb\",\"itemListElement\":[{\"@type\":\"ListItem\",\"position\":1,\"name\":\"Home\",\"item\":\"https:\\\/\\\/www.ariens.eu\\\/sk\\\/\"},{\"@type\":\"ListItem\",\"position\":2,\"name\":\"Obchod\",\"item\":\"https:\\\/\\\/www.ariens.eu\\\/sk\\\/obchod\\\/\"},{\"@type\":\"ListItem\",\"position\":3,\"name\":\"ARROW 32\"}]},{\"@type\":\"WebSite\",\"@id\":\"https:\\\/\\\/www.ariens.eu\\\/sk\\\/#website\",\"url\":\"https:\\\/\\\/www.ariens.eu\\\/sk\\\/\",\"name\":\"Ariens | EMEAA\",\"description\":\"Powerful and reliable zero-turn mowers &amp; snow blowers for professional users and demanding private customers\",\"publisher\":{\"@id\":\"https:\\\/\\\/www.ariens.eu\\\/sk\\\/#organization\"},\"potentialAction\":[{\"@type\":\"SearchAction\",\"target\":{\"@type\":\"EntryPoint\",\"urlTemplate\":\"https:\\\/\\\/www.ariens.eu\\\/sk\\\/?s={search_term_string}\"},\"query-input\":{\"@type\":\"PropertyValueSpecification\",\"valueRequired\":true,\"valueName\":\"search_term_string\"}}],\"inLanguage\":\"sk-SK\"},{\"@type\":\"Organization\",\"@id\":\"https:\\\/\\\/www.ariens.eu\\\/sk\\\/#organization\",\"name\":\"AriensCo GmbH\",\"url\":\"https:\\\/\\\/www.ariens.eu\\\/sk\\\/\",\"logo\":{\"@type\":\"ImageObject\",\"inLanguage\":\"sk-SK\",\"@id\":\"https:\\\/\\\/www.ariens.eu\\\/sk\\\/#\\\/schema\\\/logo\\\/image\\\/\",\"url\":\"https:\\\/\\\/www.ariens.eu\\\/wp-content\\\/uploads\\\/2024\\\/11\\\/ariens-co-logo.jpg\",\"contentUrl\":\"https:\\\/\\\/www.ariens.eu\\\/wp-content\\\/uploads\\\/2024\\\/11\\\/ariens-co-logo.jpg\",\"width\":1000,\"height\":1000,\"caption\":\"AriensCo GmbH\"},\"image\":{\"@id\":\"https:\\\/\\\/www.ariens.eu\\\/sk\\\/#\\\/schema\\\/logo\\\/image\\\/\"}}]}<\/script>\n<!-- \/ Yoast SEO plugin. -->","yoast_head_json":{"title":"ARROW 32 \u2013 Zero-turn kosa\u010dka so stojacou obsluhou | Ariens","description":"S v\u00fdkonn\u00fdm motorom Kawasaki FS600 a \u017eac\u00edm \u00fastrojenstvom \u0161irok\u00fdm 81 cm (32\") je ARROW 32 ide\u00e1lnou vo\u013ebou pre kosenie aj na \u0165a\u017eko dostupn\u00fdch miestach.","robots":{"index":"noindex","follow":"follow","max-snippet":"max-snippet:-1","max-image-preview":"max-image-preview:large","max-video-preview":"max-video-preview:-1"},"og_locale":"sk_SK","og_type":"article","og_title":"ARROW 32 \u2013 Zero-turn kosa\u010dka so stojacou obsluhou | Ariens","og_description":"S v\u00fdkonn\u00fdm motorom Kawasaki FS600 a \u017eac\u00edm \u00fastrojenstvom \u0161irok\u00fdm 81 cm (32\") je ARROW 32 ide\u00e1lnou vo\u013ebou pre kosenie aj na \u0165a\u017eko dostupn\u00fdch miestach.","og_url":"https:\/\/www.ariens.eu\/sk\/product\/zero-turn-kosacky\/seria-arrow\/arrow-32\/","og_site_name":"Ariens |\u00a0EMEAA","article_modified_time":"2026-02-25T10:36:24+00:00","og_image":[{"width":900,"height":650,"url":"https:\/\/www.ariens.eu\/sk\/wp-content\/uploads\/sites\/18\/2024\/05\/ariens-arrow-32-stand-on-zero-turn-front-view-34.webp","type":"image\/webp"}],"twitter_card":"summary_large_image","twitter_misc":{"Predpokladan\u00fd \u010das \u010d\u00edtania":"3 min\u00faty"},"schema":{"@context":"https:\/\/schema.org","@graph":[{"@type":"WebPage","@id":"https:\/\/www.ariens.eu\/sk\/product\/zero-turn-kosacky\/seria-arrow\/arrow-32\/","url":"https:\/\/www.ariens.eu\/sk\/product\/zero-turn-kosacky\/seria-arrow\/arrow-32\/","name":"ARROW 32 \u2013 Zero-turn kosa\u010dka so stojacou obsluhou | Ariens","isPartOf":{"@id":"https:\/\/www.ariens.eu\/sk\/#website"},"primaryImageOfPage":{"@id":"https:\/\/www.ariens.eu\/sk\/product\/zero-turn-kosacky\/seria-arrow\/arrow-32\/#primaryimage"},"image":{"@id":"https:\/\/www.ariens.eu\/sk\/product\/zero-turn-kosacky\/seria-arrow\/arrow-32\/#primaryimage"},"thumbnailUrl":"https:\/\/www.ariens.eu\/sk\/wp-content\/uploads\/sites\/18\/2024\/05\/ariens-arrow-32-stand-on-zero-turn-front-view-34.webp","datePublished":"2024-05-10T10:04:36+00:00","dateModified":"2026-02-25T10:36:24+00:00","description":"S v\u00fdkonn\u00fdm motorom Kawasaki FS600 a \u017eac\u00edm \u00fastrojenstvom \u0161irok\u00fdm 81 cm (32\") je ARROW 32 ide\u00e1lnou vo\u013ebou pre kosenie aj na \u0165a\u017eko dostupn\u00fdch miestach.","breadcrumb":{"@id":"https:\/\/www.ariens.eu\/sk\/product\/zero-turn-kosacky\/seria-arrow\/arrow-32\/#breadcrumb"},"inLanguage":"sk-SK","potentialAction":[{"@type":"ReadAction","target":["https:\/\/www.ariens.eu\/sk\/product\/zero-turn-kosacky\/seria-arrow\/arrow-32\/"]}]},{"@type":"ImageObject","inLanguage":"sk-SK","@id":"https:\/\/www.ariens.eu\/sk\/product\/zero-turn-kosacky\/seria-arrow\/arrow-32\/#primaryimage","url":"https:\/\/www.ariens.eu\/sk\/wp-content\/uploads\/sites\/18\/2024\/05\/ariens-arrow-32-stand-on-zero-turn-front-view-34.webp","contentUrl":"https:\/\/www.ariens.eu\/sk\/wp-content\/uploads\/sites\/18\/2024\/05\/ariens-arrow-32-stand-on-zero-turn-front-view-34.webp","width":900,"height":650},{"@type":"BreadcrumbList","@id":"https:\/\/www.ariens.eu\/sk\/product\/zero-turn-kosacky\/seria-arrow\/arrow-32\/#breadcrumb","itemListElement":[{"@type":"ListItem","position":1,"name":"Home","item":"https:\/\/www.ariens.eu\/sk\/"},{"@type":"ListItem","position":2,"name":"Obchod","item":"https:\/\/www.ariens.eu\/sk\/obchod\/"},{"@type":"ListItem","position":3,"name":"ARROW 32"}]},{"@type":"WebSite","@id":"https:\/\/www.ariens.eu\/sk\/#website","url":"https:\/\/www.ariens.eu\/sk\/","name":"Ariens | EMEAA","description":"Powerful and reliable zero-turn mowers &amp; snow blowers for professional users and demanding private customers","publisher":{"@id":"https:\/\/www.ariens.eu\/sk\/#organization"},"potentialAction":[{"@type":"SearchAction","target":{"@type":"EntryPoint","urlTemplate":"https:\/\/www.ariens.eu\/sk\/?s={search_term_string}"},"query-input":{"@type":"PropertyValueSpecification","valueRequired":true,"valueName":"search_term_string"}}],"inLanguage":"sk-SK"},{"@type":"Organization","@id":"https:\/\/www.ariens.eu\/sk\/#organization","name":"AriensCo GmbH","url":"https:\/\/www.ariens.eu\/sk\/","logo":{"@type":"ImageObject","inLanguage":"sk-SK","@id":"https:\/\/www.ariens.eu\/sk\/#\/schema\/logo\/image\/","url":"https:\/\/www.ariens.eu\/wp-content\/uploads\/2024\/11\/ariens-co-logo.jpg","contentUrl":"https:\/\/www.ariens.eu\/wp-content\/uploads\/2024\/11\/ariens-co-logo.jpg","width":1000,"height":1000,"caption":"AriensCo GmbH"},"image":{"@id":"https:\/\/www.ariens.eu\/sk\/#\/schema\/logo\/image\/"}}]}},"_links":{"self":[{"href":"https:\/\/www.ariens.eu\/sk\/wp-json\/wp\/v2\/product\/2343","targetHints":{"allow":["GET"]}}],"collection":[{"href":"https:\/\/www.ariens.eu\/sk\/wp-json\/wp\/v2\/product"}],"about":[{"href":"https:\/\/www.ariens.eu\/sk\/wp-json\/wp\/v2\/types\/product"}],"replies":[{"embeddable":true,"href":"https:\/\/www.ariens.eu\/sk\/wp-json\/wp\/v2\/comments?post=2343"}],"wp:featuredmedia":[{"embeddable":true,"href":"https:\/\/www.ariens.eu\/sk\/wp-json\/wp\/v2\/media\/2708"}],"wp:attachment":[{"href":"https:\/\/www.ariens.eu\/sk\/wp-json\/wp\/v2\/media?parent=2343"}],"wp:term":[{"taxonomy":"product_brand","embeddable":true,"href":"https:\/\/www.ariens.eu\/sk\/wp-json\/wp\/v2\/product_brand?post=2343"},{"taxonomy":"product_cat","embeddable":true,"href":"https:\/\/www.ariens.eu\/sk\/wp-json\/wp\/v2\/product_cat?post=2343"},{"taxonomy":"product_tag","embeddable":true,"href":"https:\/\/www.ariens.eu\/sk\/wp-json\/wp\/v2\/product_tag?post=2343"}],"curies":[{"name":"wp","href":"https:\/\/api.w.org\/{rel}","templated":true}]}}