{"id":2348,"date":"2024-05-10T11:04:36","date_gmt":"2024-05-10T10:04:36","guid":{"rendered":"https:\/\/www.ariens.eu\/product\/arrow-e-52r\/"},"modified":"2025-11-10T10:49:28","modified_gmt":"2025-11-10T10:49:28","slug":"arrow-e-52r","status":"publish","type":"product","link":"https:\/\/www.ariens.eu\/sk\/product\/zero-turn-kosacky\/seria-arrow-e\/arrow-e-52r","title":{"rendered":"ARROW E 52R"},"content":{"rendered":"<div class=\"acfd-block acfd-block__twocolumns mb-asm-1 container-fluid px-0 bg-default\">\n<div class=\"acfd-twocolumns\">\n<div class=\"row\">\n<div class='col-lg-9 mb-4'>\n<div class=\"acfd-block acfd-block__headline container-fluid px-0 bg-default\">\n<div class=\"acfd-headline\">\n<h2 class='h2 text-left'>Stand-on bat\u00e9riov\u00e1 kosa\u010dka na ve\u013ek\u00e9 plochy bez emisi\u00ed<\/h2>\n<\/p><\/div>\n<\/div><\/div>\n<div class='col-lg'>                    <\/div>\n<\/p><\/div>\n<\/div>\n<\/div>\n<div class=\"acfd-block acfd-block__twocolumns mb-asm-2 container-fluid px-0 bg-default\">\n<div class=\"acfd-twocolumns\">\n<div class=\"row\">\n<div class='col-lg-9 mb-4'>\n<div class=\"acfd-block acfd-block__text container-fluid px-0 bg-default\">\n<div class=\"acfd-text\">\n<p>Stand-on kosa\u010dky s\u00fa pohodln\u00e9 a r\u00fdchle, z\u00e1rove\u0148 v\u0161ak mimoriadne kompaktn\u00e9, obratn\u00e9 a \u0161etriace miesto. Va\u0161a chrbtica a svaly v\u00e1m po\u010fakuj\u00fa za vzpriamen\u00fa pracovn\u00fa polohu.<\/p>\n<p>ARROW E 52R od Ariens je plne profesion\u00e1lna bat\u00e9riov\u00e1 kosa\u010dka s nulov\u00fdm polomerom ot\u00e1\u010dania. Vybaven\u00e1 132 cm (52&#8243;) \u0161irok\u00fdm \u017eac\u00edm \u00fastrojenstvom so zadn\u00fdm v\u00fdhozom, je ur\u010den\u00e1 na pou\u017eitie v oblastiach s obmedzen\u00fdm hlukom a emisiami CO\u2082.<\/p>\n<ul>\n<li>Pohon zabezpe\u010duj\u00fa \u0161tyri vymenite\u013en\u00e9 lithium-i\u00f3nov\u00e9 bat\u00e9rie FusionCore 56V DC s kapacitou 4 kWh.<\/li>\n<li>Patentovan\u00e1 technol\u00f3gia hriade\u013ea\u00a0navrhnut\u00e1 na absorpciu n\u00e1razov s minim\u00e1lnym po\u0161koden\u00edm.<\/li>\n<li>Syst\u00e9m r\u00fdchlej v\u00fdmeny bat\u00e9ri\u00ed QuickSwap umo\u017e\u0148uje kosenie po\u010das cel\u00e9ho d\u0148a (z\u00e1vis\u00ed od podmienok kosenia).<\/li>\n<li>Doba nab\u00edjania je 5,3 \u2013 12 hod\u00edn (pod\u013ea pou\u017eitej nab\u00edja\u010dky).<\/li>\n<li>Kosa\u010dka m\u00e1 132 cm (52&#8243;) \u0161irok\u00e9 \u017eacie \u00fastrojenstvo so zadn\u00fdm v\u00fdhozom, vyroben\u00e9 z pevnej ocele hr\u00fabky 4,5 mm.<\/li>\n<li>Intuit\u00edvne ovl\u00e1danie.<\/li>\n<li>Zlo\u017eiteln\u00e1 pracovn\u00e1 plo\u0161ina pre maxim\u00e1lnu v\u0161estrannos\u0165.<\/li>\n<li>Re\u017eim ECO predl\u017euj\u00faci \u017eivotnos\u0165 bat\u00e9rie.<\/li>\n<li>LED displej poskytuje d\u00f4le\u017eit\u00e9 inform\u00e1cie.<\/li>\n<li>Nastavenie \u017eacieho \u00fastrojenstva pomocou nohy.<\/li>\n<li>Z\u00e1ruka 5 rokov alebo 1500 prev\u00e1dzkov\u00fdch hod\u00edn \/ 3 roky na bat\u00e9riu.<\/li>\n<\/ul>\n<p>*Fotografie a ilustr\u00e1cie s\u00fa len ilustra\u010dn\u00e9, skuto\u010dn\u00fd produkt sa m\u00f4\u017ee l\u00ed\u0161i\u0165.<\/p>\n<\/div>\n<\/div><\/div>\n<div class='col-lg'>                    <\/div>\n<\/p><\/div>\n<\/div>\n<\/div>\n<div class=\"acfd-block acfd-block__category mb-asm-3 container-fluid px-0 bg-default\">\n<div class=\"acfd-product-categories\">\n<h2 class=\"text-left mb-3\">\n        Eins\u00e4tze    <\/h2>\n<div class=\"product-categories_wrapper\">\n         <span data-description=\"Kos\u00edte nieko\u013eko hod\u00edn, dn\u00ed alebo dokonca t\u00fd\u017ed\u0148ov po sebe? Pou\u017e\u00edvate svoju kosa\u010dku profesion\u00e1lne a zar\u00e1bate s \u0148ou peniaze? Potom potrebujete obzvl\u00e1\u0161\u0165 spo\u013eahliv\u00fd a pohodln\u00fd stroj s odoln\u00fdmi komponentmi.\" class=\"product-category-single\"> PRO                <sup><i class=\"fa fa-info-circle\" aria-hidden=\"true\"><\/i><\/sup>            <\/span>  <span data-description=\"Najmodernej\u0161ia bat\u00e9riov\u00e1 technol\u00f3gia teraz umo\u017e\u0148uje rovnak\u00fd v\u00fdkon a dojazd ako benz\u00ednov\u00e9 modely.\" class=\"product-category-single\"> Elektrick\u00fd pohon                <sup><i class=\"fa fa-info-circle\" aria-hidden=\"true\"><\/i><\/sup>            <\/span>  <span data-description=\"Kosenie postoja\u010dky je moment\u00e1lne \u201ein\u201c. V\u00fdhodou je v\u00fdborn\u00fd preh\u013ead obsluhy nad celou kosa\u010dkou a mimoriadna man\u00e9vrovate\u013enos\u0165 t\u00fdchto kompaktn\u00fdch strojov. Pou\u017e\u00edvatelia s boles\u0165ami chrbta ocenia ergonomick\u00fa pracovn\u00fa polohu. Ka\u017edodenn\u00e1 preprava a uskladnenie s\u00fa v\u00fdrazne jednoduch\u0161ie. Nasadnutie a zosadnutie trv\u00e1 len nieko\u013eko sek\u00fand. Ide\u00e1lne aj do \u00fazkych priechodov a z\u00e1hradn\u00fdch br\u00e1n.\" class=\"product-category-single\"> Stand-on kosa\u010dky (so stojacou obsluhou)                <sup><i class=\"fa fa-info-circle\" aria-hidden=\"true\"><\/i><\/sup>            <\/span>  <span data-description=\"Pri modeloch APEX a ZENITH m\u00e1te na v\u00fdber medzi bo\u010dn\u00fdm a zadn\u00fdm v\u00fdhozom kosa\u010dky. Kosa\u010dka so zadn\u00fdm v\u00fdhozom je uzavret\u00e1 po stran\u00e1ch a pokosen\u00e1 tr\u00e1va je vyhadzovan\u00e1 dozadu. V\u00fdhodou je, \u017ee \u017eiadna tr\u00e1va nespad\u00e1 na chodn\u00edky alebo z\u00e1hony a oproti mul\u010dovacej sade je mo\u017en\u00e9 dobre pokosi\u0165 aj vy\u0161\u0161iu tr\u00e1vu. Kosa\u010dky so zadn\u00fdm v\u00fdhozom sa \u010dasto pou\u017e\u00edvaj\u00fa v komun\u00e1lnom sektore.\" class=\"product-category-single\"> Zadn\u00fd v\u00fdhoz                <sup><i class=\"fa fa-info-circle\" aria-hidden=\"true\"><\/i><\/sup>            <\/span>  <span data-description=\"V\u0161etky kosa\u010dky Ariens s\u00fa vhodn\u00e9 na kosenie rovn\u00fdch tr\u00e1vnikov. Vyberte si \u0161\u00edrku z\u00e1beru pod\u013ea ve\u013ekosti plochy a pr\u00edpadn\u00fdch z\u00fa\u017een\u00fdch miest.\" class=\"product-category-single\"> Rovn\u00fd ter\u00e9n                <sup><i class=\"fa fa-info-circle\" aria-hidden=\"true\"><\/i><\/sup>            <\/span>  <span data-description=\"Kosa\u010dky Ariens si dobre poradia s vlnit\u00fdm ter\u00e9nom. Pre vlnit\u00fd ter\u00e9n vyberajte u\u017e\u0161ie z\u00e1bery kosenia pre rovnomernej\u0161\u00ed rez.\" class=\"product-category-single\"> Vlnit\u00fd ter\u00e9n                <sup><i class=\"fa fa-info-circle\" aria-hidden=\"true\"><\/i><\/sup>            <\/span>  <span data-description=\"Najlep\u0161ie je zvoli\u0165 stroj so \u0161irok\u00fdmi kolesami. Neprekra\u010dujte stanoven\u00fd bezpe\u010dnostn\u00fd limit sklonu \u2013 15\u00b0 pre pojazdn\u00e9 kosa\u010dky a 20\u00b0 pre stojace modely. Na zvlnenom ter\u00e9ne odpor\u00fa\u010dame u\u017e\u0161ie \u017eacie \u00fastrojenstvo pre rovnomernej\u0161\u00ed v\u00fdsledok kosenia. Model ZENITH m\u00e1 \u0161tandardne ochranu proti prevr\u00e1teniu. Na model APEX ju mo\u017eno dodato\u010dne namontova\u0165.\" class=\"product-category-single\"> Kopcovit\u00fd ter\u00e9n                <sup><i class=\"fa fa-info-circle\" aria-hidden=\"true\"><\/i><\/sup>            <\/span>  <span data-description=\"Na ve\u013ek\u00fdch ploch\u00e1ch sa efekt\u00edvne vyu\u017e\u00edvaj\u00fa \u017eacie \u00fastrojenstv\u00e1 so \u0161\u00edrkou 132 cm a 152 cm.\" class=\"product-category-single\"> Ve\u013ek\u00e9 plochy                <sup><i class=\"fa fa-info-circle\" aria-hidden=\"true\"><\/i><\/sup>            <\/span>     <\/div>\n<\/div>\n<\/div>\n<div class=\"acfd-block acfd-block__twocolumns mb-asm-2 container-fluid container-fluid--force px-0 bg-default\">\n<div class=\"acfd-twocolumns\">\n<div class=\"row\">\n<div class='col-lg-12 mb-4'>\n<div class=\"acfd-product-advantages--wrapper\">\n<h2 class=\"h1 bigger text-color-black text-center mb-5\">\n        Merkmale &amp; Vorteile    <\/h2>\n<div class=\"acfd-product-advantages\">\n<div class=\"row\">\n<div class=\"col-md-6 mb-4 content\">\n                    <span class=\"d-block h5 text-color-brand mb-1\">Kapacita bat\u00e9rie<\/span><\/p>\n<p>4 samostatn\u00e9 56V bat\u00e9riov\u00e9 moduly s kapacitou 4 kWh ka\u017ed\u00fd = celkov\u00e1 kapacita 16 kWh. Pr\u00e9miov\u00e9 \u010dl\u00e1nky Panasonic Li-NMC.<\/p>\n<\/p><\/div>\n<div class=\"col-md-6 mb4 image\" style=\"background-image:url(https:\/\/www.ariens.eu\/sk\/wp-content\/uploads\/sites\/18\/2024\/05\/ariens-arrow-e-battery-stand-on-fusioncore-batteries-1.webp)\">\n                <\/div>\n<\/p><\/div>\n<div class=\"row\">\n<div class=\"col-md-6 mb-4 content\">\n                    <span class=\"d-block h5 text-color-brand mb-1\">R\u00fdchlov\u00fdmenn\u00fd syst\u00e9m bat\u00e9ri\u00ed<\/span><\/p>\n<p>Model ARROW E pou\u017e\u00edva rovnak\u00e9 \u0161tyri 56V bat\u00e9riov\u00e9 moduly ako ZENITH E. Pln\u00fd v\u00fdkon pri kosen\u00ed dosiahnete aj s dvoma bat\u00e9riami. Na samotn\u00fd presun stroja posta\u010d\u00ed aj jedna bat\u00e9ria. R\u00fdchle nabitie v\u0161etk\u00fdch \u0161tyroch bat\u00e9ri\u00ed z 0 na 100 % trv\u00e1 len 5 hod\u00edn a 20 min\u00fat.<\/p>\n<\/p><\/div>\n<div class=\"col-md-6 mb4 image\" style=\"background-image:url(https:\/\/www.ariens.eu\/sk\/wp-content\/uploads\/sites\/18\/2024\/05\/ariens-arrow-e-battery-stand-on-quickswap-battery-system-1.webp)\">\n                <\/div>\n<\/p><\/div>\n<div class=\"row\">\n<div class=\"col-md-6 mb-4 content\">\n                    <span class=\"d-block h5 text-color-brand mb-1\">Bezkefov\u00e9 spindlov\u00e9 motory s preklzovou spojkou<\/span><\/p>\n<p>V\u00fdkonn\u00e9 spindlov\u00e9 motory no\u017eov s\u00fa vybaven\u00e9 preklzovou spojkou. V pr\u00edpade n\u00e1razu na cudz\u00ed predmet umo\u017en\u00ed \u010depeli preklzn\u00fa\u0165, \u010d\u00edm chr\u00e1ni motor pred po\u0161koden\u00edm. V najhor\u0161om pr\u00edpade je mo\u017en\u00e9 vymeni\u0165 hriadele no\u017eov a spodn\u00e9 lo\u017eisk\u00e1.<\/p>\n<\/p><\/div>\n<div class=\"col-md-6 mb4 image\" style=\"background-image:url(https:\/\/www.ariens.eu\/sk\/wp-content\/uploads\/sites\/18\/2024\/05\/ariens-arrow-e-battery-stand-on-spindle-motor-1.webp)\">\n                <\/div>\n<\/p><\/div>\n<div class=\"row\">\n<div class=\"col-md-6 mb-4 content\">\n                    <span class=\"d-block h5 text-color-brand mb-1\">Nastavenie v\u00fd\u0161ky \u017eacieho \u00fastrojenstva pomocou ped\u00e1la<\/span><\/p>\n<p>Robustn\u00e9 \u017eacie \u00fastrojenstvo modelu ARROW E je zvaren\u00e9 zo 4,5 mm hrub\u00e9ho oce\u013eov\u00e9ho plechu. V\u00fd\u0161ka \u00fastrojenstva sa plynulo nastavuje pomocou kombinovan\u00e9ho syst\u00e9mu no\u017en\u00e9ho ped\u00e1la a ru\u010dn\u00e9ho zdvihu.<\/p>\n<\/p><\/div>\n<div class=\"col-md-6 mb4 image\" style=\"background-image:url(https:\/\/www.ariens.eu\/sk\/wp-content\/uploads\/sites\/18\/2024\/05\/ariens-arrow-e-battery-stand-on-dual-deck-lift-system.webp)\">\n                <\/div>\n<\/p><\/div>\n<div class=\"row\">\n<div class=\"col-md-6 mb-4 content\">\n                    <span class=\"d-block h5 text-color-brand mb-1\">LED displej \/ rozgranie<\/span><\/p>\n<p>Farebn\u00fd LED displej v\u00e1s neust\u00e1le informuje o aktu\u00e1lnom stave:<\/p>\n<p>\u2022 stav nabitia v\u0161etk\u00fdch bat\u00e9ri\u00ed,<br \/>\n\u2022 prev\u00e1dzkov\u00e9 re\u017eimy,<br \/>\n\u2022 po\u010d\u00edtadlo prev\u00e1dzkov\u00fdch hod\u00edn,<br \/>\n\u2022 diagnostika syst\u00e9mu,<br \/>\n\u2022 chybov\u00e9 hl\u00e1senia.<\/p>\n<p>Na diagnostiku nie je potrebn\u00e9 \u017eiadne extern\u00e9 zariadenie.<\/p>\n<\/p><\/div>\n<div class=\"col-md-6 mb4 image\" style=\"background-image:url(https:\/\/www.ariens.eu\/sk\/wp-content\/uploads\/sites\/18\/2024\/05\/ariens-arrow-e-battery-stand-on-display-1.webp)\">\n                <\/div>\n<\/p><\/div>\n<div class=\"row\">\n<div class=\"col-md-6 mb-4 content\">\n                    <span class=\"d-block h5 text-color-brand mb-1\">ECO re\u017eim \u2013 nem\u00ed\u0148ajte zbyto\u010dne energiu<\/span><\/p>\n<p>Model ARROW E je vybaven\u00fd prep\u00edna\u010dom ECO re\u017eimu. Najvy\u0161\u0161ia r\u00fdchlos\u0165 no\u017eov nie je potrebn\u00e1, ke\u010f je m\u00e1lo pokosenej tr\u00e1vy alebo ke\u010f sa pohybujete pomal\u0161ie. V takom pr\u00edpade pou\u017eite ECO re\u017eim na zn\u00ed\u017eenie ot\u00e1\u010dok no\u017eov a \u00fasporu energie.<\/p>\n<\/p><\/div>\n<div class=\"col-md-6 mb4 image\" style=\"background-image:url(https:\/\/www.ariens.eu\/sk\/wp-content\/uploads\/sites\/18\/2024\/05\/ariens-arrow-e-battery-stand-on-eco-mode-button-1.webp)\">\n                <\/div>\n<\/p><\/div>\n<div class=\"row\">\n<div class=\"col-md-6 mb-4 content\">\n                    <span class=\"d-block h5 text-color-brand mb-1\">Skladacia plo\u0161ina vodi\u010da<\/span><\/p>\n<p>Plo\u0161ina vodi\u010da, ktor\u00e1 je ulo\u017een\u00e1 na pru\u017ein\u00e1ch, sa d\u00e1 zdvihn\u00fa\u0165 smerom nahor pre jednoduch\u00fa prepravu. D\u00e1 sa tie\u017e pou\u017ei\u0165 pri pr\u00e1ci pod n\u00edzko visiaciami kon\u00e1rmi alebo pri jazde na svahoch do 20\u00b0. T\u00fdmto sp\u00f4sobom sa model ARROW E r\u00fdchlo premen\u00ed na kosa\u010dku s ch\u00f4dzou za strojom. Mimochodom: \u017diadny odpru\u017eovac\u00ed syst\u00e9m na svete nie je tak\u00fd dobr\u00fd ako \u013eudsk\u00e9 nohy. To je ve\u013ek\u00e1 v\u00fdhoda stojacich kosa\u010diek pre zdravie vodi\u010da.<\/p>\n<\/p><\/div>\n<div class=\"col-md-6 mb4 image\" style=\"background-image:url(https:\/\/www.ariens.eu\/sk\/wp-content\/uploads\/sites\/18\/2024\/05\/ariens-arrow-e-battery-stand-on-flip-up-suspension-platform.webp)\">\n                <\/div>\n<\/p><\/div>\n<div class=\"row\">\n<div class=\"col-md-6 mb-4 content\">\n                    <span class=\"d-block h5 text-color-brand mb-1\">Intuit\u00edvne ovl\u00e1danie<\/span><\/p>\n<p>V\u0161etky funkcie stroja s\u00fa jasne vidite\u013en\u00e9 a jednoducho dostupn\u00e9 pre obsluhu. Maxim\u00e1lnu r\u00fdchlos\u0165 jazdy je mo\u017en\u00e9 obmedzi\u0165 pomocou r\u00fdchleho mechanizmu s magnetickou z\u00e1str\u010dkou. Stroj je navy\u0161e vybaven\u00fd elektrickou parkovacou brzdou a dvoma \u00farov\u0148ami r\u00fdchlosti jazdy.<\/p>\n<\/p><\/div>\n<div class=\"col-md-6 mb4 image\" style=\"background-image:url(https:\/\/www.ariens.eu\/sk\/wp-content\/uploads\/sites\/18\/2024\/05\/ariens-arrow-e-battery-stand-on-intuitive-controls.webp)\">\n                <\/div>\n<\/p><\/div>\n<\/p><\/div>\n<\/div><\/div>\n<div class='col-lg'>                    <\/div>\n<\/p><\/div>\n<\/div>\n<\/div>\n","protected":false},"excerpt":{"rendered":"<p>Stand-on bat\u00e9riov\u00e1 kosa\u010dka na ve\u013ek\u00e9 plochy bez emisi\u00ed Stand-on kosa\u010dky s\u00fa pohodln\u00e9 a r\u00fdchle, z\u00e1rove\u0148 v\u0161ak mimoriadne kompaktn\u00e9, obratn\u00e9 a \u0161etriace miesto. Va\u0161a chrbtica a svaly v\u00e1m po\u010fakuj\u00fa za vzpriamen\u00fa pracovn\u00fa polohu. ARROW E 52R od Ariens je plne profesion\u00e1lna bat\u00e9riov\u00e1 kosa\u010dka s nulov\u00fdm polomerom ot\u00e1\u010dania. Vybaven\u00e1 132 cm (52&#8243;) \u0161irok\u00fdm \u017eac\u00edm \u00fastrojenstvom so zadn\u00fdm [&hellip;]<\/p>\n","protected":false},"featured_media":2674,"comment_status":"open","ping_status":"closed","template":"","meta":{"_acf_changed":false,"_relevanssi_hide_post":"","_relevanssi_hide_content":"","_relevanssi_pin_for_all":"","_relevanssi_pin_keywords":"","_relevanssi_unpin_keywords":"","_relevanssi_related_keywords":"","_relevanssi_related_include_ids":"","_relevanssi_related_exclude_ids":"","_relevanssi_related_no_append":"","_relevanssi_related_not_related":"","_relevanssi_related_posts":"","_relevanssi_noindex_reason":""},"product_brand":[],"product_cat":[15],"product_tag":[],"class_list":{"0":"post-2348","1":"product","2":"type-product","3":"status-publish","4":"has-post-thumbnail","6":"product_variant-seria-arrow-e","7":"product_usage_areas-obce-a-technicke-sluzby","8":"product_usage_areas-poskytovatelia-sluzieb","10":"first","11":"instock","12":"shipping-taxable","13":"product-type-simple"},"acf":[],"yoast_head":"<!-- This site is optimized with the Yoast SEO plugin v27.3 - https:\/\/yoast.com\/product\/yoast-seo-wordpress\/ -->\n<title>ARROW E 52R \u2013 Bat\u00e9riov\u00e1 stand-on zero-turn kosa\u010dka | Ariens<\/title>\n<meta name=\"description\" content=\"Model ARROW E 52R nastavuje \u0161tandard v segmente profesion\u00e1lnych elektrick\u00fdch kosa\u010diek s nulov\u00fdm polomerom ot\u00e1\u010dania a stojacou obsluhou.\" \/>\n<meta name=\"robots\" content=\"noindex, follow, max-snippet:-1, max-image-preview:large, max-video-preview:-1\" \/>\n<meta property=\"og:locale\" content=\"sk_SK\" \/>\n<meta property=\"og:type\" content=\"article\" \/>\n<meta property=\"og:title\" content=\"ARROW E 52R \u2013 Bat\u00e9riov\u00e1 stand-on zero-turn kosa\u010dka | Ariens\" \/>\n<meta property=\"og:description\" content=\"Model ARROW E 52R nastavuje \u0161tandard v segmente profesion\u00e1lnych elektrick\u00fdch kosa\u010diek s nulov\u00fdm polomerom ot\u00e1\u010dania a stojacou obsluhou.\" \/>\n<meta property=\"og:url\" content=\"https:\/\/www.ariens.eu\/sk\/product\/zero-turn-kosacky\/seria-arrow-e\/arrow-e-52r\/\" \/>\n<meta property=\"og:site_name\" content=\"Ariens |\u00a0EMEAA\" \/>\n<meta property=\"article:modified_time\" content=\"2025-11-10T10:49:28+00:00\" \/>\n<meta property=\"og:image\" content=\"https:\/\/www.ariens.eu\/sk\/wp-content\/uploads\/sites\/18\/2024\/05\/998304-Ariens-Arrow-E-48R-FL34-2560x1853-8f91da2-2.png\" \/>\n\t<meta property=\"og:image:width\" content=\"2559\" \/>\n\t<meta property=\"og:image:height\" content=\"1853\" \/>\n\t<meta property=\"og:image:type\" content=\"image\/png\" \/>\n<meta name=\"twitter:card\" content=\"summary_large_image\" \/>\n<meta name=\"twitter:label1\" content=\"Predpokladan\u00fd \u010das \u010d\u00edtania\" \/>\n\t<meta name=\"twitter:data1\" content=\"4 min\u00faty\" \/>\n<script type=\"application\/ld+json\" class=\"yoast-schema-graph\">{\"@context\":\"https:\\\/\\\/schema.org\",\"@graph\":[{\"@type\":\"WebPage\",\"@id\":\"https:\\\/\\\/www.ariens.eu\\\/sk\\\/product\\\/zero-turn-kosacky\\\/seria-arrow-e\\\/arrow-e-52r\\\/\",\"url\":\"https:\\\/\\\/www.ariens.eu\\\/sk\\\/product\\\/zero-turn-kosacky\\\/seria-arrow-e\\\/arrow-e-52r\\\/\",\"name\":\"ARROW E 52R \u2013 Bat\u00e9riov\u00e1 stand-on zero-turn kosa\u010dka | Ariens\",\"isPartOf\":{\"@id\":\"https:\\\/\\\/www.ariens.eu\\\/sk\\\/#website\"},\"primaryImageOfPage\":{\"@id\":\"https:\\\/\\\/www.ariens.eu\\\/sk\\\/product\\\/zero-turn-kosacky\\\/seria-arrow-e\\\/arrow-e-52r\\\/#primaryimage\"},\"image\":{\"@id\":\"https:\\\/\\\/www.ariens.eu\\\/sk\\\/product\\\/zero-turn-kosacky\\\/seria-arrow-e\\\/arrow-e-52r\\\/#primaryimage\"},\"thumbnailUrl\":\"https:\\\/\\\/www.ariens.eu\\\/sk\\\/wp-content\\\/uploads\\\/sites\\\/18\\\/2024\\\/05\\\/998304-Ariens-Arrow-E-48R-FL34-2560x1853-8f91da2-2.png\",\"datePublished\":\"2024-05-10T10:04:36+00:00\",\"dateModified\":\"2025-11-10T10:49:28+00:00\",\"description\":\"Model ARROW E 52R nastavuje \u0161tandard v segmente profesion\u00e1lnych elektrick\u00fdch kosa\u010diek s nulov\u00fdm polomerom ot\u00e1\u010dania a stojacou obsluhou.\",\"breadcrumb\":{\"@id\":\"https:\\\/\\\/www.ariens.eu\\\/sk\\\/product\\\/zero-turn-kosacky\\\/seria-arrow-e\\\/arrow-e-52r\\\/#breadcrumb\"},\"inLanguage\":\"sk-SK\",\"potentialAction\":[{\"@type\":\"ReadAction\",\"target\":[\"https:\\\/\\\/www.ariens.eu\\\/sk\\\/product\\\/zero-turn-kosacky\\\/seria-arrow-e\\\/arrow-e-52r\\\/\"]}]},{\"@type\":\"ImageObject\",\"inLanguage\":\"sk-SK\",\"@id\":\"https:\\\/\\\/www.ariens.eu\\\/sk\\\/product\\\/zero-turn-kosacky\\\/seria-arrow-e\\\/arrow-e-52r\\\/#primaryimage\",\"url\":\"https:\\\/\\\/www.ariens.eu\\\/sk\\\/wp-content\\\/uploads\\\/sites\\\/18\\\/2024\\\/05\\\/998304-Ariens-Arrow-E-48R-FL34-2560x1853-8f91da2-2.png\",\"contentUrl\":\"https:\\\/\\\/www.ariens.eu\\\/sk\\\/wp-content\\\/uploads\\\/sites\\\/18\\\/2024\\\/05\\\/998304-Ariens-Arrow-E-48R-FL34-2560x1853-8f91da2-2.png\",\"width\":2559,\"height\":1853},{\"@type\":\"BreadcrumbList\",\"@id\":\"https:\\\/\\\/www.ariens.eu\\\/sk\\\/product\\\/zero-turn-kosacky\\\/seria-arrow-e\\\/arrow-e-52r\\\/#breadcrumb\",\"itemListElement\":[{\"@type\":\"ListItem\",\"position\":1,\"name\":\"Home\",\"item\":\"https:\\\/\\\/www.ariens.eu\\\/sk\\\/\"},{\"@type\":\"ListItem\",\"position\":2,\"name\":\"Obchod\",\"item\":\"https:\\\/\\\/www.ariens.eu\\\/sk\\\/obchod\\\/\"},{\"@type\":\"ListItem\",\"position\":3,\"name\":\"ARROW E 52R\"}]},{\"@type\":\"WebSite\",\"@id\":\"https:\\\/\\\/www.ariens.eu\\\/sk\\\/#website\",\"url\":\"https:\\\/\\\/www.ariens.eu\\\/sk\\\/\",\"name\":\"Ariens | EMEAA\",\"description\":\"Powerful and reliable zero-turn mowers &amp; snow blowers for professional users and demanding private customers\",\"publisher\":{\"@id\":\"https:\\\/\\\/www.ariens.eu\\\/sk\\\/#organization\"},\"potentialAction\":[{\"@type\":\"SearchAction\",\"target\":{\"@type\":\"EntryPoint\",\"urlTemplate\":\"https:\\\/\\\/www.ariens.eu\\\/sk\\\/?s={search_term_string}\"},\"query-input\":{\"@type\":\"PropertyValueSpecification\",\"valueRequired\":true,\"valueName\":\"search_term_string\"}}],\"inLanguage\":\"sk-SK\"},{\"@type\":\"Organization\",\"@id\":\"https:\\\/\\\/www.ariens.eu\\\/sk\\\/#organization\",\"name\":\"AriensCo GmbH\",\"url\":\"https:\\\/\\\/www.ariens.eu\\\/sk\\\/\",\"logo\":{\"@type\":\"ImageObject\",\"inLanguage\":\"sk-SK\",\"@id\":\"https:\\\/\\\/www.ariens.eu\\\/sk\\\/#\\\/schema\\\/logo\\\/image\\\/\",\"url\":\"https:\\\/\\\/www.ariens.eu\\\/wp-content\\\/uploads\\\/2024\\\/11\\\/ariens-co-logo.jpg\",\"contentUrl\":\"https:\\\/\\\/www.ariens.eu\\\/wp-content\\\/uploads\\\/2024\\\/11\\\/ariens-co-logo.jpg\",\"width\":1000,\"height\":1000,\"caption\":\"AriensCo GmbH\"},\"image\":{\"@id\":\"https:\\\/\\\/www.ariens.eu\\\/sk\\\/#\\\/schema\\\/logo\\\/image\\\/\"}}]}<\/script>\n<!-- \/ Yoast SEO plugin. -->","yoast_head_json":{"title":"ARROW E 52R \u2013 Bat\u00e9riov\u00e1 stand-on zero-turn kosa\u010dka | Ariens","description":"Model ARROW E 52R nastavuje \u0161tandard v segmente profesion\u00e1lnych elektrick\u00fdch kosa\u010diek s nulov\u00fdm polomerom ot\u00e1\u010dania a stojacou obsluhou.","robots":{"index":"noindex","follow":"follow","max-snippet":"max-snippet:-1","max-image-preview":"max-image-preview:large","max-video-preview":"max-video-preview:-1"},"og_locale":"sk_SK","og_type":"article","og_title":"ARROW E 52R \u2013 Bat\u00e9riov\u00e1 stand-on zero-turn kosa\u010dka | Ariens","og_description":"Model ARROW E 52R nastavuje \u0161tandard v segmente profesion\u00e1lnych elektrick\u00fdch kosa\u010diek s nulov\u00fdm polomerom ot\u00e1\u010dania a stojacou obsluhou.","og_url":"https:\/\/www.ariens.eu\/sk\/product\/zero-turn-kosacky\/seria-arrow-e\/arrow-e-52r\/","og_site_name":"Ariens |\u00a0EMEAA","article_modified_time":"2025-11-10T10:49:28+00:00","og_image":[{"width":2559,"height":1853,"url":"https:\/\/www.ariens.eu\/sk\/wp-content\/uploads\/sites\/18\/2024\/05\/998304-Ariens-Arrow-E-48R-FL34-2560x1853-8f91da2-2.png","type":"image\/png"}],"twitter_card":"summary_large_image","twitter_misc":{"Predpokladan\u00fd \u010das \u010d\u00edtania":"4 min\u00faty"},"schema":{"@context":"https:\/\/schema.org","@graph":[{"@type":"WebPage","@id":"https:\/\/www.ariens.eu\/sk\/product\/zero-turn-kosacky\/seria-arrow-e\/arrow-e-52r\/","url":"https:\/\/www.ariens.eu\/sk\/product\/zero-turn-kosacky\/seria-arrow-e\/arrow-e-52r\/","name":"ARROW E 52R \u2013 Bat\u00e9riov\u00e1 stand-on zero-turn kosa\u010dka | Ariens","isPartOf":{"@id":"https:\/\/www.ariens.eu\/sk\/#website"},"primaryImageOfPage":{"@id":"https:\/\/www.ariens.eu\/sk\/product\/zero-turn-kosacky\/seria-arrow-e\/arrow-e-52r\/#primaryimage"},"image":{"@id":"https:\/\/www.ariens.eu\/sk\/product\/zero-turn-kosacky\/seria-arrow-e\/arrow-e-52r\/#primaryimage"},"thumbnailUrl":"https:\/\/www.ariens.eu\/sk\/wp-content\/uploads\/sites\/18\/2024\/05\/998304-Ariens-Arrow-E-48R-FL34-2560x1853-8f91da2-2.png","datePublished":"2024-05-10T10:04:36+00:00","dateModified":"2025-11-10T10:49:28+00:00","description":"Model ARROW E 52R nastavuje \u0161tandard v segmente profesion\u00e1lnych elektrick\u00fdch kosa\u010diek s nulov\u00fdm polomerom ot\u00e1\u010dania a stojacou obsluhou.","breadcrumb":{"@id":"https:\/\/www.ariens.eu\/sk\/product\/zero-turn-kosacky\/seria-arrow-e\/arrow-e-52r\/#breadcrumb"},"inLanguage":"sk-SK","potentialAction":[{"@type":"ReadAction","target":["https:\/\/www.ariens.eu\/sk\/product\/zero-turn-kosacky\/seria-arrow-e\/arrow-e-52r\/"]}]},{"@type":"ImageObject","inLanguage":"sk-SK","@id":"https:\/\/www.ariens.eu\/sk\/product\/zero-turn-kosacky\/seria-arrow-e\/arrow-e-52r\/#primaryimage","url":"https:\/\/www.ariens.eu\/sk\/wp-content\/uploads\/sites\/18\/2024\/05\/998304-Ariens-Arrow-E-48R-FL34-2560x1853-8f91da2-2.png","contentUrl":"https:\/\/www.ariens.eu\/sk\/wp-content\/uploads\/sites\/18\/2024\/05\/998304-Ariens-Arrow-E-48R-FL34-2560x1853-8f91da2-2.png","width":2559,"height":1853},{"@type":"BreadcrumbList","@id":"https:\/\/www.ariens.eu\/sk\/product\/zero-turn-kosacky\/seria-arrow-e\/arrow-e-52r\/#breadcrumb","itemListElement":[{"@type":"ListItem","position":1,"name":"Home","item":"https:\/\/www.ariens.eu\/sk\/"},{"@type":"ListItem","position":2,"name":"Obchod","item":"https:\/\/www.ariens.eu\/sk\/obchod\/"},{"@type":"ListItem","position":3,"name":"ARROW E 52R"}]},{"@type":"WebSite","@id":"https:\/\/www.ariens.eu\/sk\/#website","url":"https:\/\/www.ariens.eu\/sk\/","name":"Ariens | EMEAA","description":"Powerful and reliable zero-turn mowers &amp; snow blowers for professional users and demanding private customers","publisher":{"@id":"https:\/\/www.ariens.eu\/sk\/#organization"},"potentialAction":[{"@type":"SearchAction","target":{"@type":"EntryPoint","urlTemplate":"https:\/\/www.ariens.eu\/sk\/?s={search_term_string}"},"query-input":{"@type":"PropertyValueSpecification","valueRequired":true,"valueName":"search_term_string"}}],"inLanguage":"sk-SK"},{"@type":"Organization","@id":"https:\/\/www.ariens.eu\/sk\/#organization","name":"AriensCo GmbH","url":"https:\/\/www.ariens.eu\/sk\/","logo":{"@type":"ImageObject","inLanguage":"sk-SK","@id":"https:\/\/www.ariens.eu\/sk\/#\/schema\/logo\/image\/","url":"https:\/\/www.ariens.eu\/wp-content\/uploads\/2024\/11\/ariens-co-logo.jpg","contentUrl":"https:\/\/www.ariens.eu\/wp-content\/uploads\/2024\/11\/ariens-co-logo.jpg","width":1000,"height":1000,"caption":"AriensCo GmbH"},"image":{"@id":"https:\/\/www.ariens.eu\/sk\/#\/schema\/logo\/image\/"}}]}},"_links":{"self":[{"href":"https:\/\/www.ariens.eu\/sk\/wp-json\/wp\/v2\/product\/2348","targetHints":{"allow":["GET"]}}],"collection":[{"href":"https:\/\/www.ariens.eu\/sk\/wp-json\/wp\/v2\/product"}],"about":[{"href":"https:\/\/www.ariens.eu\/sk\/wp-json\/wp\/v2\/types\/product"}],"replies":[{"embeddable":true,"href":"https:\/\/www.ariens.eu\/sk\/wp-json\/wp\/v2\/comments?post=2348"}],"wp:featuredmedia":[{"embeddable":true,"href":"https:\/\/www.ariens.eu\/sk\/wp-json\/wp\/v2\/media\/2674"}],"wp:attachment":[{"href":"https:\/\/www.ariens.eu\/sk\/wp-json\/wp\/v2\/media?parent=2348"}],"wp:term":[{"taxonomy":"product_brand","embeddable":true,"href":"https:\/\/www.ariens.eu\/sk\/wp-json\/wp\/v2\/product_brand?post=2348"},{"taxonomy":"product_cat","embeddable":true,"href":"https:\/\/www.ariens.eu\/sk\/wp-json\/wp\/v2\/product_cat?post=2348"},{"taxonomy":"product_tag","embeddable":true,"href":"https:\/\/www.ariens.eu\/sk\/wp-json\/wp\/v2\/product_tag?post=2348"}],"curies":[{"name":"wp","href":"https:\/\/api.w.org\/{rel}","templated":true}]}}