{"id":4590,"date":"2024-08-23T12:50:04","date_gmt":"2024-08-23T11:50:04","guid":{"rendered":"https:\/\/www.ariens.eu\/?post_type=product&#038;p=4590"},"modified":"2025-08-18T07:13:12","modified_gmt":"2025-08-18T06:13:12","slug":"sada-osvetlenia-pre-homologizaciu-na-cestach","status":"publish","type":"product","link":"https:\/\/www.ariens.eu\/sk\/product\/prislusenstvo\/prislusenstvo-pre-elektricke-zero-turn-kosacky\/sada-osvetlenia-pre-homologizaciu-na-cestach","title":{"rendered":"Sada osvetlenia pre homologiz\u00e1ciu na cest\u00e1ch"},"content":{"rendered":"<div class=\"acfd-block acfd-block__headline container-fluid px-0 bg-default\">\n<div class=\"acfd-headline\">\n<h2 class='h2 text-left li_black'>Vidie\u0165 a by\u0165 viden\u00fd bezpe\u010dne s novou sadou osvetlenia Ariens pre homologiz\u00e1ciu na cest\u00e1ch.<\/h2>\n<\/p><\/div>\n<\/div>\n<div class=\"acfd-block acfd-block__text container-fluid px-0 bg-default\">\n<div class=\"acfd-text li_black\">\n<p>Pri mestskom pou\u017e\u00edvan\u00ed z\u00e1hradn\u00fdch traktorov a zero-turn kosa\u010diek je pri presune medzi kosen\u00fdmi plochami a pri pohybe po verejn\u00fdch chodn\u00edkoch a cest\u00e1ch povinn\u00e9 pou\u017e\u00edvanie homologizovan\u00e9ho vybavenia.<\/p>\n<\/div>\n<\/div>\n<div class=\"acfd-block acfd-block__headline mt-asm-3 container-fluid px-0 bg-default\">\n<div class=\"acfd-headline\">\n<h2 class='h2 text-left li_black'>Hlavn\u00e9 prvky sady osvetlenia Ariens pre cestn\u00fa homologiz\u00e1ciu s\u00fa:<\/h2>\n<\/p><\/div>\n<\/div>\n<div class=\"acfd-block acfd-block__text container-fluid px-0 bg-default\">\n<div class=\"acfd-text li_black\">\n<ul>\n<li>\n<p>Prev\u00e1dzkov\u00e1 a ovl\u00e1dacia jednotka v zornom poli vodi\u010da, na ovl\u00e1dacej p\u00e1ke.<\/p>\n<\/li>\n<li>\n<p>Kompletn\u00fd osvet\u013eovac\u00ed syst\u00e9m vpredu aj vzadu s ozna\u010den\u00edm ECE.<\/p>\n<\/li>\n<li>\n<p>Predn\u00e9 a zadn\u00e9 smerovky.<\/p>\n<\/li>\n<li>\n<p>Dr\u017eiak pozn\u00e1vacej zna\u010dky.<\/p>\n<\/li>\n<li>\n<p>Osvetlenie pozn\u00e1vacej zna\u010dky<\/p>\n<\/li>\n<li>\n<p>R\u00fdchlostn\u00e9 ozna\u010denia.<\/p>\n<\/li>\n<li>\n<p>V\u00fdstra\u017en\u00e9 svetlo.<\/p>\n<\/li>\n<li>\n<p>Reflektory.<\/p>\n<\/li>\n<li>\n<p>Klaks\u00f3n.<\/p>\n<\/li>\n<\/ul>\n<\/div>\n<\/div>\n<div class=\"acfd-block acfd-block__twocolumns container-fluid px-0 bg-default\">\n<div class=\"acfd-twocolumns\">\n<div class=\"row\">\n<div class='col-lg-12 mb-4'>\n<div class=\"acfd-product-advantages--wrapper\">\n<h2 class=\"h1 bigger text-color-black text-center mb-5\">\n        Merkmale &amp; Vorteile    <\/h2>\n<div class=\"acfd-product-advantages\">\n<div class=\"row\">\n<div class=\"col-md-6 mb-4 content\">\n                    <span class=\"d-block h5 text-color-brand mb-1\">Dostupnos\u0165 modelov<\/span><\/p>\n<p>S\u00faprava na cestn\u00fa homologiz\u00e1ciu je dostupn\u00e1 len pre modelov\u00e9 rady Ariens ZENITH a ZENITH E.<\/p>\n<\/p><\/div>\n<div class=\"col-md-6 mb4 image\" style=\"background-image:url(https:\/\/www.ariens.eu\/sk\/wp-content\/uploads\/sites\/18\/2024\/08\/stvzo-lichtkit-models.png)\">\n                <\/div>\n<\/p><\/div>\n<div class=\"row\">\n<div class=\"col-md-6 mb-4 content\">\n                    <span class=\"d-block h5 text-color-brand mb-1\">In\u0161tal\u00e1cia \/ Dodato\u010dn\u00e9 vybavenie<\/span><\/p>\n<p>Sveteln\u00fd syst\u00e9m schv\u00e1len\u00fd na prem\u00e1vku na ceste in\u0161taluje \u0161pecializovan\u00fd predajca. \u010cas in\u0161tal\u00e1cie je pribli\u017ene 5 hod\u00edn. Cestn\u00fd kit nie je \u0161tandardne s\u00fa\u010das\u0165ou v\u00fdbavy.<\/p>\n<\/p><\/div>\n<div class=\"col-md-6 mb4 image\" style=\"background-image:url(https:\/\/www.ariens.eu\/sk\/wp-content\/uploads\/sites\/18\/2024\/08\/stvzo-lichtkit-assembly.png)\">\n                <\/div>\n<\/p><\/div>\n<div class=\"row\">\n<div class=\"col-md-6 mb-4 content\">\n                    <span class=\"d-block h5 text-color-brand mb-1\">Schv\u00e1lenie v Nemecku<\/span><\/p>\n<p>Ofici\u00e1lne schv\u00e1lenie T\u00dcV a vzorov\u00fd certifik\u00e1t u\u013eah\u010duj\u00fa predajcovi vykonanie kontroly na miestnom stanovi\u0161ti technickej kontroly (MoT).<\/p>\n<\/p><\/div>\n<div class=\"col-md-6 mb4 image\" style=\"background-image:url(https:\/\/www.ariens.eu\/sk\/wp-content\/uploads\/sites\/18\/2024\/08\/stvzo-lichtkit-tuev-logo.png)\">\n                <\/div>\n<\/p><\/div>\n<div class=\"row\">\n<div class=\"col-md-6 mb-4 content\">\n                    <span class=\"d-block h5 text-color-brand mb-1\">Schv\u00e1lenie v Eur\u00f3pe<\/span><\/p>\n<p>V Eur\u00f3pe ka\u017ed\u00fd \u0161t\u00e1t vyd\u00e1va vlastn\u00e9 n\u00e1rodn\u00e9 predpisy a z\u00e1kony cestnej prem\u00e1vky. Ozna\u010denie ECE na osvet\u013eovacej sade Ariens je akceptovan\u00e9 vo v\u0161etk\u00fdch eur\u00f3pskych krajin\u00e1ch. Bezpe\u010dnos\u0165 na cest\u00e1ch je potom mo\u017en\u00e9 zabezpe\u010di\u0165 aj v in\u00fdch krajin\u00e1ch prostredn\u00edctvom individu\u00e1lneho schv\u00e1lenia.<\/p>\n<\/p><\/div>\n<div class=\"col-md-6 mb4 image\" style=\"background-image:url(https:\/\/www.ariens.eu\/sk\/wp-content\/uploads\/sites\/18\/2024\/08\/stvzo-lichtkit-ece-logo.png)\">\n                <\/div>\n<\/p><\/div>\n<\/p><\/div>\n<\/div><\/div>\n<div class='col-lg'>                    <\/div>\n<\/p><\/div>\n<\/div>\n<\/div>\n","protected":false},"excerpt":{"rendered":"<p>Vidie\u0165 a by\u0165 viden\u00fd bezpe\u010dne s novou sadou osvetlenia Ariens pre homologiz\u00e1ciu na cest\u00e1ch. Pri mestskom pou\u017e\u00edvan\u00ed z\u00e1hradn\u00fdch traktorov a zero-turn kosa\u010diek je pri presune medzi kosen\u00fdmi plochami a pri pohybe po verejn\u00fdch chodn\u00edkoch a cest\u00e1ch povinn\u00e9 pou\u017e\u00edvanie homologizovan\u00e9ho vybavenia. Hlavn\u00e9 prvky sady osvetlenia Ariens pre cestn\u00fa homologiz\u00e1ciu s\u00fa: Prev\u00e1dzkov\u00e1 a ovl\u00e1dacia jednotka v zornom [&hellip;]<\/p>\n","protected":false},"featured_media":4599,"comment_status":"open","ping_status":"closed","template":"","meta":{"_acf_changed":false,"_relevanssi_hide_post":"","_relevanssi_hide_content":"","_relevanssi_pin_for_all":"","_relevanssi_pin_keywords":"","_relevanssi_unpin_keywords":"","_relevanssi_related_keywords":"","_relevanssi_related_include_ids":"","_relevanssi_related_exclude_ids":"","_relevanssi_related_no_append":"","_relevanssi_related_not_related":"","_relevanssi_related_posts":"","_relevanssi_noindex_reason":""},"product_brand":[],"product_cat":[15],"product_tag":[],"class_list":{"0":"post-4590","1":"product","2":"type-product","3":"status-publish","4":"has-post-thumbnail","6":"product_variant-prislusenstvo","7":"product_variant-prislusenstvo-pre-elektricke-zero-turn-kosacky","8":"product_variant-prislusenstvo-pre-zero-turn-kosacky","9":"product_usage_areas-obce-a-technicke-sluzby","10":"product_usage_areas-poskytovatelia-sluzieb","12":"first","13":"instock","14":"shipping-taxable","15":"product-type-simple"},"acf":[],"yoast_head":"<!-- This site is optimized with the Yoast SEO plugin v27.3 - https:\/\/yoast.com\/product\/yoast-seo-wordpress\/ -->\n<title>Sada osvetlenia pre homologiz\u00e1ciu na cest\u00e1ch - Ariens |\u00a0EMEAA<\/title>\n<meta name=\"description\" content=\"Pri pou\u017e\u00edvan\u00ed z\u00e1hradn\u00fdch traktorov a zero-turn kosa\u010diek je pri presune a pohybe po verejn\u00fdch chodn\u00edkoch a cest\u00e1ch povinn\u00e9 homologizovan\u00e9 vybavenie.\" \/>\n<meta name=\"robots\" content=\"noindex, follow, max-snippet:-1, max-image-preview:large, max-video-preview:-1\" \/>\n<meta property=\"og:locale\" content=\"sk_SK\" \/>\n<meta property=\"og:type\" content=\"article\" \/>\n<meta property=\"og:title\" content=\"Sada osvetlenia pre homologiz\u00e1ciu na cest\u00e1ch - Ariens |\u00a0EMEAA\" \/>\n<meta property=\"og:description\" content=\"Pri pou\u017e\u00edvan\u00ed z\u00e1hradn\u00fdch traktorov a zero-turn kosa\u010diek je pri presune a pohybe po verejn\u00fdch chodn\u00edkoch a cest\u00e1ch povinn\u00e9 homologizovan\u00e9 vybavenie.\" \/>\n<meta property=\"og:url\" content=\"https:\/\/www.ariens.eu\/sk\/product\/prislusenstvo\/prislusenstvo-pre-elektricke-zero-turn-kosacky\/sada-osvetlenia-pre-homologizaciu-na-cestach\/\" \/>\n<meta property=\"og:site_name\" content=\"Ariens |\u00a0EMEAA\" \/>\n<meta property=\"article:modified_time\" content=\"2025-08-18T06:13:12+00:00\" \/>\n<meta property=\"og:image\" content=\"https:\/\/www.ariens.eu\/sk\/wp-content\/uploads\/sites\/18\/2024\/08\/stvzo-lichtkit-attachement-1.png\" \/>\n\t<meta property=\"og:image:width\" content=\"4418\" \/>\n\t<meta property=\"og:image:height\" content=\"3196\" \/>\n\t<meta property=\"og:image:type\" content=\"image\/png\" \/>\n<meta name=\"twitter:card\" content=\"summary_large_image\" \/>\n<meta name=\"twitter:label1\" content=\"Predpokladan\u00fd \u010das \u010d\u00edtania\" \/>\n\t<meta name=\"twitter:data1\" content=\"2 min\u00faty\" \/>\n<script type=\"application\/ld+json\" class=\"yoast-schema-graph\">{\"@context\":\"https:\\\/\\\/schema.org\",\"@graph\":[{\"@type\":\"WebPage\",\"@id\":\"https:\\\/\\\/www.ariens.eu\\\/sk\\\/product\\\/prislusenstvo\\\/prislusenstvo-pre-elektricke-zero-turn-kosacky\\\/sada-osvetlenia-pre-homologizaciu-na-cestach\\\/\",\"url\":\"https:\\\/\\\/www.ariens.eu\\\/sk\\\/product\\\/prislusenstvo\\\/prislusenstvo-pre-elektricke-zero-turn-kosacky\\\/sada-osvetlenia-pre-homologizaciu-na-cestach\\\/\",\"name\":\"Sada osvetlenia pre homologiz\u00e1ciu na cest\u00e1ch - Ariens |\u00a0EMEAA\",\"isPartOf\":{\"@id\":\"https:\\\/\\\/www.ariens.eu\\\/sk\\\/#website\"},\"primaryImageOfPage\":{\"@id\":\"https:\\\/\\\/www.ariens.eu\\\/sk\\\/product\\\/prislusenstvo\\\/prislusenstvo-pre-elektricke-zero-turn-kosacky\\\/sada-osvetlenia-pre-homologizaciu-na-cestach\\\/#primaryimage\"},\"image\":{\"@id\":\"https:\\\/\\\/www.ariens.eu\\\/sk\\\/product\\\/prislusenstvo\\\/prislusenstvo-pre-elektricke-zero-turn-kosacky\\\/sada-osvetlenia-pre-homologizaciu-na-cestach\\\/#primaryimage\"},\"thumbnailUrl\":\"https:\\\/\\\/www.ariens.eu\\\/sk\\\/wp-content\\\/uploads\\\/sites\\\/18\\\/2024\\\/08\\\/stvzo-lichtkit-attachement-1.png\",\"datePublished\":\"2024-08-23T11:50:04+00:00\",\"dateModified\":\"2025-08-18T06:13:12+00:00\",\"description\":\"Pri pou\u017e\u00edvan\u00ed z\u00e1hradn\u00fdch traktorov a zero-turn kosa\u010diek je pri presune a pohybe po verejn\u00fdch chodn\u00edkoch a cest\u00e1ch povinn\u00e9 homologizovan\u00e9 vybavenie.\",\"breadcrumb\":{\"@id\":\"https:\\\/\\\/www.ariens.eu\\\/sk\\\/product\\\/prislusenstvo\\\/prislusenstvo-pre-elektricke-zero-turn-kosacky\\\/sada-osvetlenia-pre-homologizaciu-na-cestach\\\/#breadcrumb\"},\"inLanguage\":\"sk-SK\",\"potentialAction\":[{\"@type\":\"ReadAction\",\"target\":[\"https:\\\/\\\/www.ariens.eu\\\/sk\\\/product\\\/prislusenstvo\\\/prislusenstvo-pre-elektricke-zero-turn-kosacky\\\/sada-osvetlenia-pre-homologizaciu-na-cestach\\\/\"]}]},{\"@type\":\"ImageObject\",\"inLanguage\":\"sk-SK\",\"@id\":\"https:\\\/\\\/www.ariens.eu\\\/sk\\\/product\\\/prislusenstvo\\\/prislusenstvo-pre-elektricke-zero-turn-kosacky\\\/sada-osvetlenia-pre-homologizaciu-na-cestach\\\/#primaryimage\",\"url\":\"https:\\\/\\\/www.ariens.eu\\\/sk\\\/wp-content\\\/uploads\\\/sites\\\/18\\\/2024\\\/08\\\/stvzo-lichtkit-attachement-1.png\",\"contentUrl\":\"https:\\\/\\\/www.ariens.eu\\\/sk\\\/wp-content\\\/uploads\\\/sites\\\/18\\\/2024\\\/08\\\/stvzo-lichtkit-attachement-1.png\",\"width\":4418,\"height\":3196},{\"@type\":\"BreadcrumbList\",\"@id\":\"https:\\\/\\\/www.ariens.eu\\\/sk\\\/product\\\/prislusenstvo\\\/prislusenstvo-pre-elektricke-zero-turn-kosacky\\\/sada-osvetlenia-pre-homologizaciu-na-cestach\\\/#breadcrumb\",\"itemListElement\":[{\"@type\":\"ListItem\",\"position\":1,\"name\":\"Home\",\"item\":\"https:\\\/\\\/www.ariens.eu\\\/sk\\\/\"},{\"@type\":\"ListItem\",\"position\":2,\"name\":\"Obchod\",\"item\":\"https:\\\/\\\/www.ariens.eu\\\/sk\\\/obchod\\\/\"},{\"@type\":\"ListItem\",\"position\":3,\"name\":\"Sada osvetlenia pre homologiz\u00e1ciu na cest\u00e1ch\"}]},{\"@type\":\"WebSite\",\"@id\":\"https:\\\/\\\/www.ariens.eu\\\/sk\\\/#website\",\"url\":\"https:\\\/\\\/www.ariens.eu\\\/sk\\\/\",\"name\":\"Ariens | EMEAA\",\"description\":\"Powerful and reliable zero-turn mowers &amp; snow blowers for professional users and demanding private customers\",\"publisher\":{\"@id\":\"https:\\\/\\\/www.ariens.eu\\\/sk\\\/#organization\"},\"potentialAction\":[{\"@type\":\"SearchAction\",\"target\":{\"@type\":\"EntryPoint\",\"urlTemplate\":\"https:\\\/\\\/www.ariens.eu\\\/sk\\\/?s={search_term_string}\"},\"query-input\":{\"@type\":\"PropertyValueSpecification\",\"valueRequired\":true,\"valueName\":\"search_term_string\"}}],\"inLanguage\":\"sk-SK\"},{\"@type\":\"Organization\",\"@id\":\"https:\\\/\\\/www.ariens.eu\\\/sk\\\/#organization\",\"name\":\"AriensCo GmbH\",\"url\":\"https:\\\/\\\/www.ariens.eu\\\/sk\\\/\",\"logo\":{\"@type\":\"ImageObject\",\"inLanguage\":\"sk-SK\",\"@id\":\"https:\\\/\\\/www.ariens.eu\\\/sk\\\/#\\\/schema\\\/logo\\\/image\\\/\",\"url\":\"https:\\\/\\\/www.ariens.eu\\\/wp-content\\\/uploads\\\/2024\\\/11\\\/ariens-co-logo.jpg\",\"contentUrl\":\"https:\\\/\\\/www.ariens.eu\\\/wp-content\\\/uploads\\\/2024\\\/11\\\/ariens-co-logo.jpg\",\"width\":1000,\"height\":1000,\"caption\":\"AriensCo GmbH\"},\"image\":{\"@id\":\"https:\\\/\\\/www.ariens.eu\\\/sk\\\/#\\\/schema\\\/logo\\\/image\\\/\"}}]}<\/script>\n<!-- \/ Yoast SEO plugin. -->","yoast_head_json":{"title":"Sada osvetlenia pre homologiz\u00e1ciu na cest\u00e1ch - Ariens |\u00a0EMEAA","description":"Pri pou\u017e\u00edvan\u00ed z\u00e1hradn\u00fdch traktorov a zero-turn kosa\u010diek je pri presune a pohybe po verejn\u00fdch chodn\u00edkoch a cest\u00e1ch povinn\u00e9 homologizovan\u00e9 vybavenie.","robots":{"index":"noindex","follow":"follow","max-snippet":"max-snippet:-1","max-image-preview":"max-image-preview:large","max-video-preview":"max-video-preview:-1"},"og_locale":"sk_SK","og_type":"article","og_title":"Sada osvetlenia pre homologiz\u00e1ciu na cest\u00e1ch - Ariens |\u00a0EMEAA","og_description":"Pri pou\u017e\u00edvan\u00ed z\u00e1hradn\u00fdch traktorov a zero-turn kosa\u010diek je pri presune a pohybe po verejn\u00fdch chodn\u00edkoch a cest\u00e1ch povinn\u00e9 homologizovan\u00e9 vybavenie.","og_url":"https:\/\/www.ariens.eu\/sk\/product\/prislusenstvo\/prislusenstvo-pre-elektricke-zero-turn-kosacky\/sada-osvetlenia-pre-homologizaciu-na-cestach\/","og_site_name":"Ariens |\u00a0EMEAA","article_modified_time":"2025-08-18T06:13:12+00:00","og_image":[{"width":4418,"height":3196,"url":"https:\/\/www.ariens.eu\/sk\/wp-content\/uploads\/sites\/18\/2024\/08\/stvzo-lichtkit-attachement-1.png","type":"image\/png"}],"twitter_card":"summary_large_image","twitter_misc":{"Predpokladan\u00fd \u010das \u010d\u00edtania":"2 min\u00faty"},"schema":{"@context":"https:\/\/schema.org","@graph":[{"@type":"WebPage","@id":"https:\/\/www.ariens.eu\/sk\/product\/prislusenstvo\/prislusenstvo-pre-elektricke-zero-turn-kosacky\/sada-osvetlenia-pre-homologizaciu-na-cestach\/","url":"https:\/\/www.ariens.eu\/sk\/product\/prislusenstvo\/prislusenstvo-pre-elektricke-zero-turn-kosacky\/sada-osvetlenia-pre-homologizaciu-na-cestach\/","name":"Sada osvetlenia pre homologiz\u00e1ciu na cest\u00e1ch - Ariens |\u00a0EMEAA","isPartOf":{"@id":"https:\/\/www.ariens.eu\/sk\/#website"},"primaryImageOfPage":{"@id":"https:\/\/www.ariens.eu\/sk\/product\/prislusenstvo\/prislusenstvo-pre-elektricke-zero-turn-kosacky\/sada-osvetlenia-pre-homologizaciu-na-cestach\/#primaryimage"},"image":{"@id":"https:\/\/www.ariens.eu\/sk\/product\/prislusenstvo\/prislusenstvo-pre-elektricke-zero-turn-kosacky\/sada-osvetlenia-pre-homologizaciu-na-cestach\/#primaryimage"},"thumbnailUrl":"https:\/\/www.ariens.eu\/sk\/wp-content\/uploads\/sites\/18\/2024\/08\/stvzo-lichtkit-attachement-1.png","datePublished":"2024-08-23T11:50:04+00:00","dateModified":"2025-08-18T06:13:12+00:00","description":"Pri pou\u017e\u00edvan\u00ed z\u00e1hradn\u00fdch traktorov a zero-turn kosa\u010diek je pri presune a pohybe po verejn\u00fdch chodn\u00edkoch a cest\u00e1ch povinn\u00e9 homologizovan\u00e9 vybavenie.","breadcrumb":{"@id":"https:\/\/www.ariens.eu\/sk\/product\/prislusenstvo\/prislusenstvo-pre-elektricke-zero-turn-kosacky\/sada-osvetlenia-pre-homologizaciu-na-cestach\/#breadcrumb"},"inLanguage":"sk-SK","potentialAction":[{"@type":"ReadAction","target":["https:\/\/www.ariens.eu\/sk\/product\/prislusenstvo\/prislusenstvo-pre-elektricke-zero-turn-kosacky\/sada-osvetlenia-pre-homologizaciu-na-cestach\/"]}]},{"@type":"ImageObject","inLanguage":"sk-SK","@id":"https:\/\/www.ariens.eu\/sk\/product\/prislusenstvo\/prislusenstvo-pre-elektricke-zero-turn-kosacky\/sada-osvetlenia-pre-homologizaciu-na-cestach\/#primaryimage","url":"https:\/\/www.ariens.eu\/sk\/wp-content\/uploads\/sites\/18\/2024\/08\/stvzo-lichtkit-attachement-1.png","contentUrl":"https:\/\/www.ariens.eu\/sk\/wp-content\/uploads\/sites\/18\/2024\/08\/stvzo-lichtkit-attachement-1.png","width":4418,"height":3196},{"@type":"BreadcrumbList","@id":"https:\/\/www.ariens.eu\/sk\/product\/prislusenstvo\/prislusenstvo-pre-elektricke-zero-turn-kosacky\/sada-osvetlenia-pre-homologizaciu-na-cestach\/#breadcrumb","itemListElement":[{"@type":"ListItem","position":1,"name":"Home","item":"https:\/\/www.ariens.eu\/sk\/"},{"@type":"ListItem","position":2,"name":"Obchod","item":"https:\/\/www.ariens.eu\/sk\/obchod\/"},{"@type":"ListItem","position":3,"name":"Sada osvetlenia pre homologiz\u00e1ciu na cest\u00e1ch"}]},{"@type":"WebSite","@id":"https:\/\/www.ariens.eu\/sk\/#website","url":"https:\/\/www.ariens.eu\/sk\/","name":"Ariens | EMEAA","description":"Powerful and reliable zero-turn mowers &amp; snow blowers for professional users and demanding private customers","publisher":{"@id":"https:\/\/www.ariens.eu\/sk\/#organization"},"potentialAction":[{"@type":"SearchAction","target":{"@type":"EntryPoint","urlTemplate":"https:\/\/www.ariens.eu\/sk\/?s={search_term_string}"},"query-input":{"@type":"PropertyValueSpecification","valueRequired":true,"valueName":"search_term_string"}}],"inLanguage":"sk-SK"},{"@type":"Organization","@id":"https:\/\/www.ariens.eu\/sk\/#organization","name":"AriensCo GmbH","url":"https:\/\/www.ariens.eu\/sk\/","logo":{"@type":"ImageObject","inLanguage":"sk-SK","@id":"https:\/\/www.ariens.eu\/sk\/#\/schema\/logo\/image\/","url":"https:\/\/www.ariens.eu\/wp-content\/uploads\/2024\/11\/ariens-co-logo.jpg","contentUrl":"https:\/\/www.ariens.eu\/wp-content\/uploads\/2024\/11\/ariens-co-logo.jpg","width":1000,"height":1000,"caption":"AriensCo GmbH"},"image":{"@id":"https:\/\/www.ariens.eu\/sk\/#\/schema\/logo\/image\/"}}]}},"_links":{"self":[{"href":"https:\/\/www.ariens.eu\/sk\/wp-json\/wp\/v2\/product\/4590","targetHints":{"allow":["GET"]}}],"collection":[{"href":"https:\/\/www.ariens.eu\/sk\/wp-json\/wp\/v2\/product"}],"about":[{"href":"https:\/\/www.ariens.eu\/sk\/wp-json\/wp\/v2\/types\/product"}],"replies":[{"embeddable":true,"href":"https:\/\/www.ariens.eu\/sk\/wp-json\/wp\/v2\/comments?post=4590"}],"wp:featuredmedia":[{"embeddable":true,"href":"https:\/\/www.ariens.eu\/sk\/wp-json\/wp\/v2\/media\/4599"}],"wp:attachment":[{"href":"https:\/\/www.ariens.eu\/sk\/wp-json\/wp\/v2\/media?parent=4590"}],"wp:term":[{"taxonomy":"product_brand","embeddable":true,"href":"https:\/\/www.ariens.eu\/sk\/wp-json\/wp\/v2\/product_brand?post=4590"},{"taxonomy":"product_cat","embeddable":true,"href":"https:\/\/www.ariens.eu\/sk\/wp-json\/wp\/v2\/product_cat?post=4590"},{"taxonomy":"product_tag","embeddable":true,"href":"https:\/\/www.ariens.eu\/sk\/wp-json\/wp\/v2\/product_tag?post=4590"}],"curies":[{"name":"wp","href":"https:\/\/api.w.org\/{rel}","templated":true}]}}