{"id":4701,"date":"2024-09-11T06:00:05","date_gmt":"2024-09-11T05:00:05","guid":{"rendered":"https:\/\/www.ariens.eu\/?post_type=product&#038;p=4701"},"modified":"2026-02-25T10:37:59","modified_gmt":"2026-02-25T10:37:59","slug":"ikon-52","status":"publish","type":"product","link":"https:\/\/www.ariens.eu\/sk\/product\/zero-turn-kosacky\/seria-ikon\/ikon-52","title":{"rendered":"IKON 52"},"content":{"rendered":"<div class=\"acfd-block acfd-block__headline mb-asm-1 container-fluid px-0 bg-default\">\n<div class=\"acfd-headline\">\n<h2 class='h2 text-left'>Sila spo\u010d\u00edva v detailoch<\/h2>\n<\/p><\/div>\n<\/div>\n<div class=\"acfd-block acfd-block__text container-fluid px-0 bg-default\">\n<div class=\"acfd-text\">\n<p>Najnov\u0161\u00ed a najr\u00fdchlej\u0161\u00ed sp\u00f4sob, ako pokosi\u0165 svoj tr\u00e1vnik. Nez\u00e1le\u017e\u00ed na ve\u013ekosti va\u0161ej z\u00e1hrady. Nov\u00fd Ariens IKON nastavuje nov\u00e9 \u0161tandardy v kosen\u00ed, pohodl\u00ed a v\u00fdbave.<\/p>\n<\/div>\n<\/div>\n<div class=\"acfd-block acfd-block__text mb-asm-2 container-fluid px-0 bg-default\">\n<div class=\"acfd-text\">\n<p>Nov\u00fd Ariens IKON je viac ne\u017e len nov\u00fd. Nie je len in\u00fd ne\u017e jeho predchodca. Nov\u00fd IKON otv\u00e1ra \u00faplne nov\u00fa triedu kosa\u010diek pre s\u00fakromn\u00fdch aj poloprofesion\u00e1lnych pou\u017e\u00edvate\u013eov.<\/p>\n<p>Pri pr\u00edle\u017eitosti 90. v\u00fdro\u010dia spolo\u010dnosti AriensCo sa spustila kompletn\u00e1 rev\u00edzia rodiny zero-turn kosa\u010diek Ariens IKON \u2013 v\u0161etky sk\u00fasenosti z\u00edskan\u00e9 po\u010das predch\u00e1dzaj\u00facich rokov boli za\u010dlenen\u00e9 do tejto \u00faplne novej, od z\u00e1kladu prepracovanej kon\u0161trukcie Ariens IKON.<\/p>\n<p>Na\u0161i dizajnov\u00ed in\u017einieri presk\u00famali ka\u017ed\u00fa s\u00fa\u010diastku. Osved\u010den\u00e9 komponenty boli zachovan\u00e9 a v\u0161etko ostatn\u00e9 bolo revidovan\u00e9, vylep\u0161en\u00e9 alebo \u00faplne obnoven\u00e9. Nov\u00fd Ariens IKON je \u0165a\u017eko zaradite\u013en\u00fd \u2013 prekra\u010duje hranicu medzi kosa\u010dkou pre s\u00fakromn\u00fdch pou\u017e\u00edvate\u013eov a profesion\u00e1lnou kosa\u010dkou. \u0160pi\u010dkov\u00fd dizajn a v\u00fdkon ho odl\u00ed\u0161ia od ostatn\u00fdch.<strong> Objavte ho\u2026 sami!<\/strong><\/p>\n<\/div>\n<\/div>\n<div class=\"acfd-block acfd-block__media mb-asm-1 container-fluid px-0 bg-default\">\n<div class=\"acfd-media\">\n<div class=\"initial-hidden\" data-type=\"youtube\" data-video-id=\"https:\/\/www.youtube.com\/watch?v=hUcrbaaPg1c\" data-autoplay=\"false\"><\/div>\n<div class=\"bg-16-9 media-placeholder-content-wrapper\">\n<div class=\"media-thumbnail-description media-embed-wrapper\">\n<div class=\"description-wrapper\">\n                                    Ak chcete zobrazi\u0165 toto video, akceptujte s\u00fabory cookie z extern\u00fdch m\u00e9di\u00ed                                    <\/p>\n<div class=\"consent-configuration-wrapper\">\n                                        <button id=\"liOpenCookieSettings\" class=\"li-open-cookie-settings\">Nastavenia s\u00faborov cookie<\/button>                                    <\/div>\n<\/p><\/div>\n<\/p><\/div>\n<div class=\"media-embed-wrapper\">\n                                <img decoding=\"async\" src=\"https:\/\/img.youtube.com\/vi\/hUcrbaaPg1c\/0.jpg\" alt=\"Youtube Video Thumbnail\" \/>\n                            <\/div>\n<\/p><\/div>\n<\/p><\/div>\n<\/div>\n<div class=\"acfd-block acfd-block__category mb-asm-3 container-fluid px-0 bg-default\">\n<div class=\"acfd-product-categories\">\n<h2 class=\"text-left mb-3\">\n        Eins\u00e4tze    <\/h2>\n<div class=\"product-categories_wrapper\">\n         <span data-description=\"Ste poskytovate\u013e slu\u017eieb, spr\u00e1vcovsk\u00e1 firma alebo pravidelne udr\u017eiavate v\u00e4\u010d\u0161ie plochy? Potom v\u00e1m poloprofesion\u00e1lny stroj pon\u00fakne v\u00fdkon a odolnos\u0165 potrebn\u00fa na spo\u013eahliv\u00e9 zvl\u00e1dnutie kosenia.\" class=\"product-category-single\"> Semi-Pro                <sup><i class=\"fa fa-info-circle\" aria-hidden=\"true\"><\/i><\/sup>            <\/span>  <span data-description=\"M\u00e1te vo svojej z\u00e1hrade alebo okolo svojho pozemku kr\u00e1sny tr\u00e1vnik? Chcete ho pravidelne udr\u017eiava\u0165 od polovice marca? V z\u00e1vislosti od z\u00e1beru kosenia na\u0161e kosa\u010dky zvl\u00e1dnu v\u0161etky ve\u013ekosti z\u00e1hrad.\" class=\"product-category-single\"> S\u00fakromn\u00e9 zelen\u00e9 plochy                <sup><i class=\"fa fa-info-circle\" aria-hidden=\"true\"><\/i><\/sup>            <\/span>  <span data-description=\"Na\u0161e kosa\u010dky s\u00fa vybaven\u00e9 vysoko kvalitn\u00fdmi motormi Kawasaki<sup>&reg;<\/sup> alebo Ariens. Poskytuj\u00fa nadpriemern\u00fd v\u00fdkon a spo\u013eahlivos\u0165.\" class=\"product-category-single\"> Benz\u00edn                <sup><i class=\"fa fa-info-circle\" aria-hidden=\"true\"><\/i><\/sup>            <\/span>  <span data-description=\"Pri pou\u017eit\u00ed vhodnej sady na mul\u010dovanie vo va\u0161ej kosa\u010dke u\u017e nie je potrebn\u00fd bo\u010dn\u00fd v\u00fdhoz. Pokosen\u00e1 tr\u00e1va je jemne rozsekan\u00e1 a rovnomerne rozlo\u017een\u00e1 dozadu na tr\u00e1vnik. Aplikovan\u00e9 hnojivo zost\u00e1va na povrchu a jemn\u00e9 \u010dasti tr\u00e1vy takmer nevidite\u013ene vnikaj\u00fa do tr\u00e1vnika.\" class=\"product-category-single\"> Volite\u013en\u00e1 sada na mul\u010dovanie                <sup><i class=\"fa fa-info-circle\" aria-hidden=\"true\"><\/i><\/sup>            <\/span>  <span data-description=\"Kosa\u010dky Ariens so sedadlom pon\u00fakaj\u00fa vysok\u00fd komfort. Pou\u017e\u00edvame kvalitn\u00e9 sedadl\u00e1 u\u017e od z\u00e1kladn\u00fdch modelov. Samozrejmos\u0165ou je dostatok priestoru na nohy a ergonomick\u00e9 ovl\u00e1danie.\" class=\"product-category-single\"> Ride-On kosa\u010dky (so sedadlom)                <sup><i class=\"fa fa-info-circle\" aria-hidden=\"true\"><\/i><\/sup>            <\/span>  <span data-description=\"Pri modeloch APEX a ZENITH m\u00e1te na v\u00fdber medzi kosa\u010dkami s bo\u010dn\u00fdm a zadn\u00fdm v\u00fdhozom. Kosa\u010dka s bo\u010dn\u00fdm v\u00fdhozom vyhadzuje pokosen\u00fa tr\u00e1vu cez bo\u010dn\u00fd otvor a deflektor. Siln\u00fd pr\u00fad vzduchu ju n\u00e1sledne rozpt\u00fdli na ve\u013ek\u00fa plochu. Do kosa\u010diek s bo\u010dn\u00fdm v\u00fdhozom je mo\u017en\u00e9 namontova\u0165 volite\u013en\u00fa mul\u010dovaciu sadu. Pri pou\u017eit\u00ed mul\u010dovacej sady je tr\u00e1va jemne posekan\u00e1 a vyhadzovan\u00e1 dozadu. Bo\u010dn\u00fd v\u00fdhoz a deflektor sa potom uzavr\u00fa alebo odstr\u00e1nia.\" class=\"product-category-single\"> Bo\u010dn\u00fd v\u00fdhoz                <sup><i class=\"fa fa-info-circle\" aria-hidden=\"true\"><\/i><\/sup>            <\/span>  <span data-description=\"V\u0161etky kosa\u010dky Ariens s\u00fa vhodn\u00e9 na kosenie rovn\u00fdch tr\u00e1vnikov. Vyberte si \u0161\u00edrku z\u00e1beru pod\u013ea ve\u013ekosti plochy a pr\u00edpadn\u00fdch z\u00fa\u017een\u00fdch miest.\" class=\"product-category-single\"> Rovn\u00fd ter\u00e9n                <sup><i class=\"fa fa-info-circle\" aria-hidden=\"true\"><\/i><\/sup>            <\/span>  <span data-description=\"Kosa\u010dky Ariens si dobre poradia s vlnit\u00fdm ter\u00e9nom. Pre vlnit\u00fd ter\u00e9n vyberajte u\u017e\u0161ie z\u00e1bery kosenia pre rovnomernej\u0161\u00ed rez.\" class=\"product-category-single\"> Vlnit\u00fd ter\u00e9n                <sup><i class=\"fa fa-info-circle\" aria-hidden=\"true\"><\/i><\/sup>            <\/span>  <span data-description=\"Najlep\u0161ie je zvoli\u0165 stroj so \u0161irok\u00fdmi kolesami. Neprekra\u010dujte stanoven\u00fd bezpe\u010dnostn\u00fd limit sklonu \u2013 15\u00b0 pre pojazdn\u00e9 kosa\u010dky a 20\u00b0 pre stojace modely. Na zvlnenom ter\u00e9ne odpor\u00fa\u010dame u\u017e\u0161ie \u017eacie \u00fastrojenstvo pre rovnomernej\u0161\u00ed v\u00fdsledok kosenia. Model ZENITH m\u00e1 \u0161tandardne ochranu proti prevr\u00e1teniu. Na model APEX ju mo\u017eno dodato\u010dne namontova\u0165.\" class=\"product-category-single\"> Kopcovit\u00fd ter\u00e9n                <sup><i class=\"fa fa-info-circle\" aria-hidden=\"true\"><\/i><\/sup>            <\/span>  <span data-description=\"Na ve\u013ek\u00fdch ploch\u00e1ch sa efekt\u00edvne vyu\u017e\u00edvaj\u00fa \u017eacie \u00fastrojenstv\u00e1 so \u0161\u00edrkou 132 cm a 152 cm.\" class=\"product-category-single\"> Ve\u013ek\u00e9 plochy                <sup><i class=\"fa fa-info-circle\" aria-hidden=\"true\"><\/i><\/sup>            <\/span>     <\/div>\n<\/div>\n<\/div>\n<div class=\"acfd-block acfd-block__twocolumns container-fluid px-0 bg-default\">\n<div class=\"acfd-twocolumns\">\n<div class=\"row\">\n<div class='col-lg-12 mb-4'>\n<div class=\"acfd-product-advantages--wrapper\">\n<h2 class=\"h1 bigger text-color-black text-center mb-5\">\n        Merkmale &amp; Vorteile    <\/h2>\n<div class=\"acfd-product-advantages\">\n<div class=\"row\">\n<div class=\"col-md-6 mb-4 content\">\n                    <span class=\"d-block h5 text-color-brand mb-1\">Stabilita a odolnos\u0165<\/span><\/p>\n<p>Rovnako ako profesion\u00e1lna s\u00e9ria, aj model IKON m\u00e1 plne zv\u00e1ran\u00fd r\u00e1m z trubiek.<\/p>\n<\/p><\/div>\n<div class=\"col-md-6 mb4 image\" style=\"background-image:url(https:\/\/www.ariens.eu\/sk\/wp-content\/uploads\/sites\/18\/2024\/08\/tubular-frame-ikon.png)\">\n                <\/div>\n<\/p><\/div>\n<div class=\"row\">\n<div class=\"col-md-6 mb-4 content\">\n                    <span class=\"d-block h5 text-color-brand mb-1\">V\u00fdkonnostn\u00e9 rezervy a spo\u013eahlivos\u0165<\/span><\/p>\n<p>S\u00e9ria motorov Kawasaki<sup>&reg;<\/sup> FR v modeli IKON je \u0161pi\u010dkou vo svojej triede. Poskytuje v\u00fdkon a spo\u013eahlivos\u0165, ktor\u00e9 s\u00fa potrebn\u00e9 aj v t\u00fdch najn\u00e1ro\u010dnej\u0161\u00edch podmienkach.<\/p>\n<\/p><\/div>\n<div class=\"col-md-6 mb4 image\" style=\"background-image:url(https:\/\/www.ariens.eu\/sk\/wp-content\/uploads\/sites\/18\/2024\/08\/kawasaki-engine.png)\">\n                <\/div>\n<\/p><\/div>\n<div class=\"row\">\n<div class=\"col-md-6 mb-4 content\">\n                    <span class=\"d-block h5 text-color-brand mb-1\">Bez\u00fadr\u017ebov\u00fd pohon kolies<\/span><\/p>\n<p>Dva samostatn\u00e9 hydrostatick\u00e9 motory kolies EZT<sup>&reg;<\/sup> od spolo\u010dnosti HYDRO-GEAR<sup>&reg;<\/sup> s\u00fa bez\u00fadr\u017ebov\u00e9 a zaru\u010duj\u00fa plynul\u00fd jazdn\u00fd z\u00e1\u017eitok.<\/p>\n<\/p><\/div>\n<div class=\"col-md-6 mb4 image\" style=\"background-image:url(https:\/\/www.ariens.eu\/sk\/wp-content\/uploads\/sites\/18\/2024\/08\/hydro-gear.png)\">\n                <\/div>\n<\/p><\/div>\n<div class=\"row\">\n<div class=\"col-md-6 mb-4 content\">\n                    <span class=\"d-block h5 text-color-brand mb-1\">Nov\u00e9 \u017eacie \u00fastrojenstvo ENVY<\/span><\/p>\n<p>\u017dacie \u00fastrojenstvo je najviac nam\u00e1hanou s\u00fa\u010das\u0165ou kosa\u010dky. Stabilita je preto obzvl\u00e1\u0161\u0165 d\u00f4le\u017eit\u00e1: nov\u00e9 \u017eacie \u00fastrojenstvo ENVY m\u00e1 vylep\u0161en\u00fd prietok vzduchu a zv\u00e4\u010d\u0161en\u00fd v\u00fdhoz. Pokosen\u00e1 tr\u00e1va sa zdvihne vy\u0161\u0161ie a je dokonale pokosen\u00e1. \u017dacia plocha je upevnen\u00e1 pomocou \u0161tvorbodov\u00e9ho zavesenia pre trval\u00fa fix\u00e1ciu a zachovanie paralelnosti. Okrem toho s\u00fa vreten\u00e1 no\u017eov vyroben\u00e9 z kovanej hlin\u00edkovej zliatiny, ktor\u00e1 zabezpe\u010duje chladnej\u0161\u00ed chod a v\u00e4\u010d\u0161iu odolnos\u0165 proti n\u00e1razom a vibr\u00e1ci\u00e1m v porovnan\u00ed s liatymi vretenami. T\u00e1to v\u00fdbava bude \u0161tandardom po\u010das sez\u00f3ny 2025 na modeloch APEX, ZENITH a novom modeli IKON.<\/p>\n<\/p><\/div>\n<div class=\"col-md-6 mb4 image\" style=\"background-image:url(https:\/\/www.ariens.eu\/sk\/wp-content\/uploads\/sites\/18\/2024\/08\/envy-deck-52.png)\">\n                <\/div>\n<\/p><\/div>\n<\/p><\/div>\n<\/div><\/div>\n<div class='col-lg'>                    <\/div>\n<\/p><\/div>\n<\/div>\n<\/div>\n","protected":false},"excerpt":{"rendered":"<p>Najnov\u0161\u00ed a najr\u00fdchlej\u0161\u00ed sp\u00f4sob, ako pokosi\u0165 svoj tr\u00e1vnik. Nez\u00e1le\u017e\u00ed na tom, ak\u00e1 ve\u013ek\u00e1 je va\u0161a z\u00e1hrada. Nov\u00fd Ariens IKON nastavuje nov\u00e9 \u0161tandardy, pokia\u013e ide o kosenie, pohodlie a v\u00fdbavu.<\/p>\n","protected":false},"featured_media":4683,"comment_status":"open","ping_status":"closed","template":"","meta":{"_acf_changed":false,"_relevanssi_hide_post":"","_relevanssi_hide_content":"","_relevanssi_pin_for_all":"","_relevanssi_pin_keywords":"","_relevanssi_unpin_keywords":"","_relevanssi_related_keywords":"","_relevanssi_related_include_ids":"","_relevanssi_related_exclude_ids":"","_relevanssi_related_no_append":"","_relevanssi_related_not_related":"","_relevanssi_related_posts":"","_relevanssi_noindex_reason":""},"product_brand":[],"product_cat":[15],"product_tag":[],"class_list":{"0":"post-4701","1":"product","2":"type-product","3":"status-publish","4":"has-post-thumbnail","6":"product_variant-seria-ikon","7":"product_usage_areas-obce-a-technicke-sluzby","8":"product_usage_areas-poskytovatelia-sluzieb","9":"product_usage_areas-rekreacne-zariadenia","10":"product_usage_areas-sprava-objektov","12":"first","13":"instock","14":"shipping-taxable","15":"product-type-simple"},"acf":[],"yoast_head":"<!-- This site is optimized with the Yoast SEO plugin v27.3 - https:\/\/yoast.com\/product\/yoast-seo-wordpress\/ -->\n<title>IKON 52 - Ariens |\u00a0EMEAA<\/title>\n<meta name=\"description\" content=\"Najnov\u0161\u00ed a najr\u00fdchlej\u0161\u00ed sp\u00f4sob, ako pokosi\u0165 svoj tr\u00e1vnik. Nov\u00fd Ariens IKON nastavuje nov\u00e9 \u0161tandardy pokia\u013e ide o strih, pohodlie a v\u00fdbavu.\" \/>\n<meta name=\"robots\" content=\"noindex, follow, max-snippet:-1, max-image-preview:large, max-video-preview:-1\" \/>\n<meta property=\"og:locale\" content=\"sk_SK\" \/>\n<meta property=\"og:type\" content=\"article\" \/>\n<meta property=\"og:title\" content=\"IKON 52 - Ariens |\u00a0EMEAA\" \/>\n<meta property=\"og:description\" content=\"Najnov\u0161\u00ed a najr\u00fdchlej\u0161\u00ed sp\u00f4sob, ako pokosi\u0165 svoj tr\u00e1vnik. Nov\u00fd Ariens IKON nastavuje nov\u00e9 \u0161tandardy pokia\u013e ide o strih, pohodlie a v\u00fdbavu.\" \/>\n<meta property=\"og:url\" content=\"https:\/\/www.ariens.eu\/sk\/product\/zero-turn-kosacky\/seria-ikon\/ikon-52\/\" \/>\n<meta property=\"og:site_name\" content=\"Ariens |\u00a0EMEAA\" \/>\n<meta property=\"article:modified_time\" content=\"2026-02-25T10:37:59+00:00\" \/>\n<meta property=\"og:image\" content=\"https:\/\/www.ariens.eu\/sk\/wp-content\/uploads\/sites\/18\/2024\/09\/ariens-ikon-42-sd.png\" \/>\n\t<meta property=\"og:image:width\" content=\"1008\" \/>\n\t<meta property=\"og:image:height\" content=\"750\" \/>\n\t<meta property=\"og:image:type\" content=\"image\/png\" \/>\n<meta name=\"twitter:card\" content=\"summary_large_image\" \/>\n<meta name=\"twitter:label1\" content=\"Predpokladan\u00fd \u010das \u010d\u00edtania\" \/>\n\t<meta name=\"twitter:data1\" content=\"3 min\u00faty\" \/>\n<script type=\"application\/ld+json\" class=\"yoast-schema-graph\">{\"@context\":\"https:\\\/\\\/schema.org\",\"@graph\":[{\"@type\":\"WebPage\",\"@id\":\"https:\\\/\\\/www.ariens.eu\\\/sk\\\/product\\\/zero-turn-kosacky\\\/seria-ikon\\\/ikon-52\\\/\",\"url\":\"https:\\\/\\\/www.ariens.eu\\\/sk\\\/product\\\/zero-turn-kosacky\\\/seria-ikon\\\/ikon-52\\\/\",\"name\":\"IKON 52 - Ariens |\u00a0EMEAA\",\"isPartOf\":{\"@id\":\"https:\\\/\\\/www.ariens.eu\\\/sk\\\/#website\"},\"primaryImageOfPage\":{\"@id\":\"https:\\\/\\\/www.ariens.eu\\\/sk\\\/product\\\/zero-turn-kosacky\\\/seria-ikon\\\/ikon-52\\\/#primaryimage\"},\"image\":{\"@id\":\"https:\\\/\\\/www.ariens.eu\\\/sk\\\/product\\\/zero-turn-kosacky\\\/seria-ikon\\\/ikon-52\\\/#primaryimage\"},\"thumbnailUrl\":\"https:\\\/\\\/www.ariens.eu\\\/sk\\\/wp-content\\\/uploads\\\/sites\\\/18\\\/2024\\\/09\\\/ariens-ikon-42-sd.png\",\"datePublished\":\"2024-09-11T05:00:05+00:00\",\"dateModified\":\"2026-02-25T10:37:59+00:00\",\"description\":\"Najnov\u0161\u00ed a najr\u00fdchlej\u0161\u00ed sp\u00f4sob, ako pokosi\u0165 svoj tr\u00e1vnik. Nov\u00fd Ariens IKON nastavuje nov\u00e9 \u0161tandardy pokia\u013e ide o strih, pohodlie a v\u00fdbavu.\",\"breadcrumb\":{\"@id\":\"https:\\\/\\\/www.ariens.eu\\\/sk\\\/product\\\/zero-turn-kosacky\\\/seria-ikon\\\/ikon-52\\\/#breadcrumb\"},\"inLanguage\":\"sk-SK\",\"potentialAction\":[{\"@type\":\"ReadAction\",\"target\":[\"https:\\\/\\\/www.ariens.eu\\\/sk\\\/product\\\/zero-turn-kosacky\\\/seria-ikon\\\/ikon-52\\\/\"]}]},{\"@type\":\"ImageObject\",\"inLanguage\":\"sk-SK\",\"@id\":\"https:\\\/\\\/www.ariens.eu\\\/sk\\\/product\\\/zero-turn-kosacky\\\/seria-ikon\\\/ikon-52\\\/#primaryimage\",\"url\":\"https:\\\/\\\/www.ariens.eu\\\/sk\\\/wp-content\\\/uploads\\\/sites\\\/18\\\/2024\\\/09\\\/ariens-ikon-42-sd.png\",\"contentUrl\":\"https:\\\/\\\/www.ariens.eu\\\/sk\\\/wp-content\\\/uploads\\\/sites\\\/18\\\/2024\\\/09\\\/ariens-ikon-42-sd.png\",\"width\":1008,\"height\":750},{\"@type\":\"BreadcrumbList\",\"@id\":\"https:\\\/\\\/www.ariens.eu\\\/sk\\\/product\\\/zero-turn-kosacky\\\/seria-ikon\\\/ikon-52\\\/#breadcrumb\",\"itemListElement\":[{\"@type\":\"ListItem\",\"position\":1,\"name\":\"Home\",\"item\":\"https:\\\/\\\/www.ariens.eu\\\/sk\\\/\"},{\"@type\":\"ListItem\",\"position\":2,\"name\":\"Obchod\",\"item\":\"https:\\\/\\\/www.ariens.eu\\\/sk\\\/obchod\\\/\"},{\"@type\":\"ListItem\",\"position\":3,\"name\":\"IKON 52\"}]},{\"@type\":\"WebSite\",\"@id\":\"https:\\\/\\\/www.ariens.eu\\\/sk\\\/#website\",\"url\":\"https:\\\/\\\/www.ariens.eu\\\/sk\\\/\",\"name\":\"Ariens | EMEAA\",\"description\":\"Powerful and reliable zero-turn mowers &amp; snow blowers for professional users and demanding private customers\",\"publisher\":{\"@id\":\"https:\\\/\\\/www.ariens.eu\\\/sk\\\/#organization\"},\"potentialAction\":[{\"@type\":\"SearchAction\",\"target\":{\"@type\":\"EntryPoint\",\"urlTemplate\":\"https:\\\/\\\/www.ariens.eu\\\/sk\\\/?s={search_term_string}\"},\"query-input\":{\"@type\":\"PropertyValueSpecification\",\"valueRequired\":true,\"valueName\":\"search_term_string\"}}],\"inLanguage\":\"sk-SK\"},{\"@type\":\"Organization\",\"@id\":\"https:\\\/\\\/www.ariens.eu\\\/sk\\\/#organization\",\"name\":\"AriensCo GmbH\",\"url\":\"https:\\\/\\\/www.ariens.eu\\\/sk\\\/\",\"logo\":{\"@type\":\"ImageObject\",\"inLanguage\":\"sk-SK\",\"@id\":\"https:\\\/\\\/www.ariens.eu\\\/sk\\\/#\\\/schema\\\/logo\\\/image\\\/\",\"url\":\"https:\\\/\\\/www.ariens.eu\\\/wp-content\\\/uploads\\\/2024\\\/11\\\/ariens-co-logo.jpg\",\"contentUrl\":\"https:\\\/\\\/www.ariens.eu\\\/wp-content\\\/uploads\\\/2024\\\/11\\\/ariens-co-logo.jpg\",\"width\":1000,\"height\":1000,\"caption\":\"AriensCo GmbH\"},\"image\":{\"@id\":\"https:\\\/\\\/www.ariens.eu\\\/sk\\\/#\\\/schema\\\/logo\\\/image\\\/\"}}]}<\/script>\n<!-- \/ Yoast SEO plugin. -->","yoast_head_json":{"title":"IKON 52 - Ariens |\u00a0EMEAA","description":"Najnov\u0161\u00ed a najr\u00fdchlej\u0161\u00ed sp\u00f4sob, ako pokosi\u0165 svoj tr\u00e1vnik. Nov\u00fd Ariens IKON nastavuje nov\u00e9 \u0161tandardy pokia\u013e ide o strih, pohodlie a v\u00fdbavu.","robots":{"index":"noindex","follow":"follow","max-snippet":"max-snippet:-1","max-image-preview":"max-image-preview:large","max-video-preview":"max-video-preview:-1"},"og_locale":"sk_SK","og_type":"article","og_title":"IKON 52 - Ariens |\u00a0EMEAA","og_description":"Najnov\u0161\u00ed a najr\u00fdchlej\u0161\u00ed sp\u00f4sob, ako pokosi\u0165 svoj tr\u00e1vnik. Nov\u00fd Ariens IKON nastavuje nov\u00e9 \u0161tandardy pokia\u013e ide o strih, pohodlie a v\u00fdbavu.","og_url":"https:\/\/www.ariens.eu\/sk\/product\/zero-turn-kosacky\/seria-ikon\/ikon-52\/","og_site_name":"Ariens |\u00a0EMEAA","article_modified_time":"2026-02-25T10:37:59+00:00","og_image":[{"width":1008,"height":750,"url":"https:\/\/www.ariens.eu\/sk\/wp-content\/uploads\/sites\/18\/2024\/09\/ariens-ikon-42-sd.png","type":"image\/png"}],"twitter_card":"summary_large_image","twitter_misc":{"Predpokladan\u00fd \u010das \u010d\u00edtania":"3 min\u00faty"},"schema":{"@context":"https:\/\/schema.org","@graph":[{"@type":"WebPage","@id":"https:\/\/www.ariens.eu\/sk\/product\/zero-turn-kosacky\/seria-ikon\/ikon-52\/","url":"https:\/\/www.ariens.eu\/sk\/product\/zero-turn-kosacky\/seria-ikon\/ikon-52\/","name":"IKON 52 - Ariens |\u00a0EMEAA","isPartOf":{"@id":"https:\/\/www.ariens.eu\/sk\/#website"},"primaryImageOfPage":{"@id":"https:\/\/www.ariens.eu\/sk\/product\/zero-turn-kosacky\/seria-ikon\/ikon-52\/#primaryimage"},"image":{"@id":"https:\/\/www.ariens.eu\/sk\/product\/zero-turn-kosacky\/seria-ikon\/ikon-52\/#primaryimage"},"thumbnailUrl":"https:\/\/www.ariens.eu\/sk\/wp-content\/uploads\/sites\/18\/2024\/09\/ariens-ikon-42-sd.png","datePublished":"2024-09-11T05:00:05+00:00","dateModified":"2026-02-25T10:37:59+00:00","description":"Najnov\u0161\u00ed a najr\u00fdchlej\u0161\u00ed sp\u00f4sob, ako pokosi\u0165 svoj tr\u00e1vnik. Nov\u00fd Ariens IKON nastavuje nov\u00e9 \u0161tandardy pokia\u013e ide o strih, pohodlie a v\u00fdbavu.","breadcrumb":{"@id":"https:\/\/www.ariens.eu\/sk\/product\/zero-turn-kosacky\/seria-ikon\/ikon-52\/#breadcrumb"},"inLanguage":"sk-SK","potentialAction":[{"@type":"ReadAction","target":["https:\/\/www.ariens.eu\/sk\/product\/zero-turn-kosacky\/seria-ikon\/ikon-52\/"]}]},{"@type":"ImageObject","inLanguage":"sk-SK","@id":"https:\/\/www.ariens.eu\/sk\/product\/zero-turn-kosacky\/seria-ikon\/ikon-52\/#primaryimage","url":"https:\/\/www.ariens.eu\/sk\/wp-content\/uploads\/sites\/18\/2024\/09\/ariens-ikon-42-sd.png","contentUrl":"https:\/\/www.ariens.eu\/sk\/wp-content\/uploads\/sites\/18\/2024\/09\/ariens-ikon-42-sd.png","width":1008,"height":750},{"@type":"BreadcrumbList","@id":"https:\/\/www.ariens.eu\/sk\/product\/zero-turn-kosacky\/seria-ikon\/ikon-52\/#breadcrumb","itemListElement":[{"@type":"ListItem","position":1,"name":"Home","item":"https:\/\/www.ariens.eu\/sk\/"},{"@type":"ListItem","position":2,"name":"Obchod","item":"https:\/\/www.ariens.eu\/sk\/obchod\/"},{"@type":"ListItem","position":3,"name":"IKON 52"}]},{"@type":"WebSite","@id":"https:\/\/www.ariens.eu\/sk\/#website","url":"https:\/\/www.ariens.eu\/sk\/","name":"Ariens | EMEAA","description":"Powerful and reliable zero-turn mowers &amp; snow blowers for professional users and demanding private customers","publisher":{"@id":"https:\/\/www.ariens.eu\/sk\/#organization"},"potentialAction":[{"@type":"SearchAction","target":{"@type":"EntryPoint","urlTemplate":"https:\/\/www.ariens.eu\/sk\/?s={search_term_string}"},"query-input":{"@type":"PropertyValueSpecification","valueRequired":true,"valueName":"search_term_string"}}],"inLanguage":"sk-SK"},{"@type":"Organization","@id":"https:\/\/www.ariens.eu\/sk\/#organization","name":"AriensCo GmbH","url":"https:\/\/www.ariens.eu\/sk\/","logo":{"@type":"ImageObject","inLanguage":"sk-SK","@id":"https:\/\/www.ariens.eu\/sk\/#\/schema\/logo\/image\/","url":"https:\/\/www.ariens.eu\/wp-content\/uploads\/2024\/11\/ariens-co-logo.jpg","contentUrl":"https:\/\/www.ariens.eu\/wp-content\/uploads\/2024\/11\/ariens-co-logo.jpg","width":1000,"height":1000,"caption":"AriensCo GmbH"},"image":{"@id":"https:\/\/www.ariens.eu\/sk\/#\/schema\/logo\/image\/"}}]}},"_links":{"self":[{"href":"https:\/\/www.ariens.eu\/sk\/wp-json\/wp\/v2\/product\/4701","targetHints":{"allow":["GET"]}}],"collection":[{"href":"https:\/\/www.ariens.eu\/sk\/wp-json\/wp\/v2\/product"}],"about":[{"href":"https:\/\/www.ariens.eu\/sk\/wp-json\/wp\/v2\/types\/product"}],"replies":[{"embeddable":true,"href":"https:\/\/www.ariens.eu\/sk\/wp-json\/wp\/v2\/comments?post=4701"}],"wp:featuredmedia":[{"embeddable":true,"href":"https:\/\/www.ariens.eu\/sk\/wp-json\/wp\/v2\/media\/4683"}],"wp:attachment":[{"href":"https:\/\/www.ariens.eu\/sk\/wp-json\/wp\/v2\/media?parent=4701"}],"wp:term":[{"taxonomy":"product_brand","embeddable":true,"href":"https:\/\/www.ariens.eu\/sk\/wp-json\/wp\/v2\/product_brand?post=4701"},{"taxonomy":"product_cat","embeddable":true,"href":"https:\/\/www.ariens.eu\/sk\/wp-json\/wp\/v2\/product_cat?post=4701"},{"taxonomy":"product_tag","embeddable":true,"href":"https:\/\/www.ariens.eu\/sk\/wp-json\/wp\/v2\/product_tag?post=4701"}],"curies":[{"name":"wp","href":"https:\/\/api.w.org\/{rel}","templated":true}]}}