{"id":5825,"date":"2025-08-18T06:16:44","date_gmt":"2025-08-18T05:16:44","guid":{"rendered":"https:\/\/www.ariens.eu\/sk\/?post_type=product&#038;p=5825"},"modified":"2025-09-09T13:52:48","modified_gmt":"2025-09-09T12:52:48","slug":"bocny-vyhoz-ovladany-obsluhou","status":"publish","type":"product","link":"https:\/\/www.ariens.eu\/sk\/product\/bocny-vyhoz-ovladany-obsluhou\/","title":{"rendered":"Bo\u010dn\u00fd v\u00fdhoz ovl\u00e1dan\u00fd obsluhou"},"content":{"rendered":"","protected":false},"excerpt":{"rendered":"<p>Po\u010das kosenia si m\u00f4\u017eete nastavi\u0165 dosah bo\u010dn\u00e9ho vyhadzovania. V pr\u00edpade potreby ho m\u00f4\u017eete \u00faplne uzavrie\u0165.<\/p>\n","protected":false},"featured_media":5826,"comment_status":"open","ping_status":"closed","template":"","meta":{"_acf_changed":false,"_relevanssi_hide_post":"","_relevanssi_hide_content":"","_relevanssi_pin_for_all":"","_relevanssi_pin_keywords":"","_relevanssi_unpin_keywords":"","_relevanssi_related_keywords":"","_relevanssi_related_include_ids":"","_relevanssi_related_exclude_ids":"","_relevanssi_related_no_append":"","_relevanssi_related_not_related":"","_relevanssi_related_posts":"","_relevanssi_noindex_reason":""},"product_brand":[],"product_cat":[15],"product_tag":[],"class_list":{"0":"post-5825","1":"product","2":"type-product","3":"status-publish","4":"has-post-thumbnail","7":"first","8":"instock","9":"shipping-taxable","10":"product-type-simple"},"acf":[],"yoast_head":"<!-- This site is optimized with the Yoast SEO plugin v27.3 - https:\/\/yoast.com\/product\/yoast-seo-wordpress\/ -->\n<title>Bo\u010dn\u00fd v\u00fdhoz ovl\u00e1dan\u00fd obsluhou - Ariens |\u00a0EMEAA<\/title>\n<meta name=\"description\" content=\"Po\u010das kosenia si m\u00f4\u017eete nastavi\u0165 dosah bo\u010dn\u00e9ho vyhadzovania. V pr\u00edpade potreby ho m\u00f4\u017eete \u00faplne uzavrie\u0165.\" \/>\n<meta name=\"robots\" content=\"noindex, follow, max-snippet:-1, max-image-preview:large, max-video-preview:-1\" \/>\n<meta property=\"og:locale\" content=\"sk_SK\" \/>\n<meta property=\"og:type\" content=\"article\" \/>\n<meta property=\"og:title\" content=\"Bo\u010dn\u00fd v\u00fdhoz ovl\u00e1dan\u00fd obsluhou - Ariens |\u00a0EMEAA\" \/>\n<meta property=\"og:description\" content=\"Po\u010das kosenia si m\u00f4\u017eete nastavi\u0165 dosah bo\u010dn\u00e9ho vyhadzovania. V pr\u00edpade potreby ho m\u00f4\u017eete \u00faplne uzavrie\u0165.\" \/>\n<meta property=\"og:url\" content=\"https:\/\/www.ariens.eu\/sk\/product\/bocny-vyhoz-ovladany-obsluhou\/\" \/>\n<meta property=\"og:site_name\" content=\"Ariens |\u00a0EMEAA\" \/>\n<meta property=\"article:modified_time\" content=\"2025-09-09T12:52:48+00:00\" \/>\n<meta property=\"og:image\" content=\"https:\/\/www.ariens.eu\/sk\/wp-content\/uploads\/sites\/18\/2025\/08\/ariens-accessoir-operator-controlled-side-discharge.jpg\" \/>\n\t<meta property=\"og:image:width\" content=\"600\" \/>\n\t<meta property=\"og:image:height\" content=\"434\" \/>\n\t<meta property=\"og:image:type\" content=\"image\/jpeg\" \/>\n<meta name=\"twitter:card\" content=\"summary_large_image\" \/>\n<meta name=\"twitter:label1\" content=\"Predpokladan\u00fd \u010das \u010d\u00edtania\" \/>\n\t<meta name=\"twitter:data1\" content=\"1 min\u00fata\" \/>\n<script type=\"application\/ld+json\" class=\"yoast-schema-graph\">{\"@context\":\"https:\\\/\\\/schema.org\",\"@graph\":[{\"@type\":\"WebPage\",\"@id\":\"https:\\\/\\\/www.ariens.eu\\\/sk\\\/product\\\/bocny-vyhoz-ovladany-obsluhou\\\/\",\"url\":\"https:\\\/\\\/www.ariens.eu\\\/sk\\\/product\\\/bocny-vyhoz-ovladany-obsluhou\\\/\",\"name\":\"Bo\u010dn\u00fd v\u00fdhoz ovl\u00e1dan\u00fd obsluhou - Ariens |\u00a0EMEAA\",\"isPartOf\":{\"@id\":\"https:\\\/\\\/www.ariens.eu\\\/sk\\\/#website\"},\"primaryImageOfPage\":{\"@id\":\"https:\\\/\\\/www.ariens.eu\\\/sk\\\/product\\\/bocny-vyhoz-ovladany-obsluhou\\\/#primaryimage\"},\"image\":{\"@id\":\"https:\\\/\\\/www.ariens.eu\\\/sk\\\/product\\\/bocny-vyhoz-ovladany-obsluhou\\\/#primaryimage\"},\"thumbnailUrl\":\"https:\\\/\\\/www.ariens.eu\\\/sk\\\/wp-content\\\/uploads\\\/sites\\\/18\\\/2025\\\/08\\\/ariens-accessoir-operator-controlled-side-discharge.jpg\",\"datePublished\":\"2025-08-18T05:16:44+00:00\",\"dateModified\":\"2025-09-09T12:52:48+00:00\",\"description\":\"Po\u010das kosenia si m\u00f4\u017eete nastavi\u0165 dosah bo\u010dn\u00e9ho vyhadzovania. V pr\u00edpade potreby ho m\u00f4\u017eete \u00faplne uzavrie\u0165.\",\"breadcrumb\":{\"@id\":\"https:\\\/\\\/www.ariens.eu\\\/sk\\\/product\\\/bocny-vyhoz-ovladany-obsluhou\\\/#breadcrumb\"},\"inLanguage\":\"sk-SK\",\"potentialAction\":[{\"@type\":\"ReadAction\",\"target\":[\"https:\\\/\\\/www.ariens.eu\\\/sk\\\/product\\\/bocny-vyhoz-ovladany-obsluhou\\\/\"]}]},{\"@type\":\"ImageObject\",\"inLanguage\":\"sk-SK\",\"@id\":\"https:\\\/\\\/www.ariens.eu\\\/sk\\\/product\\\/bocny-vyhoz-ovladany-obsluhou\\\/#primaryimage\",\"url\":\"https:\\\/\\\/www.ariens.eu\\\/sk\\\/wp-content\\\/uploads\\\/sites\\\/18\\\/2025\\\/08\\\/ariens-accessoir-operator-controlled-side-discharge.jpg\",\"contentUrl\":\"https:\\\/\\\/www.ariens.eu\\\/sk\\\/wp-content\\\/uploads\\\/sites\\\/18\\\/2025\\\/08\\\/ariens-accessoir-operator-controlled-side-discharge.jpg\",\"width\":600,\"height\":434,\"caption\":\"Ariens SUMMIT PRO Series Accesoir: operator controlled side-discharge\"},{\"@type\":\"BreadcrumbList\",\"@id\":\"https:\\\/\\\/www.ariens.eu\\\/sk\\\/product\\\/bocny-vyhoz-ovladany-obsluhou\\\/#breadcrumb\",\"itemListElement\":[{\"@type\":\"ListItem\",\"position\":1,\"name\":\"Home\",\"item\":\"https:\\\/\\\/www.ariens.eu\\\/sk\\\/\"},{\"@type\":\"ListItem\",\"position\":2,\"name\":\"Obchod\",\"item\":\"https:\\\/\\\/www.ariens.eu\\\/sk\\\/obchod\\\/\"},{\"@type\":\"ListItem\",\"position\":3,\"name\":\"Bo\u010dn\u00fd v\u00fdhoz ovl\u00e1dan\u00fd obsluhou\"}]},{\"@type\":\"WebSite\",\"@id\":\"https:\\\/\\\/www.ariens.eu\\\/sk\\\/#website\",\"url\":\"https:\\\/\\\/www.ariens.eu\\\/sk\\\/\",\"name\":\"Ariens | EMEAA\",\"description\":\"Powerful and reliable zero-turn mowers &amp; snow blowers for professional users and demanding private customers\",\"publisher\":{\"@id\":\"https:\\\/\\\/www.ariens.eu\\\/sk\\\/#organization\"},\"potentialAction\":[{\"@type\":\"SearchAction\",\"target\":{\"@type\":\"EntryPoint\",\"urlTemplate\":\"https:\\\/\\\/www.ariens.eu\\\/sk\\\/?s={search_term_string}\"},\"query-input\":{\"@type\":\"PropertyValueSpecification\",\"valueRequired\":true,\"valueName\":\"search_term_string\"}}],\"inLanguage\":\"sk-SK\"},{\"@type\":\"Organization\",\"@id\":\"https:\\\/\\\/www.ariens.eu\\\/sk\\\/#organization\",\"name\":\"AriensCo GmbH\",\"url\":\"https:\\\/\\\/www.ariens.eu\\\/sk\\\/\",\"logo\":{\"@type\":\"ImageObject\",\"inLanguage\":\"sk-SK\",\"@id\":\"https:\\\/\\\/www.ariens.eu\\\/sk\\\/#\\\/schema\\\/logo\\\/image\\\/\",\"url\":\"https:\\\/\\\/www.ariens.eu\\\/wp-content\\\/uploads\\\/2024\\\/11\\\/ariens-co-logo.jpg\",\"contentUrl\":\"https:\\\/\\\/www.ariens.eu\\\/wp-content\\\/uploads\\\/2024\\\/11\\\/ariens-co-logo.jpg\",\"width\":1000,\"height\":1000,\"caption\":\"AriensCo GmbH\"},\"image\":{\"@id\":\"https:\\\/\\\/www.ariens.eu\\\/sk\\\/#\\\/schema\\\/logo\\\/image\\\/\"}}]}<\/script>\n<!-- \/ Yoast SEO plugin. -->","yoast_head_json":{"title":"Bo\u010dn\u00fd v\u00fdhoz ovl\u00e1dan\u00fd obsluhou - Ariens |\u00a0EMEAA","description":"Po\u010das kosenia si m\u00f4\u017eete nastavi\u0165 dosah bo\u010dn\u00e9ho vyhadzovania. V pr\u00edpade potreby ho m\u00f4\u017eete \u00faplne uzavrie\u0165.","robots":{"index":"noindex","follow":"follow","max-snippet":"max-snippet:-1","max-image-preview":"max-image-preview:large","max-video-preview":"max-video-preview:-1"},"og_locale":"sk_SK","og_type":"article","og_title":"Bo\u010dn\u00fd v\u00fdhoz ovl\u00e1dan\u00fd obsluhou - Ariens |\u00a0EMEAA","og_description":"Po\u010das kosenia si m\u00f4\u017eete nastavi\u0165 dosah bo\u010dn\u00e9ho vyhadzovania. V pr\u00edpade potreby ho m\u00f4\u017eete \u00faplne uzavrie\u0165.","og_url":"https:\/\/www.ariens.eu\/sk\/product\/bocny-vyhoz-ovladany-obsluhou\/","og_site_name":"Ariens |\u00a0EMEAA","article_modified_time":"2025-09-09T12:52:48+00:00","og_image":[{"width":600,"height":434,"url":"https:\/\/www.ariens.eu\/sk\/wp-content\/uploads\/sites\/18\/2025\/08\/ariens-accessoir-operator-controlled-side-discharge.jpg","type":"image\/jpeg"}],"twitter_card":"summary_large_image","twitter_misc":{"Predpokladan\u00fd \u010das \u010d\u00edtania":"1 min\u00fata"},"schema":{"@context":"https:\/\/schema.org","@graph":[{"@type":"WebPage","@id":"https:\/\/www.ariens.eu\/sk\/product\/bocny-vyhoz-ovladany-obsluhou\/","url":"https:\/\/www.ariens.eu\/sk\/product\/bocny-vyhoz-ovladany-obsluhou\/","name":"Bo\u010dn\u00fd v\u00fdhoz ovl\u00e1dan\u00fd obsluhou - Ariens |\u00a0EMEAA","isPartOf":{"@id":"https:\/\/www.ariens.eu\/sk\/#website"},"primaryImageOfPage":{"@id":"https:\/\/www.ariens.eu\/sk\/product\/bocny-vyhoz-ovladany-obsluhou\/#primaryimage"},"image":{"@id":"https:\/\/www.ariens.eu\/sk\/product\/bocny-vyhoz-ovladany-obsluhou\/#primaryimage"},"thumbnailUrl":"https:\/\/www.ariens.eu\/sk\/wp-content\/uploads\/sites\/18\/2025\/08\/ariens-accessoir-operator-controlled-side-discharge.jpg","datePublished":"2025-08-18T05:16:44+00:00","dateModified":"2025-09-09T12:52:48+00:00","description":"Po\u010das kosenia si m\u00f4\u017eete nastavi\u0165 dosah bo\u010dn\u00e9ho vyhadzovania. V pr\u00edpade potreby ho m\u00f4\u017eete \u00faplne uzavrie\u0165.","breadcrumb":{"@id":"https:\/\/www.ariens.eu\/sk\/product\/bocny-vyhoz-ovladany-obsluhou\/#breadcrumb"},"inLanguage":"sk-SK","potentialAction":[{"@type":"ReadAction","target":["https:\/\/www.ariens.eu\/sk\/product\/bocny-vyhoz-ovladany-obsluhou\/"]}]},{"@type":"ImageObject","inLanguage":"sk-SK","@id":"https:\/\/www.ariens.eu\/sk\/product\/bocny-vyhoz-ovladany-obsluhou\/#primaryimage","url":"https:\/\/www.ariens.eu\/sk\/wp-content\/uploads\/sites\/18\/2025\/08\/ariens-accessoir-operator-controlled-side-discharge.jpg","contentUrl":"https:\/\/www.ariens.eu\/sk\/wp-content\/uploads\/sites\/18\/2025\/08\/ariens-accessoir-operator-controlled-side-discharge.jpg","width":600,"height":434,"caption":"Ariens SUMMIT PRO Series Accesoir: operator controlled side-discharge"},{"@type":"BreadcrumbList","@id":"https:\/\/www.ariens.eu\/sk\/product\/bocny-vyhoz-ovladany-obsluhou\/#breadcrumb","itemListElement":[{"@type":"ListItem","position":1,"name":"Home","item":"https:\/\/www.ariens.eu\/sk\/"},{"@type":"ListItem","position":2,"name":"Obchod","item":"https:\/\/www.ariens.eu\/sk\/obchod\/"},{"@type":"ListItem","position":3,"name":"Bo\u010dn\u00fd v\u00fdhoz ovl\u00e1dan\u00fd obsluhou"}]},{"@type":"WebSite","@id":"https:\/\/www.ariens.eu\/sk\/#website","url":"https:\/\/www.ariens.eu\/sk\/","name":"Ariens | EMEAA","description":"Powerful and reliable zero-turn mowers &amp; snow blowers for professional users and demanding private customers","publisher":{"@id":"https:\/\/www.ariens.eu\/sk\/#organization"},"potentialAction":[{"@type":"SearchAction","target":{"@type":"EntryPoint","urlTemplate":"https:\/\/www.ariens.eu\/sk\/?s={search_term_string}"},"query-input":{"@type":"PropertyValueSpecification","valueRequired":true,"valueName":"search_term_string"}}],"inLanguage":"sk-SK"},{"@type":"Organization","@id":"https:\/\/www.ariens.eu\/sk\/#organization","name":"AriensCo GmbH","url":"https:\/\/www.ariens.eu\/sk\/","logo":{"@type":"ImageObject","inLanguage":"sk-SK","@id":"https:\/\/www.ariens.eu\/sk\/#\/schema\/logo\/image\/","url":"https:\/\/www.ariens.eu\/wp-content\/uploads\/2024\/11\/ariens-co-logo.jpg","contentUrl":"https:\/\/www.ariens.eu\/wp-content\/uploads\/2024\/11\/ariens-co-logo.jpg","width":1000,"height":1000,"caption":"AriensCo GmbH"},"image":{"@id":"https:\/\/www.ariens.eu\/sk\/#\/schema\/logo\/image\/"}}]}},"_links":{"self":[{"href":"https:\/\/www.ariens.eu\/sk\/wp-json\/wp\/v2\/product\/5825","targetHints":{"allow":["GET"]}}],"collection":[{"href":"https:\/\/www.ariens.eu\/sk\/wp-json\/wp\/v2\/product"}],"about":[{"href":"https:\/\/www.ariens.eu\/sk\/wp-json\/wp\/v2\/types\/product"}],"replies":[{"embeddable":true,"href":"https:\/\/www.ariens.eu\/sk\/wp-json\/wp\/v2\/comments?post=5825"}],"wp:featuredmedia":[{"embeddable":true,"href":"https:\/\/www.ariens.eu\/sk\/wp-json\/wp\/v2\/media\/5826"}],"wp:attachment":[{"href":"https:\/\/www.ariens.eu\/sk\/wp-json\/wp\/v2\/media?parent=5825"}],"wp:term":[{"taxonomy":"product_brand","embeddable":true,"href":"https:\/\/www.ariens.eu\/sk\/wp-json\/wp\/v2\/product_brand?post=5825"},{"taxonomy":"product_cat","embeddable":true,"href":"https:\/\/www.ariens.eu\/sk\/wp-json\/wp\/v2\/product_cat?post=5825"},{"taxonomy":"product_tag","embeddable":true,"href":"https:\/\/www.ariens.eu\/sk\/wp-json\/wp\/v2\/product_tag?post=5825"}],"curies":[{"name":"wp","href":"https:\/\/api.w.org\/{rel}","templated":true}]}}