{"id":5850,"date":"2025-08-18T09:44:35","date_gmt":"2025-08-18T08:44:35","guid":{"rendered":"https:\/\/www.ariens.eu\/sk\/?post_type=product&#038;p=5850"},"modified":"2026-02-25T10:46:01","modified_gmt":"2026-02-25T10:46:01","slug":"summit-pro-572","status":"publish","type":"product","link":"https:\/\/www.ariens.eu\/sk\/product\/summit-pro-572\/","title":{"rendered":"SUMMIT PRO 572"},"content":{"rendered":"<div class=\"acfd-block acfd-block__headline container-fluid px-0 bg-default\">\n<div class=\"acfd-headline\" >\n<h2 class='h1 text-left li_black bigger'>Najvy\u0161\u0161\u00ed \u0161tandard v\u00fdkonu medzi zero-turn kosa\u010dkami<\/h2>\n<\/p><\/div>\n<\/div>\n<div class=\"acfd-block acfd-block__text container-fluid px-0 bg-default\">\n<div class=\"acfd-text li_black\">\n<p>Pre tie najv\u00e4\u010d\u0161ie \u00falohy je SUMMIT PRO 572 nepopierate\u013en\u00fdm l\u00eddrom. S pracovnou \u0161\u00edrkou 72 palcov a maxim\u00e1lnou v\u00fdkonnos\u0165ou a\u017e 29 500 m\u00b2 za hodinu nastavuje nov\u00e9 \u0161tandardy produktivity. T\u00e1to v\u00fdkonn\u00e1 zero-turn kosa\u010dka je navrhnut\u00e1 pre parky, ve\u013ek\u00e9 are\u00e1ly a dod\u00e1vate\u013eov staraj\u00facich sa o rozsiahle plochy, kde je k\u013e\u00fa\u010dov\u00e1 vysok\u00e1 efektivita pr\u00e1ce za hodinu.<\/p>\n<\/div>\n<\/div>\n<div class=\"acfd-block acfd-block__text container-fluid px-0 bg-default\">\n<div class=\"acfd-text li_black\">\n<p>Model 572 pon\u00faka viac ne\u017e len ve\u013ekos\u0165 \u2013 zah\u0155\u0148a v\u0161etky inov\u00e1cie Ariens pre odolnos\u0165, komfort a jednoduchos\u0165 ovl\u00e1dania. Robustn\u00e9 komponenty, intuit\u00edvne ovl\u00e1dacie prvky a dizajn zameran\u00fd na obsluhu z nej robia ob\u013e\u00faben\u00fa vo\u013ebu profesion\u00e1lov, ktor\u00ed vy\u017eaduj\u00fa to najlep\u0161ie.<\/p>\n<\/div>\n<\/div>\n<div class=\"acfd-block acfd-block__headline container-fluid px-0 bg-default\">\n<div class=\"acfd-headline\" >\n<h3 class='h2 text-left li_black'>K\u013e\u00fa\u010dov\u00e9 vlastnosti a v\u00fdhody<\/h3>\n<\/p><\/div>\n<\/div>\n<div class=\"acfd-block acfd-block__text container-fluid px-0 bg-default\">\n<div class=\"acfd-text li_black\">\n<ul>\n<li><strong>Najvhodnej\u0161ie pre:<\/strong> extr\u00e9mnu v\u00fdkonos\u0165 plochy, profesion\u00e1lne pou\u017eitie vo ve\u013ekom rozsahu.<\/li>\n<li><strong>Maxim\u00e1lna r\u00fdchlos\u0165:<\/strong> 16 km\/h.<\/li>\n<li><strong>Pokrytie plochy:<\/strong> a\u017e 29,500 m\u00b2\/h.<\/li>\n<li><strong>Z\u00e1ruka:<\/strong> 5 rokov \/ 1 500 hod\u00edn (bez limitu hod\u00edn po\u010das prv\u00fdch 2 rokov)<\/li>\n<li><strong>Vynikaj\u00faca kvalita kosenia a bezkonkuren\u010dn\u00e1 produktivita pre profesion\u00e1lne \u00fadr\u017ebov\u00e9 t\u00edmy.<\/strong><\/li>\n<\/ul>\n<\/div>\n<\/div>\n<div class=\"acfd-block acfd-block__twocolumns container-fluid px-0 bg-default\">\n<div class=\"acfd-twocolumns\">\n<div class=\"row\">\n<div class='col-lg-12 mb-4 '>\n<div class=\"acfd-product-advantages--wrapper\">\n<h2 class=\"h1 bigger text-color-black text-center mb-5\">\n        Features &#038; Benefits    <\/h2>\n<div class=\"acfd-product-advantages\">\n            <\/div>\n<\/div><\/div>\n<div class='col-lg'>                    <\/div>\n<\/p><\/div>\n<\/div>\n<\/div>\n","protected":false},"excerpt":{"rendered":"<p>Najvy\u0161\u0161\u00ed \u0161tandard v\u00fdkonu medzi zero-turn kosa\u010dkami Pre tie najv\u00e4\u010d\u0161ie \u00falohy je SUMMIT PRO 572 nepopierate\u013en\u00fdm l\u00eddrom. S pracovnou \u0161\u00edrkou 72 palcov a maxim\u00e1lnou v\u00fdkonnos\u0165ou a\u017e 29 500 m\u00b2 za hodinu nastavuje nov\u00e9 \u0161tandardy produktivity. T\u00e1to v\u00fdkonn\u00e1 zero-turn kosa\u010dka je navrhnut\u00e1 pre parky, ve\u013ek\u00e9 are\u00e1ly a dod\u00e1vate\u013eov staraj\u00facich sa o rozsiahle plochy, kde je k\u013e\u00fa\u010dov\u00e1 vysok\u00e1 [&hellip;]<\/p>\n","protected":false},"featured_media":5851,"comment_status":"open","ping_status":"closed","template":"","meta":{"_acf_changed":false,"_relevanssi_hide_post":"","_relevanssi_hide_content":"","_relevanssi_pin_for_all":"","_relevanssi_pin_keywords":"","_relevanssi_unpin_keywords":"","_relevanssi_related_keywords":"","_relevanssi_related_include_ids":"","_relevanssi_related_exclude_ids":"","_relevanssi_related_no_append":"","_relevanssi_related_not_related":"","_relevanssi_related_posts":"","_relevanssi_noindex_reason":""},"product_brand":[],"product_cat":[15],"product_tag":[],"class_list":{"0":"post-5850","1":"product","2":"type-product","3":"status-publish","4":"has-post-thumbnail","7":"first","8":"instock","9":"shipping-taxable","10":"product-type-simple"},"acf":[],"yoast_head":"<!-- This site is optimized with the Yoast SEO plugin v27.3 - https:\/\/yoast.com\/product\/yoast-seo-wordpress\/ -->\n<title>Ariens SUMMIT PRO 572 \u2013 Profesion\u00e1lna kosa\u010dka pre ve\u013ek\u00e9 plochy<\/title>\n<meta name=\"description\" content=\"Zvl\u00e1dnite viac plochy s Ariens SUMMIT PRO 572. T\u00e1to v\u00fdkonn\u00e1 zero-turn kosa\u010dka je navrhnut\u00e1 pre maxim\u00e1lny v\u00fdkon a n\u00e1ro\u010dn\u00fa profesion\u00e1lnu prev\u00e1dzku.\" \/>\n<meta name=\"robots\" content=\"noindex, follow, max-snippet:-1, max-image-preview:large, max-video-preview:-1\" \/>\n<meta property=\"og:locale\" content=\"sk_SK\" \/>\n<meta property=\"og:type\" content=\"article\" \/>\n<meta property=\"og:title\" content=\"Ariens SUMMIT PRO 572 \u2013 Profesion\u00e1lna kosa\u010dka pre ve\u013ek\u00e9 plochy\" \/>\n<meta property=\"og:description\" content=\"Zvl\u00e1dnite viac plochy s Ariens SUMMIT PRO 572. T\u00e1to v\u00fdkonn\u00e1 zero-turn kosa\u010dka je navrhnut\u00e1 pre maxim\u00e1lny v\u00fdkon a n\u00e1ro\u010dn\u00fa profesion\u00e1lnu prev\u00e1dzku.\" \/>\n<meta property=\"og:url\" content=\"https:\/\/www.ariens.eu\/sk\/product\/summit-pro-572\/\" \/>\n<meta property=\"og:site_name\" content=\"Ariens |\u00a0EMEAA\" \/>\n<meta property=\"article:modified_time\" content=\"2026-02-25T10:46:01+00:00\" \/>\n<meta property=\"og:image\" content=\"https:\/\/www.ariens.eu\/sk\/wp-content\/uploads\/sites\/18\/2025\/08\/ariens-summit-pro-372.png\" \/>\n\t<meta property=\"og:image:width\" content=\"1024\" \/>\n\t<meta property=\"og:image:height\" content=\"720\" \/>\n\t<meta property=\"og:image:type\" content=\"image\/png\" \/>\n<meta name=\"twitter:card\" content=\"summary_large_image\" \/>\n<meta name=\"twitter:label1\" content=\"Predpokladan\u00fd \u010das \u010d\u00edtania\" \/>\n\t<meta name=\"twitter:data1\" content=\"1 min\u00fata\" \/>\n<script type=\"application\/ld+json\" class=\"yoast-schema-graph\">{\"@context\":\"https:\\\/\\\/schema.org\",\"@graph\":[{\"@type\":\"WebPage\",\"@id\":\"https:\\\/\\\/www.ariens.eu\\\/sk\\\/product\\\/summit-pro-572\\\/\",\"url\":\"https:\\\/\\\/www.ariens.eu\\\/sk\\\/product\\\/summit-pro-572\\\/\",\"name\":\"Ariens SUMMIT PRO 572 \u2013 Profesion\u00e1lna kosa\u010dka pre ve\u013ek\u00e9 plochy\",\"isPartOf\":{\"@id\":\"https:\\\/\\\/www.ariens.eu\\\/sk\\\/#website\"},\"primaryImageOfPage\":{\"@id\":\"https:\\\/\\\/www.ariens.eu\\\/sk\\\/product\\\/summit-pro-572\\\/#primaryimage\"},\"image\":{\"@id\":\"https:\\\/\\\/www.ariens.eu\\\/sk\\\/product\\\/summit-pro-572\\\/#primaryimage\"},\"thumbnailUrl\":\"https:\\\/\\\/www.ariens.eu\\\/sk\\\/wp-content\\\/uploads\\\/sites\\\/18\\\/2025\\\/08\\\/ariens-summit-pro-372.png\",\"datePublished\":\"2025-08-18T08:44:35+00:00\",\"dateModified\":\"2026-02-25T10:46:01+00:00\",\"description\":\"Zvl\u00e1dnite viac plochy s Ariens SUMMIT PRO 572. T\u00e1to v\u00fdkonn\u00e1 zero-turn kosa\u010dka je navrhnut\u00e1 pre maxim\u00e1lny v\u00fdkon a n\u00e1ro\u010dn\u00fa profesion\u00e1lnu prev\u00e1dzku.\",\"breadcrumb\":{\"@id\":\"https:\\\/\\\/www.ariens.eu\\\/sk\\\/product\\\/summit-pro-572\\\/#breadcrumb\"},\"inLanguage\":\"sk-SK\",\"potentialAction\":[{\"@type\":\"ReadAction\",\"target\":[\"https:\\\/\\\/www.ariens.eu\\\/sk\\\/product\\\/summit-pro-572\\\/\"]}]},{\"@type\":\"ImageObject\",\"inLanguage\":\"sk-SK\",\"@id\":\"https:\\\/\\\/www.ariens.eu\\\/sk\\\/product\\\/summit-pro-572\\\/#primaryimage\",\"url\":\"https:\\\/\\\/www.ariens.eu\\\/sk\\\/wp-content\\\/uploads\\\/sites\\\/18\\\/2025\\\/08\\\/ariens-summit-pro-372.png\",\"contentUrl\":\"https:\\\/\\\/www.ariens.eu\\\/sk\\\/wp-content\\\/uploads\\\/sites\\\/18\\\/2025\\\/08\\\/ariens-summit-pro-372.png\",\"width\":1024,\"height\":720,\"caption\":\"Ariens SUMMIT PRO 372, 3d rendering of the model, isolated\"},{\"@type\":\"BreadcrumbList\",\"@id\":\"https:\\\/\\\/www.ariens.eu\\\/sk\\\/product\\\/summit-pro-572\\\/#breadcrumb\",\"itemListElement\":[{\"@type\":\"ListItem\",\"position\":1,\"name\":\"Home\",\"item\":\"https:\\\/\\\/www.ariens.eu\\\/sk\\\/\"},{\"@type\":\"ListItem\",\"position\":2,\"name\":\"Obchod\",\"item\":\"https:\\\/\\\/www.ariens.eu\\\/sk\\\/obchod\\\/\"},{\"@type\":\"ListItem\",\"position\":3,\"name\":\"SUMMIT PRO 572\"}]},{\"@type\":\"WebSite\",\"@id\":\"https:\\\/\\\/www.ariens.eu\\\/sk\\\/#website\",\"url\":\"https:\\\/\\\/www.ariens.eu\\\/sk\\\/\",\"name\":\"Ariens | EMEAA\",\"description\":\"Powerful and reliable zero-turn mowers &amp; snow blowers for professional users and demanding private customers\",\"publisher\":{\"@id\":\"https:\\\/\\\/www.ariens.eu\\\/sk\\\/#organization\"},\"potentialAction\":[{\"@type\":\"SearchAction\",\"target\":{\"@type\":\"EntryPoint\",\"urlTemplate\":\"https:\\\/\\\/www.ariens.eu\\\/sk\\\/?s={search_term_string}\"},\"query-input\":{\"@type\":\"PropertyValueSpecification\",\"valueRequired\":true,\"valueName\":\"search_term_string\"}}],\"inLanguage\":\"sk-SK\"},{\"@type\":\"Organization\",\"@id\":\"https:\\\/\\\/www.ariens.eu\\\/sk\\\/#organization\",\"name\":\"AriensCo GmbH\",\"url\":\"https:\\\/\\\/www.ariens.eu\\\/sk\\\/\",\"logo\":{\"@type\":\"ImageObject\",\"inLanguage\":\"sk-SK\",\"@id\":\"https:\\\/\\\/www.ariens.eu\\\/sk\\\/#\\\/schema\\\/logo\\\/image\\\/\",\"url\":\"https:\\\/\\\/www.ariens.eu\\\/wp-content\\\/uploads\\\/2024\\\/11\\\/ariens-co-logo.jpg\",\"contentUrl\":\"https:\\\/\\\/www.ariens.eu\\\/wp-content\\\/uploads\\\/2024\\\/11\\\/ariens-co-logo.jpg\",\"width\":1000,\"height\":1000,\"caption\":\"AriensCo GmbH\"},\"image\":{\"@id\":\"https:\\\/\\\/www.ariens.eu\\\/sk\\\/#\\\/schema\\\/logo\\\/image\\\/\"}}]}<\/script>\n<!-- \/ Yoast SEO plugin. -->","yoast_head_json":{"title":"Ariens SUMMIT PRO 572 \u2013 Profesion\u00e1lna kosa\u010dka pre ve\u013ek\u00e9 plochy","description":"Zvl\u00e1dnite viac plochy s Ariens SUMMIT PRO 572. T\u00e1to v\u00fdkonn\u00e1 zero-turn kosa\u010dka je navrhnut\u00e1 pre maxim\u00e1lny v\u00fdkon a n\u00e1ro\u010dn\u00fa profesion\u00e1lnu prev\u00e1dzku.","robots":{"index":"noindex","follow":"follow","max-snippet":"max-snippet:-1","max-image-preview":"max-image-preview:large","max-video-preview":"max-video-preview:-1"},"og_locale":"sk_SK","og_type":"article","og_title":"Ariens SUMMIT PRO 572 \u2013 Profesion\u00e1lna kosa\u010dka pre ve\u013ek\u00e9 plochy","og_description":"Zvl\u00e1dnite viac plochy s Ariens SUMMIT PRO 572. T\u00e1to v\u00fdkonn\u00e1 zero-turn kosa\u010dka je navrhnut\u00e1 pre maxim\u00e1lny v\u00fdkon a n\u00e1ro\u010dn\u00fa profesion\u00e1lnu prev\u00e1dzku.","og_url":"https:\/\/www.ariens.eu\/sk\/product\/summit-pro-572\/","og_site_name":"Ariens |\u00a0EMEAA","article_modified_time":"2026-02-25T10:46:01+00:00","og_image":[{"width":1024,"height":720,"url":"https:\/\/www.ariens.eu\/sk\/wp-content\/uploads\/sites\/18\/2025\/08\/ariens-summit-pro-372.png","type":"image\/png"}],"twitter_card":"summary_large_image","twitter_misc":{"Predpokladan\u00fd \u010das \u010d\u00edtania":"1 min\u00fata"},"schema":{"@context":"https:\/\/schema.org","@graph":[{"@type":"WebPage","@id":"https:\/\/www.ariens.eu\/sk\/product\/summit-pro-572\/","url":"https:\/\/www.ariens.eu\/sk\/product\/summit-pro-572\/","name":"Ariens SUMMIT PRO 572 \u2013 Profesion\u00e1lna kosa\u010dka pre ve\u013ek\u00e9 plochy","isPartOf":{"@id":"https:\/\/www.ariens.eu\/sk\/#website"},"primaryImageOfPage":{"@id":"https:\/\/www.ariens.eu\/sk\/product\/summit-pro-572\/#primaryimage"},"image":{"@id":"https:\/\/www.ariens.eu\/sk\/product\/summit-pro-572\/#primaryimage"},"thumbnailUrl":"https:\/\/www.ariens.eu\/sk\/wp-content\/uploads\/sites\/18\/2025\/08\/ariens-summit-pro-372.png","datePublished":"2025-08-18T08:44:35+00:00","dateModified":"2026-02-25T10:46:01+00:00","description":"Zvl\u00e1dnite viac plochy s Ariens SUMMIT PRO 572. T\u00e1to v\u00fdkonn\u00e1 zero-turn kosa\u010dka je navrhnut\u00e1 pre maxim\u00e1lny v\u00fdkon a n\u00e1ro\u010dn\u00fa profesion\u00e1lnu prev\u00e1dzku.","breadcrumb":{"@id":"https:\/\/www.ariens.eu\/sk\/product\/summit-pro-572\/#breadcrumb"},"inLanguage":"sk-SK","potentialAction":[{"@type":"ReadAction","target":["https:\/\/www.ariens.eu\/sk\/product\/summit-pro-572\/"]}]},{"@type":"ImageObject","inLanguage":"sk-SK","@id":"https:\/\/www.ariens.eu\/sk\/product\/summit-pro-572\/#primaryimage","url":"https:\/\/www.ariens.eu\/sk\/wp-content\/uploads\/sites\/18\/2025\/08\/ariens-summit-pro-372.png","contentUrl":"https:\/\/www.ariens.eu\/sk\/wp-content\/uploads\/sites\/18\/2025\/08\/ariens-summit-pro-372.png","width":1024,"height":720,"caption":"Ariens SUMMIT PRO 372, 3d rendering of the model, isolated"},{"@type":"BreadcrumbList","@id":"https:\/\/www.ariens.eu\/sk\/product\/summit-pro-572\/#breadcrumb","itemListElement":[{"@type":"ListItem","position":1,"name":"Home","item":"https:\/\/www.ariens.eu\/sk\/"},{"@type":"ListItem","position":2,"name":"Obchod","item":"https:\/\/www.ariens.eu\/sk\/obchod\/"},{"@type":"ListItem","position":3,"name":"SUMMIT PRO 572"}]},{"@type":"WebSite","@id":"https:\/\/www.ariens.eu\/sk\/#website","url":"https:\/\/www.ariens.eu\/sk\/","name":"Ariens | EMEAA","description":"Powerful and reliable zero-turn mowers &amp; snow blowers for professional users and demanding private customers","publisher":{"@id":"https:\/\/www.ariens.eu\/sk\/#organization"},"potentialAction":[{"@type":"SearchAction","target":{"@type":"EntryPoint","urlTemplate":"https:\/\/www.ariens.eu\/sk\/?s={search_term_string}"},"query-input":{"@type":"PropertyValueSpecification","valueRequired":true,"valueName":"search_term_string"}}],"inLanguage":"sk-SK"},{"@type":"Organization","@id":"https:\/\/www.ariens.eu\/sk\/#organization","name":"AriensCo GmbH","url":"https:\/\/www.ariens.eu\/sk\/","logo":{"@type":"ImageObject","inLanguage":"sk-SK","@id":"https:\/\/www.ariens.eu\/sk\/#\/schema\/logo\/image\/","url":"https:\/\/www.ariens.eu\/wp-content\/uploads\/2024\/11\/ariens-co-logo.jpg","contentUrl":"https:\/\/www.ariens.eu\/wp-content\/uploads\/2024\/11\/ariens-co-logo.jpg","width":1000,"height":1000,"caption":"AriensCo GmbH"},"image":{"@id":"https:\/\/www.ariens.eu\/sk\/#\/schema\/logo\/image\/"}}]}},"_links":{"self":[{"href":"https:\/\/www.ariens.eu\/sk\/wp-json\/wp\/v2\/product\/5850","targetHints":{"allow":["GET"]}}],"collection":[{"href":"https:\/\/www.ariens.eu\/sk\/wp-json\/wp\/v2\/product"}],"about":[{"href":"https:\/\/www.ariens.eu\/sk\/wp-json\/wp\/v2\/types\/product"}],"replies":[{"embeddable":true,"href":"https:\/\/www.ariens.eu\/sk\/wp-json\/wp\/v2\/comments?post=5850"}],"wp:featuredmedia":[{"embeddable":true,"href":"https:\/\/www.ariens.eu\/sk\/wp-json\/wp\/v2\/media\/5851"}],"wp:attachment":[{"href":"https:\/\/www.ariens.eu\/sk\/wp-json\/wp\/v2\/media?parent=5850"}],"wp:term":[{"taxonomy":"product_brand","embeddable":true,"href":"https:\/\/www.ariens.eu\/sk\/wp-json\/wp\/v2\/product_brand?post=5850"},{"taxonomy":"product_cat","embeddable":true,"href":"https:\/\/www.ariens.eu\/sk\/wp-json\/wp\/v2\/product_cat?post=5850"},{"taxonomy":"product_tag","embeddable":true,"href":"https:\/\/www.ariens.eu\/sk\/wp-json\/wp\/v2\/product_tag?post=5850"}],"curies":[{"name":"wp","href":"https:\/\/api.w.org\/{rel}","templated":true}]}}