{"id":5986,"date":"2025-09-29T06:27:10","date_gmt":"2025-09-29T05:27:10","guid":{"rendered":"https:\/\/www.ariens.eu\/sk\/?post_type=product&#038;p=5986"},"modified":"2026-02-25T10:46:24","modified_gmt":"2026-02-25T10:46:24","slug":"summit-pro-560","status":"publish","type":"product","link":"https:\/\/www.ariens.eu\/sk\/product\/summit-pro-560\/","title":{"rendered":"SUMMIT PRO 560"},"content":{"rendered":"<div class=\"acfd-block acfd-block__headline container-fluid px-0 bg-default\">\n<div class=\"acfd-headline\">\n<h2 class='h1 text-left li_black bigger'>Navrhnut\u00e9 pre r\u00fdchlos\u0165, pohodlie a nepretr\u017eit\u00fa prev\u00e1dzku<\/h2>\n<\/p><\/div>\n<\/div>\n<div class=\"acfd-block acfd-block__text container-fluid px-0 bg-default\">\n<div class=\"acfd-text li_black\">\n<p>Navrhnut\u00fd tak, aby si poradil s rozsiahlymi tr\u00e1vnikmi s neochvejnou silou, model <strong>SUMMIT PRO 560<\/strong> predstavuje vy\u0161\u0161\u00ed stupe\u0148 v\u00fdkonu pre najn\u00e1ro\u010dnej\u0161\u00edch profesion\u00e1lov. S maxim\u00e1lnou r\u00fdchlos\u0165ou 21,3 km\/h a \u017eac\u00edm \u00fastrojenstvom so \u0161\u00edrkou 60 palcov sp\u00e1ja v\u00fdnimo\u010dn\u00fa r\u00fdchlos\u0165 s presnos\u0165ou kosenia, pri\u010dom dosahuje plo\u0161n\u00fd v\u00fdkon a\u017e 32 460 m\u00b2 za hodinu. \u010ci u\u017e udr\u017eiavate \u0161portov\u00e9 are\u00e1ly alebo komer\u010dn\u00e9 pozemky, model 560 zvl\u00e1dne aj ve\u013ek\u00e9 \u00falohy s \u013eahkos\u0165ou.<\/p>\n<\/div>\n<\/div>\n<div class=\"acfd-block acfd-block__text container-fluid px-0 bg-default\">\n<div class=\"acfd-text li_black\">\n<p>Pohodlie obsluhy je \u00fastredn\u00fdm prvkom dizajnu modelu 560, ktor\u00fd pon\u00faka odpru\u017een\u00e9 sedadlo a ergonomick\u00e9 ovl\u00e1dacie prvky, \u010do minimalizuje \u00fanavu aj pri dlhodobom pou\u017e\u00edvan\u00ed. V\u010faka robustnej kon\u0161trukcii a vylep\u0161en\u00fdm komponentom je t\u00e1to kosa\u010dka skuto\u010dn\u00fdm pr\u00ednosom pre ka\u017ed\u00fd strojov\u00fd park \u2013 navrhnut\u00e1 tak, aby zni\u017eovala prestoje a zvy\u0161ovala produktivitu po\u010das dlh\u00fdch pracovn\u00fdch hod\u00edn.<\/p>\n<\/div>\n<\/div>\n<div class=\"acfd-block acfd-block__headline container-fluid px-0 bg-default\">\n<div class=\"acfd-headline\">\n<h3 class='h2 text-left li_black'>K\u013e\u00fa\u010dov\u00e9 vlastnosti a v\u00fdhody<\/h3>\n<\/p><\/div>\n<\/div>\n<div class=\"acfd-block acfd-block__text container-fluid px-0 bg-default\">\n<div class=\"acfd-text li_black\">\n<ul>\n<li>Najlep\u0161ie vhodn\u00e9 pre: profesion\u00e1lne strojov\u00e9 parky, vysoko efekt\u00edvnu \u00fadr\u017ebu pl\u00f4ch<\/li>\n<li>Maxim\u00e1lna r\u00fdchlos\u0165: 21,3 km\/h<\/li>\n<li>Plo\u0161n\u00fd v\u00fdkon: a\u017e 32 460 m\u00b2\/h<\/li>\n<li>Z\u00e1ruka: 5 rokov \/ 1 500 motohod\u00edn (prv\u00e9 2 roky bez obmedzenia hod\u00edn)<\/li>\n<li>Stroj v profesion\u00e1lnej triede s pokro\u010dil\u00fdm komfortom a maxim\u00e1lnou spo\u013eahlivos\u0165ou<\/li>\n<\/ul>\n<\/div>\n<\/div>\n<div class=\"acfd-block acfd-block__twocolumns container-fluid px-0 bg-default\">\n<div class=\"acfd-twocolumns\">\n<div class=\"row\">\n<div class='col-lg-12 mb-4 '>\n<div class=\"acfd-product-advantages--wrapper\">\n<h2 class=\"h1 bigger text-color-black text-center mb-5\">\n        Merkmale &amp; Vorteile    <\/h2>\n<div class=\"acfd-product-advantages\">\n            <\/div>\n<\/div><\/div>\n<div class='col-lg'>                    <\/div>\n<\/p><\/div>\n<\/div>\n<\/div>\n","protected":false},"excerpt":{"rendered":"<p>Navrhnut\u00e9 pre r\u00fdchlos\u0165, pohodlie a nepretr\u017eit\u00fa prev\u00e1dzku Navrhnut\u00fd tak, aby si poradil s rozsiahlymi tr\u00e1vnikmi s neochvejnou silou, model SUMMIT PRO 560 predstavuje vy\u0161\u0161\u00ed stupe\u0148 v\u00fdkonu pre najn\u00e1ro\u010dnej\u0161\u00edch profesion\u00e1lov. S maxim\u00e1lnou r\u00fdchlos\u0165ou 21,3 km\/h a \u017eac\u00edm \u00fastrojenstvom so \u0161\u00edrkou 60 palcov sp\u00e1ja v\u00fdnimo\u010dn\u00fa r\u00fdchlos\u0165 s presnos\u0165ou kosenia, pri\u010dom dosahuje plo\u0161n\u00fd v\u00fdkon a\u017e 32 460 m\u00b2 [&hellip;]<\/p>\n","protected":false},"featured_media":5992,"comment_status":"open","ping_status":"closed","template":"","meta":{"_acf_changed":false,"_relevanssi_hide_post":"","_relevanssi_hide_content":"","_relevanssi_pin_for_all":"","_relevanssi_pin_keywords":"","_relevanssi_unpin_keywords":"","_relevanssi_related_keywords":"","_relevanssi_related_include_ids":"","_relevanssi_related_exclude_ids":"","_relevanssi_related_no_append":"","_relevanssi_related_not_related":"","_relevanssi_related_posts":"","_relevanssi_noindex_reason":""},"product_brand":[],"product_cat":[15],"product_tag":[],"class_list":{"0":"post-5986","1":"product","2":"type-product","3":"status-publish","4":"has-post-thumbnail","7":"first","8":"instock","9":"shipping-taxable","10":"product-type-simple"},"acf":[],"yoast_head":"<!-- This site is optimized with the Yoast SEO plugin v27.3 - https:\/\/yoast.com\/product\/yoast-seo-wordpress\/ -->\n<title>Ariens SUMMIT PRO 560 \u2013 Kosa\u010dka stvoren\u00e1 na n\u00e1ro\u010dn\u00e9 kosenie<\/title>\n<meta name=\"description\" content=\"R\u00fdchlos\u0165 sa sp\u00e1ja so silou v modeli Ariens SUMMIT PRO 560. Navrhnut\u00fd pre n\u00e1ro\u010dn\u00fdch profesion\u00e1lov, ktor\u00ed vy\u017eaduj\u00fa maxim\u00e1lnu efektivitu a odoln\u00fd v\u00fdkon.\" \/>\n<meta name=\"robots\" content=\"noindex, follow, max-snippet:-1, max-image-preview:large, max-video-preview:-1\" \/>\n<meta property=\"og:locale\" content=\"sk_SK\" \/>\n<meta property=\"og:type\" content=\"article\" \/>\n<meta property=\"og:title\" content=\"Ariens SUMMIT PRO 560 \u2013 Kosa\u010dka stvoren\u00e1 na n\u00e1ro\u010dn\u00e9 kosenie\" \/>\n<meta property=\"og:description\" content=\"R\u00fdchlos\u0165 sa sp\u00e1ja so silou v modeli Ariens SUMMIT PRO 560. Navrhnut\u00fd pre n\u00e1ro\u010dn\u00fdch profesion\u00e1lov, ktor\u00ed vy\u017eaduj\u00fa maxim\u00e1lnu efektivitu a odoln\u00fd v\u00fdkon.\" \/>\n<meta property=\"og:url\" content=\"https:\/\/www.ariens.eu\/sk\/product\/summit-pro-560\/\" \/>\n<meta property=\"og:site_name\" content=\"Ariens |\u00a0EMEAA\" \/>\n<meta property=\"article:modified_time\" content=\"2026-02-25T10:46:24+00:00\" \/>\n<meta property=\"og:image\" content=\"https:\/\/www.ariens.eu\/sk\/wp-content\/uploads\/sites\/18\/2025\/09\/ariens-summit-pro-560.png\" \/>\n\t<meta property=\"og:image:width\" content=\"1024\" \/>\n\t<meta property=\"og:image:height\" content=\"720\" \/>\n\t<meta property=\"og:image:type\" content=\"image\/png\" \/>\n<meta name=\"twitter:card\" content=\"summary_large_image\" \/>\n<meta name=\"twitter:label1\" content=\"Predpokladan\u00fd \u010das \u010d\u00edtania\" \/>\n\t<meta name=\"twitter:data1\" content=\"2 min\u00faty\" \/>\n<script type=\"application\/ld+json\" class=\"yoast-schema-graph\">{\"@context\":\"https:\\\/\\\/schema.org\",\"@graph\":[{\"@type\":\"WebPage\",\"@id\":\"https:\\\/\\\/www.ariens.eu\\\/sk\\\/product\\\/summit-pro-560\\\/\",\"url\":\"https:\\\/\\\/www.ariens.eu\\\/sk\\\/product\\\/summit-pro-560\\\/\",\"name\":\"Ariens SUMMIT PRO 560 \u2013 Kosa\u010dka stvoren\u00e1 na n\u00e1ro\u010dn\u00e9 kosenie\",\"isPartOf\":{\"@id\":\"https:\\\/\\\/www.ariens.eu\\\/sk\\\/#website\"},\"primaryImageOfPage\":{\"@id\":\"https:\\\/\\\/www.ariens.eu\\\/sk\\\/product\\\/summit-pro-560\\\/#primaryimage\"},\"image\":{\"@id\":\"https:\\\/\\\/www.ariens.eu\\\/sk\\\/product\\\/summit-pro-560\\\/#primaryimage\"},\"thumbnailUrl\":\"https:\\\/\\\/www.ariens.eu\\\/sk\\\/wp-content\\\/uploads\\\/sites\\\/18\\\/2025\\\/09\\\/ariens-summit-pro-560.png\",\"datePublished\":\"2025-09-29T05:27:10+00:00\",\"dateModified\":\"2026-02-25T10:46:24+00:00\",\"description\":\"R\u00fdchlos\u0165 sa sp\u00e1ja so silou v modeli Ariens SUMMIT PRO 560. Navrhnut\u00fd pre n\u00e1ro\u010dn\u00fdch profesion\u00e1lov, ktor\u00ed vy\u017eaduj\u00fa maxim\u00e1lnu efektivitu a odoln\u00fd v\u00fdkon.\",\"breadcrumb\":{\"@id\":\"https:\\\/\\\/www.ariens.eu\\\/sk\\\/product\\\/summit-pro-560\\\/#breadcrumb\"},\"inLanguage\":\"sk-SK\",\"potentialAction\":[{\"@type\":\"ReadAction\",\"target\":[\"https:\\\/\\\/www.ariens.eu\\\/sk\\\/product\\\/summit-pro-560\\\/\"]}]},{\"@type\":\"ImageObject\",\"inLanguage\":\"sk-SK\",\"@id\":\"https:\\\/\\\/www.ariens.eu\\\/sk\\\/product\\\/summit-pro-560\\\/#primaryimage\",\"url\":\"https:\\\/\\\/www.ariens.eu\\\/sk\\\/wp-content\\\/uploads\\\/sites\\\/18\\\/2025\\\/09\\\/ariens-summit-pro-560.png\",\"contentUrl\":\"https:\\\/\\\/www.ariens.eu\\\/sk\\\/wp-content\\\/uploads\\\/sites\\\/18\\\/2025\\\/09\\\/ariens-summit-pro-560.png\",\"width\":1024,\"height\":720,\"caption\":\"Ariens SUMMIT PRO 560, 3d rendering of the model, isolated\"},{\"@type\":\"BreadcrumbList\",\"@id\":\"https:\\\/\\\/www.ariens.eu\\\/sk\\\/product\\\/summit-pro-560\\\/#breadcrumb\",\"itemListElement\":[{\"@type\":\"ListItem\",\"position\":1,\"name\":\"Home\",\"item\":\"https:\\\/\\\/www.ariens.eu\\\/sk\\\/\"},{\"@type\":\"ListItem\",\"position\":2,\"name\":\"Obchod\",\"item\":\"https:\\\/\\\/www.ariens.eu\\\/sk\\\/obchod\\\/\"},{\"@type\":\"ListItem\",\"position\":3,\"name\":\"SUMMIT PRO 560\"}]},{\"@type\":\"WebSite\",\"@id\":\"https:\\\/\\\/www.ariens.eu\\\/sk\\\/#website\",\"url\":\"https:\\\/\\\/www.ariens.eu\\\/sk\\\/\",\"name\":\"Ariens | EMEAA\",\"description\":\"Powerful and reliable zero-turn mowers &amp; snow blowers for professional users and demanding private customers\",\"publisher\":{\"@id\":\"https:\\\/\\\/www.ariens.eu\\\/sk\\\/#organization\"},\"potentialAction\":[{\"@type\":\"SearchAction\",\"target\":{\"@type\":\"EntryPoint\",\"urlTemplate\":\"https:\\\/\\\/www.ariens.eu\\\/sk\\\/?s={search_term_string}\"},\"query-input\":{\"@type\":\"PropertyValueSpecification\",\"valueRequired\":true,\"valueName\":\"search_term_string\"}}],\"inLanguage\":\"sk-SK\"},{\"@type\":\"Organization\",\"@id\":\"https:\\\/\\\/www.ariens.eu\\\/sk\\\/#organization\",\"name\":\"AriensCo GmbH\",\"url\":\"https:\\\/\\\/www.ariens.eu\\\/sk\\\/\",\"logo\":{\"@type\":\"ImageObject\",\"inLanguage\":\"sk-SK\",\"@id\":\"https:\\\/\\\/www.ariens.eu\\\/sk\\\/#\\\/schema\\\/logo\\\/image\\\/\",\"url\":\"https:\\\/\\\/www.ariens.eu\\\/wp-content\\\/uploads\\\/2024\\\/11\\\/ariens-co-logo.jpg\",\"contentUrl\":\"https:\\\/\\\/www.ariens.eu\\\/wp-content\\\/uploads\\\/2024\\\/11\\\/ariens-co-logo.jpg\",\"width\":1000,\"height\":1000,\"caption\":\"AriensCo GmbH\"},\"image\":{\"@id\":\"https:\\\/\\\/www.ariens.eu\\\/sk\\\/#\\\/schema\\\/logo\\\/image\\\/\"}}]}<\/script>\n<!-- \/ Yoast SEO plugin. -->","yoast_head_json":{"title":"Ariens SUMMIT PRO 560 \u2013 Kosa\u010dka stvoren\u00e1 na n\u00e1ro\u010dn\u00e9 kosenie","description":"R\u00fdchlos\u0165 sa sp\u00e1ja so silou v modeli Ariens SUMMIT PRO 560. Navrhnut\u00fd pre n\u00e1ro\u010dn\u00fdch profesion\u00e1lov, ktor\u00ed vy\u017eaduj\u00fa maxim\u00e1lnu efektivitu a odoln\u00fd v\u00fdkon.","robots":{"index":"noindex","follow":"follow","max-snippet":"max-snippet:-1","max-image-preview":"max-image-preview:large","max-video-preview":"max-video-preview:-1"},"og_locale":"sk_SK","og_type":"article","og_title":"Ariens SUMMIT PRO 560 \u2013 Kosa\u010dka stvoren\u00e1 na n\u00e1ro\u010dn\u00e9 kosenie","og_description":"R\u00fdchlos\u0165 sa sp\u00e1ja so silou v modeli Ariens SUMMIT PRO 560. Navrhnut\u00fd pre n\u00e1ro\u010dn\u00fdch profesion\u00e1lov, ktor\u00ed vy\u017eaduj\u00fa maxim\u00e1lnu efektivitu a odoln\u00fd v\u00fdkon.","og_url":"https:\/\/www.ariens.eu\/sk\/product\/summit-pro-560\/","og_site_name":"Ariens |\u00a0EMEAA","article_modified_time":"2026-02-25T10:46:24+00:00","og_image":[{"width":1024,"height":720,"url":"https:\/\/www.ariens.eu\/sk\/wp-content\/uploads\/sites\/18\/2025\/09\/ariens-summit-pro-560.png","type":"image\/png"}],"twitter_card":"summary_large_image","twitter_misc":{"Predpokladan\u00fd \u010das \u010d\u00edtania":"2 min\u00faty"},"schema":{"@context":"https:\/\/schema.org","@graph":[{"@type":"WebPage","@id":"https:\/\/www.ariens.eu\/sk\/product\/summit-pro-560\/","url":"https:\/\/www.ariens.eu\/sk\/product\/summit-pro-560\/","name":"Ariens SUMMIT PRO 560 \u2013 Kosa\u010dka stvoren\u00e1 na n\u00e1ro\u010dn\u00e9 kosenie","isPartOf":{"@id":"https:\/\/www.ariens.eu\/sk\/#website"},"primaryImageOfPage":{"@id":"https:\/\/www.ariens.eu\/sk\/product\/summit-pro-560\/#primaryimage"},"image":{"@id":"https:\/\/www.ariens.eu\/sk\/product\/summit-pro-560\/#primaryimage"},"thumbnailUrl":"https:\/\/www.ariens.eu\/sk\/wp-content\/uploads\/sites\/18\/2025\/09\/ariens-summit-pro-560.png","datePublished":"2025-09-29T05:27:10+00:00","dateModified":"2026-02-25T10:46:24+00:00","description":"R\u00fdchlos\u0165 sa sp\u00e1ja so silou v modeli Ariens SUMMIT PRO 560. Navrhnut\u00fd pre n\u00e1ro\u010dn\u00fdch profesion\u00e1lov, ktor\u00ed vy\u017eaduj\u00fa maxim\u00e1lnu efektivitu a odoln\u00fd v\u00fdkon.","breadcrumb":{"@id":"https:\/\/www.ariens.eu\/sk\/product\/summit-pro-560\/#breadcrumb"},"inLanguage":"sk-SK","potentialAction":[{"@type":"ReadAction","target":["https:\/\/www.ariens.eu\/sk\/product\/summit-pro-560\/"]}]},{"@type":"ImageObject","inLanguage":"sk-SK","@id":"https:\/\/www.ariens.eu\/sk\/product\/summit-pro-560\/#primaryimage","url":"https:\/\/www.ariens.eu\/sk\/wp-content\/uploads\/sites\/18\/2025\/09\/ariens-summit-pro-560.png","contentUrl":"https:\/\/www.ariens.eu\/sk\/wp-content\/uploads\/sites\/18\/2025\/09\/ariens-summit-pro-560.png","width":1024,"height":720,"caption":"Ariens SUMMIT PRO 560, 3d rendering of the model, isolated"},{"@type":"BreadcrumbList","@id":"https:\/\/www.ariens.eu\/sk\/product\/summit-pro-560\/#breadcrumb","itemListElement":[{"@type":"ListItem","position":1,"name":"Home","item":"https:\/\/www.ariens.eu\/sk\/"},{"@type":"ListItem","position":2,"name":"Obchod","item":"https:\/\/www.ariens.eu\/sk\/obchod\/"},{"@type":"ListItem","position":3,"name":"SUMMIT PRO 560"}]},{"@type":"WebSite","@id":"https:\/\/www.ariens.eu\/sk\/#website","url":"https:\/\/www.ariens.eu\/sk\/","name":"Ariens | EMEAA","description":"Powerful and reliable zero-turn mowers &amp; snow blowers for professional users and demanding private customers","publisher":{"@id":"https:\/\/www.ariens.eu\/sk\/#organization"},"potentialAction":[{"@type":"SearchAction","target":{"@type":"EntryPoint","urlTemplate":"https:\/\/www.ariens.eu\/sk\/?s={search_term_string}"},"query-input":{"@type":"PropertyValueSpecification","valueRequired":true,"valueName":"search_term_string"}}],"inLanguage":"sk-SK"},{"@type":"Organization","@id":"https:\/\/www.ariens.eu\/sk\/#organization","name":"AriensCo GmbH","url":"https:\/\/www.ariens.eu\/sk\/","logo":{"@type":"ImageObject","inLanguage":"sk-SK","@id":"https:\/\/www.ariens.eu\/sk\/#\/schema\/logo\/image\/","url":"https:\/\/www.ariens.eu\/wp-content\/uploads\/2024\/11\/ariens-co-logo.jpg","contentUrl":"https:\/\/www.ariens.eu\/wp-content\/uploads\/2024\/11\/ariens-co-logo.jpg","width":1000,"height":1000,"caption":"AriensCo GmbH"},"image":{"@id":"https:\/\/www.ariens.eu\/sk\/#\/schema\/logo\/image\/"}}]}},"_links":{"self":[{"href":"https:\/\/www.ariens.eu\/sk\/wp-json\/wp\/v2\/product\/5986","targetHints":{"allow":["GET"]}}],"collection":[{"href":"https:\/\/www.ariens.eu\/sk\/wp-json\/wp\/v2\/product"}],"about":[{"href":"https:\/\/www.ariens.eu\/sk\/wp-json\/wp\/v2\/types\/product"}],"replies":[{"embeddable":true,"href":"https:\/\/www.ariens.eu\/sk\/wp-json\/wp\/v2\/comments?post=5986"}],"wp:featuredmedia":[{"embeddable":true,"href":"https:\/\/www.ariens.eu\/sk\/wp-json\/wp\/v2\/media\/5992"}],"wp:attachment":[{"href":"https:\/\/www.ariens.eu\/sk\/wp-json\/wp\/v2\/media?parent=5986"}],"wp:term":[{"taxonomy":"product_brand","embeddable":true,"href":"https:\/\/www.ariens.eu\/sk\/wp-json\/wp\/v2\/product_brand?post=5986"},{"taxonomy":"product_cat","embeddable":true,"href":"https:\/\/www.ariens.eu\/sk\/wp-json\/wp\/v2\/product_cat?post=5986"},{"taxonomy":"product_tag","embeddable":true,"href":"https:\/\/www.ariens.eu\/sk\/wp-json\/wp\/v2\/product_tag?post=5986"}],"curies":[{"name":"wp","href":"https:\/\/api.w.org\/{rel}","templated":true}]}}