{"id":2323,"date":"2024-05-10T11:04:36","date_gmt":"2024-05-10T10:04:36","guid":{"rendered":"https:\/\/www.ariens.eu\/uk\/product\/edge-34\/"},"modified":"2026-03-01T23:02:05","modified_gmt":"2026-03-01T23:02:05","slug":"edge-34","status":"publish","type":"product","link":"https:\/\/www.ariens.eu\/uk\/product\/zero-turn-mowers\/edge-series\/edge-34","title":{"rendered":"EDGE 34"},"content":{"rendered":"<div class=\"acfd-block acfd-block__headline mb-asm-1 container-fluid px-0 bg-default\">\n<div class=\"acfd-headline\" >\n<h2 class='h2 text-left li_black'>Compact Yet Powerful Zero-Turn Mower for Fast, Precise, and Hassle-Free Lawn Care<\/h2>\n<\/p><\/div>\n<\/div>\n<div class=\"acfd-block acfd-block__twocolumns mb-asm-2 container-fluid px-0 bg-default\">\n<div class=\"acfd-twocolumns\">\n<div class=\"row\">\n<div class='col-lg-9 mb-4 '>\n<div class=\"acfd-block acfd-block__text container-fluid px-0 bg-default\">\n<div class=\"acfd-text li_black\">\n<p>Enjoy the benefits of a zero-turn mower in your garden. Mow with more manoeuvrability and comfort than a lawn tractor and have fun doing it. Made for small to medium gardens with narrow passages.<\/p>\n<ul>\n<li>The EDGE 34 features an 86cm (34&#8243;) stamped deck constructed from 12 gauge steel<\/li>\n<li>Powered by an Ariens \u200b635cc twin cylinder engine<\/li>\n<li>Foot-operated deck lift offers quick and easy cutting height adjustment<\/li>\n<li>Four-point deck lift system offers unmatched stability and consistent cutting<\/li>\n<li>High-back padded seat fitted as standard for operator comfort<\/li>\n<li>A range of optional accessories is available<\/li>\n<li>2-year or 150 hour warranty<\/li>\n<\/ul>\n<\/div>\n<\/div><\/div>\n<div class='col-lg'>                    <\/div>\n<\/p><\/div>\n<\/div>\n<\/div>\n<div class=\"acfd-block acfd-block__category mb-asm-3 container-fluid px-0 bg-default\">\n<div class=\"acfd-product-categories\">\n<h2 class=\"text-left mb-3\">\n        Applications    <\/h2>\n<div class=\"product-categories_wrapper\">\n         <span\n                data-description=\"Do you have a beautiful lawn in your garden or around your property? Do you want to maintain your lawn regularly from mid-March? Depending on the cutting width, our mowers can handle all garden sizes.\"                class=\"product-category-single\"> Private                <sup><i class=\"fa fa-info-circle\" aria-hidden=\"true\"><\/i><\/sup>            <\/span>  <span\n                data-description=\"Our mowers are equipped with high-quality Kawasaki<sup>&reg;<\/sup> or Ariens engines. They deliver above-average performance and reliability.\"                class=\"product-category-single\"> Petrol                <sup><i class=\"fa fa-info-circle\" aria-hidden=\"true\"><\/i><\/sup>            <\/span>  <span\n                data-description=\"When using a suitable mulching kit in your mower, the side discharge is no longer necessary. The clippings are finely shredded and evenly distributed to the rear of the lawn. Any fertilizer applied remains on the surface and the fine grass particles disappear almost invisibly into the lawn.\"                class=\"product-category-single\"> Optional mulching kit                <sup><i class=\"fa fa-info-circle\" aria-hidden=\"true\"><\/i><\/sup>            <\/span>  <span\n                data-description=\"Ariens ride-on mowers offer a high level of comfort. We use high-quality seats from the entry-level model upwards. Ample legroom and ergonomic controls are standard.\"                class=\"product-category-single\"> Ride-On (sitting)                <sup><i class=\"fa fa-info-circle\" aria-hidden=\"true\"><\/i><\/sup>            <\/span>  <span\n                data-description=\"With the APEX and ZENITH models, you have the choice between side discharge and rear discharge mower decks. A side discharge mower deck ejects the clippings via a side opening and a deflector. The powerful airflow then distributes it over a large area. An optional mulching kit can be installed in side discharge mower decks. When a mulching kit is used, the clippings are finely shredded and ejected to the rear. The side discharge and deflector are then closed or removed.\"                class=\"product-category-single\"> Side discharge                <sup><i class=\"fa fa-info-circle\" aria-hidden=\"true\"><\/i><\/sup>            <\/span>  <span\n                data-description=\"Alle Ariens-pl\u00e6neklippere er velegnede til flade gr\u00e6spl\u00e6ner. V\u00e6lg din klippebredde i henhold til st\u00f8rrelsen p\u00e5 dit omr\u00e5de og eventuelle begr\u00e6nsende smalle omr\u00e5der.\"                class=\"product-category-single\"> Fladt terr\u00e6n                <sup><i class=\"fa fa-info-circle\" aria-hidden=\"true\"><\/i><\/sup>            <\/span>  <span\n                data-description=\"Ariens-pl\u00e6neklippere klarer sig godt p\u00e5 uj\u00e6vnt terr\u00e6n. Til uj\u00e6vnt terr\u00e6n skal du v\u00e6lge smallere klippeaggregater for at opn\u00e5 et mere ensartet klippem\u00f8nster.\"                class=\"product-category-single\"> Uj\u00e6vnt terr\u00e6n                <sup><i class=\"fa fa-info-circle\" aria-hidden=\"true\"><\/i><\/sup>            <\/span>  <span\n                data-description=\"Det anbefales \u00e5 velge en maskin med brede hjul. Ikke overskrid den angitte sikkerhetsgrensen p\u00e5 15\u00b0 helling for sitteklippere og 20\u00b0 for st\u00e5ende klippere. P\u00e5 ujevnt terreng b\u00f8r du velge et smalere klippeaggregat for et mer jevnt klipperesultat. ZENITH-modellen leveres med veltesikring (ROPS) som standard, og dette kan ettermonteres p\u00e5 APEX.\"                class=\"product-category-single\"> Kupert terreng                <sup><i class=\"fa fa-info-circle\" aria-hidden=\"true\"><\/i><\/sup>            <\/span>  <span\n                data-description=\"Zero-turn mowers are not just for large areas. The EDGE model with a cutting width of 86 cm is suitable for areas from approx. 800 m\u00b2 and narrow passages.\"                class=\"product-category-single\"> Small areas                <sup><i class=\"fa fa-info-circle\" aria-hidden=\"true\"><\/i><\/sup>            <\/span>     <\/div>\n<\/div>\n<\/div>\n<div class=\"acfd-block acfd-block__twocolumns mb-asm-2 container-fluid container-fluid--force px-0 bg-default\">\n<div class=\"acfd-twocolumns\">\n<div class=\"row\">\n<div class='col-lg-12 mb-4 '>\n<div class=\"acfd-product-advantages--wrapper\">\n<h2 class=\"h1 bigger text-color-black text-center mb-5\">\n        Features &#038; Benefits    <\/h2>\n<div class=\"acfd-product-advantages\">\n<div class=\"row\">\n<div class=\"col-md-6 mb-4 content\">\n                    <span class=\"d-block h5 text-color-brand mb-1\">Intuitive controls<\/span><\/p>\n<p>Control the two independently operating wheel drives with just two driving levers. You will be amazed at the precision and ease of this steering system. Every user will become a real zero-turn pro in no time at all. Try it out for yourself.<\/p>\n<\/p><\/div>\n<div class=\"col-md-6 mb4 image\"  style=\"background-image:url(https:\/\/www.ariens.eu\/uk\/wp-content\/uploads\/sites\/5\/2024\/05\/intuitive-control.webp)\">\n                <\/div>\n<\/p><\/div>\n<div class=\"row\">\n<div class=\"col-md-6 mb-4 content\">\n                    <span class=\"d-block h5 text-color-brand mb-1\">Very good quality of cut<\/span><\/p>\n<p>Welded mowing deck of the EDGE 42\u201d with two blades. Optional mulching kit.<\/p>\n<\/p><\/div>\n<div class=\"col-md-6 mb4 image\"  style=\"background-image:url(https:\/\/www.ariens.eu\/uk\/wp-content\/uploads\/sites\/5\/2024\/12\/quality-of-cut.png)\">\n                <\/div>\n<\/p><\/div>\n<div class=\"row\">\n<div class=\"col-md-6 mb-4 content\">\n                    <span class=\"d-block h5 text-color-brand mb-1\">Larger tyres<\/span><\/p>\n<p>The large-diameter tires with a wide footprint offer greater traction and a smoother and more comfortable ride.<\/p>\n<\/p><\/div>\n<div class=\"col-md-6 mb4 image\"  style=\"background-image:url(https:\/\/www.ariens.eu\/uk\/wp-content\/uploads\/sites\/5\/2024\/05\/larger-tires.webp)\">\n                <\/div>\n<\/p><\/div>\n<div class=\"row\">\n<div class=\"col-md-6 mb-4 content\">\n                    <span class=\"d-block h5 text-color-brand mb-1\">Comfort<\/span><\/p>\n<p>The contoured seat of the EDGE has a large cut-out. This allows air to circulate, keeping your back dry and increase riding comfort in high outside temperatures.<\/p>\n<\/p><\/div>\n<div class=\"col-md-6 mb4 image\"  style=\"background-image:url(https:\/\/www.ariens.eu\/uk\/wp-content\/uploads\/sites\/5\/2024\/12\/seating-comfort.png)\">\n                <\/div>\n<\/p><\/div>\n<div class=\"row\">\n<div class=\"col-md-6 mb-4 content\">\n                    <span class=\"d-block h5 text-color-brand mb-1\">Deck height lever<\/span><\/p>\n<p>The cutting height can be adjusted in 7 stages from 3.8 cm to 11.4 cm using the easily accessible lever on the side of the seat. The cutting deck is raised conveniently using a foot pedal.<\/p>\n<\/p><\/div>\n<div class=\"col-md-6 mb4 image\"  style=\"background-image:url(https:\/\/www.ariens.eu\/uk\/wp-content\/uploads\/sites\/5\/2024\/12\/cutting-height-adjustment.png)\">\n                <\/div>\n<\/p><\/div>\n<div class=\"row\">\n<div class=\"col-md-6 mb-4 content\">\n                    <span class=\"d-block h5 text-color-brand mb-1\">ARIENS engine<\/span><\/p>\n<p>The EDGE is powered by the reliable Ariens 635 cm\u00b3 two-cylinder, Stage V, OHV engine.<\/p>\n<\/p><\/div>\n<div class=\"col-md-6 mb4 image\"  style=\"background-image:url(https:\/\/www.ariens.eu\/uk\/wp-content\/uploads\/sites\/5\/2024\/05\/ariens-edge-zero-turn-635cc-twin-cylinder-ariens-engine.webp)\">\n                <\/div>\n<\/p><\/div>\n<\/p><\/div>\n<\/div><\/div>\n<div class='col-lg'>                    <\/div>\n<\/p><\/div>\n<\/div>\n<\/div>\n","protected":false},"excerpt":{"rendered":"<p>Compact Yet Powerful Zero-Turn Mower for Fast, Precise, and Hassle-Free Lawn Care Enjoy the benefits of a zero-turn mower in your garden. Mow with more manoeuvrability and comfort than a lawn tractor and have fun doing it. Made for small to medium gardens with narrow passages. The EDGE 34 features an 86cm (34&#8243;) stamped deck [&hellip;]<\/p>\n","protected":false},"featured_media":4839,"comment_status":"open","ping_status":"closed","template":"","meta":{"_acf_changed":false,"_relevanssi_hide_post":"","_relevanssi_hide_content":"","_relevanssi_pin_for_all":"","_relevanssi_pin_keywords":"","_relevanssi_unpin_keywords":"","_relevanssi_related_keywords":"","_relevanssi_related_include_ids":"","_relevanssi_related_exclude_ids":"","_relevanssi_related_no_append":"","_relevanssi_related_not_related":"","_relevanssi_related_posts":"","_relevanssi_noindex_reason":""},"product_brand":[],"product_cat":[15],"product_tag":[],"class_list":{"0":"post-2323","1":"product","2":"type-product","3":"status-publish","4":"has-post-thumbnail","6":"product_variant-edge-series","7":"product_usage_areas-janitorial-services","8":"product_usage_areas-private-gardens","10":"first","11":"instock","12":"sale","13":"shipping-taxable","14":"purchasable","15":"product-type-simple"},"acf":[],"yoast_head":"<!-- This site is optimized with the Yoast SEO plugin v27.3 - https:\/\/yoast.com\/product\/yoast-seo-wordpress\/ -->\n<title>EDGE 34 - For medium sized lawns | Ariens zero-tur mower<\/title>\n<meta name=\"description\" content=\"EDGE 34 zero-turn ride-on mower is packed with commercial style features, including a 34&quot; deck to create your dream garden.\" \/>\n<meta name=\"robots\" content=\"index, follow, max-snippet:-1, max-image-preview:large, max-video-preview:-1\" \/>\n<link rel=\"canonical\" href=\"https:\/\/www.ariens.eu\/uk\/product\/zero-turn-mowers\/edge-series\/edge-34\/\" \/>\n<meta property=\"og:locale\" content=\"en_GB\" \/>\n<meta property=\"og:type\" content=\"article\" \/>\n<meta property=\"og:title\" content=\"EDGE 34 - For medium sized lawns | Ariens zero-tur mower\" \/>\n<meta property=\"og:description\" content=\"EDGE 34 zero-turn ride-on mower is packed with commercial style features, including a 34&quot; deck to create your dream garden.\" \/>\n<meta property=\"og:url\" content=\"https:\/\/www.ariens.eu\/uk\/product\/zero-turn-mowers\/edge-series\/edge-34\/\" \/>\n<meta property=\"og:site_name\" content=\"Ariens | EMEAA\" \/>\n<meta property=\"article:modified_time\" content=\"2026-03-01T23:02:05+00:00\" \/>\n<meta property=\"og:image\" content=\"https:\/\/www.ariens.eu\/uk\/wp-content\/uploads\/sites\/5\/2024\/12\/ariens-edge-my25-3-4.png\" \/>\n\t<meta property=\"og:image:width\" content=\"1024\" \/>\n\t<meta property=\"og:image:height\" content=\"720\" \/>\n\t<meta property=\"og:image:type\" content=\"image\/png\" \/>\n<meta name=\"twitter:card\" content=\"summary_large_image\" \/>\n<meta name=\"twitter:label1\" content=\"Estimated reading time\" \/>\n\t<meta name=\"twitter:data1\" content=\"2 minutes\" \/>\n<script type=\"application\/ld+json\" class=\"yoast-schema-graph\">{\"@context\":\"https:\\\/\\\/schema.org\",\"@graph\":[{\"@type\":\"WebPage\",\"@id\":\"https:\\\/\\\/www.ariens.eu\\\/uk\\\/product\\\/zero-turn-mowers\\\/edge-series\\\/edge-34\\\/\",\"url\":\"https:\\\/\\\/www.ariens.eu\\\/uk\\\/product\\\/zero-turn-mowers\\\/edge-series\\\/edge-34\\\/\",\"name\":\"EDGE 34 - For medium sized lawns | Ariens zero-tur mower\",\"isPartOf\":{\"@id\":\"https:\\\/\\\/www.ariens.eu\\\/uk\\\/#website\"},\"primaryImageOfPage\":{\"@id\":\"https:\\\/\\\/www.ariens.eu\\\/uk\\\/product\\\/zero-turn-mowers\\\/edge-series\\\/edge-34\\\/#primaryimage\"},\"image\":{\"@id\":\"https:\\\/\\\/www.ariens.eu\\\/uk\\\/product\\\/zero-turn-mowers\\\/edge-series\\\/edge-34\\\/#primaryimage\"},\"thumbnailUrl\":\"https:\\\/\\\/www.ariens.eu\\\/uk\\\/wp-content\\\/uploads\\\/sites\\\/5\\\/2024\\\/12\\\/ariens-edge-my25-3-4.png\",\"datePublished\":\"2024-05-10T10:04:36+00:00\",\"dateModified\":\"2026-03-01T23:02:05+00:00\",\"description\":\"EDGE 34 zero-turn ride-on mower is packed with commercial style features, including a 34\\\" deck to create your dream garden.\",\"breadcrumb\":{\"@id\":\"https:\\\/\\\/www.ariens.eu\\\/uk\\\/product\\\/zero-turn-mowers\\\/edge-series\\\/edge-34\\\/#breadcrumb\"},\"inLanguage\":\"en-GB\",\"potentialAction\":[{\"@type\":\"ReadAction\",\"target\":[\"https:\\\/\\\/www.ariens.eu\\\/uk\\\/product\\\/zero-turn-mowers\\\/edge-series\\\/edge-34\\\/\"]}]},{\"@type\":\"ImageObject\",\"inLanguage\":\"en-GB\",\"@id\":\"https:\\\/\\\/www.ariens.eu\\\/uk\\\/product\\\/zero-turn-mowers\\\/edge-series\\\/edge-34\\\/#primaryimage\",\"url\":\"https:\\\/\\\/www.ariens.eu\\\/uk\\\/wp-content\\\/uploads\\\/sites\\\/5\\\/2024\\\/12\\\/ariens-edge-my25-3-4.png\",\"contentUrl\":\"https:\\\/\\\/www.ariens.eu\\\/uk\\\/wp-content\\\/uploads\\\/sites\\\/5\\\/2024\\\/12\\\/ariens-edge-my25-3-4.png\",\"width\":1024,\"height\":720},{\"@type\":\"BreadcrumbList\",\"@id\":\"https:\\\/\\\/www.ariens.eu\\\/uk\\\/product\\\/zero-turn-mowers\\\/edge-series\\\/edge-34\\\/#breadcrumb\",\"itemListElement\":[{\"@type\":\"ListItem\",\"position\":1,\"name\":\"Home\",\"item\":\"https:\\\/\\\/www.ariens.eu\\\/uk\\\/\"},{\"@type\":\"ListItem\",\"position\":2,\"name\":\"Shop\",\"item\":\"https:\\\/\\\/www.ariens.eu\\\/uk\\\/shop\\\/\"},{\"@type\":\"ListItem\",\"position\":3,\"name\":\"EDGE 34\"}]},{\"@type\":\"WebSite\",\"@id\":\"https:\\\/\\\/www.ariens.eu\\\/uk\\\/#website\",\"url\":\"https:\\\/\\\/www.ariens.eu\\\/uk\\\/\",\"name\":\"Ariens | EMEAA\",\"description\":\"Powerful and reliable zero-turn mowers &amp; snow blowers for professional users and demanding private customers\",\"potentialAction\":[{\"@type\":\"SearchAction\",\"target\":{\"@type\":\"EntryPoint\",\"urlTemplate\":\"https:\\\/\\\/www.ariens.eu\\\/uk\\\/?s={search_term_string}\"},\"query-input\":{\"@type\":\"PropertyValueSpecification\",\"valueRequired\":true,\"valueName\":\"search_term_string\"}}],\"inLanguage\":\"en-GB\"}]}<\/script>\n<!-- \/ Yoast SEO plugin. -->","yoast_head_json":{"title":"EDGE 34 - For medium sized lawns | Ariens zero-tur mower","description":"EDGE 34 zero-turn ride-on mower is packed with commercial style features, including a 34\" deck to create your dream garden.","robots":{"index":"index","follow":"follow","max-snippet":"max-snippet:-1","max-image-preview":"max-image-preview:large","max-video-preview":"max-video-preview:-1"},"canonical":"https:\/\/www.ariens.eu\/uk\/product\/zero-turn-mowers\/edge-series\/edge-34\/","og_locale":"en_GB","og_type":"article","og_title":"EDGE 34 - For medium sized lawns | Ariens zero-tur mower","og_description":"EDGE 34 zero-turn ride-on mower is packed with commercial style features, including a 34\" deck to create your dream garden.","og_url":"https:\/\/www.ariens.eu\/uk\/product\/zero-turn-mowers\/edge-series\/edge-34\/","og_site_name":"Ariens | EMEAA","article_modified_time":"2026-03-01T23:02:05+00:00","og_image":[{"width":1024,"height":720,"url":"https:\/\/www.ariens.eu\/uk\/wp-content\/uploads\/sites\/5\/2024\/12\/ariens-edge-my25-3-4.png","type":"image\/png"}],"twitter_card":"summary_large_image","twitter_misc":{"Estimated reading time":"2 minutes"},"schema":{"@context":"https:\/\/schema.org","@graph":[{"@type":"WebPage","@id":"https:\/\/www.ariens.eu\/uk\/product\/zero-turn-mowers\/edge-series\/edge-34\/","url":"https:\/\/www.ariens.eu\/uk\/product\/zero-turn-mowers\/edge-series\/edge-34\/","name":"EDGE 34 - For medium sized lawns | Ariens zero-tur mower","isPartOf":{"@id":"https:\/\/www.ariens.eu\/uk\/#website"},"primaryImageOfPage":{"@id":"https:\/\/www.ariens.eu\/uk\/product\/zero-turn-mowers\/edge-series\/edge-34\/#primaryimage"},"image":{"@id":"https:\/\/www.ariens.eu\/uk\/product\/zero-turn-mowers\/edge-series\/edge-34\/#primaryimage"},"thumbnailUrl":"https:\/\/www.ariens.eu\/uk\/wp-content\/uploads\/sites\/5\/2024\/12\/ariens-edge-my25-3-4.png","datePublished":"2024-05-10T10:04:36+00:00","dateModified":"2026-03-01T23:02:05+00:00","description":"EDGE 34 zero-turn ride-on mower is packed with commercial style features, including a 34\" deck to create your dream garden.","breadcrumb":{"@id":"https:\/\/www.ariens.eu\/uk\/product\/zero-turn-mowers\/edge-series\/edge-34\/#breadcrumb"},"inLanguage":"en-GB","potentialAction":[{"@type":"ReadAction","target":["https:\/\/www.ariens.eu\/uk\/product\/zero-turn-mowers\/edge-series\/edge-34\/"]}]},{"@type":"ImageObject","inLanguage":"en-GB","@id":"https:\/\/www.ariens.eu\/uk\/product\/zero-turn-mowers\/edge-series\/edge-34\/#primaryimage","url":"https:\/\/www.ariens.eu\/uk\/wp-content\/uploads\/sites\/5\/2024\/12\/ariens-edge-my25-3-4.png","contentUrl":"https:\/\/www.ariens.eu\/uk\/wp-content\/uploads\/sites\/5\/2024\/12\/ariens-edge-my25-3-4.png","width":1024,"height":720},{"@type":"BreadcrumbList","@id":"https:\/\/www.ariens.eu\/uk\/product\/zero-turn-mowers\/edge-series\/edge-34\/#breadcrumb","itemListElement":[{"@type":"ListItem","position":1,"name":"Home","item":"https:\/\/www.ariens.eu\/uk\/"},{"@type":"ListItem","position":2,"name":"Shop","item":"https:\/\/www.ariens.eu\/uk\/shop\/"},{"@type":"ListItem","position":3,"name":"EDGE 34"}]},{"@type":"WebSite","@id":"https:\/\/www.ariens.eu\/uk\/#website","url":"https:\/\/www.ariens.eu\/uk\/","name":"Ariens | EMEAA","description":"Powerful and reliable zero-turn mowers &amp; snow blowers for professional users and demanding private customers","potentialAction":[{"@type":"SearchAction","target":{"@type":"EntryPoint","urlTemplate":"https:\/\/www.ariens.eu\/uk\/?s={search_term_string}"},"query-input":{"@type":"PropertyValueSpecification","valueRequired":true,"valueName":"search_term_string"}}],"inLanguage":"en-GB"}]}},"_links":{"self":[{"href":"https:\/\/www.ariens.eu\/uk\/wp-json\/wp\/v2\/product\/2323","targetHints":{"allow":["GET"]}}],"collection":[{"href":"https:\/\/www.ariens.eu\/uk\/wp-json\/wp\/v2\/product"}],"about":[{"href":"https:\/\/www.ariens.eu\/uk\/wp-json\/wp\/v2\/types\/product"}],"replies":[{"embeddable":true,"href":"https:\/\/www.ariens.eu\/uk\/wp-json\/wp\/v2\/comments?post=2323"}],"wp:featuredmedia":[{"embeddable":true,"href":"https:\/\/www.ariens.eu\/uk\/wp-json\/wp\/v2\/media\/4839"}],"wp:attachment":[{"href":"https:\/\/www.ariens.eu\/uk\/wp-json\/wp\/v2\/media?parent=2323"}],"wp:term":[{"taxonomy":"product_brand","embeddable":true,"href":"https:\/\/www.ariens.eu\/uk\/wp-json\/wp\/v2\/product_brand?post=2323"},{"taxonomy":"product_cat","embeddable":true,"href":"https:\/\/www.ariens.eu\/uk\/wp-json\/wp\/v2\/product_cat?post=2323"},{"taxonomy":"product_tag","embeddable":true,"href":"https:\/\/www.ariens.eu\/uk\/wp-json\/wp\/v2\/product_tag?post=2323"}],"curies":[{"name":"wp","href":"https:\/\/api.w.org\/{rel}","templated":true}]}}