{"id":2332,"date":"2024-05-10T11:04:36","date_gmt":"2024-05-10T10:04:36","guid":{"rendered":"https:\/\/www.ariens.eu\/uk\/product\/apex-52r\/"},"modified":"2026-03-01T23:02:05","modified_gmt":"2026-03-01T23:02:05","slug":"apex-52r","status":"publish","type":"product","link":"https:\/\/www.ariens.eu\/uk\/product\/zero-turn-mowers\/apex-series\/apex-52r","title":{"rendered":"APEX 52R"},"content":{"rendered":"<div class=\"acfd-block acfd-block__headline mb-asm-1 container-fluid px-0 bg-default\">\n<div class=\"acfd-headline\" >\n<h2 class='h2 text-left li_black'>Experience High-Performance Rear-Discharge Mowing for an Even and Efficient Cut<\/h2>\n<\/p><\/div>\n<\/div>\n<div class=\"acfd-block acfd-block__twocolumns mb-asm-1 container-fluid px-0 bg-default\">\n<div class=\"acfd-twocolumns\">\n<div class=\"row\">\n<div class='col-lg-9 mb-4 '>\n<div class=\"acfd-block acfd-block__text container-fluid px-0 bg-default\">\n<div class=\"acfd-text li_black\">\n<p>Made for service providers who mow frequently. Top components in the engine, drive and cutter deck combined with an excellent price-performance ratio.<\/p>\n<p>The \u2018R\u2019 on the APEX 52 R stands for \u2018rear-discharge\u2019. The mown grass is discharged to the rear, between the wheels. Advantage: Cuttings are not thrown onto paths or into flower beds. With its first-class Kawasaki FR691 V-Twin engine, its highly stable frame and its professional cutting deck with a cutting width of 132 cm, it is ideal for commercial use.<\/p>\n<ul>\n<li>The APEX 52R features a 132cm (52&#8243;) fabricated rear discharge deck that\u2019s 14cm (5\u00bd&#8221;) deep and made of 10-gauge steel<\/li>\n<li>Powerful Kawasaki<sup>&reg;<\/sup>\u200b FR691 V-Twin 726cc engine<\/li>\n<li>Industry-leading, fully welded tubular steel frame<\/li>\n<li>Self-adjusting belt technology<\/li>\n<li>High-back plush seat with padded arm rests<\/li>\n<li>Foot-operated, spring assisted deck lift with 15 cutting positions<\/li>\n<li>ROPS capable design<\/li>\n<li>Range of optional accessories is available<\/li>\n<li>4-year or 500 hours warranty<\/li>\n<\/ul>\n<\/div>\n<\/div><\/div>\n<div class='col-lg'>                    <\/div>\n<\/p><\/div>\n<\/div>\n<\/div>\n<div class=\"acfd-block acfd-block__category mb-asm-3 container-fluid px-0 bg-default\">\n<div class=\"acfd-product-categories\">\n<h2 class=\"text-left mb-3\">\n        Applications    <\/h2>\n<div class=\"product-categories_wrapper\">\n         <span\n                data-description=\"Are you a service provider, janitorial service or do you have to regularly maintain larger areas? Then a semi-professional machine offers you the performance and durability to reliably complete your mowing work.\"                class=\"product-category-single\"> Semi-Pro                <sup><i class=\"fa fa-info-circle\" aria-hidden=\"true\"><\/i><\/sup>            <\/span>  <span\n                data-description=\"Our mowers are equipped with high-quality Kawasaki<sup>&reg;<\/sup> or Ariens engines. They deliver above-average performance and reliability.\"                class=\"product-category-single\"> Petrol                <sup><i class=\"fa fa-info-circle\" aria-hidden=\"true\"><\/i><\/sup>            <\/span>  <span\n                data-description=\"Ariens ride-on mowers offer a high level of comfort. We use high-quality seats from the entry-level model upwards. Ample legroom and ergonomic controls are standard.\"                class=\"product-category-single\"> Ride-On (sitting)                <sup><i class=\"fa fa-info-circle\" aria-hidden=\"true\"><\/i><\/sup>            <\/span>  <span\n                data-description=\"Med APEX- og ZENITH-modellerne kan du v\u00e6lge mellem pl\u00e6neklippere med sideudkast og bagudkast. En pl\u00e6neklipper med bagudkast er lukket i siden og kaster det afklippede gr\u00e6s bagud. Fordelen er, at der ikke kastes gr\u00e6s p\u00e5 stier eller bede, og at der i mods\u00e6tning til et bioklipss\u00e6t ogs\u00e5 kan klippes h\u00f8jt gr\u00e6s. Pl\u00e6neklippere med bagudkast bruges ofte i den kommunale sektor.\"                class=\"product-category-single\"> Rear discharge                <sup><i class=\"fa fa-info-circle\" aria-hidden=\"true\"><\/i><\/sup>            <\/span>  <span\n                data-description=\"Alle Ariens-pl\u00e6neklippere er velegnede til flade gr\u00e6spl\u00e6ner. V\u00e6lg din klippebredde i henhold til st\u00f8rrelsen p\u00e5 dit omr\u00e5de og eventuelle begr\u00e6nsende smalle omr\u00e5der.\"                class=\"product-category-single\"> Fladt terr\u00e6n                <sup><i class=\"fa fa-info-circle\" aria-hidden=\"true\"><\/i><\/sup>            <\/span>  <span\n                data-description=\"Ariens-pl\u00e6neklippere klarer sig godt p\u00e5 uj\u00e6vnt terr\u00e6n. Til uj\u00e6vnt terr\u00e6n skal du v\u00e6lge smallere klippeaggregater for at opn\u00e5 et mere ensartet klippem\u00f8nster.\"                class=\"product-category-single\"> Uj\u00e6vnt terr\u00e6n                <sup><i class=\"fa fa-info-circle\" aria-hidden=\"true\"><\/i><\/sup>            <\/span>  <span\n                data-description=\"Det anbefales \u00e5 velge en maskin med brede hjul. Ikke overskrid den angitte sikkerhetsgrensen p\u00e5 15\u00b0 helling for sitteklippere og 20\u00b0 for st\u00e5ende klippere. P\u00e5 ujevnt terreng b\u00f8r du velge et smalere klippeaggregat for et mer jevnt klipperesultat. ZENITH-modellen leveres med veltesikring (ROPS) som standard, og dette kan ettermonteres p\u00e5 APEX.\"                class=\"product-category-single\"> Kupert terreng                <sup><i class=\"fa fa-info-circle\" aria-hidden=\"true\"><\/i><\/sup>            <\/span>  <span\n                data-description=\"Mowing decks 132 cm and 152 cm wide are used effectively on large areas.\"                class=\"product-category-single\"> Large areas                <sup><i class=\"fa fa-info-circle\" aria-hidden=\"true\"><\/i><\/sup>            <\/span>     <\/div>\n<\/div>\n<\/div>\n<div class=\"acfd-block acfd-block__twocolumns mb-asm-2 container-fluid container-fluid--force px-0 bg-default\">\n<div class=\"acfd-twocolumns\">\n<div class=\"row\">\n<div class='col-lg-12 mb-4 '>\n<div class=\"acfd-product-advantages--wrapper\">\n<h2 class=\"h1 bigger text-color-black text-center mb-5\">\n        Features &#038; Benefits    <\/h2>\n<div class=\"acfd-product-advantages\">\n<div class=\"row\">\n<div class=\"col-md-6 mb-4 content\">\n                    <span class=\"d-block h5 text-color-brand mb-1\">Curved tubular steel frame<\/span><\/p>\n<p>The frame, made entirely of tubular steel, forms the skeleton of the mower. It bears the entire load of the machine for many years and must be able to cope with shocks and vibrations over the long term. State-of-the-art bending technology avoids weak points due to welded joints.<\/p>\n<\/p><\/div>\n<div class=\"col-md-6 mb4 image\"  style=\"background-image:url(https:\/\/www.ariens.eu\/uk\/wp-content\/uploads\/sites\/5\/2024\/05\/apex-feature-frame.png)\">\n                <\/div>\n<\/p><\/div>\n<div class=\"row\">\n<div class=\"col-md-6 mb-4 content\">\n                    <span class=\"d-block h5 text-color-brand mb-1\">New ENVY mower deck<\/span><\/p>\n<p>The mowing deck is the most heavily loaded component of a mower. Stability is particularly important here: The new ENVY mower deck has improved air flow and an enlarged discharge. Lying grass is lifted higher and cut perfectly. With 4-point suspension for permanent fixation and parallelism. Furthermore, Blade spindles made of forged aluminium. Cooler running and more impact and vibration resistant than cast spindles. Standard in the course of the 2025 season on APEX and ZENITH &amp; the new IKON.<\/p>\n<\/p><\/div>\n<div class=\"col-md-6 mb4 image\"  style=\"background-image:url(https:\/\/www.ariens.eu\/uk\/wp-content\/uploads\/sites\/5\/2024\/12\/envy-deck.png)\">\n                <\/div>\n<\/p><\/div>\n<div class=\"row\">\n<div class=\"col-md-6 mb-4 content\">\n                    <span class=\"d-block h5 text-color-brand mb-1\">Automatic belt tensioner system<\/span><\/p>\n<p>The automatic CBT (Constant Belt Tension) technology keeps the belt tension of the mower deck constant at all times. This increases the service life of the belt, compensates for wear and prevents belt slippage for a consistently high-quality cutting pattern.<\/p>\n<\/p><\/div>\n<div class=\"col-md-6 mb4 image\"  style=\"background-image:url(https:\/\/www.ariens.eu\/uk\/wp-content\/uploads\/sites\/5\/2024\/05\/apex-feature-3.webp)\">\n                <\/div>\n<\/p><\/div>\n<div class=\"row\">\n<div class=\"col-md-6 mb-4 content\">\n                    <span class=\"d-block h5 text-color-brand mb-1\">Mower deck lifting by foot pedal<\/span><\/p>\n<p>The solid cutting deck is raised conveniently and effortlessly using a foot pedal. To select one of the 15 cutting heights from 3.8 &#8211; 12.7 cm, a metal plug is inserted into the respective recess in the display.<\/p>\n<\/p><\/div>\n<div class=\"col-md-6 mb4 image\"  style=\"background-image:url(https:\/\/www.ariens.eu\/uk\/wp-content\/uploads\/sites\/5\/2024\/05\/ariens-apex-zero-turn-deck-lift.webp)\">\n                <\/div>\n<\/p><\/div>\n<div class=\"row\">\n<div class=\"col-md-6 mb-4 content\">\n                    <span class=\"d-block h5 text-color-brand mb-1\">Easy access to the mowing deck<\/span><\/p>\n<p>The mowing deck is easy to access from above for cleaning and maintenance. Thanks to CBT technology, changing the belt takes just a few minutes. Simply slacken the tensioning pulleys, thread in the belt, tension the tensioning pulleys again &#8211; done.<\/p>\n<\/p><\/div>\n<div class=\"col-md-6 mb4 image\"  style=\"background-image:url(https:\/\/www.ariens.eu\/uk\/wp-content\/uploads\/sites\/5\/2024\/05\/ariens-apex-zero-turn-deck-access-panel.webp)\">\n                <\/div>\n<\/p><\/div>\n<div class=\"row\">\n<div class=\"col-md-6 mb-4 content\">\n                    <span class=\"d-block h5 text-color-brand mb-1\">New ergonomic control levers<\/span><\/p>\n<p>The APEX series offers enhanced operator comfort with new ergonomic steering levers that fit perfectly in the hand for easy control. A thickly padded seat with a high backrest and adjustable operator position ensures maximum comfort. Thickly padded armrests further enhance the user experience, making long mowing sessions more enjoyable.<\/p>\n<\/p><\/div>\n<div class=\"col-md-6 mb4 image\"  style=\"background-image:url(https:\/\/www.ariens.eu\/uk\/wp-content\/uploads\/sites\/5\/2024\/12\/drive-level-handles.png)\">\n                <\/div>\n<\/p><\/div>\n<\/p><\/div>\n<\/div><\/div>\n<div class='col-lg'>                    <\/div>\n<\/p><\/div>\n<\/div>\n<\/div>\n","protected":false},"excerpt":{"rendered":"<p>Experience High-Performance Rear-Discharge Mowing for an Even and Efficient Cut Made for service providers who mow frequently. Top components in the engine, drive and cutter deck combined with an excellent price-performance ratio. The \u2018R\u2019 on the APEX 52 R stands for \u2018rear-discharge\u2019. The mown grass is discharged to the rear, between the wheels. Advantage: Cuttings [&hellip;]<\/p>\n","protected":false},"featured_media":4890,"comment_status":"open","ping_status":"closed","template":"","meta":{"_acf_changed":false,"_relevanssi_hide_post":"","_relevanssi_hide_content":"","_relevanssi_pin_for_all":"","_relevanssi_pin_keywords":"","_relevanssi_unpin_keywords":"","_relevanssi_related_keywords":"","_relevanssi_related_include_ids":"","_relevanssi_related_exclude_ids":"","_relevanssi_related_no_append":"","_relevanssi_related_not_related":"","_relevanssi_related_posts":"","_relevanssi_noindex_reason":""},"product_brand":[],"product_cat":[15],"product_tag":[],"class_list":{"0":"post-2332","1":"product","2":"type-product","3":"status-publish","4":"has-post-thumbnail","6":"product_variant-apex-series","7":"product_usage_areas-janitorial-services","8":"product_usage_areas-leisure-facilities","9":"product_usage_areas-municipalities-building-yards","10":"product_usage_areas-service-providers","12":"first","13":"instock","14":"sale","15":"shipping-taxable","16":"purchasable","17":"product-type-simple"},"acf":[],"yoast_head":"<!-- This site is optimized with the Yoast SEO plugin v27.3 - https:\/\/yoast.com\/product\/yoast-seo-wordpress\/ -->\n<title>APEX 52R - Rear discharge zero-turn mower | Ariens<\/title>\n<meta name=\"description\" content=\"Featuring a Kawasaki FR691 V-Twin 726cc engine and 132cm (52&quot;) rear discharge deck, the APEX 52R is designed for commercial mowing.\" \/>\n<meta name=\"robots\" content=\"index, follow, max-snippet:-1, max-image-preview:large, max-video-preview:-1\" \/>\n<link rel=\"canonical\" href=\"https:\/\/www.ariens.eu\/uk\/product\/zero-turn-mowers\/apex-series\/apex-52r\/\" \/>\n<meta property=\"og:locale\" content=\"en_GB\" \/>\n<meta property=\"og:type\" content=\"article\" \/>\n<meta property=\"og:title\" content=\"APEX 52R - Rear discharge zero-turn mower | Ariens\" \/>\n<meta property=\"og:description\" content=\"Featuring a Kawasaki FR691 V-Twin 726cc engine and 132cm (52&quot;) rear discharge deck, the APEX 52R is designed for commercial mowing.\" \/>\n<meta property=\"og:url\" content=\"https:\/\/www.ariens.eu\/uk\/product\/zero-turn-mowers\/apex-series\/apex-52r\/\" \/>\n<meta property=\"og:site_name\" content=\"Ariens | EMEAA\" \/>\n<meta property=\"article:modified_time\" content=\"2026-03-01T23:02:05+00:00\" \/>\n<meta property=\"og:image\" content=\"https:\/\/www.ariens.eu\/uk\/wp-content\/uploads\/sites\/5\/2024\/12\/ariens-zero-turn-apex-52-rd-my25.png\" \/>\n\t<meta property=\"og:image:width\" content=\"1024\" \/>\n\t<meta property=\"og:image:height\" content=\"720\" \/>\n\t<meta property=\"og:image:type\" content=\"image\/png\" \/>\n<meta name=\"twitter:card\" content=\"summary_large_image\" \/>\n<meta name=\"twitter:label1\" content=\"Estimated reading time\" \/>\n\t<meta name=\"twitter:data1\" content=\"3 minutes\" \/>\n<script type=\"application\/ld+json\" class=\"yoast-schema-graph\">{\"@context\":\"https:\\\/\\\/schema.org\",\"@graph\":[{\"@type\":\"WebPage\",\"@id\":\"https:\\\/\\\/www.ariens.eu\\\/uk\\\/product\\\/zero-turn-mowers\\\/apex-series\\\/apex-52r\\\/\",\"url\":\"https:\\\/\\\/www.ariens.eu\\\/uk\\\/product\\\/zero-turn-mowers\\\/apex-series\\\/apex-52r\\\/\",\"name\":\"APEX 52R - Rear discharge zero-turn mower | Ariens\",\"isPartOf\":{\"@id\":\"https:\\\/\\\/www.ariens.eu\\\/uk\\\/#website\"},\"primaryImageOfPage\":{\"@id\":\"https:\\\/\\\/www.ariens.eu\\\/uk\\\/product\\\/zero-turn-mowers\\\/apex-series\\\/apex-52r\\\/#primaryimage\"},\"image\":{\"@id\":\"https:\\\/\\\/www.ariens.eu\\\/uk\\\/product\\\/zero-turn-mowers\\\/apex-series\\\/apex-52r\\\/#primaryimage\"},\"thumbnailUrl\":\"https:\\\/\\\/www.ariens.eu\\\/uk\\\/wp-content\\\/uploads\\\/sites\\\/5\\\/2024\\\/12\\\/ariens-zero-turn-apex-52-rd-my25.png\",\"datePublished\":\"2024-05-10T10:04:36+00:00\",\"dateModified\":\"2026-03-01T23:02:05+00:00\",\"description\":\"Featuring a Kawasaki FR691 V-Twin 726cc engine and 132cm (52\\\") rear discharge deck, the APEX 52R is designed for commercial mowing.\",\"breadcrumb\":{\"@id\":\"https:\\\/\\\/www.ariens.eu\\\/uk\\\/product\\\/zero-turn-mowers\\\/apex-series\\\/apex-52r\\\/#breadcrumb\"},\"inLanguage\":\"en-GB\",\"potentialAction\":[{\"@type\":\"ReadAction\",\"target\":[\"https:\\\/\\\/www.ariens.eu\\\/uk\\\/product\\\/zero-turn-mowers\\\/apex-series\\\/apex-52r\\\/\"]}]},{\"@type\":\"ImageObject\",\"inLanguage\":\"en-GB\",\"@id\":\"https:\\\/\\\/www.ariens.eu\\\/uk\\\/product\\\/zero-turn-mowers\\\/apex-series\\\/apex-52r\\\/#primaryimage\",\"url\":\"https:\\\/\\\/www.ariens.eu\\\/uk\\\/wp-content\\\/uploads\\\/sites\\\/5\\\/2024\\\/12\\\/ariens-zero-turn-apex-52-rd-my25.png\",\"contentUrl\":\"https:\\\/\\\/www.ariens.eu\\\/uk\\\/wp-content\\\/uploads\\\/sites\\\/5\\\/2024\\\/12\\\/ariens-zero-turn-apex-52-rd-my25.png\",\"width\":1024,\"height\":720},{\"@type\":\"BreadcrumbList\",\"@id\":\"https:\\\/\\\/www.ariens.eu\\\/uk\\\/product\\\/zero-turn-mowers\\\/apex-series\\\/apex-52r\\\/#breadcrumb\",\"itemListElement\":[{\"@type\":\"ListItem\",\"position\":1,\"name\":\"Home\",\"item\":\"https:\\\/\\\/www.ariens.eu\\\/uk\\\/\"},{\"@type\":\"ListItem\",\"position\":2,\"name\":\"Shop\",\"item\":\"https:\\\/\\\/www.ariens.eu\\\/uk\\\/shop\\\/\"},{\"@type\":\"ListItem\",\"position\":3,\"name\":\"APEX 52R\"}]},{\"@type\":\"WebSite\",\"@id\":\"https:\\\/\\\/www.ariens.eu\\\/uk\\\/#website\",\"url\":\"https:\\\/\\\/www.ariens.eu\\\/uk\\\/\",\"name\":\"Ariens | EMEAA\",\"description\":\"Powerful and reliable zero-turn mowers &amp; snow blowers for professional users and demanding private customers\",\"potentialAction\":[{\"@type\":\"SearchAction\",\"target\":{\"@type\":\"EntryPoint\",\"urlTemplate\":\"https:\\\/\\\/www.ariens.eu\\\/uk\\\/?s={search_term_string}\"},\"query-input\":{\"@type\":\"PropertyValueSpecification\",\"valueRequired\":true,\"valueName\":\"search_term_string\"}}],\"inLanguage\":\"en-GB\"}]}<\/script>\n<!-- \/ Yoast SEO plugin. -->","yoast_head_json":{"title":"APEX 52R - Rear discharge zero-turn mower | Ariens","description":"Featuring a Kawasaki FR691 V-Twin 726cc engine and 132cm (52\") rear discharge deck, the APEX 52R is designed for commercial mowing.","robots":{"index":"index","follow":"follow","max-snippet":"max-snippet:-1","max-image-preview":"max-image-preview:large","max-video-preview":"max-video-preview:-1"},"canonical":"https:\/\/www.ariens.eu\/uk\/product\/zero-turn-mowers\/apex-series\/apex-52r\/","og_locale":"en_GB","og_type":"article","og_title":"APEX 52R - Rear discharge zero-turn mower | Ariens","og_description":"Featuring a Kawasaki FR691 V-Twin 726cc engine and 132cm (52\") rear discharge deck, the APEX 52R is designed for commercial mowing.","og_url":"https:\/\/www.ariens.eu\/uk\/product\/zero-turn-mowers\/apex-series\/apex-52r\/","og_site_name":"Ariens | EMEAA","article_modified_time":"2026-03-01T23:02:05+00:00","og_image":[{"width":1024,"height":720,"url":"https:\/\/www.ariens.eu\/uk\/wp-content\/uploads\/sites\/5\/2024\/12\/ariens-zero-turn-apex-52-rd-my25.png","type":"image\/png"}],"twitter_card":"summary_large_image","twitter_misc":{"Estimated reading time":"3 minutes"},"schema":{"@context":"https:\/\/schema.org","@graph":[{"@type":"WebPage","@id":"https:\/\/www.ariens.eu\/uk\/product\/zero-turn-mowers\/apex-series\/apex-52r\/","url":"https:\/\/www.ariens.eu\/uk\/product\/zero-turn-mowers\/apex-series\/apex-52r\/","name":"APEX 52R - Rear discharge zero-turn mower | Ariens","isPartOf":{"@id":"https:\/\/www.ariens.eu\/uk\/#website"},"primaryImageOfPage":{"@id":"https:\/\/www.ariens.eu\/uk\/product\/zero-turn-mowers\/apex-series\/apex-52r\/#primaryimage"},"image":{"@id":"https:\/\/www.ariens.eu\/uk\/product\/zero-turn-mowers\/apex-series\/apex-52r\/#primaryimage"},"thumbnailUrl":"https:\/\/www.ariens.eu\/uk\/wp-content\/uploads\/sites\/5\/2024\/12\/ariens-zero-turn-apex-52-rd-my25.png","datePublished":"2024-05-10T10:04:36+00:00","dateModified":"2026-03-01T23:02:05+00:00","description":"Featuring a Kawasaki FR691 V-Twin 726cc engine and 132cm (52\") rear discharge deck, the APEX 52R is designed for commercial mowing.","breadcrumb":{"@id":"https:\/\/www.ariens.eu\/uk\/product\/zero-turn-mowers\/apex-series\/apex-52r\/#breadcrumb"},"inLanguage":"en-GB","potentialAction":[{"@type":"ReadAction","target":["https:\/\/www.ariens.eu\/uk\/product\/zero-turn-mowers\/apex-series\/apex-52r\/"]}]},{"@type":"ImageObject","inLanguage":"en-GB","@id":"https:\/\/www.ariens.eu\/uk\/product\/zero-turn-mowers\/apex-series\/apex-52r\/#primaryimage","url":"https:\/\/www.ariens.eu\/uk\/wp-content\/uploads\/sites\/5\/2024\/12\/ariens-zero-turn-apex-52-rd-my25.png","contentUrl":"https:\/\/www.ariens.eu\/uk\/wp-content\/uploads\/sites\/5\/2024\/12\/ariens-zero-turn-apex-52-rd-my25.png","width":1024,"height":720},{"@type":"BreadcrumbList","@id":"https:\/\/www.ariens.eu\/uk\/product\/zero-turn-mowers\/apex-series\/apex-52r\/#breadcrumb","itemListElement":[{"@type":"ListItem","position":1,"name":"Home","item":"https:\/\/www.ariens.eu\/uk\/"},{"@type":"ListItem","position":2,"name":"Shop","item":"https:\/\/www.ariens.eu\/uk\/shop\/"},{"@type":"ListItem","position":3,"name":"APEX 52R"}]},{"@type":"WebSite","@id":"https:\/\/www.ariens.eu\/uk\/#website","url":"https:\/\/www.ariens.eu\/uk\/","name":"Ariens | EMEAA","description":"Powerful and reliable zero-turn mowers &amp; snow blowers for professional users and demanding private customers","potentialAction":[{"@type":"SearchAction","target":{"@type":"EntryPoint","urlTemplate":"https:\/\/www.ariens.eu\/uk\/?s={search_term_string}"},"query-input":{"@type":"PropertyValueSpecification","valueRequired":true,"valueName":"search_term_string"}}],"inLanguage":"en-GB"}]}},"_links":{"self":[{"href":"https:\/\/www.ariens.eu\/uk\/wp-json\/wp\/v2\/product\/2332","targetHints":{"allow":["GET"]}}],"collection":[{"href":"https:\/\/www.ariens.eu\/uk\/wp-json\/wp\/v2\/product"}],"about":[{"href":"https:\/\/www.ariens.eu\/uk\/wp-json\/wp\/v2\/types\/product"}],"replies":[{"embeddable":true,"href":"https:\/\/www.ariens.eu\/uk\/wp-json\/wp\/v2\/comments?post=2332"}],"wp:featuredmedia":[{"embeddable":true,"href":"https:\/\/www.ariens.eu\/uk\/wp-json\/wp\/v2\/media\/4890"}],"wp:attachment":[{"href":"https:\/\/www.ariens.eu\/uk\/wp-json\/wp\/v2\/media?parent=2332"}],"wp:term":[{"taxonomy":"product_brand","embeddable":true,"href":"https:\/\/www.ariens.eu\/uk\/wp-json\/wp\/v2\/product_brand?post=2332"},{"taxonomy":"product_cat","embeddable":true,"href":"https:\/\/www.ariens.eu\/uk\/wp-json\/wp\/v2\/product_cat?post=2332"},{"taxonomy":"product_tag","embeddable":true,"href":"https:\/\/www.ariens.eu\/uk\/wp-json\/wp\/v2\/product_tag?post=2332"}],"curies":[{"name":"wp","href":"https:\/\/api.w.org\/{rel}","templated":true}]}}