{"id":2335,"date":"2024-05-10T11:04:36","date_gmt":"2024-05-10T10:04:36","guid":{"rendered":"https:\/\/www.ariens.eu\/uk\/product\/zenith-60\/"},"modified":"2026-03-01T23:02:05","modified_gmt":"2026-03-01T23:02:05","slug":"zenith-60","status":"publish","type":"product","link":"https:\/\/www.ariens.eu\/uk\/product\/zero-turn-mowers\/zenith-series\/zenith-60","title":{"rendered":"ZENITH 60"},"content":{"rendered":"<div class=\"acfd-block acfd-block__headline mb-asm-1 container-fluid px-0 bg-default\">\n<div class=\"acfd-headline\" >\n<h2 class='h2 text-left li_black'>Built for Professionals Who Need Maximum Cutting Width and High-Speed Performance<\/h2>\n<\/p><\/div>\n<\/div>\n<div class=\"acfd-block acfd-block__twocolumns container-fluid px-0 bg-default\">\n<div class=\"acfd-twocolumns\">\n<div class=\"row\">\n<div class='col-lg-9 mb-4 '>\n<div class=\"acfd-block acfd-block__text container-fluid px-0 bg-default\">\n<div class=\"acfd-text li_black\">\n<p>All our experience in one machine for daily, professional and local authority use. The maximum in performance, durability and comfort. You can rely on it. Every day.<\/p>\n<p>The choice for real mowing professionals and large areas. Kawasaki professional FX730V engine, 726 cc with double air filter. Suspended wheel forks and cushioned, adjustable comfort seat for maximum driving comfort. Professional cutting deck with 152 cm cutting width. Can be used with side discharge or optional Muchkit. ROPS as standard. A professional through and through &#8211; with a professional warranty.<\/p>\n<ul>\n<li>ZENITH 60 features a 152cm (60&#8243;) fabricated, side discharge deck constructed of strong 10-gauge steel<\/li>\n<li>Powered by a professional-grade 726cc Kawasaki<sup>&reg;<\/sup>\u200b FX730V V-Twin engine\u200b\u200b<\/li>\n<li>Industry-leading, fully welded tubular steel frame<\/li>\n<li>Constant Belt Tension (CBT) system extends belt life<\/li>\n<li>Front caster fork suspension and full suspension seat for a smoother ride<\/li>\n<li>ROPS fitted as standard for added protection for the operator<\/li>\n<li>Foot-operate\u200bd, vertical pin selector deck lift system with 15 cutting positions<\/li>\n<li>Range of optional accessories is available<\/li>\n<li>4-year or 750 hours warranty<\/li>\n<\/ul>\n<\/div>\n<\/div><\/div>\n<div class='col-lg'>                    <\/div>\n<\/p><\/div>\n<\/div>\n<\/div>\n<div class=\"acfd-block acfd-block__category mb-asm-3 container-fluid px-0 bg-default\">\n<div class=\"acfd-product-categories\">\n<h2 class=\"text-left mb-3\">\n        Applications    <\/h2>\n<div class=\"product-categories_wrapper\">\n         <span\n                data-description=\"Do you mow for many hours or even days or weeks at a time? Do you use your machine commercially and earn your money with it? Then you need a particularly reliable and comfortable machine with durable components.\"                class=\"product-category-single\"> PRO                <sup><i class=\"fa fa-info-circle\" aria-hidden=\"true\"><\/i><\/sup>            <\/span>  <span\n                data-description=\"Our mowers are equipped with high-quality Kawasaki<sup>&reg;<\/sup> or Ariens engines. They deliver above-average performance and reliability.\"                class=\"product-category-single\"> Petrol                <sup><i class=\"fa fa-info-circle\" aria-hidden=\"true\"><\/i><\/sup>            <\/span>  <span\n                data-description=\"When using a suitable mulching kit in your mower, the side discharge is no longer necessary. The clippings are finely shredded and evenly distributed to the rear of the lawn. Any fertilizer applied remains on the surface and the fine grass particles disappear almost invisibly into the lawn.\"                class=\"product-category-single\"> Optional mulching kit                <sup><i class=\"fa fa-info-circle\" aria-hidden=\"true\"><\/i><\/sup>            <\/span>  <span\n                data-description=\"Ariens ride-on mowers offer a high level of comfort. We use high-quality seats from the entry-level model upwards. Ample legroom and ergonomic controls are standard.\"                class=\"product-category-single\"> Ride-On (sitting)                <sup><i class=\"fa fa-info-circle\" aria-hidden=\"true\"><\/i><\/sup>            <\/span>  <span\n                data-description=\"With the APEX and ZENITH models, you have the choice between side discharge and rear discharge mower decks. A side discharge mower deck ejects the clippings via a side opening and a deflector. The powerful airflow then distributes it over a large area. An optional mulching kit can be installed in side discharge mower decks. When a mulching kit is used, the clippings are finely shredded and ejected to the rear. The side discharge and deflector are then closed or removed.\"                class=\"product-category-single\"> Side discharge                <sup><i class=\"fa fa-info-circle\" aria-hidden=\"true\"><\/i><\/sup>            <\/span>  <span\n                data-description=\"Alle Ariens-pl\u00e6neklippere er velegnede til flade gr\u00e6spl\u00e6ner. V\u00e6lg din klippebredde i henhold til st\u00f8rrelsen p\u00e5 dit omr\u00e5de og eventuelle begr\u00e6nsende smalle omr\u00e5der.\"                class=\"product-category-single\"> Fladt terr\u00e6n                <sup><i class=\"fa fa-info-circle\" aria-hidden=\"true\"><\/i><\/sup>            <\/span>  <span\n                data-description=\"Ariens-pl\u00e6neklippere klarer sig godt p\u00e5 uj\u00e6vnt terr\u00e6n. Til uj\u00e6vnt terr\u00e6n skal du v\u00e6lge smallere klippeaggregater for at opn\u00e5 et mere ensartet klippem\u00f8nster.\"                class=\"product-category-single\"> Uj\u00e6vnt terr\u00e6n                <sup><i class=\"fa fa-info-circle\" aria-hidden=\"true\"><\/i><\/sup>            <\/span>  <span\n                data-description=\"Det anbefales \u00e5 velge en maskin med brede hjul. Ikke overskrid den angitte sikkerhetsgrensen p\u00e5 15\u00b0 helling for sitteklippere og 20\u00b0 for st\u00e5ende klippere. P\u00e5 ujevnt terreng b\u00f8r du velge et smalere klippeaggregat for et mer jevnt klipperesultat. ZENITH-modellen leveres med veltesikring (ROPS) som standard, og dette kan ettermonteres p\u00e5 APEX.\"                class=\"product-category-single\"> Kupert terreng                <sup><i class=\"fa fa-info-circle\" aria-hidden=\"true\"><\/i><\/sup>            <\/span>  <span\n                data-description=\"Mowing decks 132 cm and 152 cm wide are used effectively on large areas.\"                class=\"product-category-single\"> Large areas                <sup><i class=\"fa fa-info-circle\" aria-hidden=\"true\"><\/i><\/sup>            <\/span>     <\/div>\n<\/div>\n<\/div>\n<div class=\"acfd-block acfd-block__twocolumns mb-asm-2 container-fluid container-fluid--force px-0 bg-default\">\n<div class=\"acfd-twocolumns\">\n<div class=\"row\">\n<div class='col-lg-12 mb-4 '>\n<div class=\"acfd-product-advantages--wrapper\">\n<h2 class=\"h1 bigger text-color-black text-center mb-5\">\n        Features &#038; Benefits    <\/h2>\n<div class=\"acfd-product-advantages\">\n<div class=\"row\">\n<div class=\"col-md-6 mb-4 content\">\n                    <span class=\"d-block h5 text-color-brand mb-1\">Industry-leading frame design<\/span><\/p>\n<p>Large-dimensioned tubular frame and as few weld seams as possible, thanks to automotive bending technology, carry the loads of the machine with unrivalled strength and stability.<\/p>\n<\/p><\/div>\n<div class=\"col-md-6 mb4 image\"  style=\"background-image:url(https:\/\/www.ariens.eu\/uk\/wp-content\/uploads\/sites\/5\/2024\/05\/frame.webp)\">\n                <\/div>\n<\/p><\/div>\n<div class=\"row\">\n<div class=\"col-md-6 mb-4 content\">\n                    <span class=\"d-block h5 text-color-brand mb-1\">New ENVY mower deck<\/span><\/p>\n<p>The mowing deck is the most heavily loaded component of a mower. Stability is particularly important here: The new ENVY mower deck has improved air flow and an enlarged discharge. Lying grass is lifted higher and cut perfectly. With 4-point suspension for permanent fixation and parallelism. Furthermore, Blade spindles made of forged aluminium. Cooler running and more impact and vibration resistant than cast spindles. Standard in the course of the 2025 season on APEX and ZENITH &amp; the new IKON.<\/p>\n<\/p><\/div>\n<div class=\"col-md-6 mb4 image\"  style=\"background-image:url(https:\/\/www.ariens.eu\/uk\/wp-content\/uploads\/sites\/5\/2024\/12\/envy-deck.png)\">\n                <\/div>\n<\/p><\/div>\n<div class=\"row\">\n<div class=\"col-md-6 mb-4 content\">\n                    <span class=\"d-block h5 text-color-brand mb-1\">Automatic belt tensioner system<\/span><\/p>\n<p>The automatic CBT (Constant Belt Tension) technology keeps the belt tension of the mower deck constant at all times. This increases the service life of the belt, compensates for wear and prevents belt slippage for a consistently high-quality cutting pattern.<\/p>\n<\/p><\/div>\n<div class=\"col-md-6 mb4 image\"  style=\"background-image:url(https:\/\/www.ariens.eu\/uk\/wp-content\/uploads\/sites\/5\/2024\/05\/apex-feature-3.webp)\">\n                <\/div>\n<\/p><\/div>\n<div class=\"row\">\n<div class=\"col-md-6 mb-4 content\">\n                    <span class=\"d-block h5 text-color-brand mb-1\">ROPS<\/span><\/p>\n<p>The standard rollover protection system with safety belt (ROPS) offers additional protection for the driver. It is foldable and ergonomically tilted backwards to prevent painful bumping of the elbow while driving.<\/p>\n<\/p><\/div>\n<div class=\"col-md-6 mb4 image\"  style=\"background-image:url(https:\/\/www.ariens.eu\/uk\/wp-content\/uploads\/sites\/5\/2024\/05\/ariens-zenith-zero-turn-feature5-rops.webp)\">\n                <\/div>\n<\/p><\/div>\n<div class=\"row\">\n<div class=\"col-md-6 mb-4 content\">\n                    <span class=\"d-block h5 text-color-brand mb-1\">Mower deck lifting by foot pedal<\/span><\/p>\n<p>The solid cutting deck is raised conveniently and effortlessly using a foot pedal. To select one of the 15 cutting heights from 3.8 &#8211; 12.7 cm, a metal plug is inserted into the respective recess in the display.<\/p>\n<\/p><\/div>\n<div class=\"col-md-6 mb4 image\"  style=\"background-image:url(https:\/\/www.ariens.eu\/uk\/wp-content\/uploads\/sites\/5\/2024\/05\/ariens-apex-zero-turn-deck-lift.webp)\">\n                <\/div>\n<\/p><\/div>\n<div class=\"row\">\n<div class=\"col-md-6 mb-4 content\">\n                    <span class=\"d-block h5 text-color-brand mb-1\">Fully adjustable comfort seat<\/span><\/p>\n<p>Maximum driving comfort is essential for working productively and safely for hours on end. Keeping hard shocks and vibrations away from the driver is particularly important for his well-being and health. The hydro-pneumatic suspension of the driver&#8217;s seat can be precisely adjusted to the driver&#8217;s body weight. Adjustable armrests and a high backrest allow the driver to find their ideal sitting position. <\/p>\n<\/p><\/div>\n<div class=\"col-md-6 mb4 image\"  style=\"background-image:url(https:\/\/www.ariens.eu\/uk\/wp-content\/uploads\/sites\/5\/2024\/05\/ariens-zenith-zero-turn-suspension-seat.webp)\">\n                <\/div>\n<\/p><\/div>\n<div class=\"row\">\n<div class=\"col-md-6 mb-4 content\">\n                    <span class=\"d-block h5 text-color-brand mb-1\">Road homologation lighting kit<\/span><\/p>\n<p>A new lighting kit is available for use on public roads. Installation by specialised dealers.<\/p>\n<\/p><\/div>\n<div class=\"col-md-6 mb4 image\"  style=\"background-image:url(https:\/\/www.ariens.eu\/uk\/wp-content\/uploads\/sites\/5\/2024\/12\/stvzo-lichtkit.png)\">\n                <\/div>\n<\/p><\/div>\n<\/p><\/div>\n<\/div><\/div>\n<div class='col-lg'>                    <\/div>\n<\/p><\/div>\n<\/div>\n<\/div>\n","protected":false},"excerpt":{"rendered":"<p>Built for Professionals Who Need Maximum Cutting Width and High-Speed Performance All our experience in one machine for daily, professional and local authority use. The maximum in performance, durability and comfort. You can rely on it. Every day. The choice for real mowing professionals and large areas. Kawasaki professional FX730V engine, 726 cc with double [&hellip;]<\/p>\n","protected":false},"featured_media":4833,"comment_status":"open","ping_status":"closed","template":"","meta":{"_acf_changed":false,"_relevanssi_hide_post":"","_relevanssi_hide_content":"","_relevanssi_pin_for_all":"","_relevanssi_pin_keywords":"","_relevanssi_unpin_keywords":"","_relevanssi_related_keywords":"","_relevanssi_related_include_ids":"","_relevanssi_related_exclude_ids":"","_relevanssi_related_no_append":"","_relevanssi_related_not_related":"","_relevanssi_related_posts":"","_relevanssi_noindex_reason":""},"product_brand":[],"product_cat":[15],"product_tag":[],"class_list":{"0":"post-2335","1":"product","2":"type-product","3":"status-publish","4":"has-post-thumbnail","6":"product_variant-zenith-series","7":"product_usage_areas-janitorial-services","8":"product_usage_areas-municipalities-building-yards","9":"product_usage_areas-service-providers","11":"first","12":"instock","13":"sale","14":"shipping-taxable","15":"purchasable","16":"product-type-simple"},"acf":[],"yoast_head":"<!-- This site is optimized with the Yoast SEO plugin v27.3 - https:\/\/yoast.com\/product\/yoast-seo-wordpress\/ -->\n<title>ZENITH 60 - Ariens largest commercial zero-turn mower<\/title>\n<meta name=\"description\" content=\"With a commercial Kawasaki FX730v 726cc engine and 152cm (60&quot;) cutting deck, the ZENITH 60 is the professional&#039;s choice for all-day mowing.\" \/>\n<meta name=\"robots\" content=\"index, follow, max-snippet:-1, max-image-preview:large, max-video-preview:-1\" \/>\n<link rel=\"canonical\" href=\"https:\/\/www.ariens.eu\/uk\/product\/zero-turn-mowers\/zenith-series\/zenith-60\/\" \/>\n<meta property=\"og:locale\" content=\"en_GB\" \/>\n<meta property=\"og:type\" content=\"article\" \/>\n<meta property=\"og:title\" content=\"ZENITH 60 - Ariens largest commercial zero-turn mower\" \/>\n<meta property=\"og:description\" content=\"With a commercial Kawasaki FX730v 726cc engine and 152cm (60&quot;) cutting deck, the ZENITH 60 is the professional&#039;s choice for all-day mowing.\" \/>\n<meta property=\"og:url\" content=\"https:\/\/www.ariens.eu\/uk\/product\/zero-turn-mowers\/zenith-series\/zenith-60\/\" \/>\n<meta property=\"og:site_name\" content=\"Ariens | EMEAA\" \/>\n<meta property=\"article:modified_time\" content=\"2026-03-01T23:02:05+00:00\" \/>\n<meta property=\"og:image\" content=\"https:\/\/www.ariens.eu\/uk\/wp-content\/uploads\/sites\/5\/2024\/12\/ariens-zenith-my25-3-4.png\" \/>\n\t<meta property=\"og:image:width\" content=\"1024\" \/>\n\t<meta property=\"og:image:height\" content=\"720\" \/>\n\t<meta property=\"og:image:type\" content=\"image\/png\" \/>\n<meta name=\"twitter:card\" content=\"summary_large_image\" \/>\n<meta name=\"twitter:label1\" content=\"Estimated reading time\" \/>\n\t<meta name=\"twitter:data1\" content=\"3 minutes\" \/>\n<script type=\"application\/ld+json\" class=\"yoast-schema-graph\">{\"@context\":\"https:\\\/\\\/schema.org\",\"@graph\":[{\"@type\":\"WebPage\",\"@id\":\"https:\\\/\\\/www.ariens.eu\\\/uk\\\/product\\\/zero-turn-mowers\\\/zenith-series\\\/zenith-60\\\/\",\"url\":\"https:\\\/\\\/www.ariens.eu\\\/uk\\\/product\\\/zero-turn-mowers\\\/zenith-series\\\/zenith-60\\\/\",\"name\":\"ZENITH 60 - Ariens largest commercial zero-turn mower\",\"isPartOf\":{\"@id\":\"https:\\\/\\\/www.ariens.eu\\\/uk\\\/#website\"},\"primaryImageOfPage\":{\"@id\":\"https:\\\/\\\/www.ariens.eu\\\/uk\\\/product\\\/zero-turn-mowers\\\/zenith-series\\\/zenith-60\\\/#primaryimage\"},\"image\":{\"@id\":\"https:\\\/\\\/www.ariens.eu\\\/uk\\\/product\\\/zero-turn-mowers\\\/zenith-series\\\/zenith-60\\\/#primaryimage\"},\"thumbnailUrl\":\"https:\\\/\\\/www.ariens.eu\\\/uk\\\/wp-content\\\/uploads\\\/sites\\\/5\\\/2024\\\/12\\\/ariens-zenith-my25-3-4.png\",\"datePublished\":\"2024-05-10T10:04:36+00:00\",\"dateModified\":\"2026-03-01T23:02:05+00:00\",\"description\":\"With a commercial Kawasaki FX730v 726cc engine and 152cm (60\\\") cutting deck, the ZENITH 60 is the professional's choice for all-day mowing.\",\"breadcrumb\":{\"@id\":\"https:\\\/\\\/www.ariens.eu\\\/uk\\\/product\\\/zero-turn-mowers\\\/zenith-series\\\/zenith-60\\\/#breadcrumb\"},\"inLanguage\":\"en-GB\",\"potentialAction\":[{\"@type\":\"ReadAction\",\"target\":[\"https:\\\/\\\/www.ariens.eu\\\/uk\\\/product\\\/zero-turn-mowers\\\/zenith-series\\\/zenith-60\\\/\"]}]},{\"@type\":\"ImageObject\",\"inLanguage\":\"en-GB\",\"@id\":\"https:\\\/\\\/www.ariens.eu\\\/uk\\\/product\\\/zero-turn-mowers\\\/zenith-series\\\/zenith-60\\\/#primaryimage\",\"url\":\"https:\\\/\\\/www.ariens.eu\\\/uk\\\/wp-content\\\/uploads\\\/sites\\\/5\\\/2024\\\/12\\\/ariens-zenith-my25-3-4.png\",\"contentUrl\":\"https:\\\/\\\/www.ariens.eu\\\/uk\\\/wp-content\\\/uploads\\\/sites\\\/5\\\/2024\\\/12\\\/ariens-zenith-my25-3-4.png\",\"width\":1024,\"height\":720,\"caption\":\"Ariens Zero-Turn model ZENITH\"},{\"@type\":\"BreadcrumbList\",\"@id\":\"https:\\\/\\\/www.ariens.eu\\\/uk\\\/product\\\/zero-turn-mowers\\\/zenith-series\\\/zenith-60\\\/#breadcrumb\",\"itemListElement\":[{\"@type\":\"ListItem\",\"position\":1,\"name\":\"Home\",\"item\":\"https:\\\/\\\/www.ariens.eu\\\/uk\\\/\"},{\"@type\":\"ListItem\",\"position\":2,\"name\":\"Shop\",\"item\":\"https:\\\/\\\/www.ariens.eu\\\/uk\\\/shop\\\/\"},{\"@type\":\"ListItem\",\"position\":3,\"name\":\"ZENITH 60\"}]},{\"@type\":\"WebSite\",\"@id\":\"https:\\\/\\\/www.ariens.eu\\\/uk\\\/#website\",\"url\":\"https:\\\/\\\/www.ariens.eu\\\/uk\\\/\",\"name\":\"Ariens | EMEAA\",\"description\":\"Powerful and reliable zero-turn mowers &amp; snow blowers for professional users and demanding private customers\",\"potentialAction\":[{\"@type\":\"SearchAction\",\"target\":{\"@type\":\"EntryPoint\",\"urlTemplate\":\"https:\\\/\\\/www.ariens.eu\\\/uk\\\/?s={search_term_string}\"},\"query-input\":{\"@type\":\"PropertyValueSpecification\",\"valueRequired\":true,\"valueName\":\"search_term_string\"}}],\"inLanguage\":\"en-GB\"}]}<\/script>\n<!-- \/ Yoast SEO plugin. -->","yoast_head_json":{"title":"ZENITH 60 - Ariens largest commercial zero-turn mower","description":"With a commercial Kawasaki FX730v 726cc engine and 152cm (60\") cutting deck, the ZENITH 60 is the professional's choice for all-day mowing.","robots":{"index":"index","follow":"follow","max-snippet":"max-snippet:-1","max-image-preview":"max-image-preview:large","max-video-preview":"max-video-preview:-1"},"canonical":"https:\/\/www.ariens.eu\/uk\/product\/zero-turn-mowers\/zenith-series\/zenith-60\/","og_locale":"en_GB","og_type":"article","og_title":"ZENITH 60 - Ariens largest commercial zero-turn mower","og_description":"With a commercial Kawasaki FX730v 726cc engine and 152cm (60\") cutting deck, the ZENITH 60 is the professional's choice for all-day mowing.","og_url":"https:\/\/www.ariens.eu\/uk\/product\/zero-turn-mowers\/zenith-series\/zenith-60\/","og_site_name":"Ariens | EMEAA","article_modified_time":"2026-03-01T23:02:05+00:00","og_image":[{"width":1024,"height":720,"url":"https:\/\/www.ariens.eu\/uk\/wp-content\/uploads\/sites\/5\/2024\/12\/ariens-zenith-my25-3-4.png","type":"image\/png"}],"twitter_card":"summary_large_image","twitter_misc":{"Estimated reading time":"3 minutes"},"schema":{"@context":"https:\/\/schema.org","@graph":[{"@type":"WebPage","@id":"https:\/\/www.ariens.eu\/uk\/product\/zero-turn-mowers\/zenith-series\/zenith-60\/","url":"https:\/\/www.ariens.eu\/uk\/product\/zero-turn-mowers\/zenith-series\/zenith-60\/","name":"ZENITH 60 - Ariens largest commercial zero-turn mower","isPartOf":{"@id":"https:\/\/www.ariens.eu\/uk\/#website"},"primaryImageOfPage":{"@id":"https:\/\/www.ariens.eu\/uk\/product\/zero-turn-mowers\/zenith-series\/zenith-60\/#primaryimage"},"image":{"@id":"https:\/\/www.ariens.eu\/uk\/product\/zero-turn-mowers\/zenith-series\/zenith-60\/#primaryimage"},"thumbnailUrl":"https:\/\/www.ariens.eu\/uk\/wp-content\/uploads\/sites\/5\/2024\/12\/ariens-zenith-my25-3-4.png","datePublished":"2024-05-10T10:04:36+00:00","dateModified":"2026-03-01T23:02:05+00:00","description":"With a commercial Kawasaki FX730v 726cc engine and 152cm (60\") cutting deck, the ZENITH 60 is the professional's choice for all-day mowing.","breadcrumb":{"@id":"https:\/\/www.ariens.eu\/uk\/product\/zero-turn-mowers\/zenith-series\/zenith-60\/#breadcrumb"},"inLanguage":"en-GB","potentialAction":[{"@type":"ReadAction","target":["https:\/\/www.ariens.eu\/uk\/product\/zero-turn-mowers\/zenith-series\/zenith-60\/"]}]},{"@type":"ImageObject","inLanguage":"en-GB","@id":"https:\/\/www.ariens.eu\/uk\/product\/zero-turn-mowers\/zenith-series\/zenith-60\/#primaryimage","url":"https:\/\/www.ariens.eu\/uk\/wp-content\/uploads\/sites\/5\/2024\/12\/ariens-zenith-my25-3-4.png","contentUrl":"https:\/\/www.ariens.eu\/uk\/wp-content\/uploads\/sites\/5\/2024\/12\/ariens-zenith-my25-3-4.png","width":1024,"height":720,"caption":"Ariens Zero-Turn model ZENITH"},{"@type":"BreadcrumbList","@id":"https:\/\/www.ariens.eu\/uk\/product\/zero-turn-mowers\/zenith-series\/zenith-60\/#breadcrumb","itemListElement":[{"@type":"ListItem","position":1,"name":"Home","item":"https:\/\/www.ariens.eu\/uk\/"},{"@type":"ListItem","position":2,"name":"Shop","item":"https:\/\/www.ariens.eu\/uk\/shop\/"},{"@type":"ListItem","position":3,"name":"ZENITH 60"}]},{"@type":"WebSite","@id":"https:\/\/www.ariens.eu\/uk\/#website","url":"https:\/\/www.ariens.eu\/uk\/","name":"Ariens | EMEAA","description":"Powerful and reliable zero-turn mowers &amp; snow blowers for professional users and demanding private customers","potentialAction":[{"@type":"SearchAction","target":{"@type":"EntryPoint","urlTemplate":"https:\/\/www.ariens.eu\/uk\/?s={search_term_string}"},"query-input":{"@type":"PropertyValueSpecification","valueRequired":true,"valueName":"search_term_string"}}],"inLanguage":"en-GB"}]}},"_links":{"self":[{"href":"https:\/\/www.ariens.eu\/uk\/wp-json\/wp\/v2\/product\/2335","targetHints":{"allow":["GET"]}}],"collection":[{"href":"https:\/\/www.ariens.eu\/uk\/wp-json\/wp\/v2\/product"}],"about":[{"href":"https:\/\/www.ariens.eu\/uk\/wp-json\/wp\/v2\/types\/product"}],"replies":[{"embeddable":true,"href":"https:\/\/www.ariens.eu\/uk\/wp-json\/wp\/v2\/comments?post=2335"}],"wp:featuredmedia":[{"embeddable":true,"href":"https:\/\/www.ariens.eu\/uk\/wp-json\/wp\/v2\/media\/4833"}],"wp:attachment":[{"href":"https:\/\/www.ariens.eu\/uk\/wp-json\/wp\/v2\/media?parent=2335"}],"wp:term":[{"taxonomy":"product_brand","embeddable":true,"href":"https:\/\/www.ariens.eu\/uk\/wp-json\/wp\/v2\/product_brand?post=2335"},{"taxonomy":"product_cat","embeddable":true,"href":"https:\/\/www.ariens.eu\/uk\/wp-json\/wp\/v2\/product_cat?post=2335"},{"taxonomy":"product_tag","embeddable":true,"href":"https:\/\/www.ariens.eu\/uk\/wp-json\/wp\/v2\/product_tag?post=2335"}],"curies":[{"name":"wp","href":"https:\/\/api.w.org\/{rel}","templated":true}]}}